{"id":7196,"date":"2025-09-27T06:16:12","date_gmt":"2025-09-27T06:16:12","guid":{"rendered":"https:\/\/e-systemygrzewcze.eu\/sklep\/produkt\/wc-zlacze-uniwersalne-450-b402-fi110\/"},"modified":"2026-02-12T13:35:40","modified_gmt":"2026-02-12T13:35:40","slug":"wc-zlacze-uniwersalne-450-b402-fi110","status":"publish","type":"product","link":"https:\/\/e-systemygrzewcze.eu\/sklep\/produkt\/wc-zlacze-uniwersalne-450-b402-fi110\/","title":{"rendered":"WC Z\u0142\u0105cze uniwersalne 450 B402 FI110"},"content":{"rendered":"<h2 data-start=\"134\" data-end=\"199\"><strong data-start=\"134\" data-end=\"194\">Z\u0142\u0105cze uniwersalne WC \u2013 L = 450 mm, FI 110 mm (kod B402)<\/strong> \ud83d\udebd\ud83d\udd27<\/h2>\n<h2 data-start=\"201\" data-end=\"219\">Opis produktu<\/h2>\n<p data-start=\"220\" data-end=\"620\">Z\u0142\u0105cze uniwersalne WC 450 B402 FI\u202f110 to <strong data-start=\"261\" data-end=\"314\">elastyczne i uniwersalne po\u0142\u0105czenie kanalizacyjne<\/strong> przeznaczone do pod\u0142\u0105czenia miski ust\u0119powej do pionu kanalizacyjnego o \u015brednicy 110\u202fmm. Produkt umo\u017cliwia wygodny i szczelny monta\u017c miski WC nawet wtedy, gdy odleg\u0142o\u015b\u0107 lub k\u0105t odp\u0142ywu wymagaj\u0105 regulacji \u2014 d\u0142ugo\u015b\u0107 450\u202fmm pozwala na dopasowanie do wielu standardowych i nietypowych uk\u0142ad\u00f3w instalacyjnych.<\/p>\n<p data-start=\"622\" data-end=\"843\">Z\u0142\u0105cze wykonane jest z materia\u0142\u00f3w odpornych na \u015bcieki i chemikalia stosowane w \u0142azience, a jego konstrukcja uwzgl\u0119dnia szczeln\u0105 uszczelk\u0119, co zapewnia bezproblemow\u0105 prac\u0119 ca\u0142ej instalacji i ochron\u0119 przed przeciekaniem \ud83d\udca7.<\/p>\n<hr data-start=\"845\" data-end=\"848\" \/>\n<h2 data-start=\"850\" data-end=\"867\">Zastosowanie<\/h2>\n<ul data-start=\"868\" data-end=\"1189\">\n<li data-start=\"868\" data-end=\"944\">\n<p data-start=\"870\" data-end=\"944\">Monta\u017c miski WC w domach, mieszkaniach, biurach, obiektach us\u0142ugowych \ud83c\udfe0<\/p>\n<\/li>\n<li data-start=\"945\" data-end=\"993\">\n<p data-start=\"947\" data-end=\"993\">Instalacje kanalizacyjne z odp\u0142ywem \u00d8\u202f110\u202fmm<\/p>\n<\/li>\n<li data-start=\"994\" data-end=\"1104\">\n<p data-start=\"996\" data-end=\"1104\">Sytuacje, gdy odp\u0142yw kanalizacyjny nie znajduje si\u0119 dok\u0142adnie za WC \u2014 potrzeba regulacji d\u0142ugo\u015bci lub k\u0105ta<\/p>\n<\/li>\n<li data-start=\"1105\" data-end=\"1189\">\n<p data-start=\"1107\" data-end=\"1189\">Remonty i modernizacje \u0142azienek \u2014 \u0142atwe dopasowanie WC do istniej\u0105cej instalacji<\/p>\n<\/li>\n<\/ul>\n<hr data-start=\"1191\" data-end=\"1194\" \/>\n<h2 data-start=\"1196\" data-end=\"1216\">Zalety produktu<\/h2>\n<ul data-start=\"1217\" data-end=\"1750\">\n<li data-start=\"1217\" data-end=\"1308\">\n<p data-start=\"1219\" data-end=\"1308\"><strong data-start=\"1219\" data-end=\"1246\">Uniwersalne dopasowanie<\/strong> \u2013 d\u0142ugo\u015b\u0107 450\u202fmm u\u0142atwia monta\u017c w r\u00f3\u017cnych konfiguracjach \u2699\ufe0f<\/p>\n<\/li>\n<li data-start=\"1309\" data-end=\"1414\">\n<p data-start=\"1311\" data-end=\"1414\"><strong data-start=\"1311\" data-end=\"1349\">Elastyczne \/ regulowane po\u0142\u0105czenie<\/strong> \u2013 dopasowanie k\u0105ta i odleg\u0142o\u015bci mi\u0119dzy muszl\u0105 WC a odp\u0142ywem \ud83d\udd04<\/p>\n<\/li>\n<li data-start=\"1415\" data-end=\"1536\">\n<p data-start=\"1417\" data-end=\"1536\"><strong data-start=\"1417\" data-end=\"1436\">\u015arednica 110\u202fmm<\/strong> \u2013 standardowa, kompatybilna z wi\u0119kszo\u015bci\u0105 instalacji kanalizacyjnych w budownictwie mieszkalnym \u2705<\/p>\n<\/li>\n<li data-start=\"1537\" data-end=\"1633\">\n<p data-start=\"1539\" data-end=\"1633\"><strong data-start=\"1539\" data-end=\"1561\">Szczelna uszczelka<\/strong> \u2013 pewne po\u0142\u0105czenie, odporno\u015b\u0107 na przecieki i nieprzyjemne zapachy \ud83d\udee1\ufe0f<\/p>\n<\/li>\n<li data-start=\"1634\" data-end=\"1750\">\n<p data-start=\"1636\" data-end=\"1750\"><strong data-start=\"1636\" data-end=\"1652\">\u0141atwy monta\u017c<\/strong> \u2013 szybkie i proste pod\u0142\u0105czenie muszli do pionu kanalizacyjnego, r\u00f3wnie\u017c w trudnych warunkach \ud83d\udd27<\/p>\n<\/li>\n<\/ul>\n<hr data-start=\"1752\" data-end=\"1755\" \/>\n<h2 data-start=\"1757\" data-end=\"1777\">Dane techniczne<\/h2>\n<ul data-start=\"1778\" data-end=\"1969\">\n<li data-start=\"1778\" data-end=\"1824\">\n<p data-start=\"1780\" data-end=\"1824\">Typ: z\u0142\u0105cze uniwersalne \/ elastyczne do WC<\/p>\n<\/li>\n<li data-start=\"1825\" data-end=\"1844\">\n<p data-start=\"1827\" data-end=\"1844\">D\u0142ugo\u015b\u0107: 450 mm<\/p>\n<\/li>\n<li data-start=\"1845\" data-end=\"1875\">\n<p data-start=\"1847\" data-end=\"1875\">\u015arednica nominalna: 110 mm<\/p>\n<\/li>\n<li data-start=\"1876\" data-end=\"1930\">\n<p data-start=\"1878\" data-end=\"1930\">Przeznaczenie: pod\u0142\u0105czenie miski WC do kanalizacji<\/p>\n<\/li>\n<li data-start=\"1931\" data-end=\"1969\">\n<p data-start=\"1933\" data-end=\"1969\">Zastosowanie: odp\u0142yw kanalizacyjny<\/p>\n<\/li>\n<\/ul>\n<hr data-start=\"1971\" data-end=\"1974\" \/>\n<h2 data-start=\"1976\" data-end=\"1993\">Podsumowanie<\/h2>\n<p data-start=\"1994\" data-end=\"2306\">Z\u0142\u0105cze uniwersalne WC 450 B402 FI\u202f110 to praktyczne, elastyczne i uniwersalne rozwi\u0105zanie do pod\u0142\u0105czenia muszli ust\u0119powej w standardowych i trudniejszych warunkach instalacyjnych. Dzi\u0119ki regulowanej d\u0142ugo\u015bci, standardowej \u015brednicy i szczelnej uszczelce zapewnia bezproblemowy, trwa\u0142y i bezpieczny monta\u017c WC \ud83d\udebd\ud83d\udca7.<\/p>\n","protected":false},"excerpt":{"rendered":"<p><strong>WC Z\u0142\u0105cze uniwersalne 450 B402 FI110 \u2013 elastyczne z\u0142\u0105cze kanalizacyjne do misek WC o \u015brednicy 110 mm. Umo\u017cliwia \u0142atwe i szczelne pod\u0142\u0105czenie miski do instalacji, dopasowuj\u0105c si\u0119 do r\u00f3\u017cnych warunk\u00f3w monta\u017cowych.<\/strong><\/p>\n","protected":false},"featured_media":7199,"template":"","meta":{"_kad_blocks_custom_css":"","_kad_blocks_head_custom_js":"","_kad_blocks_body_custom_js":"","_kad_blocks_footer_custom_js":"","_kad_post_transparent":"default","_kad_post_title":"","_kad_post_layout":"default","_kad_post_sidebar_id":"","_kad_post_content_style":"default","_kad_post_vertical_padding":"default","_kad_post_feature":"","_kad_post_feature_position":"","_kad_post_header":false,"_kad_post_footer":false,"_kad_post_classname":""},"product_brand":[],"product_cat":[303],"product_tag":[],"class_list":{"0":"post-7196","1":"product","2":"type-product","3":"status-publish","4":"has-post-thumbnail","6":"product_cat-czesci-zamienne-stelazy","7":"product_shipping_class-drobnica","9":"first","10":"instock","11":"taxable","12":"shipping-taxable","13":"purchasable","14":"product-type-simple","15":"entry","16":"content-bg","17":"loop-entry"},"taxonomy_info":{"product_cat":[{"value":303,"label":"Cz\u0119\u015bci zamienne stela\u017cy podtynkowych"}]},"featured_image_src_large":["https:\/\/e-systemygrzewcze.eu\/sklep\/wp-content\/uploads\/2025\/09\/Nowy-projekt-2025-09-27T081849.872.jpg",510,578,false],"author_info":[],"comment_info":"","_links":{"self":[{"href":"https:\/\/e-systemygrzewcze.eu\/sklep\/wp-json\/wp\/v2\/product\/7196","targetHints":{"allow":["GET"]}}],"collection":[{"href":"https:\/\/e-systemygrzewcze.eu\/sklep\/wp-json\/wp\/v2\/product"}],"about":[{"href":"https:\/\/e-systemygrzewcze.eu\/sklep\/wp-json\/wp\/v2\/types\/product"}],"wp:featuredmedia":[{"embeddable":true,"href":"https:\/\/e-systemygrzewcze.eu\/sklep\/wp-json\/wp\/v2\/media\/7199"}],"wp:attachment":[{"href":"https:\/\/e-systemygrzewcze.eu\/sklep\/wp-json\/wp\/v2\/media?parent=7196"}],"wp:term":[{"taxonomy":"product_brand","embeddable":true,"href":"https:\/\/e-systemygrzewcze.eu\/sklep\/wp-json\/wp\/v2\/product_brand?post=7196"},{"taxonomy":"product_cat","embeddable":true,"href":"https:\/\/e-systemygrzewcze.eu\/sklep\/wp-json\/wp\/v2\/product_cat?post=7196"},{"taxonomy":"product_tag","embeddable":true,"href":"https:\/\/e-systemygrzewcze.eu\/sklep\/wp-json\/wp\/v2\/product_tag?post=7196"}],"curies":[{"name":"wp","href":"https:\/\/api.w.org\/{rel}","templated":true}]}}