{"id":7183,"date":"2025-09-27T05:31:01","date_gmt":"2025-09-27T05:31:01","guid":{"rendered":"https:\/\/e-systemygrzewcze.eu\/sklep\/produkt\/jomo-zawor-spustowy-2-0-do-slk-z-koszem\/"},"modified":"2026-04-09T06:07:52","modified_gmt":"2026-04-09T06:07:52","slug":"jomo-zawor-spustowy-2-0-do-slk-z-koszem","status":"publish","type":"product","link":"https:\/\/e-systemygrzewcze.eu\/sklep\/produkt\/jomo-zawor-spustowy-2-0-do-slk-z-koszem\/","title":{"rendered":"JOMO Zaw\u00f3r spustowy 2.0 do SLK z koszem"},"content":{"rendered":"<h2 data-start=\"150\" data-end=\"220\"><strong data-start=\"150\" data-end=\"215\">JOMO Zaw\u00f3r spustowy 2.0 do SLK z koszem \u2013 model 116\u2011000000210<\/strong> \ud83d\udd27\ud83d\udebd<\/h2>\n<p data-start=\"241\" data-end=\"591\">JOMO 116\u2011000000210 to <strong data-start=\"263\" data-end=\"285\">zaw\u00f3r spustowy 2.0<\/strong> przeznaczony do system\u00f3w sp\u0142ukuj\u0105cych i instalacji sanitarnych typu SLK, wyposa\u017cony w <strong data-start=\"372\" data-end=\"380\">kosz<\/strong>. Zapewnia on <strong data-start=\"394\" data-end=\"439\">skuteczne i bezpieczne odprowadzanie wody<\/strong> ze zbiornika lub urz\u0105dzenia sanitarnego. Element ten cechuje si\u0119 solidn\u0105 konstrukcj\u0105 i przemy\u015blan\u0105 budow\u0105, co gwarantuje niezawodno\u015b\u0107 i trwa\u0142\u0105 prac\u0119.<\/p>\n<p data-start=\"593\" data-end=\"764\">Zaw\u00f3r jest zaprojektowany tak, aby <strong data-start=\"628\" data-end=\"660\">\u0142atwo montowa\u0107 i konserwowa\u0107<\/strong> \u2014 dzi\u0119ki koszowi i standardowym przy\u0142\u0105czom monta\u017c adresowany jest do typowych instalacji sanitarnych.<\/p>\n<hr data-start=\"766\" data-end=\"769\" \/>\n<h2 data-start=\"771\" data-end=\"788\">Zastosowanie<\/h2>\n<ul data-start=\"789\" data-end=\"1056\">\n<li data-start=\"789\" data-end=\"885\">\n<p data-start=\"791\" data-end=\"885\">Systemy sp\u0142ukiwania i odprowadzania wody w toaletach, zbiornikach i instalacjach sanitarnych<\/p>\n<\/li>\n<li data-start=\"886\" data-end=\"959\">\n<p data-start=\"888\" data-end=\"959\">Budynki mieszkalne, obiekty u\u017cyteczno\u015bci publicznej, obiekty us\u0142ugowe<\/p>\n<\/li>\n<li data-start=\"960\" data-end=\"1056\">\n<p data-start=\"962\" data-end=\"1056\">Instalacje wymagaj\u0105ce trwa\u0142ych, niezawodnych i \u0142atwych w utrzymaniu element\u00f3w sanitarnych \ud83d\udebf<\/p>\n<\/li>\n<\/ul>\n<hr data-start=\"1058\" data-end=\"1061\" \/>\n<h2 data-start=\"1063\" data-end=\"1083\">Zalety produktu<\/h2>\n<ul data-start=\"1084\" data-end=\"1483\">\n<li data-start=\"1084\" data-end=\"1155\">\n<p data-start=\"1086\" data-end=\"1155\"><strong data-start=\"1086\" data-end=\"1110\">Skuteczny spust wody<\/strong> \u2013 pewne odprowadzanie wody z instalacji \ud83d\udca7<\/p>\n<\/li>\n<li data-start=\"1156\" data-end=\"1240\">\n<p data-start=\"1158\" data-end=\"1240\"><strong data-start=\"1158\" data-end=\"1177\">Kosz w zestawie<\/strong> \u2013 u\u0142atwia monta\u017c i zapewnia dodatkow\u0105 ochron\u0119 instalacji \ud83d\udee1\ufe0f<\/p>\n<\/li>\n<li data-start=\"1241\" data-end=\"1316\">\n<p data-start=\"1243\" data-end=\"1316\"><strong data-start=\"1243\" data-end=\"1266\">Solidna konstrukcja<\/strong> \u2013 odporno\u015b\u0107 na eksploatacj\u0119 i d\u0142ugowieczno\u015b\u0107 \ud83d\udd29<\/p>\n<\/li>\n<li data-start=\"1317\" data-end=\"1394\">\n<p data-start=\"1319\" data-end=\"1394\"><strong data-start=\"1319\" data-end=\"1350\">Prosty monta\u017c i konserwacja<\/strong> \u2013 standardowe przy\u0142\u0105cza, \u0142atwa obs\u0142uga \ud83d\udd27<\/p>\n<\/li>\n<li data-start=\"1395\" data-end=\"1483\">\n<p data-start=\"1397\" data-end=\"1483\"><strong data-start=\"1397\" data-end=\"1425\">Uniwersalne zastosowanie<\/strong> \u2013 nadaje si\u0119 do r\u00f3\u017cnych typ\u00f3w instalacji sanitarnych \u2699\ufe0f<\/p>\n<\/li>\n<\/ul>\n<hr data-start=\"1485\" data-end=\"1488\" \/>\n<h2 data-start=\"1490\" data-end=\"1530\">Dane konstrukcyjne <em data-start=\"1512\" data-end=\"1528\">(orientacyjne)<\/em><\/h2>\n<ul data-start=\"1531\" data-end=\"1743\">\n<li data-start=\"1531\" data-end=\"1550\">\n<p data-start=\"1533\" data-end=\"1550\">Producent: JOMO<\/p>\n<\/li>\n<li data-start=\"1551\" data-end=\"1612\">\n<p data-start=\"1553\" data-end=\"1612\">Model: 116\u2011000000210 (Zaw\u00f3r spustowy 2.0 do SLK z koszem)<\/p>\n<\/li>\n<li data-start=\"1613\" data-end=\"1666\">\n<p data-start=\"1615\" data-end=\"1666\">Typ: zaw\u00f3r spustowy \/ element systemu sp\u0142ukiwania<\/p>\n<\/li>\n<li data-start=\"1667\" data-end=\"1743\">\n<p data-start=\"1669\" data-end=\"1743\">Przeznaczenie: toalety, instalacje sanitarne, systemy odprowadzania wody<\/p>\n<\/li>\n<\/ul>\n<hr data-start=\"1745\" data-end=\"1748\" \/>\n<h2 data-start=\"1750\" data-end=\"1767\">Podsumowanie<\/h2>\n<p data-start=\"1768\" data-end=\"2071\"><strong data-start=\"1768\" data-end=\"1825\">JOMO Zaw\u00f3r spustowy 2.0 do SLK z koszem 116\u2011000000210<\/strong> to niezawodny i trwa\u0142y element sanitarny \u2014 idealny do monta\u017cu w domach, mieszkaniach lub obiektach us\u0142ugowych. Dzi\u0119ki solidnej konstrukcji, \u0142atwemu monta\u017cowi i skutecznemu dzia\u0142aniu zapewnia komfort i bezpiecze\u0144stwo w systemach sp\u0142ukiwania \ud83d\udebd\ud83d\udca7.<\/p>\n","protected":false},"excerpt":{"rendered":"<p><strong>JOMO Zaw\u00f3r spustowy 2.0 do SLK z koszem \u2013 wysokiej jako\u015bci zaw\u00f3r spustowy przeznaczony do stela\u017cy SLK. Wyposa\u017cony w kosz, zapewnia p\u0142ynn\u0105 i niezawodn\u0105 prac\u0119 mechanizmu sp\u0142ukiwania oraz \u0142atwy monta\u017c.<\/strong><\/p>\n","protected":false},"featured_media":7189,"template":"","meta":{"_kad_blocks_custom_css":"","_kad_blocks_head_custom_js":"","_kad_blocks_body_custom_js":"","_kad_blocks_footer_custom_js":"","_kad_post_transparent":"default","_kad_post_title":"","_kad_post_layout":"default","_kad_post_sidebar_id":"","_kad_post_content_style":"default","_kad_post_vertical_padding":"default","_kad_post_feature":"","_kad_post_feature_position":"","_kad_post_header":false,"_kad_post_footer":false,"_kad_post_classname":""},"product_brand":[432],"product_cat":[303],"product_tag":[],"class_list":{"0":"post-7183","1":"product","2":"type-product","3":"status-publish","4":"has-post-thumbnail","6":"product_brand-werit","7":"product_cat-czesci-zamienne-stelazy","8":"product_shipping_class-drobnica","10":"first","11":"instock","12":"taxable","13":"shipping-taxable","14":"purchasable","15":"product-type-simple","16":"entry","17":"content-bg","18":"loop-entry"},"taxonomy_info":{"product_brand":[{"value":432,"label":"WERIT"}],"product_cat":[{"value":303,"label":"Cz\u0119\u015bci zamienne stela\u017cy podtynkowych"}]},"featured_image_src_large":["https:\/\/e-systemygrzewcze.eu\/sklep\/wp-content\/uploads\/2025\/09\/Nowy-projekt-2025-09-27T073831.660.jpg",510,578,false],"author_info":[],"comment_info":"","_links":{"self":[{"href":"https:\/\/e-systemygrzewcze.eu\/sklep\/wp-json\/wp\/v2\/product\/7183","targetHints":{"allow":["GET"]}}],"collection":[{"href":"https:\/\/e-systemygrzewcze.eu\/sklep\/wp-json\/wp\/v2\/product"}],"about":[{"href":"https:\/\/e-systemygrzewcze.eu\/sklep\/wp-json\/wp\/v2\/types\/product"}],"wp:featuredmedia":[{"embeddable":true,"href":"https:\/\/e-systemygrzewcze.eu\/sklep\/wp-json\/wp\/v2\/media\/7189"}],"wp:attachment":[{"href":"https:\/\/e-systemygrzewcze.eu\/sklep\/wp-json\/wp\/v2\/media?parent=7183"}],"wp:term":[{"taxonomy":"product_brand","embeddable":true,"href":"https:\/\/e-systemygrzewcze.eu\/sklep\/wp-json\/wp\/v2\/product_brand?post=7183"},{"taxonomy":"product_cat","embeddable":true,"href":"https:\/\/e-systemygrzewcze.eu\/sklep\/wp-json\/wp\/v2\/product_cat?post=7183"},{"taxonomy":"product_tag","embeddable":true,"href":"https:\/\/e-systemygrzewcze.eu\/sklep\/wp-json\/wp\/v2\/product_tag?post=7183"}],"curies":[{"name":"wp","href":"https:\/\/api.w.org\/{rel}","templated":true}]}}