{"id":7067,"date":"2025-09-25T10:08:57","date_gmt":"2025-09-25T10:08:57","guid":{"rendered":"https:\/\/e-systemygrzewcze.eu\/sklep\/produkt\/srubunek-wodomierza-25-uszczelki\/"},"modified":"2026-03-30T10:18:35","modified_gmt":"2026-03-30T10:18:35","slug":"srubunek-wodomierza-25-uszczelki","status":"publish","type":"product","link":"https:\/\/e-systemygrzewcze.eu\/sklep\/produkt\/srubunek-wodomierza-25-uszczelki\/","title":{"rendered":"\u015arubunek wodomierza 1&#8243;+ uszczelki"},"content":{"rendered":"","protected":false},"excerpt":{"rendered":"<p><strong>Komplet \u015brubunku do monta\u017cu wodomierza 1&#8243;. Zestaw zawiera uszczelki zapewniaj\u0105ce szczelno\u015b\u0107 instalacji. Wykonany z trwa\u0142ych materia\u0142\u00f3w odpornych na korozj\u0119 i wysokie ci\u015bnienie. Idealny do instalacji wodoci\u0105gowych.<\/strong><\/p>\n","protected":false},"featured_media":7095,"template":"","meta":{"_kad_blocks_custom_css":"","_kad_blocks_head_custom_js":"","_kad_blocks_body_custom_js":"","_kad_blocks_footer_custom_js":"","_kad_post_transparent":"default","_kad_post_title":"","_kad_post_layout":"default","_kad_post_sidebar_id":"","_kad_post_content_style":"default","_kad_post_vertical_padding":"default","_kad_post_feature":"","_kad_post_feature_position":"","_kad_post_header":false,"_kad_post_footer":false,"_kad_post_classname":""},"product_brand":[27],"product_cat":[417],"product_tag":[],"class_list":{"0":"post-7067","1":"product","2":"type-product","3":"status-publish","4":"has-post-thumbnail","6":"product_brand-goshe","7":"product_cat-wodomierze","8":"product_shipping_class-drobnica","10":"first","11":"instock","12":"taxable","13":"shipping-taxable","14":"purchasable","15":"product-type-simple","16":"entry","17":"content-bg","18":"loop-entry"},"taxonomy_info":{"product_brand":[{"value":27,"label":"Goshe"}],"product_cat":[{"value":417,"label":"Wodomierze"}]},"featured_image_src_large":["https:\/\/e-systemygrzewcze.eu\/sklep\/wp-content\/uploads\/2025\/09\/Nowy-projekt-2025-09-25T124050.360.jpg",510,578,false],"author_info":[],"comment_info":"","_links":{"self":[{"href":"https:\/\/e-systemygrzewcze.eu\/sklep\/wp-json\/wp\/v2\/product\/7067","targetHints":{"allow":["GET"]}}],"collection":[{"href":"https:\/\/e-systemygrzewcze.eu\/sklep\/wp-json\/wp\/v2\/product"}],"about":[{"href":"https:\/\/e-systemygrzewcze.eu\/sklep\/wp-json\/wp\/v2\/types\/product"}],"wp:featuredmedia":[{"embeddable":true,"href":"https:\/\/e-systemygrzewcze.eu\/sklep\/wp-json\/wp\/v2\/media\/7095"}],"wp:attachment":[{"href":"https:\/\/e-systemygrzewcze.eu\/sklep\/wp-json\/wp\/v2\/media?parent=7067"}],"wp:term":[{"taxonomy":"product_brand","embeddable":true,"href":"https:\/\/e-systemygrzewcze.eu\/sklep\/wp-json\/wp\/v2\/product_brand?post=7067"},{"taxonomy":"product_cat","embeddable":true,"href":"https:\/\/e-systemygrzewcze.eu\/sklep\/wp-json\/wp\/v2\/product_cat?post=7067"},{"taxonomy":"product_tag","embeddable":true,"href":"https:\/\/e-systemygrzewcze.eu\/sklep\/wp-json\/wp\/v2\/product_tag?post=7067"}],"curies":[{"name":"wp","href":"https:\/\/api.w.org\/{rel}","templated":true}]}}