{"id":7054,"date":"2025-09-24T05:59:32","date_gmt":"2025-09-24T05:59:32","guid":{"rendered":"https:\/\/e-systemygrzewcze.eu\/sklep\/produkt\/engo-sterownik-tygodniowy-bezprzewodowy-e901rf\/"},"modified":"2026-04-09T08:50:33","modified_gmt":"2026-04-09T08:50:33","slug":"engo-sterownik-tygodniowy-bezprzewodowy-e901rf","status":"publish","type":"product","link":"https:\/\/e-systemygrzewcze.eu\/sklep\/produkt\/engo-sterownik-tygodniowy-bezprzewodowy-e901rf\/","title":{"rendered":"ENGO Sterownik tygodniowy bezprzewodowy E901RF"},"content":{"rendered":"<div class=\"flex flex-col text-sm pb-25\">\n<article class=\"text-token-text-primary w-full focus:outline-none [--shadow-height:45px] has-data-writing-block:pointer-events-none has-data-writing-block:-mt-(--shadow-height) has-data-writing-block:pt-(--shadow-height) [&amp;:has([data-writing-block])&gt;*]:pointer-events-auto scroll-mt-[calc(var(--header-height)+min(200px,max(70px,20svh)))]\" dir=\"auto\" tabindex=\"-1\" data-turn-id=\"request-698dc8d3-7568-8328-9fb1-5bd806595a20-33\" data-testid=\"conversation-turn-186\" data-scroll-anchor=\"true\" data-turn=\"assistant\">\n<div class=\"text-base my-auto mx-auto pb-10 [--thread-content-margin:--spacing(4)] @w-sm\/main:[--thread-content-margin:--spacing(6)] @w-lg\/main:[--thread-content-margin:--spacing(16)] px-(--thread-content-margin)\">\n<div class=\"[--thread-content-max-width:40rem] @w-lg\/main:[--thread-content-max-width:48rem] mx-auto max-w-(--thread-content-max-width) flex-1 group\/turn-messages focus-visible:outline-hidden relative flex w-full min-w-0 flex-col agent-turn\" tabindex=\"-1\">\n<div class=\"flex max-w-full flex-col grow\">\n<div class=\"min-h-8 text-message relative flex w-full flex-col items-end gap-2 text-start break-words whitespace-normal [.text-message+&amp;]:mt-1\" dir=\"auto\" data-message-author-role=\"assistant\" data-message-id=\"81d1680a-09c5-4970-bb0e-0dee42ac1ef2\" data-message-model-slug=\"gpt-5-mini\">\n<div class=\"flex w-full flex-col gap-1 empty:hidden first:pt-[1px]\">\n<div class=\"markdown prose dark:prose-invert w-full wrap-break-word dark markdown-new-styling\">\n<h2 data-start=\"0\" data-end=\"57\">\ud83d\udce1 <strong data-start=\"3\" data-end=\"55\">ENGO E901RF \u2013 Bezprzewodowy sterownik tygodniowy<\/strong><\/h2>\n<p data-start=\"59\" data-end=\"305\">ENGO E901RF to nowoczesny bezprzewodowy sterownik temperatury, przeznaczony do kontroli pracy kot\u0142\u00f3w gazowych, elektrycznych oraz pomp obiegowych. Doskonale sprawdza si\u0119 tak\u017ce w instalacjach z grupami pompowymi oraz innymi systemami grzewczymi.<\/p>\n<p data-start=\"307\" data-end=\"598\">W zestawie znajduj\u0105 si\u0119 nadajnik E901TX oraz odbiornik E901RX, kt\u00f3re s\u0105 fabrycznie sparowane i gotowe do pracy. Regulator zasilany jest 2 bateriami AA. Dzi\u0119ki transmisji radiowej 868\u202fMHz urz\u0105dzenie zapewnia stabilny i odporny na zak\u0142\u00f3cenia sygna\u0142 o zasi\u0119gu do 100\u202fm w otwartej przestrzeni.<\/p>\n<p data-start=\"600\" data-end=\"841\">Sterownik umo\u017cliwia precyzyjne sterowanie temperatur\u0105 w zakresie 5\u201335\u00b0C, z dok\u0142adno\u015bci\u0105 0,1 lub 0,5\u00b0C. Oferuje tak\u017ce funkcj\u0119 GRZANIE \/ CH\u0141ODZENIE, blokad\u0119 klawiatury, dwa typy harmonogram\u00f3w oraz wyb\u00f3r algorytmu sterowania HISTERZA lub TPI.<\/p>\n<h2 data-start=\"843\" data-end=\"872\">\ud83c\udf1f Najwa\u017cniejsze zalety<\/h2>\n<ul data-start=\"873\" data-end=\"1278\">\n<li data-start=\"873\" data-end=\"910\">\n<p data-start=\"875\" data-end=\"910\">Bezprzewodowa komunikacja 868\u202fMHz<\/p>\n<\/li>\n<li data-start=\"911\" data-end=\"953\">\n<p data-start=\"913\" data-end=\"953\">Zasi\u0119g do 100\u202fm w otwartej przestrzeni<\/p>\n<\/li>\n<li data-start=\"954\" data-end=\"986\">\n<p data-start=\"956\" data-end=\"986\">Funkcja GRZANIE \/ CH\u0141ODZENIE<\/p>\n<\/li>\n<li data-start=\"987\" data-end=\"1012\">\n<p data-start=\"989\" data-end=\"1012\">Bezpr\u0105dowy przeka\u017anik<\/p>\n<\/li>\n<li data-start=\"1013\" data-end=\"1042\">\n<p data-start=\"1015\" data-end=\"1042\">Algorytm HISTERZA lub TPI<\/p>\n<\/li>\n<li data-start=\"1043\" data-end=\"1075\">\n<p data-start=\"1045\" data-end=\"1075\">Pod\u015bwietlany wy\u015bwietlacz LCD<\/p>\n<\/li>\n<li data-start=\"1076\" data-end=\"1137\">\n<p data-start=\"1078\" data-end=\"1137\">Mo\u017cliwo\u015b\u0107 ustawienia temperatury minimalnej i maksymalnej<\/p>\n<\/li>\n<li data-start=\"1138\" data-end=\"1166\">\n<p data-start=\"1140\" data-end=\"1166\">Blokada klawiatury i PIN<\/p>\n<\/li>\n<li data-start=\"1167\" data-end=\"1203\">\n<p data-start=\"1169\" data-end=\"1203\">Dwa typy harmonogram\u00f3w czasowych<\/p>\n<\/li>\n<li data-start=\"1204\" data-end=\"1238\">\n<p data-start=\"1206\" data-end=\"1238\">Prosta obs\u0142uga i szybki monta\u017c<\/p>\n<\/li>\n<li data-start=\"1239\" data-end=\"1278\">\n<p data-start=\"1241\" data-end=\"1278\">Gotowy zestaw: nadajnik + odbiornik<\/p>\n<\/li>\n<\/ul>\n<h2 data-start=\"1280\" data-end=\"1304\">\u2699\ufe0f <strong data-start=\"1283\" data-end=\"1302\">Dane techniczne<\/strong><\/h2>\n<ul data-start=\"1305\" data-end=\"1644\">\n<li data-start=\"1305\" data-end=\"1344\">\n<p data-start=\"1307\" data-end=\"1344\">Zasilanie nadajnika: 2 \u00d7 baterie AA<\/p>\n<\/li>\n<li data-start=\"1345\" data-end=\"1384\">\n<p data-start=\"1347\" data-end=\"1384\">Zasilanie odbiornika: 230\u202fV \/ 50\u202fHz<\/p>\n<\/li>\n<li data-start=\"1385\" data-end=\"1411\">\n<p data-start=\"1387\" data-end=\"1411\">Prze\u0142\u0105czenie: 16 (5)\u202fA<\/p>\n<\/li>\n<li data-start=\"1412\" data-end=\"1453\">\n<p data-start=\"1414\" data-end=\"1453\">Zakres regulacji temperatury: 5\u201335\u202f\u00b0C<\/p>\n<\/li>\n<li data-start=\"1454\" data-end=\"1508\">\n<p data-start=\"1456\" data-end=\"1508\">Dok\u0142adno\u015b\u0107 ustawienia temperatury: 0,1\u202f\u00b0C \/ 0,5\u202f\u00b0C<\/p>\n<\/li>\n<li data-start=\"1509\" data-end=\"1531\">\n<p data-start=\"1511\" data-end=\"1531\">Histereza: 0,25\u202f\u00b0C<\/p>\n<\/li>\n<li data-start=\"1532\" data-end=\"1564\">\n<p data-start=\"1534\" data-end=\"1564\">Cz\u0119stotliwo\u015b\u0107 pracy: 868\u202fMHz<\/p>\n<\/li>\n<li data-start=\"1565\" data-end=\"1604\">\n<p data-start=\"1567\" data-end=\"1604\">Wymiary nadajnika: 150 \u00d7 84 \u00d7 22\u202fmm<\/p>\n<\/li>\n<li data-start=\"1605\" data-end=\"1644\">\n<p data-start=\"1607\" data-end=\"1644\">Wymiary odbiornika: 96 \u00d7 96 \u00d7 27\u202fmm<\/p>\n<\/li>\n<\/ul>\n<h2 data-start=\"1646\" data-end=\"1667\">\ud83c\udfe0 <strong data-start=\"1649\" data-end=\"1665\">Zastosowanie<\/strong><\/h2>\n<ul data-start=\"1668\" data-end=\"1799\" data-is-last-node=\"\" data-is-only-node=\"\">\n<li data-start=\"1668\" data-end=\"1698\">\n<p data-start=\"1670\" data-end=\"1698\">Kot\u0142y gazowe i elektryczne<\/p>\n<\/li>\n<li data-start=\"1699\" data-end=\"1717\">\n<p data-start=\"1701\" data-end=\"1717\">Pompy obiegowe<\/p>\n<\/li>\n<li data-start=\"1718\" data-end=\"1735\">\n<p data-start=\"1720\" data-end=\"1735\">Grupy pompowe<\/p>\n<\/li>\n<li data-start=\"1736\" data-end=\"1773\">\n<p data-start=\"1738\" data-end=\"1773\">Instalacje centralnego ogrzewania<\/p>\n<\/li>\n<li data-start=\"1774\" data-end=\"1799\" data-is-last-node=\"\">\n<p data-start=\"1776\" data-end=\"1799\" data-is-last-node=\"\">Domy, mieszkania, biura<\/p>\n<\/li>\n<\/ul>\n<\/div>\n<\/div>\n<\/div>\n<\/div>\n<div class=\"z-0 flex min-h-[46px] justify-start\"><\/div>\n<div class=\"mt-3 w-full empty:hidden\">\n<div class=\"text-center\"><\/div>\n<\/div>\n<\/div>\n<\/div>\n<\/article>\n<\/div>\n<div class=\"pointer-events-none h-px w-px absolute bottom-0\" aria-hidden=\"true\" data-edge=\"true\"><\/div>\n","protected":false},"excerpt":{"rendered":"<p><strong>Bezprzewodowy regulator temperatury do kot\u0142\u00f3w i pomp obiegowych, z zasi\u0119giem do 100\u202fm, funkcj\u0105 grzanie\/ch\u0142odzenie, dok\u0142adnym sterowaniem 5\u201335\u00b0C oraz dwoma harmonogramami tygodniowymi.<\/strong><\/p>\n","protected":false},"featured_media":7057,"template":"","meta":{"_kad_blocks_custom_css":"","_kad_blocks_head_custom_js":"","_kad_blocks_body_custom_js":"","_kad_blocks_footer_custom_js":"","_kad_post_transparent":"default","_kad_post_title":"","_kad_post_layout":"default","_kad_post_sidebar_id":"","_kad_post_content_style":"default","_kad_post_vertical_padding":"default","_kad_post_feature":"","_kad_post_feature_position":"","_kad_post_header":false,"_kad_post_footer":false,"_kad_post_classname":""},"product_brand":[430],"product_cat":[338],"product_tag":[],"class_list":{"0":"post-7054","1":"product","2":"type-product","3":"status-publish","4":"has-post-thumbnail","6":"product_brand-engo","7":"product_cat-sterowniki-pokojowe","8":"product_shipping_class-drobnica","10":"first","11":"instock","12":"taxable","13":"shipping-taxable","14":"purchasable","15":"product-type-simple","16":"entry","17":"content-bg","18":"loop-entry"},"taxonomy_info":{"product_brand":[{"value":430,"label":"ENGO"}],"product_cat":[{"value":338,"label":"Sterowniki pokojowe"}]},"featured_image_src_large":["https:\/\/e-systemygrzewcze.eu\/sklep\/wp-content\/uploads\/2025\/09\/Nowy-projekt-2025-09-24T080848.879.jpg",510,578,false],"author_info":[],"comment_info":"","_links":{"self":[{"href":"https:\/\/e-systemygrzewcze.eu\/sklep\/wp-json\/wp\/v2\/product\/7054","targetHints":{"allow":["GET"]}}],"collection":[{"href":"https:\/\/e-systemygrzewcze.eu\/sklep\/wp-json\/wp\/v2\/product"}],"about":[{"href":"https:\/\/e-systemygrzewcze.eu\/sklep\/wp-json\/wp\/v2\/types\/product"}],"wp:featuredmedia":[{"embeddable":true,"href":"https:\/\/e-systemygrzewcze.eu\/sklep\/wp-json\/wp\/v2\/media\/7057"}],"wp:attachment":[{"href":"https:\/\/e-systemygrzewcze.eu\/sklep\/wp-json\/wp\/v2\/media?parent=7054"}],"wp:term":[{"taxonomy":"product_brand","embeddable":true,"href":"https:\/\/e-systemygrzewcze.eu\/sklep\/wp-json\/wp\/v2\/product_brand?post=7054"},{"taxonomy":"product_cat","embeddable":true,"href":"https:\/\/e-systemygrzewcze.eu\/sklep\/wp-json\/wp\/v2\/product_cat?post=7054"},{"taxonomy":"product_tag","embeddable":true,"href":"https:\/\/e-systemygrzewcze.eu\/sklep\/wp-json\/wp\/v2\/product_tag?post=7054"}],"curies":[{"name":"wp","href":"https:\/\/api.w.org\/{rel}","templated":true}]}}