{"id":6982,"date":"2025-09-22T10:13:01","date_gmt":"2025-09-22T10:13:01","guid":{"rendered":"https:\/\/e-systemygrzewcze.eu\/sklep\/produkt\/uchwyt-dwuramienny-bialy-palma-l-100-50-szt-w-paczce\/"},"modified":"2026-04-09T08:51:15","modified_gmt":"2026-04-09T08:51:15","slug":"uchwyt-dwuramienny-bialy-palma-l-100-50-szt-w-paczce","status":"publish","type":"product","link":"https:\/\/e-systemygrzewcze.eu\/sklep\/produkt\/uchwyt-dwuramienny-bialy-palma-l-100-50-szt-w-paczce\/","title":{"rendered":"Uchwyt dwuramienny bia\u0142y palma L-100 50 szt. w paczce"},"content":{"rendered":"","protected":false},"excerpt":{"rendered":"<p><strong>Uchwyt dwuramienny bia\u0142y Palma L-100 (50 szt. w paczce) \u2013 solidny uchwyt monta\u017cowy do rur, wykonany z trwa\u0142ego tworzywa w kolorze bia\u0142ym. Zapewnia stabilne mocowanie instalacji, sprzedawany w ekonomicznym opakowaniu po 50 sztuk.<\/strong><\/p>\n","protected":false},"featured_media":6988,"template":"","meta":{"_kad_blocks_custom_css":"","_kad_blocks_head_custom_js":"","_kad_blocks_body_custom_js":"","_kad_blocks_footer_custom_js":"","_kad_post_transparent":"default","_kad_post_title":"","_kad_post_layout":"default","_kad_post_sidebar_id":"","_kad_post_content_style":"default","_kad_post_vertical_padding":"default","_kad_post_feature":"","_kad_post_feature_position":"","_kad_post_header":false,"_kad_post_footer":false,"_kad_post_classname":""},"product_brand":[137],"product_cat":[177],"product_tag":[],"class_list":{"0":"post-6982","1":"product","2":"type-product","3":"status-publish","4":"has-post-thumbnail","6":"product_brand-capricorn","7":"product_cat-akcesoria","8":"product_shipping_class-drobnica","10":"first","11":"instock","12":"taxable","13":"shipping-taxable","14":"purchasable","15":"product-type-simple","16":"entry","17":"content-bg","18":"loop-entry"},"taxonomy_info":{"product_brand":[{"value":137,"label":"CAPRICORN"}],"product_cat":[{"value":177,"label":"Klipsy i akcesoria"}]},"featured_image_src_large":["https:\/\/e-systemygrzewcze.eu\/sklep\/wp-content\/uploads\/2025\/09\/Nowy-projekt-2025-09-22T121907.025.jpg",510,578,false],"author_info":[],"comment_info":"","_links":{"self":[{"href":"https:\/\/e-systemygrzewcze.eu\/sklep\/wp-json\/wp\/v2\/product\/6982","targetHints":{"allow":["GET"]}}],"collection":[{"href":"https:\/\/e-systemygrzewcze.eu\/sklep\/wp-json\/wp\/v2\/product"}],"about":[{"href":"https:\/\/e-systemygrzewcze.eu\/sklep\/wp-json\/wp\/v2\/types\/product"}],"wp:featuredmedia":[{"embeddable":true,"href":"https:\/\/e-systemygrzewcze.eu\/sklep\/wp-json\/wp\/v2\/media\/6988"}],"wp:attachment":[{"href":"https:\/\/e-systemygrzewcze.eu\/sklep\/wp-json\/wp\/v2\/media?parent=6982"}],"wp:term":[{"taxonomy":"product_brand","embeddable":true,"href":"https:\/\/e-systemygrzewcze.eu\/sklep\/wp-json\/wp\/v2\/product_brand?post=6982"},{"taxonomy":"product_cat","embeddable":true,"href":"https:\/\/e-systemygrzewcze.eu\/sklep\/wp-json\/wp\/v2\/product_cat?post=6982"},{"taxonomy":"product_tag","embeddable":true,"href":"https:\/\/e-systemygrzewcze.eu\/sklep\/wp-json\/wp\/v2\/product_tag?post=6982"}],"curies":[{"name":"wp","href":"https:\/\/api.w.org\/{rel}","templated":true}]}}