{"id":6949,"date":"2025-09-19T11:32:43","date_gmt":"2025-09-19T11:32:43","guid":{"rendered":"https:\/\/e-systemygrzewcze.eu\/sklep\/produkt\/zawor-zwrotny-grzybek-wklad-metalowy-15\/"},"modified":"2026-03-30T10:18:49","modified_gmt":"2026-03-30T10:18:49","slug":"zawor-zwrotny-grzybek-wklad-metalowy-15","status":"publish","type":"product","link":"https:\/\/e-systemygrzewcze.eu\/sklep\/produkt\/zawor-zwrotny-grzybek-wklad-metalowy-15\/","title":{"rendered":"GOSHE Zaw\u00f3r zwrotny grzybek wk\u0142ad metalowy 1\/2&#8243;"},"content":{"rendered":"","protected":false},"excerpt":{"rendered":"<p><strong>Zaw\u00f3r zwrotny grzybek GOSHE 1\/2&#8243; z metalowym wk\u0142adem zapobiega cofaniu si\u0119 medium w instalacjach wodnych i grzewczych, zapewniaj\u0105c przep\u0142yw tylko w jednym kierunku.<\/strong><\/p>\n","protected":false},"featured_media":6958,"template":"","meta":{"_kad_blocks_custom_css":"","_kad_blocks_head_custom_js":"","_kad_blocks_body_custom_js":"","_kad_blocks_footer_custom_js":"","_kad_post_transparent":"default","_kad_post_title":"","_kad_post_layout":"default","_kad_post_sidebar_id":"","_kad_post_content_style":"default","_kad_post_vertical_padding":"default","_kad_post_feature":"","_kad_post_feature_position":"","_kad_post_header":false,"_kad_post_footer":false,"_kad_post_classname":""},"product_brand":[27],"product_cat":[168],"product_tag":[],"class_list":{"0":"post-6949","1":"product","2":"type-product","3":"status-publish","4":"has-post-thumbnail","6":"product_brand-goshe","7":"product_cat-zawory-zwrotne","8":"product_shipping_class-drobnica","10":"first","11":"instock","12":"taxable","13":"shipping-taxable","14":"purchasable","15":"product-type-simple","16":"entry","17":"content-bg","18":"loop-entry"},"taxonomy_info":{"product_brand":[{"value":27,"label":"Goshe"}],"product_cat":[{"value":168,"label":"Zawory zwrotne"}]},"featured_image_src_large":["https:\/\/e-systemygrzewcze.eu\/sklep\/wp-content\/uploads\/2025\/09\/Nowy-projekt-2025-09-19T134052.430.jpg",510,578,false],"author_info":[],"comment_info":"","_links":{"self":[{"href":"https:\/\/e-systemygrzewcze.eu\/sklep\/wp-json\/wp\/v2\/product\/6949","targetHints":{"allow":["GET"]}}],"collection":[{"href":"https:\/\/e-systemygrzewcze.eu\/sklep\/wp-json\/wp\/v2\/product"}],"about":[{"href":"https:\/\/e-systemygrzewcze.eu\/sklep\/wp-json\/wp\/v2\/types\/product"}],"wp:featuredmedia":[{"embeddable":true,"href":"https:\/\/e-systemygrzewcze.eu\/sklep\/wp-json\/wp\/v2\/media\/6958"}],"wp:attachment":[{"href":"https:\/\/e-systemygrzewcze.eu\/sklep\/wp-json\/wp\/v2\/media?parent=6949"}],"wp:term":[{"taxonomy":"product_brand","embeddable":true,"href":"https:\/\/e-systemygrzewcze.eu\/sklep\/wp-json\/wp\/v2\/product_brand?post=6949"},{"taxonomy":"product_cat","embeddable":true,"href":"https:\/\/e-systemygrzewcze.eu\/sklep\/wp-json\/wp\/v2\/product_cat?post=6949"},{"taxonomy":"product_tag","embeddable":true,"href":"https:\/\/e-systemygrzewcze.eu\/sklep\/wp-json\/wp\/v2\/product_tag?post=6949"}],"curies":[{"name":"wp","href":"https:\/\/api.w.org\/{rel}","templated":true}]}}