{"id":6942,"date":"2025-09-19T11:23:34","date_gmt":"2025-09-19T11:23:34","guid":{"rendered":"https:\/\/e-systemygrzewcze.eu\/sklep\/produkt\/esbe-zawor-temperaturowy-32-gw-vtc511-55-kvs-14\/"},"modified":"2026-03-30T10:20:33","modified_gmt":"2026-03-30T10:20:33","slug":"esbe-zawor-temperaturowy-32-gw-vtc511-55-kvs-14","status":"publish","type":"product","link":"https:\/\/e-systemygrzewcze.eu\/sklep\/produkt\/esbe-zawor-temperaturowy-32-gw-vtc511-55-kvs-14\/","title":{"rendered":"ESBE Zaw\u00f3r temperaturowy 1 1\/4&#8243; GW VTC511 55\u00b0C Kvs-14"},"content":{"rendered":"<h2 data-start=\"72\" data-end=\"184\"><strong data-start=\"78\" data-end=\"184\"><span class=\"hover:entity-accent entity-underline inline cursor-pointer align-baseline\"><span class=\"whitespace-normal\">ESBE<\/span><\/span> VTC511 \u2013 Zaw\u00f3r temperaturowy 3-drogowy 1 1\/4\u2033 GW 55\u00b0C Kvs 14<\/strong><\/h2>\n<p data-start=\"186\" data-end=\"525\">Tr\u00f3jdrogowy zaw\u00f3r temperaturowy <strong data-start=\"218\" data-end=\"238\">ESBE VTC511 55\u00b0C<\/strong> z serii VTC500 zosta\u0142 zaprojektowany do skutecznej ochrony kot\u0142a przed zbyt nisk\u0105 temperatur\u0105 wody powrotnej. Utrzymanie odpowiednio wysokiej temperatury powrotu zwi\u0119ksza sprawno\u015b\u0107 kot\u0142a, ogranicza odk\u0142adanie si\u0119 smo\u0142y i sadzy oraz znacz\u0105co wyd\u0142u\u017ca \u017cywotno\u015b\u0107 ca\u0142ej instalacji grzewczej.<\/p>\n<p data-start=\"527\" data-end=\"856\">Model <strong data-start=\"533\" data-end=\"548\">VTC511 55\u00b0C<\/strong> przeznaczony jest do pracy w instalacjach z kot\u0142ami na paliwo sta\u0142e o mocy do <strong data-start=\"627\" data-end=\"637\">150 kW<\/strong>, wsp\u00f3\u0142pracuj\u0105cych ze zbiornikami akumulacyjnymi (buforami). Zaw\u00f3r mo\u017ce by\u0107 montowany zar\u00f3wno na <strong data-start=\"734\" data-end=\"755\">powrocie do kot\u0142a<\/strong> (rozwi\u0105zanie zalecane), jak i na <strong data-start=\"789\" data-end=\"809\">zasilaniu bufora<\/strong>, umo\u017cliwiaj\u0105c elastyczn\u0105 rozbudow\u0119 instalacji.<\/p>\n<hr data-start=\"858\" data-end=\"861\" \/>\n<h3 data-start=\"863\" data-end=\"889\">\u2705 Najwa\u017cniejsze zalety<\/h3>\n<ul data-start=\"890\" data-end=\"1214\">\n<li data-start=\"890\" data-end=\"939\">\n<p data-start=\"892\" data-end=\"939\">Skuteczna ochrona kot\u0142a przed zimnym powrotem<\/p>\n<\/li>\n<li data-start=\"940\" data-end=\"982\">\n<p data-start=\"942\" data-end=\"982\">Stabilna i bezpieczna praca instalacji<\/p>\n<\/li>\n<li data-start=\"983\" data-end=\"1028\">\n<p data-start=\"985\" data-end=\"1028\">Ograniczenie odk\u0142adania si\u0119 smo\u0142y i sadzy<\/p>\n<\/li>\n<li data-start=\"1029\" data-end=\"1059\">\n<p data-start=\"1031\" data-end=\"1059\">Zwi\u0119kszona sprawno\u015b\u0107 kot\u0142a<\/p>\n<\/li>\n<li data-start=\"1060\" data-end=\"1102\">\n<p data-start=\"1062\" data-end=\"1102\">Wyd\u0142u\u017cona \u017cywotno\u015b\u0107 kot\u0142a i instalacji<\/p>\n<\/li>\n<li data-start=\"1103\" data-end=\"1139\">\n<p data-start=\"1105\" data-end=\"1139\">Przeznaczony do kot\u0142\u00f3w do 150 kW<\/p>\n<\/li>\n<li data-start=\"1140\" data-end=\"1179\">\n<p data-start=\"1142\" data-end=\"1179\">Praca ze zbiornikami akumulacyjnymi<\/p>\n<\/li>\n<li data-start=\"1180\" data-end=\"1214\">\n<p data-start=\"1182\" data-end=\"1214\">Solidna konstrukcja z mosi\u0105dzu<\/p>\n<\/li>\n<\/ul>\n<hr data-start=\"1216\" data-end=\"1219\" \/>\n<h3 data-start=\"1221\" data-end=\"1240\">\ud83d\udd27 Zastosowanie<\/h3>\n<ul data-start=\"1241\" data-end=\"1331\">\n<li data-start=\"1241\" data-end=\"1291\">\n<p data-start=\"1243\" data-end=\"1291\">Kot\u0142y na paliwo sta\u0142e (drewno, w\u0119giel, pellet)<\/p>\n<\/li>\n<li data-start=\"1292\" data-end=\"1331\">\n<p data-start=\"1294\" data-end=\"1331\">Instalacje ze zbiornikiem buforowym<\/p>\n<\/li>\n<\/ul>\n<p data-start=\"1333\" data-end=\"1436\"><strong data-start=\"1333\" data-end=\"1344\">Monta\u017c:<\/strong><br data-start=\"1344\" data-end=\"1347\" \/>\u2013 na powrocie do kot\u0142a \u2013 rozwi\u0105zanie zalecane<br data-start=\"1392\" data-end=\"1395\" \/>\u2013 na zasilaniu zbiornika akumulacyjnego<\/p>\n<p data-start=\"1438\" data-end=\"1515\">Dost\u0119pne wersje temperaturowe serii VTC500: <strong data-start=\"1482\" data-end=\"1515\">50 \/ 55 \/ 60 \/ 65 \/ 70 \/ 75\u00b0C<\/strong><\/p>\n<hr data-start=\"1517\" data-end=\"1520\" \/>\n<h3 data-start=\"1522\" data-end=\"1544\">\ud83d\udcca Dane techniczne<\/h3>\n<p data-start=\"1545\" data-end=\"1816\">Typ: zaw\u00f3r temperaturowy tr\u00f3jdrogowy<br data-start=\"1581\" data-end=\"1584\" \/>Model: ESBE VTC511<br data-start=\"1602\" data-end=\"1605\" \/>Temperatura otwarcia: 55\u00b0C<br data-start=\"1631\" data-end=\"1634\" \/>\u015arednica przy\u0142\u0105cza: 1 1\/4\u2033 GW (DN 32)<br data-start=\"1671\" data-end=\"1674\" \/>Warto\u015b\u0107 Kvs: 14<br data-start=\"1689\" data-end=\"1692\" \/>Maksymalna moc kot\u0142a: do 150 kW<br data-start=\"1723\" data-end=\"1726\" \/>Materia\u0142 korpusu: mosi\u0105dz<br data-start=\"1751\" data-end=\"1754\" \/>Medium: woda grzewcza<br data-start=\"1775\" data-end=\"1778\" \/>Przeznaczenie: ochrona powrotu kot\u0142a<\/p>\n","protected":false},"excerpt":{"rendered":"<p><strong>ESBE VTC511 55\u00b0C automatycznie utrzymuje bezpieczn\u0105 temperatur\u0119 powrotu, chroni\u0105c kocio\u0142 i zwi\u0119kszaj\u0105c jego sprawno\u015b\u0107. Idealny do kot\u0142\u00f3w na paliwo sta\u0142e i instalacji z buforem ciep\u0142a.<\/strong><\/p>\n","protected":false},"featured_media":6948,"template":"","meta":{"_kad_blocks_custom_css":"","_kad_blocks_head_custom_js":"","_kad_blocks_body_custom_js":"","_kad_blocks_footer_custom_js":"","_kad_post_transparent":"default","_kad_post_title":"","_kad_post_layout":"default","_kad_post_sidebar_id":"","_kad_post_content_style":"default","_kad_post_vertical_padding":"default","_kad_post_feature":"","_kad_post_feature_position":"","_kad_post_header":false,"_kad_post_footer":false,"_kad_post_classname":""},"product_brand":[426],"product_cat":[473],"product_tag":[],"class_list":{"0":"post-6942","1":"product","2":"type-product","3":"status-publish","4":"has-post-thumbnail","6":"product_brand-esbe","7":"product_cat-zawory-temperaturowe-wygrzewajace","8":"product_shipping_class-drobnica","10":"first","11":"instock","12":"taxable","13":"shipping-taxable","14":"purchasable","15":"product-type-simple","16":"entry","17":"content-bg","18":"loop-entry"},"taxonomy_info":{"product_brand":[{"value":426,"label":"ESBE"}],"product_cat":[{"value":473,"label":"Zawory temperaturowe (wygrzewaj\u0105ce)"}]},"featured_image_src_large":["https:\/\/e-systemygrzewcze.eu\/sklep\/wp-content\/uploads\/2025\/09\/Nowy-projekt-2025-09-19T133023.549.jpg",510,578,false],"author_info":[],"comment_info":"","_links":{"self":[{"href":"https:\/\/e-systemygrzewcze.eu\/sklep\/wp-json\/wp\/v2\/product\/6942","targetHints":{"allow":["GET"]}}],"collection":[{"href":"https:\/\/e-systemygrzewcze.eu\/sklep\/wp-json\/wp\/v2\/product"}],"about":[{"href":"https:\/\/e-systemygrzewcze.eu\/sklep\/wp-json\/wp\/v2\/types\/product"}],"wp:featuredmedia":[{"embeddable":true,"href":"https:\/\/e-systemygrzewcze.eu\/sklep\/wp-json\/wp\/v2\/media\/6948"}],"wp:attachment":[{"href":"https:\/\/e-systemygrzewcze.eu\/sklep\/wp-json\/wp\/v2\/media?parent=6942"}],"wp:term":[{"taxonomy":"product_brand","embeddable":true,"href":"https:\/\/e-systemygrzewcze.eu\/sklep\/wp-json\/wp\/v2\/product_brand?post=6942"},{"taxonomy":"product_cat","embeddable":true,"href":"https:\/\/e-systemygrzewcze.eu\/sklep\/wp-json\/wp\/v2\/product_cat?post=6942"},{"taxonomy":"product_tag","embeddable":true,"href":"https:\/\/e-systemygrzewcze.eu\/sklep\/wp-json\/wp\/v2\/product_tag?post=6942"}],"curies":[{"name":"wp","href":"https:\/\/api.w.org\/{rel}","templated":true}]}}