{"id":6937,"date":"2025-09-19T11:17:28","date_gmt":"2025-09-19T11:17:28","guid":{"rendered":"https:\/\/e-systemygrzewcze.eu\/sklep\/produkt\/zawor-spustowy-kulowy-15\/"},"modified":"2026-04-09T08:55:35","modified_gmt":"2026-04-09T08:55:35","slug":"zawor-spustowy-kulowy-15","status":"publish","type":"product","link":"https:\/\/e-systemygrzewcze.eu\/sklep\/produkt\/zawor-spustowy-kulowy-15\/","title":{"rendered":"Zaw\u00f3r spustowy kulowy 1\/2&#8243;"},"content":{"rendered":"","protected":false},"excerpt":{"rendered":"<p><strong>Zaw\u00f3r spustowy kulowy DN15 to niewielki zaw\u00f3r s\u0142u\u017c\u0105cy do szybkiego i szczelnego odprowadzania cieczy z instalacji, np. w celu opr\u00f3\u017cnienia lub serwisowania. Dzi\u0119ki kulowej konstrukcji zapewnia \u0142atw\u0105 obs\u0142ug\u0119 i trwa\u0142e uszczelnienie przy zamkni\u0119ciu przep\u0142ywu.<\/strong><\/p>\n","protected":false},"featured_media":6940,"template":"","meta":{"_kad_blocks_custom_css":"","_kad_blocks_head_custom_js":"","_kad_blocks_body_custom_js":"","_kad_blocks_footer_custom_js":"","_kad_post_transparent":"default","_kad_post_title":"","_kad_post_layout":"default","_kad_post_sidebar_id":"","_kad_post_content_style":"default","_kad_post_vertical_padding":"default","_kad_post_feature":"","_kad_post_feature_position":"","_kad_post_header":false,"_kad_post_footer":false,"_kad_post_classname":""},"product_brand":[27],"product_cat":[201],"product_tag":[],"class_list":{"0":"post-6937","1":"product","2":"type-product","3":"status-publish","4":"has-post-thumbnail","6":"product_brand-goshe","7":"product_cat-spustowe","8":"product_shipping_class-drobnica","10":"first","11":"instock","12":"taxable","13":"shipping-taxable","14":"purchasable","15":"product-type-simple","16":"entry","17":"content-bg","18":"loop-entry"},"taxonomy_info":{"product_brand":[{"value":27,"label":"Goshe"}],"product_cat":[{"value":201,"label":"Zawory spustowe"}]},"featured_image_src_large":["https:\/\/e-systemygrzewcze.eu\/sklep\/wp-content\/uploads\/2025\/09\/Nowy-projekt-2025-09-19T131933.246.jpg",510,578,false],"author_info":[],"comment_info":"","_links":{"self":[{"href":"https:\/\/e-systemygrzewcze.eu\/sklep\/wp-json\/wp\/v2\/product\/6937","targetHints":{"allow":["GET"]}}],"collection":[{"href":"https:\/\/e-systemygrzewcze.eu\/sklep\/wp-json\/wp\/v2\/product"}],"about":[{"href":"https:\/\/e-systemygrzewcze.eu\/sklep\/wp-json\/wp\/v2\/types\/product"}],"wp:featuredmedia":[{"embeddable":true,"href":"https:\/\/e-systemygrzewcze.eu\/sklep\/wp-json\/wp\/v2\/media\/6940"}],"wp:attachment":[{"href":"https:\/\/e-systemygrzewcze.eu\/sklep\/wp-json\/wp\/v2\/media?parent=6937"}],"wp:term":[{"taxonomy":"product_brand","embeddable":true,"href":"https:\/\/e-systemygrzewcze.eu\/sklep\/wp-json\/wp\/v2\/product_brand?post=6937"},{"taxonomy":"product_cat","embeddable":true,"href":"https:\/\/e-systemygrzewcze.eu\/sklep\/wp-json\/wp\/v2\/product_cat?post=6937"},{"taxonomy":"product_tag","embeddable":true,"href":"https:\/\/e-systemygrzewcze.eu\/sklep\/wp-json\/wp\/v2\/product_tag?post=6937"}],"curies":[{"name":"wp","href":"https:\/\/api.w.org\/{rel}","templated":true}]}}