{"id":6919,"date":"2025-09-19T09:23:51","date_gmt":"2025-09-19T09:23:51","guid":{"rendered":"https:\/\/e-systemygrzewcze.eu\/sklep\/produkt\/grand-zawor-mieszajacy-4-drogowy-1-emix-0360-425\/"},"modified":"2026-04-09T08:57:07","modified_gmt":"2026-04-09T08:57:07","slug":"grand-zawor-mieszajacy-4-drogowy-1-emix-0360-425","status":"publish","type":"product","link":"https:\/\/e-systemygrzewcze.eu\/sklep\/produkt\/grand-zawor-mieszajacy-4-drogowy-1-emix-0360-425\/","title":{"rendered":"GRAND GOSHE Zaw\u00f3r mieszaj\u0105cy 4-drogowy 1&#8243; EMIX 0360.425"},"content":{"rendered":"<h3 data-start=\"112\" data-end=\"175\"><strong data-start=\"116\" data-end=\"175\">GRAND GOSHE Zaw\u00f3r mieszaj\u0105cy 4-drogowy 1\u2033 EMIX 0360.425<\/strong><\/h3>\n<p data-start=\"177\" data-end=\"469\">GOSHE EMIX 0360.425 to 4-drogowy zaw\u00f3r mieszaj\u0105cy do instalacji centralnego ogrzewania, umo\u017cliwiaj\u0105cy precyzyjne mieszanie wody zasilaj\u0105cej z powrotn\u0105.<br data-start=\"328\" data-end=\"331\" \/>Mo\u017ce by\u0107 sterowany r\u0119cznie lub automatycznie przy u\u017cyciu si\u0142ownika, zapewniaj\u0105c stabiln\u0105 temperatur\u0119 obiegu i ochron\u0119 instalacji \ud83d\udd25\ud83d\udca7\ud83d\udee0\ufe0f<\/p>\n<hr data-start=\"471\" data-end=\"474\" \/>\n<h3 data-start=\"476\" data-end=\"502\"><strong data-start=\"480\" data-end=\"502\">\ud83d\udcca Dane techniczne<\/strong><\/h3>\n<ul data-start=\"504\" data-end=\"845\">\n<li data-start=\"504\" data-end=\"530\">\n<p data-start=\"506\" data-end=\"530\">\u015arednica przy\u0142\u0105cza: 1\u2033<\/p>\n<\/li>\n<li data-start=\"531\" data-end=\"559\">\n<p data-start=\"533\" data-end=\"559\">\u015arednica nominalna: DN25<\/p>\n<\/li>\n<li data-start=\"560\" data-end=\"586\">\n<p data-start=\"562\" data-end=\"586\">Korpus: mosi\u0105dz CW617N<\/p>\n<\/li>\n<li data-start=\"587\" data-end=\"615\">\n<p data-start=\"589\" data-end=\"615\">Mieszacz: mosi\u0105dz CW617N<\/p>\n<\/li>\n<li data-start=\"616\" data-end=\"635\">\n<p data-start=\"618\" data-end=\"635\">K\u0105t obrotu: 90\u00b0<\/p>\n<\/li>\n<li data-start=\"636\" data-end=\"661\">\n<p data-start=\"638\" data-end=\"661\">Moment obrotowy: 5 Nm<\/p>\n<\/li>\n<li data-start=\"662\" data-end=\"702\">\n<p data-start=\"664\" data-end=\"702\">Maksymalne ci\u015bnienie robocze: 10 bar<\/p>\n<\/li>\n<li data-start=\"703\" data-end=\"743\">\n<p data-start=\"705\" data-end=\"743\">Medium: woda, roztw\u00f3r glikolu do 50%<\/p>\n<\/li>\n<li data-start=\"744\" data-end=\"793\">\n<p data-start=\"746\" data-end=\"793\">Sterowanie: r\u0119czne lub si\u0142ownik (np. Emix910)<\/p>\n<\/li>\n<li data-start=\"794\" data-end=\"845\">\n<p data-start=\"796\" data-end=\"845\">Zastosowanie: Instalacje centralnego ogrzewania<\/p>\n<\/li>\n<\/ul>\n","protected":false},"excerpt":{"rendered":"<p>GOSHE EMIX 1\u2033 0360.425 zapewnia precyzyjne mieszanie w instalacjach C.O., stabilizuj\u0105c temperatur\u0119 zasilania i powrotu.Trwa\u0142y korpus z mosi\u0105dzu CW617N i mo\u017cliwo\u015b\u0107 sterowania r\u0119cznego lub si\u0142ownikiem gwarantuj\u0105 niezawodn\u0105 prac\u0119.<\/p>\n","protected":false},"featured_media":6929,"template":"","meta":{"_kad_blocks_custom_css":"","_kad_blocks_head_custom_js":"","_kad_blocks_body_custom_js":"","_kad_blocks_footer_custom_js":"","_kad_post_transparent":"default","_kad_post_title":"","_kad_post_layout":"default","_kad_post_sidebar_id":"","_kad_post_content_style":"default","_kad_post_vertical_padding":"default","_kad_post_feature":"","_kad_post_feature_position":"","_kad_post_header":false,"_kad_post_footer":false,"_kad_post_classname":""},"product_brand":[27],"product_cat":[165],"product_tag":[],"class_list":{"0":"post-6919","1":"product","2":"type-product","3":"status-publish","4":"has-post-thumbnail","6":"product_brand-goshe","7":"product_cat-zawory-4-drogowe","8":"product_shipping_class-drobnica","10":"first","11":"instock","12":"taxable","13":"shipping-taxable","14":"purchasable","15":"product-type-simple","16":"entry","17":"content-bg","18":"loop-entry"},"taxonomy_info":{"product_brand":[{"value":27,"label":"Goshe"}],"product_cat":[{"value":165,"label":"Zawory 4-drogowe do C.O"}]},"featured_image_src_large":["https:\/\/e-systemygrzewcze.eu\/sklep\/wp-content\/uploads\/2025\/09\/Nowy-projekt-2025-09-19T130738.956.jpg",510,578,false],"author_info":[],"comment_info":"","_links":{"self":[{"href":"https:\/\/e-systemygrzewcze.eu\/sklep\/wp-json\/wp\/v2\/product\/6919","targetHints":{"allow":["GET"]}}],"collection":[{"href":"https:\/\/e-systemygrzewcze.eu\/sklep\/wp-json\/wp\/v2\/product"}],"about":[{"href":"https:\/\/e-systemygrzewcze.eu\/sklep\/wp-json\/wp\/v2\/types\/product"}],"wp:featuredmedia":[{"embeddable":true,"href":"https:\/\/e-systemygrzewcze.eu\/sklep\/wp-json\/wp\/v2\/media\/6929"}],"wp:attachment":[{"href":"https:\/\/e-systemygrzewcze.eu\/sklep\/wp-json\/wp\/v2\/media?parent=6919"}],"wp:term":[{"taxonomy":"product_brand","embeddable":true,"href":"https:\/\/e-systemygrzewcze.eu\/sklep\/wp-json\/wp\/v2\/product_brand?post=6919"},{"taxonomy":"product_cat","embeddable":true,"href":"https:\/\/e-systemygrzewcze.eu\/sklep\/wp-json\/wp\/v2\/product_cat?post=6919"},{"taxonomy":"product_tag","embeddable":true,"href":"https:\/\/e-systemygrzewcze.eu\/sklep\/wp-json\/wp\/v2\/product_tag?post=6919"}],"curies":[{"name":"wp","href":"https:\/\/api.w.org\/{rel}","templated":true}]}}