{"id":6899,"date":"2025-09-19T07:55:19","date_gmt":"2025-09-19T07:55:19","guid":{"rendered":"https:\/\/e-systemygrzewcze.eu\/sklep\/produkt\/esbe-zawor-3-drogowy-termostatyczny-mieszajacy-25-gz-kvs-34-zakres-20-55\/"},"modified":"2026-04-09T08:57:41","modified_gmt":"2026-04-09T08:57:41","slug":"esbe-zawor-3-drogowy-termostatyczny-mieszajacy-25-gz-kvs-34-zakres-20-55","status":"publish","type":"product","link":"https:\/\/e-systemygrzewcze.eu\/sklep\/produkt\/esbe-zawor-3-drogowy-termostatyczny-mieszajacy-25-gz-kvs-34-zakres-20-55\/","title":{"rendered":"ESBE Zaw\u00f3r 3 drogowy termostatyczny mieszaj\u0105cy 25 GZ Kvs-3,4 zakres-20\/55"},"content":{"rendered":"<h3 data-start=\"124\" data-end=\"202\"><strong data-start=\"128\" data-end=\"202\">ESBE Zaw\u00f3r 3-drogowy termostatyczny mieszaj\u0105cy 25 GZ Kvs 3,4 (20\u201355\u00b0C)<\/strong><\/h3>\n<p data-start=\"204\" data-end=\"588\">ESBE DN25 to zaw\u00f3r termostatyczny 3-drogowy, kt\u00f3ry automatycznie miesza temperatur\u0119 czynnika w instalacjach C.O. i C.W.U., zapewniaj\u0105c stabiln\u0105 temperatur\u0119 wyj\u015bciow\u0105 <strong data-start=\"370\" data-end=\"381\">20\u201355\u00b0C<\/strong> bez potrzeby stosowania si\u0142ownika.<br data-start=\"416\" data-end=\"419\" \/>Korpus wykonany z trwa\u0142ego mosi\u0105dzu gwarantuje odporno\u015b\u0107 na wysok\u0105 temperatur\u0119 i korozj\u0119, a kompaktowa konstrukcja u\u0142atwia monta\u017c w standardowych instalacjach. \ud83d\udd25\ud83d\udca7\ud83d\udee0\ufe0f<\/p>\n<hr data-start=\"590\" data-end=\"593\" \/>\n<h3 data-start=\"595\" data-end=\"621\"><strong data-start=\"599\" data-end=\"621\">\ud83d\udcca Dane techniczne<\/strong><\/h3>\n<ul data-start=\"623\" data-end=\"1049\">\n<li data-start=\"623\" data-end=\"643\">\n<p data-start=\"625\" data-end=\"643\">Warto\u015b\u0107 Kvs: 3,4<\/p>\n<\/li>\n<li data-start=\"644\" data-end=\"685\">\n<p data-start=\"646\" data-end=\"685\">Zakres regulacji temperatury: 20\u201355\u00b0C<\/p>\n<\/li>\n<li data-start=\"686\" data-end=\"731\">\n<p data-start=\"688\" data-end=\"731\">\u015arednia temperatura pracy ci\u0105g\u0142ej: 0\u201395\u00b0C<\/p>\n<\/li>\n<li data-start=\"732\" data-end=\"786\">\n<p data-start=\"734\" data-end=\"786\">Maks. ci\u015bnienie r\u00f3\u017cnicowe (pozycja otwarta): 1 bar<\/p>\n<\/li>\n<li data-start=\"787\" data-end=\"827\">\n<p data-start=\"789\" data-end=\"827\">\u015arednica zewn\u0119trzna przy\u0142\u0105czy: 25 mm<\/p>\n<\/li>\n<li data-start=\"828\" data-end=\"857\">\n<p data-start=\"830\" data-end=\"857\">Materia\u0142 obudowy: mosi\u0105dz<\/p>\n<\/li>\n<li data-start=\"858\" data-end=\"890\">\n<p data-start=\"860\" data-end=\"890\">Po\u0142\u0105czenie 1 ze z\u0142\u0105czk\u0105: nie<\/p>\n<\/li>\n<li data-start=\"891\" data-end=\"923\">\n<p data-start=\"893\" data-end=\"923\">Po\u0142\u0105czenie 2 ze z\u0142\u0105czk\u0105: nie<\/p>\n<\/li>\n<li data-start=\"924\" data-end=\"956\">\n<p data-start=\"926\" data-end=\"956\">Po\u0142\u0105czenie 3 ze z\u0142\u0105czk\u0105: nie<\/p>\n<\/li>\n<li data-start=\"957\" data-end=\"987\">\n<p data-start=\"959\" data-end=\"987\">D\u0142ugo\u015b\u0107 przy\u0142\u0105cza 1: 35 mm<\/p>\n<\/li>\n<li data-start=\"988\" data-end=\"1018\">\n<p data-start=\"990\" data-end=\"1018\">D\u0142ugo\u015b\u0107 przy\u0142\u0105cza 2: 42 mm<\/p>\n<\/li>\n<li data-start=\"1019\" data-end=\"1049\">\n<p data-start=\"1021\" data-end=\"1049\">D\u0142ugo\u015b\u0107 przy\u0142\u0105cza 3: 35 mm<\/p>\n<\/li>\n<\/ul>\n","protected":false},"excerpt":{"rendered":"<p><strong>Automatyczny zaw\u00f3r termostatyczny ESBE DN25 3-drogowy zapewnia stabilne mieszanie temperatury w instalacjach C.O. i C.W.U.Trwa\u0142y, odporny na korozj\u0119 i wysok\u0105 temperatur\u0119 dzi\u0119ki mosi\u0119\u017cnemu korpusowi <\/strong><\/p>\n","protected":false},"featured_media":7771,"template":"","meta":{"_kad_blocks_custom_css":"","_kad_blocks_head_custom_js":"","_kad_blocks_body_custom_js":"","_kad_blocks_footer_custom_js":"","_kad_post_transparent":"default","_kad_post_title":"","_kad_post_layout":"default","_kad_post_sidebar_id":"","_kad_post_content_style":"default","_kad_post_vertical_padding":"default","_kad_post_feature":"","_kad_post_feature_position":"","_kad_post_header":false,"_kad_post_footer":false,"_kad_post_classname":""},"product_brand":[426],"product_cat":[164],"product_tag":[],"class_list":{"0":"post-6899","1":"product","2":"type-product","3":"status-publish","4":"has-post-thumbnail","6":"product_brand-esbe","7":"product_cat-zawory-3-drogowe","8":"product_shipping_class-drobnica","10":"first","11":"instock","12":"taxable","13":"shipping-taxable","14":"purchasable","15":"product-type-simple","16":"entry","17":"content-bg","18":"loop-entry"},"taxonomy_info":{"product_brand":[{"value":426,"label":"ESBE"}],"product_cat":[{"value":164,"label":"Zawory 3-drogowe do C.O"}]},"featured_image_src_large":["https:\/\/e-systemygrzewcze.eu\/sklep\/wp-content\/uploads\/2025\/09\/Nowy-projekt-2025-12-08T105917.296.jpg",510,587,false],"author_info":[],"comment_info":"","_links":{"self":[{"href":"https:\/\/e-systemygrzewcze.eu\/sklep\/wp-json\/wp\/v2\/product\/6899","targetHints":{"allow":["GET"]}}],"collection":[{"href":"https:\/\/e-systemygrzewcze.eu\/sklep\/wp-json\/wp\/v2\/product"}],"about":[{"href":"https:\/\/e-systemygrzewcze.eu\/sklep\/wp-json\/wp\/v2\/types\/product"}],"wp:featuredmedia":[{"embeddable":true,"href":"https:\/\/e-systemygrzewcze.eu\/sklep\/wp-json\/wp\/v2\/media\/7771"}],"wp:attachment":[{"href":"https:\/\/e-systemygrzewcze.eu\/sklep\/wp-json\/wp\/v2\/media?parent=6899"}],"wp:term":[{"taxonomy":"product_brand","embeddable":true,"href":"https:\/\/e-systemygrzewcze.eu\/sklep\/wp-json\/wp\/v2\/product_brand?post=6899"},{"taxonomy":"product_cat","embeddable":true,"href":"https:\/\/e-systemygrzewcze.eu\/sklep\/wp-json\/wp\/v2\/product_cat?post=6899"},{"taxonomy":"product_tag","embeddable":true,"href":"https:\/\/e-systemygrzewcze.eu\/sklep\/wp-json\/wp\/v2\/product_tag?post=6899"}],"curies":[{"name":"wp","href":"https:\/\/api.w.org\/{rel}","templated":true}]}}