{"id":6897,"date":"2025-09-19T07:53:33","date_gmt":"2025-09-19T07:53:33","guid":{"rendered":"https:\/\/e-systemygrzewcze.eu\/sklep\/produkt\/esbe-zawor-3-drogowy-termostatyczny-mieszajacy-20-gz-zakres-35-60\/"},"modified":"2026-03-30T10:20:14","modified_gmt":"2026-03-30T10:20:14","slug":"esbe-zawor-3-drogowy-termostatyczny-mieszajacy-20-gz-zakres-35-60","status":"publish","type":"product","link":"https:\/\/e-systemygrzewcze.eu\/sklep\/produkt\/esbe-zawor-3-drogowy-termostatyczny-mieszajacy-20-gz-zakres-35-60\/","title":{"rendered":"ESBE Zaw\u00f3r 3 drogowy termostatyczny mieszaj\u0105cy 20 GZ zakres- 35\/60"},"content":{"rendered":"<h3 data-start=\"118\" data-end=\"188\"><strong data-start=\"122\" data-end=\"188\">ESBE Zaw\u00f3r 3-drogowy termostatyczny mieszaj\u0105cy 20 GZ (35\u201360\u00b0C)<\/strong><\/h3>\n<p data-start=\"190\" data-end=\"527\">ESBE DN15 to termostatyczny zaw\u00f3r 3-drogowy, kt\u00f3ry automatycznie miesza temperatur\u0119 w instalacjach C.W.U. i grzewczych, zapewniaj\u0105c stabilny zakres <strong data-start=\"338\" data-end=\"349\">35\u201360\u00b0C<\/strong> bez potrzeby stosowania si\u0142ownika.<br data-start=\"384\" data-end=\"387\" \/>Wyposa\u017cony w mechanizm blokuj\u0105cy ustawienia i wska\u017anik pozycji, gwarantuje precyzyjn\u0105 regulacj\u0119 i \u0142atw\u0105 kontrol\u0119 pracy instalacji. \ud83d\udd25\ud83d\udca7\ud83d\udee0\ufe0f<\/p>\n<hr data-start=\"529\" data-end=\"532\" \/>\n<h3 data-start=\"534\" data-end=\"560\"><strong data-start=\"538\" data-end=\"560\">\ud83d\udcca Dane techniczne<\/strong><\/h3>\n<ul data-start=\"562\" data-end=\"951\">\n<li data-start=\"562\" data-end=\"603\">\n<p data-start=\"564\" data-end=\"603\">Zakres regulacji temperatury: 35\u201360\u00b0C<\/p>\n<\/li>\n<li data-start=\"604\" data-end=\"658\">\n<p data-start=\"606\" data-end=\"658\">Zakres regulacji temperatury wody gor\u0105cej: 35\u201360\u00b0C<\/p>\n<\/li>\n<li data-start=\"659\" data-end=\"696\">\n<p data-start=\"661\" data-end=\"696\">Maks. temperatura przep\u0142ywu: 95\u00b0C<\/p>\n<\/li>\n<li data-start=\"697\" data-end=\"722\">\n<p data-start=\"699\" data-end=\"722\">Klasa ci\u015bnienia: PN10<\/p>\n<\/li>\n<li data-start=\"723\" data-end=\"751\">\n<p data-start=\"725\" data-end=\"751\">\u015arednica nominalna: DN15<\/p>\n<\/li>\n<li data-start=\"752\" data-end=\"772\">\n<p data-start=\"754\" data-end=\"772\">Warto\u015b\u0107 Kvs: 1,5<\/p>\n<\/li>\n<li data-start=\"773\" data-end=\"796\">\n<p data-start=\"775\" data-end=\"796\">Termostatyczny: tak<\/p>\n<\/li>\n<li data-start=\"797\" data-end=\"824\">\n<p data-start=\"799\" data-end=\"824\">Minimalny przep\u0142yw: tak<\/p>\n<\/li>\n<li data-start=\"825\" data-end=\"858\">\n<p data-start=\"827\" data-end=\"858\">Blokada temperatury 38\u00b0C: nie<\/p>\n<\/li>\n<li data-start=\"859\" data-end=\"891\">\n<p data-start=\"861\" data-end=\"891\">Ogranicznik temperatury: nie<\/p>\n<\/li>\n<li data-start=\"892\" data-end=\"921\">\n<p data-start=\"894\" data-end=\"921\">Funkcja dezynfekcji: brak<\/p>\n<\/li>\n<li data-start=\"922\" data-end=\"951\">\n<p data-start=\"924\" data-end=\"951\">Materia\u0142 korpusu: mosi\u0105dz<\/p>\n<\/li>\n<\/ul>\n<h2 data-start=\"953\" data-end=\"979\"><strong data-start=\"953\" data-end=\"977\">Po\u0142\u0105czenia i monta\u017c:<\/strong><\/h2>\n<ul data-start=\"980\" data-end=\"1177\">\n<li data-start=\"980\" data-end=\"1036\">\n<p data-start=\"982\" data-end=\"1036\">Po\u0142\u0105czenie 1: gwint zewn\u0119trzny gazowy walcowy (BSPP)<\/p>\n<\/li>\n<li data-start=\"1037\" data-end=\"1069\">\n<p data-start=\"1039\" data-end=\"1069\">Po\u0142\u0105czenie 2 ze z\u0142\u0105czk\u0105: nie<\/p>\n<\/li>\n<li data-start=\"1070\" data-end=\"1119\">\n<p data-start=\"1072\" data-end=\"1119\">Z oczkami\/zaczepami do monta\u017cu \u015bciennego: nie<\/p>\n<\/li>\n<li data-start=\"1120\" data-end=\"1138\">\n<p data-start=\"1122\" data-end=\"1138\">Z filtrem: nie<\/p>\n<\/li>\n<li data-start=\"1139\" data-end=\"1158\">\n<p data-start=\"1141\" data-end=\"1158\">Z odp\u0142ywem: nie<\/p>\n<\/li>\n<li data-start=\"1159\" data-end=\"1177\">\n<p data-start=\"1161\" data-end=\"1177\">Z zaworem: nie<\/p>\n<\/li>\n<\/ul>\n<h2 data-start=\"1179\" data-end=\"1193\"><strong data-start=\"1179\" data-end=\"1191\">Wymiary:<\/strong><\/h2>\n<ul data-start=\"1194\" data-end=\"1301\">\n<li data-start=\"1194\" data-end=\"1225\">\n<p data-start=\"1196\" data-end=\"1225\">D\u0142ugo\u015b\u0107 po\u0142\u0105czenia 1: 35 mm<\/p>\n<\/li>\n<li data-start=\"1226\" data-end=\"1257\">\n<p data-start=\"1228\" data-end=\"1257\">D\u0142ugo\u015b\u0107 po\u0142\u0105czenia 2: 42 mm<\/p>\n<\/li>\n<li data-start=\"1258\" data-end=\"1301\">\n<p data-start=\"1260\" data-end=\"1301\">Wysoko\u015b\u0107 uchwytu \/ ko\u0142a r\u0119cznego: 52 mm<\/p>\n<\/li>\n<\/ul>\n<h2 data-start=\"1303\" data-end=\"1331\"><strong data-start=\"1303\" data-end=\"1329\">Wyposa\u017cenie dodatkowe:<\/strong><\/h2>\n<ul data-start=\"1332\" data-end=\"1397\">\n<li data-start=\"1332\" data-end=\"1371\">\n<p data-start=\"1334\" data-end=\"1371\">Mechanizm blokuj\u0105cy ustawienia: tak<\/p>\n<\/li>\n<li data-start=\"1372\" data-end=\"1397\">\n<p data-start=\"1374\" data-end=\"1397\">Wska\u017anik pozycji: tak<\/p>\n<\/li>\n<\/ul>\n","protected":false},"excerpt":{"rendered":"<p><strong>ESBE zaw\u00f3r 3-drogowy termostatyczny mieszaj\u0105cy 20 GZ o zakresie regulacji 35\u201360\u00b0C jest stosowany do utrzymania sta\u0142ej temperatury w instalacjach ciep\u0142ej wody u\u017cytkowej. Gwarantuje bezpieczne i precyzyjne mieszanie wody, chroni\u0105c przed przegrzaniem.<\/strong><\/p>\n","protected":false},"featured_media":6892,"template":"","meta":{"_kad_blocks_custom_css":"","_kad_blocks_head_custom_js":"","_kad_blocks_body_custom_js":"","_kad_blocks_footer_custom_js":"","_kad_post_transparent":"default","_kad_post_title":"","_kad_post_layout":"default","_kad_post_sidebar_id":"","_kad_post_content_style":"default","_kad_post_vertical_padding":"default","_kad_post_feature":"","_kad_post_feature_position":"","_kad_post_header":false,"_kad_post_footer":false,"_kad_post_classname":""},"product_brand":[426],"product_cat":[164],"product_tag":[],"class_list":{"0":"post-6897","1":"product","2":"type-product","3":"status-publish","4":"has-post-thumbnail","6":"product_brand-esbe","7":"product_cat-zawory-3-drogowe","8":"product_shipping_class-drobnica","10":"first","11":"instock","12":"taxable","13":"shipping-taxable","14":"purchasable","15":"product-type-simple","16":"entry","17":"content-bg","18":"loop-entry"},"taxonomy_info":{"product_brand":[{"value":426,"label":"ESBE"}],"product_cat":[{"value":164,"label":"Zawory 3-drogowe do C.O"}]},"featured_image_src_large":["https:\/\/e-systemygrzewcze.eu\/sklep\/wp-content\/uploads\/2025\/09\/Nowy-projekt-2025-09-19T094250.146.jpg",510,578,false],"author_info":[],"comment_info":"","_links":{"self":[{"href":"https:\/\/e-systemygrzewcze.eu\/sklep\/wp-json\/wp\/v2\/product\/6897","targetHints":{"allow":["GET"]}}],"collection":[{"href":"https:\/\/e-systemygrzewcze.eu\/sklep\/wp-json\/wp\/v2\/product"}],"about":[{"href":"https:\/\/e-systemygrzewcze.eu\/sklep\/wp-json\/wp\/v2\/types\/product"}],"wp:featuredmedia":[{"embeddable":true,"href":"https:\/\/e-systemygrzewcze.eu\/sklep\/wp-json\/wp\/v2\/media\/6892"}],"wp:attachment":[{"href":"https:\/\/e-systemygrzewcze.eu\/sklep\/wp-json\/wp\/v2\/media?parent=6897"}],"wp:term":[{"taxonomy":"product_brand","embeddable":true,"href":"https:\/\/e-systemygrzewcze.eu\/sklep\/wp-json\/wp\/v2\/product_brand?post=6897"},{"taxonomy":"product_cat","embeddable":true,"href":"https:\/\/e-systemygrzewcze.eu\/sklep\/wp-json\/wp\/v2\/product_cat?post=6897"},{"taxonomy":"product_tag","embeddable":true,"href":"https:\/\/e-systemygrzewcze.eu\/sklep\/wp-json\/wp\/v2\/product_tag?post=6897"}],"curies":[{"name":"wp","href":"https:\/\/api.w.org\/{rel}","templated":true}]}}