{"id":6893,"date":"2025-09-19T07:44:29","date_gmt":"2025-09-19T07:44:29","guid":{"rendered":"https:\/\/e-systemygrzewcze.eu\/sklep\/produkt\/grand-zawor-mieszajacy-3-drogowy-emix-1-0360325\/"},"modified":"2026-04-09T09:00:38","modified_gmt":"2026-04-09T09:00:38","slug":"grand-zawor-mieszajacy-3-drogowy-emix-1-0360325","status":"publish","type":"product","link":"https:\/\/e-systemygrzewcze.eu\/sklep\/produkt\/grand-zawor-mieszajacy-3-drogowy-emix-1-0360325\/","title":{"rendered":"GRAND Zaw\u00f3r mieszaj\u0105cy 3-drogowy EMIX 1&#8243; 0360.325"},"content":{"rendered":"<h3 data-start=\"118\" data-end=\"177\"><strong data-start=\"122\" data-end=\"177\">GRAND Zaw\u00f3r mieszaj\u0105cy 3-drogowy EMIX 1\u2033 | 0360.325<\/strong><\/h3>\n<p data-start=\"179\" data-end=\"514\">GRAND EMIX 1\u2033 to 3-drogowy zaw\u00f3r mieszaj\u0105cy do instalacji grzewczych, umo\u017cliwiaj\u0105cy precyzyjne mieszanie wody zasilaj\u0105cej i powrotnej w odpowiednich proporcjach.<br data-start=\"340\" data-end=\"343\" \/>Regulacja mo\u017ce odbywa\u0107 si\u0119 r\u0119cznie lub automatycznie przy u\u017cyciu si\u0142ownika, a trwa\u0142a konstrukcja z mosi\u0105dzu CW617N gwarantuje d\u0142ug\u0105 \u017cywotno\u015b\u0107 i niezawodn\u0105 prac\u0119. \ud83d\udd25\ud83d\udca7\ud83d\udee0\ufe0f<\/p>\n<hr data-start=\"516\" data-end=\"519\" \/>\n<h3 data-start=\"521\" data-end=\"547\"><strong data-start=\"525\" data-end=\"547\">\ud83d\udcca Dane techniczne<\/strong><\/h3>\n<ul data-start=\"549\" data-end=\"786\">\n<li data-start=\"549\" data-end=\"575\">\n<p data-start=\"551\" data-end=\"575\">\u015arednica przy\u0142\u0105cza: 1\u2033<\/p>\n<\/li>\n<li data-start=\"576\" data-end=\"604\">\n<p data-start=\"578\" data-end=\"604\">\u015arednica nominalna: DN25<\/p>\n<\/li>\n<li data-start=\"605\" data-end=\"631\">\n<p data-start=\"607\" data-end=\"631\">Korpus: mosi\u0105dz CW617N<\/p>\n<\/li>\n<li data-start=\"632\" data-end=\"660\">\n<p data-start=\"634\" data-end=\"660\">Mieszacz: mosi\u0105dz CW617N<\/p>\n<\/li>\n<li data-start=\"661\" data-end=\"680\">\n<p data-start=\"663\" data-end=\"680\">K\u0105t obrotu: 90\u00b0<\/p>\n<\/li>\n<li data-start=\"681\" data-end=\"706\">\n<p data-start=\"683\" data-end=\"706\">Moment obrotowy: 5 Nm<\/p>\n<\/li>\n<li data-start=\"707\" data-end=\"745\">\n<p data-start=\"709\" data-end=\"745\">Maksymalne ci\u015bnienie pracy: 10 bar<\/p>\n<\/li>\n<li data-start=\"746\" data-end=\"786\">\n<p data-start=\"748\" data-end=\"786\">Medium: woda, roztw\u00f3r glikolu do 50%<\/p>\n<\/li>\n<\/ul>\n","protected":false},"excerpt":{"rendered":"<p><strong>GRAND EMIX 1\u2033 to trwa\u0142y zaw\u00f3r 3-drogowy do precyzyjnego mieszania w instalacjach grzewczych.\u0141atwy w monta\u017cu i obs\u0142udze, r\u0119cznie lub z si\u0142ownikiem, odporny na wod\u0119 i glikol do 50%<\/strong><\/p>\n","protected":false},"featured_media":6895,"template":"","meta":{"_kad_blocks_custom_css":"","_kad_blocks_head_custom_js":"","_kad_blocks_body_custom_js":"","_kad_blocks_footer_custom_js":"","_kad_post_transparent":"default","_kad_post_title":"","_kad_post_layout":"default","_kad_post_sidebar_id":"","_kad_post_content_style":"default","_kad_post_vertical_padding":"default","_kad_post_feature":"","_kad_post_feature_position":"","_kad_post_header":false,"_kad_post_footer":false,"_kad_post_classname":""},"product_brand":[27],"product_cat":[164],"product_tag":[],"class_list":{"0":"post-6893","1":"product","2":"type-product","3":"status-publish","4":"has-post-thumbnail","6":"product_brand-goshe","7":"product_cat-zawory-3-drogowe","8":"product_shipping_class-drobnica","10":"first","11":"instock","12":"taxable","13":"shipping-taxable","14":"purchasable","15":"product-type-simple","16":"entry","17":"content-bg","18":"loop-entry"},"taxonomy_info":{"product_brand":[{"value":27,"label":"Goshe"}],"product_cat":[{"value":164,"label":"Zawory 3-drogowe do C.O"}]},"featured_image_src_large":["https:\/\/e-systemygrzewcze.eu\/sklep\/wp-content\/uploads\/2025\/09\/Nowy-projekt-2025-09-19T094805.398.jpg",510,578,false],"author_info":[],"comment_info":"","_links":{"self":[{"href":"https:\/\/e-systemygrzewcze.eu\/sklep\/wp-json\/wp\/v2\/product\/6893","targetHints":{"allow":["GET"]}}],"collection":[{"href":"https:\/\/e-systemygrzewcze.eu\/sklep\/wp-json\/wp\/v2\/product"}],"about":[{"href":"https:\/\/e-systemygrzewcze.eu\/sklep\/wp-json\/wp\/v2\/types\/product"}],"wp:featuredmedia":[{"embeddable":true,"href":"https:\/\/e-systemygrzewcze.eu\/sklep\/wp-json\/wp\/v2\/media\/6895"}],"wp:attachment":[{"href":"https:\/\/e-systemygrzewcze.eu\/sklep\/wp-json\/wp\/v2\/media?parent=6893"}],"wp:term":[{"taxonomy":"product_brand","embeddable":true,"href":"https:\/\/e-systemygrzewcze.eu\/sklep\/wp-json\/wp\/v2\/product_brand?post=6893"},{"taxonomy":"product_cat","embeddable":true,"href":"https:\/\/e-systemygrzewcze.eu\/sklep\/wp-json\/wp\/v2\/product_cat?post=6893"},{"taxonomy":"product_tag","embeddable":true,"href":"https:\/\/e-systemygrzewcze.eu\/sklep\/wp-json\/wp\/v2\/product_tag?post=6893"}],"curies":[{"name":"wp","href":"https:\/\/api.w.org\/{rel}","templated":true}]}}