{"id":6884,"date":"2025-09-19T07:25:08","date_gmt":"2025-09-19T07:25:08","guid":{"rendered":"https:\/\/e-systemygrzewcze.eu\/sklep\/produkt\/esbe-pakiet-zawor-3-drogowy-przelaczajacy-1-vzd162-silownik-43080401\/"},"modified":"2026-03-30T10:20:29","modified_gmt":"2026-03-30T10:20:29","slug":"esbe-pakiet-zawor-3-drogowy-przelaczajacy-1-vzd162-silownik-43080401","status":"publish","type":"product","link":"https:\/\/e-systemygrzewcze.eu\/sklep\/produkt\/esbe-pakiet-zawor-3-drogowy-przelaczajacy-1-vzd162-silownik-43080401\/","title":{"rendered":"ESBE Pakiet zaw\u00f3r 3 drogowy prze\u0142\u0105czaj\u0105cy 1&#8243; VZD162 + Si\u0142ownik 43080401"},"content":{"rendered":"<h3 data-start=\"110\" data-end=\"190\"><strong data-start=\"114\" data-end=\"190\">ESBE Pakiet: Zaw\u00f3r 3-drogowy prze\u0142\u0105czaj\u0105cy 1\u2033 VZD162 + Si\u0142ownik 43080401<\/strong><\/h3>\n<p data-start=\"192\" data-end=\"543\">Pakiet ESBE VZD162 + si\u0142ownik 43080401 to kompletny zestaw do szybkiego i precyzyjnego prze\u0142\u0105czania przep\u0142ywu medium mi\u0119dzy dwoma obiegami w pompach ciep\u0142a, ogrzewaniu pod\u0142ogowym i systemach HVAC.<br data-start=\"388\" data-end=\"391\" \/>Korpus zaworu wykonany z mosi\u0105dzu DZR zapewnia trwa\u0142o\u015b\u0107 i bezpiecze\u0144stwo, a si\u0142ownik IP40 umo\u017cliwia niezawodn\u0105 automatyzacj\u0119 pracy instalacji. \ud83d\udd25\ud83d\udca7\ud83d\udee0\ufe0f<\/p>\n<hr data-start=\"545\" data-end=\"548\" \/>\n<h3 data-start=\"550\" data-end=\"576\"><strong data-start=\"554\" data-end=\"576\">\ud83d\udcca Dane techniczne<\/strong><\/h3>\n<ul data-start=\"622\" data-end=\"1040\">\n<li data-start=\"622\" data-end=\"646\">\n<p data-start=\"624\" data-end=\"646\">Klasa ci\u015bnienia: PN6<\/p>\n<\/li>\n<li data-start=\"647\" data-end=\"708\">\n<p data-start=\"649\" data-end=\"708\">Maks. spadek ci\u015bnienia r\u00f3\u017cnicowego \u2013 rozdzielanie: 80 kPa<\/p>\n<\/li>\n<li data-start=\"709\" data-end=\"767\">\n<p data-start=\"711\" data-end=\"767\">Maks. spadek ci\u015bnienia r\u00f3\u017cnicowego \u2013 mieszanie: 50 kPa<\/p>\n<\/li>\n<li data-start=\"768\" data-end=\"784\">\n<p data-start=\"770\" data-end=\"784\">Przeciek: 0%<\/p>\n<\/li>\n<li data-start=\"785\" data-end=\"817\">\n<p data-start=\"787\" data-end=\"817\">Zasilanie: 230 V \u00b110%, 50 Hz<\/p>\n<\/li>\n<li data-start=\"818\" data-end=\"839\">\n<p data-start=\"820\" data-end=\"839\">Pob\u00f3r mocy: 15 VA<\/p>\n<\/li>\n<li data-start=\"840\" data-end=\"879\">\n<p data-start=\"842\" data-end=\"879\">Pob\u00f3r mocy w trybie ja\u0142owym: 0,9 VA<\/p>\n<\/li>\n<li data-start=\"880\" data-end=\"917\">\n<p data-start=\"882\" data-end=\"917\">Sygna\u0142 steruj\u0105cy: 2-punktowy SPST<\/p>\n<\/li>\n<li data-start=\"918\" data-end=\"945\">\n<p data-start=\"920\" data-end=\"945\">Czas przestawienia: 3 s<\/p>\n<\/li>\n<li data-start=\"946\" data-end=\"973\">\n<p data-start=\"948\" data-end=\"973\">D\u0142ugo\u015b\u0107 przewodu: 1,6 m<\/p>\n<\/li>\n<li data-start=\"974\" data-end=\"996\">\n<p data-start=\"976\" data-end=\"996\">Klasa ochronna: II<\/p>\n<\/li>\n<li data-start=\"997\" data-end=\"1040\">\n<p data-start=\"999\" data-end=\"1040\">Stopie\u0144 ochrony: VZC \u2013 IP20, VZD \u2013 IP40<\/p>\n<\/li>\n<\/ul>\n<h2 data-start=\"1042\" data-end=\"1066\"><strong data-start=\"1042\" data-end=\"1064\">Zakres temperatur:<\/strong><\/h2>\n<ul data-start=\"1067\" data-end=\"1232\">\n<li data-start=\"1067\" data-end=\"1108\">\n<p data-start=\"1069\" data-end=\"1108\">Temperatura medium (ci\u0105g\u0142a): do +95\u00b0C<\/p>\n<\/li>\n<li data-start=\"1109\" data-end=\"1153\">\n<p data-start=\"1111\" data-end=\"1153\">Temperatura medium (chwilowa): do +110\u00b0C<\/p>\n<\/li>\n<li data-start=\"1154\" data-end=\"1192\">\n<p data-start=\"1156\" data-end=\"1192\">Temperatura medium minimalna: +5\u00b0C<\/p>\n<\/li>\n<li data-start=\"1193\" data-end=\"1232\">\n<p data-start=\"1195\" data-end=\"1232\">Temperatura otoczenia: 0\u00b0C do +60\u00b0C<\/p>\n<\/li>\n<\/ul>\n<h2 data-start=\"1234\" data-end=\"1258\"><strong data-start=\"1234\" data-end=\"1256\">Obs\u0142ugiwane media:<\/strong><\/h2>\n<ul data-start=\"1259\" data-end=\"1374\">\n<li data-start=\"1259\" data-end=\"1296\">\n<p data-start=\"1261\" data-end=\"1296\">Woda grzewcza (zgodna z VDI 2035)<\/p>\n<\/li>\n<li data-start=\"1297\" data-end=\"1335\">\n<p data-start=\"1299\" data-end=\"1335\">Mieszaniny wodno-glikolowe: do 50%<\/p>\n<\/li>\n<li data-start=\"1336\" data-end=\"1374\">\n<p data-start=\"1338\" data-end=\"1374\">Mieszaniny wodno-etanolowe: do 28%<\/p>\n<\/li>\n<\/ul>\n","protected":false},"excerpt":{"rendered":"<p><strong>Kompletny pakiet ESBE VZD162 + si\u0142ownik 43080401 umo\u017cliwia szybkie i precyzyjne prze\u0142\u0105czanie przep\u0142ywu mi\u0119dzy dwoma obiegami.Trwa\u0142y zaw\u00f3r z mosi\u0105dzu DZR i niezawodny si\u0142ownik IP40 zapewniaj\u0105 komfortow\u0105 i automatyczn\u0105 obs\u0142ug\u0119 system\u00f3w HVAC i ogrzewania pod\u0142ogoweg<\/strong><\/p>\n","protected":false},"featured_media":6890,"template":"","meta":{"_kad_blocks_custom_css":"","_kad_blocks_head_custom_js":"","_kad_blocks_body_custom_js":"","_kad_blocks_footer_custom_js":"","_kad_post_transparent":"default","_kad_post_title":"","_kad_post_layout":"default","_kad_post_sidebar_id":"","_kad_post_content_style":"default","_kad_post_vertical_padding":"default","_kad_post_feature":"","_kad_post_feature_position":"","_kad_post_header":false,"_kad_post_footer":false,"_kad_post_classname":""},"product_brand":[426],"product_cat":[164],"product_tag":[],"class_list":{"0":"post-6884","1":"product","2":"type-product","3":"status-publish","4":"has-post-thumbnail","6":"product_brand-esbe","7":"product_cat-zawory-3-drogowe","8":"product_shipping_class-drobnica","10":"first","11":"instock","12":"taxable","13":"shipping-taxable","14":"purchasable","15":"product-type-simple","16":"entry","17":"content-bg","18":"loop-entry"},"taxonomy_info":{"product_brand":[{"value":426,"label":"ESBE"}],"product_cat":[{"value":164,"label":"Zawory 3-drogowe do C.O"}]},"featured_image_src_large":["https:\/\/e-systemygrzewcze.eu\/sklep\/wp-content\/uploads\/2025\/09\/Nowy-projekt-2025-09-19T093646.889.jpg",510,578,false],"author_info":[],"comment_info":"","_links":{"self":[{"href":"https:\/\/e-systemygrzewcze.eu\/sklep\/wp-json\/wp\/v2\/product\/6884","targetHints":{"allow":["GET"]}}],"collection":[{"href":"https:\/\/e-systemygrzewcze.eu\/sklep\/wp-json\/wp\/v2\/product"}],"about":[{"href":"https:\/\/e-systemygrzewcze.eu\/sklep\/wp-json\/wp\/v2\/types\/product"}],"wp:featuredmedia":[{"embeddable":true,"href":"https:\/\/e-systemygrzewcze.eu\/sklep\/wp-json\/wp\/v2\/media\/6890"}],"wp:attachment":[{"href":"https:\/\/e-systemygrzewcze.eu\/sklep\/wp-json\/wp\/v2\/media?parent=6884"}],"wp:term":[{"taxonomy":"product_brand","embeddable":true,"href":"https:\/\/e-systemygrzewcze.eu\/sklep\/wp-json\/wp\/v2\/product_brand?post=6884"},{"taxonomy":"product_cat","embeddable":true,"href":"https:\/\/e-systemygrzewcze.eu\/sklep\/wp-json\/wp\/v2\/product_cat?post=6884"},{"taxonomy":"product_tag","embeddable":true,"href":"https:\/\/e-systemygrzewcze.eu\/sklep\/wp-json\/wp\/v2\/product_tag?post=6884"}],"curies":[{"name":"wp","href":"https:\/\/api.w.org\/{rel}","templated":true}]}}