{"id":6766,"date":"2025-09-17T14:55:38","date_gmt":"2025-09-17T14:55:38","guid":{"rendered":"https:\/\/e-systemygrzewcze.eu\/sklep\/produkt\/gaz-kolumna-przylacza-32x1-gz-150cm\/"},"modified":"2026-03-21T09:52:34","modified_gmt":"2026-03-21T09:52:34","slug":"gaz-kolumna-przylacza-32x1-gz-150cm","status":"publish","type":"product","link":"https:\/\/e-systemygrzewcze.eu\/sklep\/produkt\/gaz-kolumna-przylacza-32x1-gz-150cm\/","title":{"rendered":"Gaz kolumna przy\u0142\u0105cza 32&#215;1&#8243; Gz 150cm"},"content":{"rendered":"","protected":false},"excerpt":{"rendered":"<p><strong>Kolumna przy\u0142\u0105cza gazowego 32 mm x 1&#8243; GZ \u2013 150 cm<\/strong><br data-start=\"102\" data-end=\"105\" \/><strong>Trwa\u0142a kolumna przy\u0142\u0105czeniowa z przej\u015bciem PE\u2013STAL w aluminiowej os\u0142onie. Umo\u017cliwia szybkie i bezpieczne pod\u0142\u0105czenie instalacji gazowej, chroni\u0105c przed uszkodzeniami mechanicznymi, promieniowaniem UV i wysok\u0105 temperatur\u0105.<\/strong><\/p>\n","protected":false},"featured_media":6758,"template":"","meta":{"_kad_blocks_custom_css":"","_kad_blocks_head_custom_js":"","_kad_blocks_body_custom_js":"","_kad_blocks_footer_custom_js":"","_kad_post_transparent":"default","_kad_post_title":"","_kad_post_layout":"default","_kad_post_sidebar_id":"","_kad_post_content_style":"default","_kad_post_vertical_padding":"default","_kad_post_feature":"","_kad_post_feature_position":"","_kad_post_header":false,"_kad_post_footer":false,"_kad_post_classname":""},"product_brand":[],"product_cat":[383],"product_tag":[],"class_list":{"0":"post-6766","1":"product","2":"type-product","3":"status-publish","4":"has-post-thumbnail","6":"product_cat-przylacza-gazowe","7":"product_shipping_class-dluzyca_standard","9":"first","10":"instock","11":"taxable","12":"shipping-taxable","13":"purchasable","14":"product-type-simple","15":"entry","16":"content-bg","17":"loop-entry"},"taxonomy_info":{"product_cat":[{"value":383,"label":"Przy\u0142\u0105cza gazowe"}]},"featured_image_src_large":["https:\/\/e-systemygrzewcze.eu\/sklep\/wp-content\/uploads\/2025\/09\/Nowy-projekt-2025-09-17T162302.167.jpg",510,587,false],"author_info":[],"comment_info":"","_links":{"self":[{"href":"https:\/\/e-systemygrzewcze.eu\/sklep\/wp-json\/wp\/v2\/product\/6766","targetHints":{"allow":["GET"]}}],"collection":[{"href":"https:\/\/e-systemygrzewcze.eu\/sklep\/wp-json\/wp\/v2\/product"}],"about":[{"href":"https:\/\/e-systemygrzewcze.eu\/sklep\/wp-json\/wp\/v2\/types\/product"}],"wp:featuredmedia":[{"embeddable":true,"href":"https:\/\/e-systemygrzewcze.eu\/sklep\/wp-json\/wp\/v2\/media\/6758"}],"wp:attachment":[{"href":"https:\/\/e-systemygrzewcze.eu\/sklep\/wp-json\/wp\/v2\/media?parent=6766"}],"wp:term":[{"taxonomy":"product_brand","embeddable":true,"href":"https:\/\/e-systemygrzewcze.eu\/sklep\/wp-json\/wp\/v2\/product_brand?post=6766"},{"taxonomy":"product_cat","embeddable":true,"href":"https:\/\/e-systemygrzewcze.eu\/sklep\/wp-json\/wp\/v2\/product_cat?post=6766"},{"taxonomy":"product_tag","embeddable":true,"href":"https:\/\/e-systemygrzewcze.eu\/sklep\/wp-json\/wp\/v2\/product_tag?post=6766"}],"curies":[{"name":"wp","href":"https:\/\/api.w.org\/{rel}","templated":true}]}}