{"id":6729,"date":"2025-09-17T12:36:10","date_gmt":"2025-09-17T12:36:10","guid":{"rendered":"https:\/\/e-systemygrzewcze.eu\/sklep\/produkt\/wezyk-w-oplocie-gw-gz-15x15-l-40cm\/"},"modified":"2026-03-30T10:28:21","modified_gmt":"2026-03-30T10:28:21","slug":"wezyk-w-oplocie-gw-gz-15x15-l-40cm","status":"publish","type":"product","link":"https:\/\/e-systemygrzewcze.eu\/sklep\/produkt\/wezyk-w-oplocie-gw-gz-15x15-l-40cm\/","title":{"rendered":"W\u0119\u017cyk w oplocie GW\/GZ 15&#215;15 L-40cm"},"content":{"rendered":"","protected":false},"excerpt":{"rendered":"<p><strong>Elastyczny w\u0119\u017cyk w oplocie stalowym z przy\u0142\u0105czem GW\/GZ zapewnia szczelne i bezpieczne po\u0142\u0105czenie instalacji wodnych. Trwa\u0142y i odporny na korozj\u0119, gwarantuje d\u0142ugotrwa\u0142e u\u017cytkowanie.<\/strong><\/p>\n","protected":false},"featured_media":6732,"template":"","meta":{"_kad_blocks_custom_css":"","_kad_blocks_head_custom_js":"","_kad_blocks_body_custom_js":"","_kad_blocks_footer_custom_js":"","_kad_post_transparent":"default","_kad_post_title":"","_kad_post_layout":"default","_kad_post_sidebar_id":"","_kad_post_content_style":"default","_kad_post_vertical_padding":"default","_kad_post_feature":"","_kad_post_feature_position":"","_kad_post_header":false,"_kad_post_footer":false,"_kad_post_classname":""},"product_brand":[27],"product_cat":[337],"product_tag":[],"class_list":{"0":"post-6729","1":"product","2":"type-product","3":"status-publish","4":"has-post-thumbnail","6":"product_brand-goshe","7":"product_cat-wezyki-w-oplocie","8":"product_shipping_class-drobnica","10":"first","11":"instock","12":"taxable","13":"shipping-taxable","14":"purchasable","15":"product-type-simple","16":"entry","17":"content-bg","18":"loop-entry"},"taxonomy_info":{"product_brand":[{"value":27,"label":"Goshe"}],"product_cat":[{"value":337,"label":"W\u0119\u017cyki w oplocie"}]},"featured_image_src_large":["https:\/\/e-systemygrzewcze.eu\/sklep\/wp-content\/uploads\/2025\/09\/Nowy-projekt-2025-09-17T144121.626.jpg",510,578,false],"author_info":[],"comment_info":"","_links":{"self":[{"href":"https:\/\/e-systemygrzewcze.eu\/sklep\/wp-json\/wp\/v2\/product\/6729","targetHints":{"allow":["GET"]}}],"collection":[{"href":"https:\/\/e-systemygrzewcze.eu\/sklep\/wp-json\/wp\/v2\/product"}],"about":[{"href":"https:\/\/e-systemygrzewcze.eu\/sklep\/wp-json\/wp\/v2\/types\/product"}],"wp:featuredmedia":[{"embeddable":true,"href":"https:\/\/e-systemygrzewcze.eu\/sklep\/wp-json\/wp\/v2\/media\/6732"}],"wp:attachment":[{"href":"https:\/\/e-systemygrzewcze.eu\/sklep\/wp-json\/wp\/v2\/media?parent=6729"}],"wp:term":[{"taxonomy":"product_brand","embeddable":true,"href":"https:\/\/e-systemygrzewcze.eu\/sklep\/wp-json\/wp\/v2\/product_brand?post=6729"},{"taxonomy":"product_cat","embeddable":true,"href":"https:\/\/e-systemygrzewcze.eu\/sklep\/wp-json\/wp\/v2\/product_cat?post=6729"},{"taxonomy":"product_tag","embeddable":true,"href":"https:\/\/e-systemygrzewcze.eu\/sklep\/wp-json\/wp\/v2\/product_tag?post=6729"}],"curies":[{"name":"wp","href":"https:\/\/api.w.org\/{rel}","templated":true}]}}