{"id":6675,"date":"2025-09-17T05:46:46","date_gmt":"2025-09-17T05:46:46","guid":{"rendered":"https:\/\/e-systemygrzewcze.eu\/sklep\/produkt\/ferro-termometr-1-2-tarczowy-65cm\/"},"modified":"2026-04-09T09:48:10","modified_gmt":"2026-04-09T09:48:10","slug":"ferro-termometr-1-2-tarczowy-65cm","status":"publish","type":"product","link":"https:\/\/e-systemygrzewcze.eu\/sklep\/produkt\/ferro-termometr-1-2-tarczowy-65cm\/","title":{"rendered":"FERRO Termometr 1\/2&#8243; Tarczowy 6,5cm"},"content":{"rendered":"","protected":false},"excerpt":{"rendered":"<p><strong>Solidny termometr tarczowy z tarcz\u0105 \u00d8 63 mm i gwintem 1\/2\u2033, z zakresem 0-120 \u00b0C. Wyposa\u017cony w obudow\u0119 ze stali ocynkowanej, tarcz\u0119 z lakierowanego aluminium i mechanizm bimetaliczny \u2014 trwa\u0142y i czytelny do zastosowa\u0144 grzewczych.<\/strong><\/p>\n","protected":false},"featured_media":6689,"template":"","meta":{"_kad_blocks_custom_css":"","_kad_blocks_head_custom_js":"","_kad_blocks_body_custom_js":"","_kad_blocks_footer_custom_js":"","_kad_post_transparent":"default","_kad_post_title":"","_kad_post_layout":"default","_kad_post_sidebar_id":"","_kad_post_content_style":"default","_kad_post_vertical_padding":"default","_kad_post_feature":"","_kad_post_feature_position":"","_kad_post_header":false,"_kad_post_footer":false,"_kad_post_classname":""},"product_brand":[425],"product_cat":[361],"product_tag":[],"class_list":{"0":"post-6675","1":"product","2":"type-product","3":"status-publish","4":"has-post-thumbnail","6":"product_brand-ferro","7":"product_cat-termometry","8":"product_shipping_class-drobnica","10":"first","11":"instock","12":"taxable","13":"shipping-taxable","14":"purchasable","15":"product-type-simple","16":"entry","17":"content-bg","18":"loop-entry"},"taxonomy_info":{"product_brand":[{"value":425,"label":"Ferro"}],"product_cat":[{"value":361,"label":"Termometry"}]},"featured_image_src_large":["https:\/\/e-systemygrzewcze.eu\/sklep\/wp-content\/uploads\/2025\/09\/Nowy-projekt-2025-09-17T113535.454.jpg",510,578,false],"author_info":[],"comment_info":"","_links":{"self":[{"href":"https:\/\/e-systemygrzewcze.eu\/sklep\/wp-json\/wp\/v2\/product\/6675","targetHints":{"allow":["GET"]}}],"collection":[{"href":"https:\/\/e-systemygrzewcze.eu\/sklep\/wp-json\/wp\/v2\/product"}],"about":[{"href":"https:\/\/e-systemygrzewcze.eu\/sklep\/wp-json\/wp\/v2\/types\/product"}],"wp:featuredmedia":[{"embeddable":true,"href":"https:\/\/e-systemygrzewcze.eu\/sklep\/wp-json\/wp\/v2\/media\/6689"}],"wp:attachment":[{"href":"https:\/\/e-systemygrzewcze.eu\/sklep\/wp-json\/wp\/v2\/media?parent=6675"}],"wp:term":[{"taxonomy":"product_brand","embeddable":true,"href":"https:\/\/e-systemygrzewcze.eu\/sklep\/wp-json\/wp\/v2\/product_brand?post=6675"},{"taxonomy":"product_cat","embeddable":true,"href":"https:\/\/e-systemygrzewcze.eu\/sklep\/wp-json\/wp\/v2\/product_cat?post=6675"},{"taxonomy":"product_tag","embeddable":true,"href":"https:\/\/e-systemygrzewcze.eu\/sklep\/wp-json\/wp\/v2\/product_tag?post=6675"}],"curies":[{"name":"wp","href":"https:\/\/api.w.org\/{rel}","templated":true}]}}