{"id":6635,"date":"2025-09-16T06:00:53","date_gmt":"2025-09-16T06:00:53","guid":{"rendered":"https:\/\/e-systemygrzewcze.eu\/sklep\/produkt\/wita-pompa-obiegowa-delta-maxi-80-32-180\/"},"modified":"2026-03-30T10:28:25","modified_gmt":"2026-03-30T10:28:25","slug":"wita-pompa-obiegowa-delta-maxi-80-32-180","status":"publish","type":"product","link":"https:\/\/e-systemygrzewcze.eu\/sklep\/produkt\/wita-pompa-obiegowa-delta-maxi-80-32-180\/","title":{"rendered":"WITA Pompa obiegowa DELTA MAXI 80-32 180"},"content":{"rendered":"<h2 data-start=\"127\" data-end=\"196\">\u2705 <strong data-start=\"132\" data-end=\"196\">WITA Pompa obiegowa DELTA MAXI 80-32 180 <\/strong><\/h2>\n<h2 data-start=\"127\" data-end=\"196\"><strong data-start=\"132\" data-end=\"196\">Informacje og\u00f3lne<\/strong><\/h2>\n<p data-start=\"198\" data-end=\"349\">Wszystkie produkty z serii pomp obiegowych WITA charakteryzuj\u0105 si\u0119 nowoczesn\u0105 technologi\u0105, bardzo wysok\u0105 jako\u015bci\u0105 wykonania oraz du\u017c\u0105 niezawodno\u015bci\u0105.<\/p>\n<p data-start=\"351\" data-end=\"382\">Pompy WITA\u00ae produkowane s\u0105 z:<\/p>\n<ul data-start=\"383\" data-end=\"467\">\n<li data-start=\"383\" data-end=\"434\">\n<p data-start=\"385\" data-end=\"434\"><strong data-start=\"385\" data-end=\"431\">odlewu armaturowego powlekanego kataforez\u0105<\/strong>,<\/p>\n<\/li>\n<li data-start=\"435\" data-end=\"467\">\n<p data-start=\"437\" data-end=\"467\"><strong data-start=\"437\" data-end=\"464\">stali chromowo-niklowej<\/strong>.<\/p>\n<\/li>\n<\/ul>\n<p data-start=\"469\" data-end=\"558\">Materia\u0142y te gwarantuj\u0105 <strong data-start=\"493\" data-end=\"555\">wysok\u0105 odporno\u015b\u0107, trwa\u0142o\u015b\u0107 oraz wszechstronno\u015b\u0107 zastosowa\u0144<\/strong>.<\/p>\n<p data-start=\"560\" data-end=\"605\">Ka\u017cda pompa dostarczana jest w komplecie z:<\/p>\n<ul data-start=\"606\" data-end=\"737\">\n<li data-start=\"606\" data-end=\"641\">\n<p data-start=\"608\" data-end=\"641\"><strong data-start=\"608\" data-end=\"638\">p\u0142aszczem termoizolacyjnym<\/strong>,<\/p>\n<\/li>\n<li data-start=\"642\" data-end=\"662\">\n<p data-start=\"644\" data-end=\"662\"><strong data-start=\"644\" data-end=\"659\">uszczelkami<\/strong>,<\/p>\n<\/li>\n<li data-start=\"663\" data-end=\"682\">\n<p data-start=\"665\" data-end=\"682\"><strong data-start=\"665\" data-end=\"679\">za\u015blepkami<\/strong>,<\/p>\n<\/li>\n<li data-start=\"683\" data-end=\"737\">\n<p data-start=\"685\" data-end=\"737\"><strong data-start=\"685\" data-end=\"734\">fabrycznie zamontowanym przewodem zasilaj\u0105cym<\/strong>.<\/p>\n<\/li>\n<\/ul>\n<hr data-start=\"739\" data-end=\"742\" \/>\n<h2 data-start=\"744\" data-end=\"772\">\u2705 <strong data-start=\"749\" data-end=\"772\">Oszcz\u0119dno\u015b\u0107 energii<\/strong><\/h2>\n<p data-start=\"774\" data-end=\"886\">W przeci\u0119tnym gospodarstwie domowym <strong data-start=\"810\" data-end=\"847\">od 10 do 15% energii elektrycznej<\/strong> zu\u017cywaj\u0105 standardowe pompy obiegowe.<\/p>\n<p data-start=\"888\" data-end=\"1071\">Dzi\u0119ki zastosowaniu <strong data-start=\"908\" data-end=\"932\">wydajnych pomp WITA\u00ae<\/strong>, zu\u017cycie energii w por\u00f3wnaniu do tradycyjnych pomp mo\u017ce spa\u015b\u0107 <strong data-start=\"995\" data-end=\"1016\">nawet o oko\u0142o 80%<\/strong>, przy zachowaniu <strong data-start=\"1034\" data-end=\"1070\">por\u00f3wnywalnej mocy hydraulicznej<\/strong>.<\/p>\n<hr data-start=\"1073\" data-end=\"1076\" \/>\n<h2 data-start=\"1078\" data-end=\"1121\">\u2705 <strong data-start=\"1083\" data-end=\"1121\">Cechy szczeg\u00f3lne i zalety produktu<\/strong><\/h2>\n<ul data-start=\"1123\" data-end=\"1612\">\n<li data-start=\"1123\" data-end=\"1202\">\n<p data-start=\"1125\" data-end=\"1202\">Najwy\u017csza wydajno\u015b\u0107 dzi\u0119ki <strong data-start=\"1152\" data-end=\"1200\">technologii silnik\u00f3w EC z magnesami trwa\u0142ymi<\/strong><\/p>\n<\/li>\n<li data-start=\"1203\" data-end=\"1241\">\n<p data-start=\"1205\" data-end=\"1241\"><strong data-start=\"1205\" data-end=\"1239\">Minimalna moc wej\u015bciowa od 3 W<\/strong><\/p>\n<\/li>\n<li data-start=\"1242\" data-end=\"1305\">\n<p data-start=\"1244\" data-end=\"1305\"><strong data-start=\"1244\" data-end=\"1273\">Sterowanie typu One Touch<\/strong> \u2013 intuicyjna nawigacja w menu<\/p>\n<\/li>\n<li data-start=\"1306\" data-end=\"1414\">\n<p data-start=\"1308\" data-end=\"1354\"><strong data-start=\"1308\" data-end=\"1351\">Wst\u0119pnie zaprogramowane tryby regulacji<\/strong>:<\/p>\n<ul data-start=\"1357\" data-end=\"1414\">\n<li data-start=\"1357\" data-end=\"1384\">\n<p data-start=\"1359\" data-end=\"1384\">sta\u0142a pr\u0119dko\u015b\u0107 obrotowa<\/p>\n<\/li>\n<li data-start=\"1387\" data-end=\"1414\">\n<p data-start=\"1389\" data-end=\"1414\">zmienna r\u00f3\u017cnica ci\u015bnie\u0144<\/p>\n<\/li>\n<\/ul>\n<\/li>\n<li data-start=\"1415\" data-end=\"1455\">\n<p data-start=\"1417\" data-end=\"1455\"><strong data-start=\"1417\" data-end=\"1453\">Funkcja zapobiegaj\u0105ca blokowaniu<\/strong><\/p>\n<\/li>\n<li data-start=\"1456\" data-end=\"1492\">\n<p data-start=\"1458\" data-end=\"1492\"><strong data-start=\"1458\" data-end=\"1490\">Zintegrowana ochrona silnika<\/strong><\/p>\n<\/li>\n<li data-start=\"1493\" data-end=\"1537\">\n<p data-start=\"1495\" data-end=\"1537\"><strong data-start=\"1495\" data-end=\"1535\">Wysokie bezpiecze\u0144stwo przy rozruchu<\/strong><\/p>\n<\/li>\n<li data-start=\"1538\" data-end=\"1612\">\n<p data-start=\"1540\" data-end=\"1612\"><strong data-start=\"1540\" data-end=\"1570\">Prosty i szybki monta\u017c rur<\/strong> dzi\u0119ki praktycznemu uchwytowi pod klucz<\/p>\n<\/li>\n<\/ul>\n","protected":false},"excerpt":{"rendered":"<p><strong>Pompa obiegowa WITA DELTA MAXI 80-32 180 to energooszcz\u0119dne urz\u0105dzenie przeznaczone do instalacji centralnego ogrzewania, charakteryzuj\u0105ce si\u0119 wysok\u0105 efektywno\u015bci\u0105 energetyczn\u0105 i niezawodno\u015bci\u0105.<\/strong><\/p>\n","protected":false},"featured_media":6648,"template":"","meta":{"_kad_blocks_custom_css":"","_kad_blocks_head_custom_js":"","_kad_blocks_body_custom_js":"","_kad_blocks_footer_custom_js":"","_kad_post_transparent":"default","_kad_post_title":"","_kad_post_layout":"default","_kad_post_sidebar_id":"","_kad_post_content_style":"default","_kad_post_vertical_padding":"default","_kad_post_feature":"","_kad_post_feature_position":"","_kad_post_header":false,"_kad_post_footer":false,"_kad_post_classname":""},"product_brand":[26],"product_cat":[185],"product_tag":[],"class_list":{"0":"post-6635","1":"product","2":"type-product","3":"status-publish","4":"has-post-thumbnail","6":"product_brand-wita","7":"product_cat-obiegowe","8":"product_shipping_class-drobnica","10":"first","11":"instock","12":"taxable","13":"shipping-taxable","14":"purchasable","15":"product-type-simple","16":"entry","17":"content-bg","18":"loop-entry"},"taxonomy_info":{"product_brand":[{"value":26,"label":"WITA"}],"product_cat":[{"value":185,"label":"Pompy obiegowe"}]},"featured_image_src_large":["https:\/\/e-systemygrzewcze.eu\/sklep\/wp-content\/uploads\/2025\/09\/Nowy-projekt-2025-09-16T134020.253.jpg",510,578,false],"author_info":[],"comment_info":"","_links":{"self":[{"href":"https:\/\/e-systemygrzewcze.eu\/sklep\/wp-json\/wp\/v2\/product\/6635","targetHints":{"allow":["GET"]}}],"collection":[{"href":"https:\/\/e-systemygrzewcze.eu\/sklep\/wp-json\/wp\/v2\/product"}],"about":[{"href":"https:\/\/e-systemygrzewcze.eu\/sklep\/wp-json\/wp\/v2\/types\/product"}],"wp:featuredmedia":[{"embeddable":true,"href":"https:\/\/e-systemygrzewcze.eu\/sklep\/wp-json\/wp\/v2\/media\/6648"}],"wp:attachment":[{"href":"https:\/\/e-systemygrzewcze.eu\/sklep\/wp-json\/wp\/v2\/media?parent=6635"}],"wp:term":[{"taxonomy":"product_brand","embeddable":true,"href":"https:\/\/e-systemygrzewcze.eu\/sklep\/wp-json\/wp\/v2\/product_brand?post=6635"},{"taxonomy":"product_cat","embeddable":true,"href":"https:\/\/e-systemygrzewcze.eu\/sklep\/wp-json\/wp\/v2\/product_cat?post=6635"},{"taxonomy":"product_tag","embeddable":true,"href":"https:\/\/e-systemygrzewcze.eu\/sklep\/wp-json\/wp\/v2\/product_tag?post=6635"}],"curies":[{"name":"wp","href":"https:\/\/api.w.org\/{rel}","templated":true}]}}