{"id":6634,"date":"2025-09-16T06:00:39","date_gmt":"2025-09-16T06:00:39","guid":{"rendered":"https:\/\/e-systemygrzewcze.eu\/sklep\/produkt\/wita-pompa-obiegowa-delta-maxi-80-25-180\/"},"modified":"2026-03-30T10:28:25","modified_gmt":"2026-03-30T10:28:25","slug":"wita-pompa-obiegowa-delta-maxi-80-25-180","status":"publish","type":"product","link":"https:\/\/e-systemygrzewcze.eu\/sklep\/produkt\/wita-pompa-obiegowa-delta-maxi-80-25-180\/","title":{"rendered":"WITA Pompa obiegowa DELTA MAXI 80-25 180"},"content":{"rendered":"<h2 data-start=\"136\" data-end=\"205\">\u2705 <strong data-start=\"141\" data-end=\"205\">WITA Pompa obiegowa DELTA MAXI 80-25 180 <\/strong><\/h2>\n<h2 data-start=\"136\" data-end=\"205\"><strong data-start=\"141\" data-end=\"205\">Informacje og\u00f3lne<\/strong><\/h2>\n<p data-start=\"207\" data-end=\"351\">Wszystkie produkty z serii pomp obiegowych WITA charakteryzuj\u0105 si\u0119 nowoczesn\u0105 technologi\u0105, wysok\u0105 jako\u015bci\u0105 wykonania oraz du\u017c\u0105 niezawodno\u015bci\u0105.<\/p>\n<p data-start=\"353\" data-end=\"384\">Pompy WITA\u00ae produkowane s\u0105 z:<\/p>\n<ul data-start=\"385\" data-end=\"476\">\n<li data-start=\"385\" data-end=\"443\">\n<p data-start=\"387\" data-end=\"443\"><strong data-start=\"387\" data-end=\"440\">odlewu armaturowego powlekanego metod\u0105 kataforezy<\/strong>,<\/p>\n<\/li>\n<li data-start=\"444\" data-end=\"476\">\n<p data-start=\"446\" data-end=\"476\"><strong data-start=\"446\" data-end=\"473\">stali chromowo-niklowej<\/strong>.<\/p>\n<\/li>\n<\/ul>\n<p data-start=\"478\" data-end=\"592\">Zastosowanie tych materia\u0142\u00f3w zapewnia <strong data-start=\"516\" data-end=\"589\">wysok\u0105 odporno\u015b\u0107 na korozj\u0119, trwa\u0142o\u015b\u0107 oraz wszechstronno\u015b\u0107 zastosowa\u0144<\/strong>.<\/p>\n<p data-start=\"594\" data-end=\"639\">Ka\u017cda pompa dostarczana jest w komplecie z:<\/p>\n<ul data-start=\"640\" data-end=\"771\">\n<li data-start=\"640\" data-end=\"675\">\n<p data-start=\"642\" data-end=\"675\"><strong data-start=\"642\" data-end=\"672\">p\u0142aszczem termoizolacyjnym<\/strong>,<\/p>\n<\/li>\n<li data-start=\"676\" data-end=\"696\">\n<p data-start=\"678\" data-end=\"696\"><strong data-start=\"678\" data-end=\"693\">uszczelkami<\/strong>,<\/p>\n<\/li>\n<li data-start=\"697\" data-end=\"716\">\n<p data-start=\"699\" data-end=\"716\"><strong data-start=\"699\" data-end=\"713\">za\u015blepkami<\/strong>,<\/p>\n<\/li>\n<li data-start=\"717\" data-end=\"771\">\n<p data-start=\"719\" data-end=\"771\"><strong data-start=\"719\" data-end=\"768\">fabrycznie zamontowanym przewodem zasilaj\u0105cym<\/strong>.<\/p>\n<\/li>\n<\/ul>\n<hr data-start=\"773\" data-end=\"776\" \/>\n<h2 data-start=\"778\" data-end=\"806\">\u2705 <strong data-start=\"783\" data-end=\"806\">Oszcz\u0119dno\u015b\u0107 energii<\/strong><\/h2>\n<p data-start=\"808\" data-end=\"920\">W przeci\u0119tnym gospodarstwie domowym <strong data-start=\"844\" data-end=\"881\">od 10 do 15% energii elektrycznej<\/strong> zu\u017cywaj\u0105 standardowe pompy obiegowe.<\/p>\n<p data-start=\"922\" data-end=\"1101\">Zastosowanie wydajnych pomp <strong data-start=\"950\" data-end=\"1012\">WITA\u00ae pozwala zmniejszy\u0107 zu\u017cycie energii nawet o oko\u0142o 80%<\/strong> w por\u00f3wnaniu do tradycyjnych pomp, przy zachowaniu <strong data-start=\"1064\" data-end=\"1100\">por\u00f3wnywalnej mocy hydraulicznej<\/strong>.<\/p>\n<hr data-start=\"1103\" data-end=\"1106\" \/>\n<h2 data-start=\"1108\" data-end=\"1151\">\u2705 <strong data-start=\"1113\" data-end=\"1151\">Cechy szczeg\u00f3lne i zalety produktu<\/strong><\/h2>\n<ul data-start=\"1153\" data-end=\"1642\">\n<li data-start=\"1153\" data-end=\"1232\">\n<p data-start=\"1155\" data-end=\"1232\">Najwy\u017csza wydajno\u015b\u0107 dzi\u0119ki <strong data-start=\"1182\" data-end=\"1230\">technologii silnik\u00f3w EC z magnesami trwa\u0142ymi<\/strong><\/p>\n<\/li>\n<li data-start=\"1233\" data-end=\"1271\">\n<p data-start=\"1235\" data-end=\"1271\"><strong data-start=\"1235\" data-end=\"1269\">Minimalna moc wej\u015bciowa od 3 W<\/strong><\/p>\n<\/li>\n<li data-start=\"1272\" data-end=\"1327\">\n<p data-start=\"1274\" data-end=\"1327\"><strong data-start=\"1274\" data-end=\"1325\">Intuicyjna nawigacja w menu \u2013 funkcja One Touch<\/strong><\/p>\n<\/li>\n<li data-start=\"1328\" data-end=\"1436\">\n<p data-start=\"1330\" data-end=\"1376\"><strong data-start=\"1330\" data-end=\"1373\">Wst\u0119pnie zaprogramowane tryby regulacji<\/strong>:<\/p>\n<ul data-start=\"1379\" data-end=\"1436\">\n<li data-start=\"1379\" data-end=\"1406\">\n<p data-start=\"1381\" data-end=\"1406\">sta\u0142a pr\u0119dko\u015b\u0107 obrotowa<\/p>\n<\/li>\n<li data-start=\"1409\" data-end=\"1436\">\n<p data-start=\"1411\" data-end=\"1436\">zmienna r\u00f3\u017cnica ci\u015bnie\u0144<\/p>\n<\/li>\n<\/ul>\n<\/li>\n<li data-start=\"1437\" data-end=\"1485\">\n<p data-start=\"1439\" data-end=\"1485\"><strong data-start=\"1439\" data-end=\"1483\">Funkcja zapobiegaj\u0105ca blokowaniu wirnika<\/strong><\/p>\n<\/li>\n<li data-start=\"1486\" data-end=\"1522\">\n<p data-start=\"1488\" data-end=\"1522\"><strong data-start=\"1488\" data-end=\"1520\">Zintegrowana ochrona silnika<\/strong><\/p>\n<\/li>\n<li data-start=\"1523\" data-end=\"1567\">\n<p data-start=\"1525\" data-end=\"1567\"><strong data-start=\"1525\" data-end=\"1565\">Wysokie bezpiecze\u0144stwo przy rozruchu<\/strong><\/p>\n<\/li>\n<li data-start=\"1568\" data-end=\"1642\">\n<p data-start=\"1570\" data-end=\"1642\"><strong data-start=\"1570\" data-end=\"1600\">Prosty i szybki monta\u017c rur<\/strong> dzi\u0119ki praktycznemu uchwytowi pod klucz<\/p>\n<\/li>\n<\/ul>\n","protected":false},"excerpt":{"rendered":"<p><strong>Pompa obiegowa WITA Delta MAXI 80-25 180 to energooszcz\u0119dne urz\u0105dzenie przeznaczone do instalacji centralnego ogrzewania, charakteryzuj\u0105ce si\u0119 wysok\u0105 efektywno\u015bci\u0105 energetyczn\u0105 i niezawodno\u015bci\u0105.<\/strong><\/p>\n","protected":false},"featured_media":6648,"template":"","meta":{"_kad_blocks_custom_css":"","_kad_blocks_head_custom_js":"","_kad_blocks_body_custom_js":"","_kad_blocks_footer_custom_js":"","_kad_post_transparent":"default","_kad_post_title":"","_kad_post_layout":"default","_kad_post_sidebar_id":"","_kad_post_content_style":"default","_kad_post_vertical_padding":"default","_kad_post_feature":"","_kad_post_feature_position":"","_kad_post_header":false,"_kad_post_footer":false,"_kad_post_classname":""},"product_brand":[26],"product_cat":[185],"product_tag":[],"class_list":{"0":"post-6634","1":"product","2":"type-product","3":"status-publish","4":"has-post-thumbnail","6":"product_brand-wita","7":"product_cat-obiegowe","8":"product_shipping_class-drobnica","10":"first","11":"instock","12":"taxable","13":"shipping-taxable","14":"purchasable","15":"product-type-simple","16":"entry","17":"content-bg","18":"loop-entry"},"taxonomy_info":{"product_brand":[{"value":26,"label":"WITA"}],"product_cat":[{"value":185,"label":"Pompy obiegowe"}]},"featured_image_src_large":["https:\/\/e-systemygrzewcze.eu\/sklep\/wp-content\/uploads\/2025\/09\/Nowy-projekt-2025-09-16T134020.253.jpg",510,578,false],"author_info":[],"comment_info":"","_links":{"self":[{"href":"https:\/\/e-systemygrzewcze.eu\/sklep\/wp-json\/wp\/v2\/product\/6634","targetHints":{"allow":["GET"]}}],"collection":[{"href":"https:\/\/e-systemygrzewcze.eu\/sklep\/wp-json\/wp\/v2\/product"}],"about":[{"href":"https:\/\/e-systemygrzewcze.eu\/sklep\/wp-json\/wp\/v2\/types\/product"}],"wp:featuredmedia":[{"embeddable":true,"href":"https:\/\/e-systemygrzewcze.eu\/sklep\/wp-json\/wp\/v2\/media\/6648"}],"wp:attachment":[{"href":"https:\/\/e-systemygrzewcze.eu\/sklep\/wp-json\/wp\/v2\/media?parent=6634"}],"wp:term":[{"taxonomy":"product_brand","embeddable":true,"href":"https:\/\/e-systemygrzewcze.eu\/sklep\/wp-json\/wp\/v2\/product_brand?post=6634"},{"taxonomy":"product_cat","embeddable":true,"href":"https:\/\/e-systemygrzewcze.eu\/sklep\/wp-json\/wp\/v2\/product_cat?post=6634"},{"taxonomy":"product_tag","embeddable":true,"href":"https:\/\/e-systemygrzewcze.eu\/sklep\/wp-json\/wp\/v2\/product_tag?post=6634"}],"curies":[{"name":"wp","href":"https:\/\/api.w.org\/{rel}","templated":true}]}}