{"id":6632,"date":"2025-09-16T06:00:30","date_gmt":"2025-09-16T06:00:30","guid":{"rendered":"https:\/\/e-systemygrzewcze.eu\/sklep\/produkt\/wita-pompa-obiegowa-delta-he-55-25-130-krotka\/"},"modified":"2026-04-09T09:52:13","modified_gmt":"2026-04-09T09:52:13","slug":"wita-pompa-obiegowa-delta-he-55-25-130-krotka","status":"publish","type":"product","link":"https:\/\/e-systemygrzewcze.eu\/sklep\/produkt\/wita-pompa-obiegowa-delta-he-55-25-130-krotka\/","title":{"rendered":"WITA Pompa obiegowa Delta HE 55-25 130 Kr\u00f3tka"},"content":{"rendered":"<h2 data-start=\"69\" data-end=\"130\">\u2705 <strong data-start=\"74\" data-end=\"130\">WITA Pompa obiegowa Delta HE 55-25 13<\/strong><\/h2>\n<p data-start=\"132\" data-end=\"478\">Pompa obiegowa WITA Delta HE 55-25 130 to nowoczesne, energooszcz\u0119dne rozwi\u0105zanie do instalacji grzewczych. Wykonana z <strong data-start=\"251\" data-end=\"297\">odlewu armaturowego powlekanego kataforez\u0105<\/strong> oraz <strong data-start=\"303\" data-end=\"330\">stali chromowo-niklowej<\/strong>, gwarantuje wysok\u0105 trwa\u0142o\u015b\u0107 i odporno\u015b\u0107 na korozj\u0119. W zestawie znajduje si\u0119 <strong data-start=\"407\" data-end=\"477\">p\u0142aszcz termoizolacyjny, uszczelki, za\u015blepki oraz kabel zasilaj\u0105cy<\/strong>.<\/p>\n<hr data-start=\"480\" data-end=\"483\" \/>\n<h2 data-start=\"485\" data-end=\"514\">\u2705 <strong data-start=\"490\" data-end=\"514\">Najwa\u017cniejsze zalety<\/strong><\/h2>\n<ul data-start=\"516\" data-end=\"852\">\n<li data-start=\"516\" data-end=\"581\">\n<p data-start=\"518\" data-end=\"581\">Wysoka wydajno\u015b\u0107 dzi\u0119ki <strong data-start=\"542\" data-end=\"579\">silnikowi EC z magnesami trwa\u0142ymi<\/strong><\/p>\n<\/li>\n<li data-start=\"582\" data-end=\"617\">\n<p data-start=\"584\" data-end=\"617\"><strong data-start=\"584\" data-end=\"615\">Minimalny pob\u00f3r mocy od 3 W<\/strong><\/p>\n<\/li>\n<li data-start=\"618\" data-end=\"656\">\n<p data-start=\"620\" data-end=\"656\"><strong data-start=\"620\" data-end=\"654\">Intuicyjna obs\u0142uga \u2013 One Touch<\/strong><\/p>\n<\/li>\n<li data-start=\"657\" data-end=\"718\">\n<p data-start=\"659\" data-end=\"718\">Tryby pracy: <strong data-start=\"672\" data-end=\"716\">sta\u0142a pr\u0119dko\u015b\u0107 \/ zmienna r\u00f3\u017cnica ci\u015bnie\u0144<\/strong><\/p>\n<\/li>\n<li data-start=\"719\" data-end=\"759\">\n<p data-start=\"721\" data-end=\"759\"><strong data-start=\"721\" data-end=\"757\">Funkcja zapobiegaj\u0105ca blokowaniu<\/strong><\/p>\n<\/li>\n<li data-start=\"760\" data-end=\"796\">\n<p data-start=\"762\" data-end=\"796\"><strong data-start=\"762\" data-end=\"794\">Zintegrowana ochrona silnika<\/strong><\/p>\n<\/li>\n<li data-start=\"797\" data-end=\"823\">\n<p data-start=\"799\" data-end=\"823\"><strong data-start=\"799\" data-end=\"821\">Bezpieczny rozruch<\/strong><\/p>\n<\/li>\n<li data-start=\"824\" data-end=\"852\">\n<p data-start=\"826\" data-end=\"852\"><strong data-start=\"826\" data-end=\"852\">Szybki i prosty monta\u017c<\/strong><\/p>\n<\/li>\n<\/ul>\n","protected":false},"excerpt":{"rendered":"<p><strong>Pompa obiegowa WITA Delta HE 55-25 130 to energooszcz\u0119dne urz\u0105dzenie przeznaczone do instalacji centralnego ogrzewania. Dzi\u0119ki zaawansowanej technologii pozwala na znaczn\u0105 redukcj\u0119 zu\u017cycia energii, osi\u0105gaj\u0105c nawet do 80% oszcz\u0119dno\u015bci w por\u00f3wnaniu do tradycyjnych pomp obiegowych<\/strong><\/p>\n","protected":false},"featured_media":7760,"template":"","meta":{"_kad_blocks_custom_css":"","_kad_blocks_head_custom_js":"","_kad_blocks_body_custom_js":"","_kad_blocks_footer_custom_js":"","_kad_post_transparent":"default","_kad_post_title":"","_kad_post_layout":"default","_kad_post_sidebar_id":"","_kad_post_content_style":"default","_kad_post_vertical_padding":"default","_kad_post_feature":"","_kad_post_feature_position":"","_kad_post_header":false,"_kad_post_footer":false,"_kad_post_classname":""},"product_brand":[26],"product_cat":[185],"product_tag":[],"class_list":{"0":"post-6632","1":"product","2":"type-product","3":"status-publish","4":"has-post-thumbnail","6":"product_brand-wita","7":"product_cat-obiegowe","8":"product_shipping_class-drobnica","10":"first","11":"instock","12":"taxable","13":"shipping-taxable","14":"purchasable","15":"product-type-simple","16":"entry","17":"content-bg","18":"loop-entry"},"taxonomy_info":{"product_brand":[{"value":26,"label":"WITA"}],"product_cat":[{"value":185,"label":"Pompy obiegowe"}]},"featured_image_src_large":["https:\/\/e-systemygrzewcze.eu\/sklep\/wp-content\/uploads\/2025\/09\/Nowy-projekt-2025-12-04T124522.282.jpg",510,587,false],"author_info":[],"comment_info":"","_links":{"self":[{"href":"https:\/\/e-systemygrzewcze.eu\/sklep\/wp-json\/wp\/v2\/product\/6632","targetHints":{"allow":["GET"]}}],"collection":[{"href":"https:\/\/e-systemygrzewcze.eu\/sklep\/wp-json\/wp\/v2\/product"}],"about":[{"href":"https:\/\/e-systemygrzewcze.eu\/sklep\/wp-json\/wp\/v2\/types\/product"}],"wp:featuredmedia":[{"embeddable":true,"href":"https:\/\/e-systemygrzewcze.eu\/sklep\/wp-json\/wp\/v2\/media\/7760"}],"wp:attachment":[{"href":"https:\/\/e-systemygrzewcze.eu\/sklep\/wp-json\/wp\/v2\/media?parent=6632"}],"wp:term":[{"taxonomy":"product_brand","embeddable":true,"href":"https:\/\/e-systemygrzewcze.eu\/sklep\/wp-json\/wp\/v2\/product_brand?post=6632"},{"taxonomy":"product_cat","embeddable":true,"href":"https:\/\/e-systemygrzewcze.eu\/sklep\/wp-json\/wp\/v2\/product_cat?post=6632"},{"taxonomy":"product_tag","embeddable":true,"href":"https:\/\/e-systemygrzewcze.eu\/sklep\/wp-json\/wp\/v2\/product_tag?post=6632"}],"curies":[{"name":"wp","href":"https:\/\/api.w.org\/{rel}","templated":true}]}}