{"id":6631,"date":"2025-09-16T06:00:26","date_gmt":"2025-09-16T06:00:26","guid":{"rendered":"https:\/\/e-systemygrzewcze.eu\/sklep\/produkt\/wilo-pompa-obiegowa-yonos-pico-1-0-25-60\/"},"modified":"2026-04-09T09:52:19","modified_gmt":"2026-04-09T09:52:19","slug":"wilo-pompa-obiegowa-yonos-pico-1-0-25-60","status":"publish","type":"product","link":"https:\/\/e-systemygrzewcze.eu\/sklep\/produkt\/wilo-pompa-obiegowa-yonos-pico-1-0-25-60\/","title":{"rendered":"WILO Pompa obiegowa Yonos Pico 1.0 25\/60"},"content":{"rendered":"<h2 data-start=\"80\" data-end=\"147\">\u2705 <strong data-start=\"85\" data-end=\"147\">WILO Pompa obiegowa Yonos Pico 1.0 25\/60<\/strong><\/h2>\n<p data-start=\"149\" data-end=\"311\">Nowoczesna, energooszcz\u0119dna pompa obiegowa do instalacji grzewczych, gwarantuj\u0105ca wysok\u0105 sprawno\u015b\u0107, cich\u0105 prac\u0119 i niezawodne dzia\u0142anie nawet w trudnych warunkach.<\/p>\n<hr data-start=\"313\" data-end=\"316\" \/>\n<h2 data-start=\"318\" data-end=\"349\">\u2705 <strong data-start=\"323\" data-end=\"349\">Parametry hydrauliczne<\/strong><\/h2>\n<ul data-start=\"351\" data-end=\"680\">\n<li data-start=\"351\" data-end=\"395\">\n<p data-start=\"353\" data-end=\"395\">Maksymalne ci\u015bnienie robocze: <strong data-start=\"383\" data-end=\"393\">10 bar<\/strong><\/p>\n<\/li>\n<li data-start=\"396\" data-end=\"442\">\n<p data-start=\"398\" data-end=\"442\">Maksymalna wysoko\u015b\u0107 podnoszenia: <strong data-start=\"431\" data-end=\"440\">6,0 m<\/strong><\/p>\n<\/li>\n<li data-start=\"443\" data-end=\"480\">\n<p data-start=\"445\" data-end=\"480\">Maksymalny przep\u0142yw: <strong data-start=\"466\" data-end=\"478\">3,6 m\u00b3\/h<\/strong><\/p>\n<\/li>\n<li data-start=\"481\" data-end=\"580\">\n<p data-start=\"483\" data-end=\"510\">Minimalna wysoko\u015b\u0107 dop\u0142ywu:<\/p>\n<ul data-start=\"513\" data-end=\"580\">\n<li data-start=\"513\" data-end=\"534\">\n<p data-start=\"515\" data-end=\"534\">dla 50\u00b0C: <strong data-start=\"525\" data-end=\"534\">0,5 m<\/strong><\/p>\n<\/li>\n<li data-start=\"537\" data-end=\"556\">\n<p data-start=\"539\" data-end=\"556\">dla 95\u00b0C: <strong data-start=\"549\" data-end=\"556\">3 m<\/strong><\/p>\n<\/li>\n<li data-start=\"559\" data-end=\"580\">\n<p data-start=\"561\" data-end=\"580\">dla 110\u00b0C: <strong data-start=\"572\" data-end=\"580\">10 m<\/strong><\/p>\n<\/li>\n<\/ul>\n<\/li>\n<li data-start=\"581\" data-end=\"633\">\n<p data-start=\"583\" data-end=\"633\">Zakres temperatury cieczy: <strong data-start=\"610\" data-end=\"631\">od -10\u00b0C do +95\u00b0C<\/strong><\/p>\n<\/li>\n<li data-start=\"634\" data-end=\"680\">\n<p data-start=\"636\" data-end=\"680\">Temperatura otoczenia: <strong data-start=\"659\" data-end=\"680\">od -10\u00b0C do +40\u00b0C<\/strong><\/p>\n<\/li>\n<\/ul>\n<hr data-start=\"682\" data-end=\"685\" \/>\n<h2 data-start=\"687\" data-end=\"720\">\u2705 <strong data-start=\"692\" data-end=\"720\">Dane silnika i zasilania<\/strong><\/h2>\n<ul data-start=\"722\" data-end=\"1046\">\n<li data-start=\"722\" data-end=\"781\">\n<p data-start=\"724\" data-end=\"781\">Wsp\u00f3\u0142czynnik efektywno\u015bci energetycznej EEI: <strong data-start=\"769\" data-end=\"779\">\u2264 0,20<\/strong><\/p>\n<\/li>\n<li data-start=\"782\" data-end=\"823\">\n<p data-start=\"784\" data-end=\"823\">Zasilanie: <strong data-start=\"795\" data-end=\"821\">1~230 V \u00b110%, 50\/60 Hz<\/strong><\/p>\n<\/li>\n<li data-start=\"824\" data-end=\"855\">\n<p data-start=\"826\" data-end=\"855\">Moc znamionowa P2: <strong data-start=\"845\" data-end=\"853\">30 W<\/strong><\/p>\n<\/li>\n<li data-start=\"856\" data-end=\"890\">\n<p data-start=\"858\" data-end=\"890\">Pob\u00f3r mocy: <strong data-start=\"870\" data-end=\"888\">od 4 W do 40 W<\/strong><\/p>\n<\/li>\n<li data-start=\"891\" data-end=\"937\">\n<p data-start=\"893\" data-end=\"937\">Pr\u0119dko\u015b\u0107 obrotowa: <strong data-start=\"912\" data-end=\"935\">700 \u2013 4200 obr.\/min<\/strong><\/p>\n<\/li>\n<li data-start=\"938\" data-end=\"963\">\n<p data-start=\"940\" data-end=\"963\">Klasa izolacji: <strong data-start=\"956\" data-end=\"961\">F<\/strong><\/p>\n<\/li>\n<li data-start=\"964\" data-end=\"994\">\n<p data-start=\"966\" data-end=\"994\">Stopie\u0144 ochrony: <strong data-start=\"983\" data-end=\"992\">IPX4D<\/strong><\/p>\n<\/li>\n<li data-start=\"995\" data-end=\"1046\">\n<p data-start=\"997\" data-end=\"1046\">Kompatybilno\u015b\u0107 elektromagnetyczna: <strong data-start=\"1032\" data-end=\"1046\">EN 61800-3<\/strong><\/p>\n<\/li>\n<\/ul>\n<hr data-start=\"1048\" data-end=\"1051\" \/>\n<h2 data-start=\"1053\" data-end=\"1081\">\u2705 <strong data-start=\"1058\" data-end=\"1081\">Materia\u0142y wykonania<\/strong><\/h2>\n<ul data-start=\"1083\" data-end=\"1222\">\n<li data-start=\"1083\" data-end=\"1117\">\n<p data-start=\"1085\" data-end=\"1117\">Korpus pompy: <strong data-start=\"1099\" data-end=\"1115\">\u017celiwo szare<\/strong><\/p>\n<\/li>\n<li data-start=\"1118\" data-end=\"1141\">\n<p data-start=\"1120\" data-end=\"1141\">Wirnik: <strong data-start=\"1128\" data-end=\"1139\">PP-GF40<\/strong><\/p>\n<\/li>\n<li data-start=\"1142\" data-end=\"1170\">\n<p data-start=\"1144\" data-end=\"1170\">Wa\u0142: <strong data-start=\"1149\" data-end=\"1168\">stal nierdzewna<\/strong><\/p>\n<\/li>\n<li data-start=\"1171\" data-end=\"1222\">\n<p data-start=\"1173\" data-end=\"1222\">\u0141o\u017cyska: <strong data-start=\"1182\" data-end=\"1222\">w\u0119giel spiekany impregnowany metalem<\/strong><\/p>\n<\/li>\n<\/ul>\n<hr data-start=\"1224\" data-end=\"1227\" \/>\n<h2 data-start=\"1229\" data-end=\"1255\">\u2705 <strong data-start=\"1234\" data-end=\"1255\">Wymiary monta\u017cowe<\/strong><\/h2>\n<ul data-start=\"1257\" data-end=\"1353\">\n<li data-start=\"1257\" data-end=\"1288\">\n<p data-start=\"1259\" data-end=\"1288\">Przy\u0142\u0105cze ssawne: <strong data-start=\"1277\" data-end=\"1286\">G 1\u00bd&#8221;<\/strong><\/p>\n<\/li>\n<li data-start=\"1289\" data-end=\"1321\">\n<p data-start=\"1291\" data-end=\"1321\">Przy\u0142\u0105cze t\u0142oczne: <strong data-start=\"1310\" data-end=\"1319\">G 1\u00bd&#8221;<\/strong><\/p>\n<\/li>\n<li data-start=\"1322\" data-end=\"1353\">\n<p data-start=\"1324\" data-end=\"1353\">D\u0142ugo\u015b\u0107 monta\u017cowa: <strong data-start=\"1343\" data-end=\"1353\">180 mm<\/strong><\/p>\n<\/li>\n<\/ul>\n","protected":false},"excerpt":{"rendered":"<p><strong>Wilo Yonos PICO 1.0 25\/60 to nowoczesna i energooszcz\u0119dna pompa obiegowa przeznaczona do instalacji centralnego ogrzewania i klimatyzacji. Dzi\u0119ki silnikowi elektronicznemu (EC) zu\u017cywa bardzo ma\u0142o pr\u0105du (od 4 do 40 W), co pomaga obni\u017cy\u0107 rachunki za energi\u0119.<\/strong><\/p>\n","protected":false},"featured_media":6644,"template":"","meta":{"_kad_blocks_custom_css":"","_kad_blocks_head_custom_js":"","_kad_blocks_body_custom_js":"","_kad_blocks_footer_custom_js":"","_kad_post_transparent":"default","_kad_post_title":"","_kad_post_layout":"default","_kad_post_sidebar_id":"","_kad_post_content_style":"default","_kad_post_vertical_padding":"default","_kad_post_feature":"","_kad_post_feature_position":"","_kad_post_header":false,"_kad_post_footer":false,"_kad_post_classname":""},"product_brand":[424],"product_cat":[185],"product_tag":[],"class_list":{"0":"post-6631","1":"product","2":"type-product","3":"status-publish","4":"has-post-thumbnail","6":"product_brand-wilo","7":"product_cat-obiegowe","8":"product_shipping_class-drobnica","10":"first","11":"instock","12":"taxable","13":"shipping-taxable","14":"purchasable","15":"product-type-simple","16":"entry","17":"content-bg","18":"loop-entry"},"taxonomy_info":{"product_brand":[{"value":424,"label":"Wilo"}],"product_cat":[{"value":185,"label":"Pompy obiegowe"}]},"featured_image_src_large":["https:\/\/e-systemygrzewcze.eu\/sklep\/wp-content\/uploads\/2025\/09\/Nowy-projekt-2025-09-16T125702.351.jpg",510,578,false],"author_info":[],"comment_info":"","_links":{"self":[{"href":"https:\/\/e-systemygrzewcze.eu\/sklep\/wp-json\/wp\/v2\/product\/6631","targetHints":{"allow":["GET"]}}],"collection":[{"href":"https:\/\/e-systemygrzewcze.eu\/sklep\/wp-json\/wp\/v2\/product"}],"about":[{"href":"https:\/\/e-systemygrzewcze.eu\/sklep\/wp-json\/wp\/v2\/types\/product"}],"wp:featuredmedia":[{"embeddable":true,"href":"https:\/\/e-systemygrzewcze.eu\/sklep\/wp-json\/wp\/v2\/media\/6644"}],"wp:attachment":[{"href":"https:\/\/e-systemygrzewcze.eu\/sklep\/wp-json\/wp\/v2\/media?parent=6631"}],"wp:term":[{"taxonomy":"product_brand","embeddable":true,"href":"https:\/\/e-systemygrzewcze.eu\/sklep\/wp-json\/wp\/v2\/product_brand?post=6631"},{"taxonomy":"product_cat","embeddable":true,"href":"https:\/\/e-systemygrzewcze.eu\/sklep\/wp-json\/wp\/v2\/product_cat?post=6631"},{"taxonomy":"product_tag","embeddable":true,"href":"https:\/\/e-systemygrzewcze.eu\/sklep\/wp-json\/wp\/v2\/product_tag?post=6631"}],"curies":[{"name":"wp","href":"https:\/\/api.w.org\/{rel}","templated":true}]}}