{"id":6630,"date":"2025-09-16T06:00:23","date_gmt":"2025-09-16T06:00:23","guid":{"rendered":"https:\/\/e-systemygrzewcze.eu\/sklep\/produkt\/wilo-pompa-obiegowa-yonos-pico1-0-25-40\/"},"modified":"2026-04-09T09:52:25","modified_gmt":"2026-04-09T09:52:25","slug":"wilo-pompa-obiegowa-yonos-pico1-0-25-40","status":"publish","type":"product","link":"https:\/\/e-systemygrzewcze.eu\/sklep\/produkt\/wilo-pompa-obiegowa-yonos-pico1-0-25-40\/","title":{"rendered":"WILO Pompa obiegowa Yonos Pico1.0 25\/40"},"content":{"rendered":"<h2 data-start=\"96\" data-end=\"163\">\u2705 <strong data-start=\"101\" data-end=\"163\">WILO Pompa obiegowa Yonos Pico 1.0 25\/40\u00a0<\/strong><\/h2>\n<p data-start=\"165\" data-end=\"319\">Energooszcz\u0119dna elektroniczna pompa obiegowa przeznaczona do instalacji centralnego ogrzewania, zapewniaj\u0105ca wysok\u0105 sprawno\u015b\u0107, cich\u0105 prac\u0119 i niezawodno\u015b\u0107.<\/p>\n<hr data-start=\"321\" data-end=\"324\" \/>\n<h2 data-start=\"326\" data-end=\"357\">\u2705 <strong data-start=\"331\" data-end=\"357\">Parametry hydrauliczne<\/strong><\/h2>\n<ul data-start=\"359\" data-end=\"688\">\n<li data-start=\"359\" data-end=\"403\">\n<p data-start=\"361\" data-end=\"403\">Maksymalne ci\u015bnienie robocze: <strong data-start=\"391\" data-end=\"401\">10 bar<\/strong><\/p>\n<\/li>\n<li data-start=\"404\" data-end=\"450\">\n<p data-start=\"406\" data-end=\"450\">Maksymalna wysoko\u015b\u0107 podnoszenia: <strong data-start=\"439\" data-end=\"448\">4,3 m<\/strong><\/p>\n<\/li>\n<li data-start=\"451\" data-end=\"488\">\n<p data-start=\"453\" data-end=\"488\">Maksymalny przep\u0142yw: <strong data-start=\"474\" data-end=\"486\">2,7 m\u00b3\/h<\/strong><\/p>\n<\/li>\n<li data-start=\"489\" data-end=\"588\">\n<p data-start=\"491\" data-end=\"518\">Minimalna wysoko\u015b\u0107 dop\u0142ywu:<\/p>\n<ul data-start=\"521\" data-end=\"588\">\n<li data-start=\"521\" data-end=\"542\">\n<p data-start=\"523\" data-end=\"542\">dla 50\u00b0C: <strong data-start=\"533\" data-end=\"542\">0,5 m<\/strong><\/p>\n<\/li>\n<li data-start=\"545\" data-end=\"564\">\n<p data-start=\"547\" data-end=\"564\">dla 95\u00b0C: <strong data-start=\"557\" data-end=\"564\">3 m<\/strong><\/p>\n<\/li>\n<li data-start=\"567\" data-end=\"588\">\n<p data-start=\"569\" data-end=\"588\">dla 110\u00b0C: <strong data-start=\"580\" data-end=\"588\">10 m<\/strong><\/p>\n<\/li>\n<\/ul>\n<\/li>\n<li data-start=\"589\" data-end=\"641\">\n<p data-start=\"591\" data-end=\"641\">Zakres temperatury cieczy: <strong data-start=\"618\" data-end=\"639\">od -10\u00b0C do +95\u00b0C<\/strong><\/p>\n<\/li>\n<li data-start=\"642\" data-end=\"688\">\n<p data-start=\"644\" data-end=\"688\">Temperatura otoczenia: <strong data-start=\"667\" data-end=\"688\">od -10\u00b0C do +40\u00b0C<\/strong><\/p>\n<\/li>\n<\/ul>\n<hr data-start=\"690\" data-end=\"693\" \/>\n<h2 data-start=\"695\" data-end=\"728\">\u2705 <strong data-start=\"700\" data-end=\"728\">Dane silnika i zasilania<\/strong><\/h2>\n<ul data-start=\"730\" data-end=\"1054\">\n<li data-start=\"730\" data-end=\"789\">\n<p data-start=\"732\" data-end=\"789\">Wsp\u00f3\u0142czynnik efektywno\u015bci energetycznej EEI: <strong data-start=\"777\" data-end=\"787\">\u2264 0,20<\/strong><\/p>\n<\/li>\n<li data-start=\"790\" data-end=\"831\">\n<p data-start=\"792\" data-end=\"831\">Zasilanie: <strong data-start=\"803\" data-end=\"829\">1~230 V \u00b110%, 50\/60 Hz<\/strong><\/p>\n<\/li>\n<li data-start=\"832\" data-end=\"863\">\n<p data-start=\"834\" data-end=\"863\">Moc znamionowa P2: <strong data-start=\"853\" data-end=\"861\">15 W<\/strong><\/p>\n<\/li>\n<li data-start=\"864\" data-end=\"898\">\n<p data-start=\"866\" data-end=\"898\">Pob\u00f3r mocy: <strong data-start=\"878\" data-end=\"896\">od 4 W do 20 W<\/strong><\/p>\n<\/li>\n<li data-start=\"899\" data-end=\"945\">\n<p data-start=\"901\" data-end=\"945\">Pr\u0119dko\u015b\u0107 obrotowa: <strong data-start=\"920\" data-end=\"943\">700 \u2013 3400 obr.\/min<\/strong><\/p>\n<\/li>\n<li data-start=\"946\" data-end=\"971\">\n<p data-start=\"948\" data-end=\"971\">Klasa izolacji: <strong data-start=\"964\" data-end=\"969\">F<\/strong><\/p>\n<\/li>\n<li data-start=\"972\" data-end=\"1002\">\n<p data-start=\"974\" data-end=\"1002\">Stopie\u0144 ochrony: <strong data-start=\"991\" data-end=\"1000\">IPX4D<\/strong><\/p>\n<\/li>\n<li data-start=\"1003\" data-end=\"1054\">\n<p data-start=\"1005\" data-end=\"1054\">Kompatybilno\u015b\u0107 elektromagnetyczna: <strong data-start=\"1040\" data-end=\"1054\">EN 61800-3<\/strong><\/p>\n<\/li>\n<\/ul>\n<hr data-start=\"1056\" data-end=\"1059\" \/>\n<h2 data-start=\"1061\" data-end=\"1089\">\u2705 <strong data-start=\"1066\" data-end=\"1089\">Materia\u0142y wykonania<\/strong><\/h2>\n<ul data-start=\"1091\" data-end=\"1230\">\n<li data-start=\"1091\" data-end=\"1125\">\n<p data-start=\"1093\" data-end=\"1125\">Korpus pompy: <strong data-start=\"1107\" data-end=\"1123\">\u017celiwo szare<\/strong><\/p>\n<\/li>\n<li data-start=\"1126\" data-end=\"1149\">\n<p data-start=\"1128\" data-end=\"1149\">Wirnik: <strong data-start=\"1136\" data-end=\"1147\">PP-GF40<\/strong><\/p>\n<\/li>\n<li data-start=\"1150\" data-end=\"1178\">\n<p data-start=\"1152\" data-end=\"1178\">Wa\u0142: <strong data-start=\"1157\" data-end=\"1176\">stal nierdzewna<\/strong><\/p>\n<\/li>\n<li data-start=\"1179\" data-end=\"1230\">\n<p data-start=\"1181\" data-end=\"1230\">\u0141o\u017cyska: <strong data-start=\"1190\" data-end=\"1230\">w\u0119giel spiekany impregnowany metalem<\/strong><\/p>\n<\/li>\n<\/ul>\n<hr data-start=\"1232\" data-end=\"1235\" \/>\n<h2 data-start=\"1237\" data-end=\"1263\">\u2705 <strong data-start=\"1242\" data-end=\"1263\">Wymiary monta\u017cowe<\/strong><\/h2>\n<ul data-start=\"1265\" data-end=\"1361\">\n<li data-start=\"1265\" data-end=\"1296\">\n<p data-start=\"1267\" data-end=\"1296\">Przy\u0142\u0105cze ssawne: <strong data-start=\"1285\" data-end=\"1294\">G 1\u00bd&#8221;<\/strong><\/p>\n<\/li>\n<li data-start=\"1297\" data-end=\"1329\">\n<p data-start=\"1299\" data-end=\"1329\">Przy\u0142\u0105cze t\u0142oczne: <strong data-start=\"1318\" data-end=\"1327\">G 1\u00bd&#8221;<\/strong><\/p>\n<\/li>\n<li data-start=\"1330\" data-end=\"1361\">\n<p data-start=\"1332\" data-end=\"1361\">D\u0142ugo\u015b\u0107 monta\u017cowa: <strong data-start=\"1351\" data-end=\"1361\">180 mm<\/strong><\/p>\n<\/li>\n<\/ul>\n","protected":false},"excerpt":{"rendered":"<p><strong>Pompa obiegowa Wilo Yonos PICO 1.0 25\/40 to energooszcz\u0119dne urz\u0105dzenie do instalacji centralnego ogrzewania, oferuj\u0105ce maks. wysoko\u015b\u0107 podnoszenia ok. 4 m i przep\u0142yw do ok. 2,7 m3\/h. Wyposa\u017cona jest w silnik EC o niskim poborze mocy (4\u201320 W), regulacj\u0119 r\u00f3\u017cnicy ci\u015bnie\u0144 , funkcj\u0119 automatycznego odpowietrzania oraz czytelny wy\u015bwietlacz LED. Przeznaczona do pracy z wod\u0105 grzewcz\u0105 (tak\u017ce z glikolem), montowana na gwinty G 11\u201d, d\u0142ugo\u015b\u0107 zabudowy 180 mm.<\/strong><\/p>\n","protected":false},"featured_media":6641,"template":"","meta":{"_kad_blocks_custom_css":"","_kad_blocks_head_custom_js":"","_kad_blocks_body_custom_js":"","_kad_blocks_footer_custom_js":"","_kad_post_transparent":"default","_kad_post_title":"","_kad_post_layout":"default","_kad_post_sidebar_id":"","_kad_post_content_style":"default","_kad_post_vertical_padding":"default","_kad_post_feature":"","_kad_post_feature_position":"","_kad_post_header":false,"_kad_post_footer":false,"_kad_post_classname":""},"product_brand":[424],"product_cat":[185],"product_tag":[],"class_list":{"0":"post-6630","1":"product","2":"type-product","3":"status-publish","4":"has-post-thumbnail","6":"product_brand-wilo","7":"product_cat-obiegowe","8":"product_shipping_class-drobnica","10":"first","11":"instock","12":"taxable","13":"shipping-taxable","14":"purchasable","15":"product-type-simple","16":"entry","17":"content-bg","18":"loop-entry"},"taxonomy_info":{"product_brand":[{"value":424,"label":"Wilo"}],"product_cat":[{"value":185,"label":"Pompy obiegowe"}]},"featured_image_src_large":["https:\/\/e-systemygrzewcze.eu\/sklep\/wp-content\/uploads\/2025\/09\/Nowy-projekt-2025-09-16T081401.588.jpg",510,578,false],"author_info":[],"comment_info":"","_links":{"self":[{"href":"https:\/\/e-systemygrzewcze.eu\/sklep\/wp-json\/wp\/v2\/product\/6630","targetHints":{"allow":["GET"]}}],"collection":[{"href":"https:\/\/e-systemygrzewcze.eu\/sklep\/wp-json\/wp\/v2\/product"}],"about":[{"href":"https:\/\/e-systemygrzewcze.eu\/sklep\/wp-json\/wp\/v2\/types\/product"}],"wp:featuredmedia":[{"embeddable":true,"href":"https:\/\/e-systemygrzewcze.eu\/sklep\/wp-json\/wp\/v2\/media\/6641"}],"wp:attachment":[{"href":"https:\/\/e-systemygrzewcze.eu\/sklep\/wp-json\/wp\/v2\/media?parent=6630"}],"wp:term":[{"taxonomy":"product_brand","embeddable":true,"href":"https:\/\/e-systemygrzewcze.eu\/sklep\/wp-json\/wp\/v2\/product_brand?post=6630"},{"taxonomy":"product_cat","embeddable":true,"href":"https:\/\/e-systemygrzewcze.eu\/sklep\/wp-json\/wp\/v2\/product_cat?post=6630"},{"taxonomy":"product_tag","embeddable":true,"href":"https:\/\/e-systemygrzewcze.eu\/sklep\/wp-json\/wp\/v2\/product_tag?post=6630"}],"curies":[{"name":"wp","href":"https:\/\/api.w.org\/{rel}","templated":true}]}}