{"id":6629,"date":"2025-09-16T06:00:18","date_gmt":"2025-09-16T06:00:18","guid":{"rendered":"https:\/\/e-systemygrzewcze.eu\/sklep\/produkt\/wilo-pompa-obiegowa-do-c-o-yonos-pico-25-40\/"},"modified":"2026-03-09T15:20:28","modified_gmt":"2026-03-09T15:20:28","slug":"wilo-pompa-obiegowa-do-c-o-yonos-pico-25-40","status":"publish","type":"product","link":"https:\/\/e-systemygrzewcze.eu\/sklep\/produkt\/wilo-pompa-obiegowa-do-c-o-yonos-pico-25-40\/","title":{"rendered":"WILO Pompa obiegowa do C.O. Yonos Pico 25\/40"},"content":{"rendered":"<h2 data-start=\"120\" data-end=\"187\">\u2705 <strong data-start=\"125\" data-end=\"187\">WILO Pompa obiegowa do C.O. Yonos Pico 25\/40\u00a0<\/strong><\/h2>\n<p data-start=\"189\" data-end=\"427\">Wysokowydajna pompa obiegowa z odpornym na blokowanie <strong data-start=\"243\" data-end=\"275\">silnikiem synchronicznym ECM<\/strong>, przeznaczona do instalacji grzewczych oraz klimatyzacyjnych. Model Yonos Pico 25\/40 zapewnia niskie zu\u017cycie energii, cich\u0105 prac\u0119 oraz wysok\u0105 trwa\u0142o\u015b\u0107.<\/p>\n<hr data-start=\"429\" data-end=\"432\" \/>\n<h2 data-start=\"434\" data-end=\"475\">\u2705 <strong data-start=\"439\" data-end=\"475\">Specyfikacja techniczna \u2013 budowa<\/strong><\/h2>\n<ul data-start=\"477\" data-end=\"697\">\n<li data-start=\"477\" data-end=\"503\">\n<p data-start=\"479\" data-end=\"503\">Korpus pompy: <strong data-start=\"493\" data-end=\"503\">\u017celiwo<\/strong><\/p>\n<\/li>\n<li data-start=\"504\" data-end=\"530\">\n<p data-start=\"506\" data-end=\"530\">Wirnik: <strong data-start=\"514\" data-end=\"530\">polipropylen<\/strong><\/p>\n<\/li>\n<li data-start=\"531\" data-end=\"557\">\n<p data-start=\"533\" data-end=\"557\">Wa\u0142: <strong data-start=\"538\" data-end=\"557\">stal nierdzewna<\/strong><\/p>\n<\/li>\n<li data-start=\"558\" data-end=\"602\">\n<p data-start=\"560\" data-end=\"602\">\u0141o\u017cysko: <strong data-start=\"569\" data-end=\"602\">w\u0119giel zaimpregnowany metalem<\/strong><\/p>\n<\/li>\n<li data-start=\"603\" data-end=\"634\">\n<p data-start=\"605\" data-end=\"634\">Przy\u0142\u0105cze pompy: <strong data-start=\"622\" data-end=\"634\">G 1 1\/4&#8243;<\/strong><\/p>\n<\/li>\n<li data-start=\"635\" data-end=\"669\">\n<p data-start=\"637\" data-end=\"669\">D\u0142ugo\u015b\u0107 monta\u017cowa L0: <strong data-start=\"659\" data-end=\"669\">180 mm<\/strong><\/p>\n<\/li>\n<li data-start=\"670\" data-end=\"697\">\n<p data-start=\"672\" data-end=\"697\">Masa brutto: <strong data-start=\"685\" data-end=\"697\">ok. 2 kg<\/strong><\/p>\n<\/li>\n<\/ul>\n<hr data-start=\"699\" data-end=\"702\" \/>\n<h2 data-start=\"704\" data-end=\"728\">\u2705 <strong data-start=\"709\" data-end=\"728\">Parametry pracy<\/strong><\/h2>\n<ul data-start=\"730\" data-end=\"946\">\n<li data-start=\"730\" data-end=\"772\">\n<p data-start=\"732\" data-end=\"772\">Maksymalne ci\u015bnienie robocze: <strong data-start=\"762\" data-end=\"772\">10 bar<\/strong><\/p>\n<\/li>\n<li data-start=\"773\" data-end=\"814\">\n<p data-start=\"775\" data-end=\"814\">Minimalna temperatura cieczy: <strong data-start=\"805\" data-end=\"814\">-10\u00b0C<\/strong><\/p>\n<\/li>\n<li data-start=\"815\" data-end=\"856\">\n<p data-start=\"817\" data-end=\"856\">Maksymalna temperatura cieczy: <strong data-start=\"848\" data-end=\"856\">95\u00b0C<\/strong><\/p>\n<\/li>\n<li data-start=\"857\" data-end=\"901\">\n<p data-start=\"859\" data-end=\"901\">Minimalna temperatura otoczenia: <strong data-start=\"892\" data-end=\"901\">-10\u00b0C<\/strong><\/p>\n<\/li>\n<li data-start=\"902\" data-end=\"946\">\n<p data-start=\"904\" data-end=\"946\">Maksymalna temperatura otoczenia: <strong data-start=\"938\" data-end=\"946\">40\u00b0C<\/strong><\/p>\n<\/li>\n<\/ul>\n<hr data-start=\"948\" data-end=\"951\" \/>\n<h2 data-start=\"953\" data-end=\"980\">\u2705 <strong data-start=\"958\" data-end=\"980\">Zasilanie i silnik<\/strong><\/h2>\n<ul data-start=\"982\" data-end=\"1244\">\n<li data-start=\"982\" data-end=\"1025\">\n<p data-start=\"984\" data-end=\"1025\">Przy\u0142\u0105cze sieciowe: <strong data-start=\"1004\" data-end=\"1025\">1~230 V, 50\/60 Hz<\/strong><\/p>\n<\/li>\n<li data-start=\"1026\" data-end=\"1069\">\n<p data-start=\"1028\" data-end=\"1069\">Maksymalne zu\u017cycie energii: <strong data-start=\"1056\" data-end=\"1069\">P1 = 20 W<\/strong><\/p>\n<\/li>\n<li data-start=\"1070\" data-end=\"1117\">\n<p data-start=\"1072\" data-end=\"1117\">Minimalna pr\u0119dko\u015b\u0107 obrotowa: <strong data-start=\"1101\" data-end=\"1117\">700 obr.\/min<\/strong><\/p>\n<\/li>\n<li data-start=\"1118\" data-end=\"1167\">\n<p data-start=\"1120\" data-end=\"1167\">Maksymalna pr\u0119dko\u015b\u0107 obrotowa: <strong data-start=\"1150\" data-end=\"1167\">3400 obr.\/min<\/strong><\/p>\n<\/li>\n<li data-start=\"1168\" data-end=\"1202\">\n<p data-start=\"1170\" data-end=\"1202\">Klasa ochrony silnika: <strong data-start=\"1193\" data-end=\"1202\">IPX2D<\/strong><\/p>\n<\/li>\n<li data-start=\"1203\" data-end=\"1244\">\n<p data-start=\"1205\" data-end=\"1244\">Gwintowane z\u0142\u0105cze kablowe: <strong data-start=\"1232\" data-end=\"1244\">1 \u00d7 PG11<\/strong><\/p>\n<\/li>\n<\/ul>\n<hr data-start=\"1246\" data-end=\"1249\" \/>\n<h2 data-start=\"1251\" data-end=\"1279\">\u2705 <strong data-start=\"1256\" data-end=\"1279\">Efektywno\u015b\u0107 i normy<\/strong><\/h2>\n<ul data-start=\"1281\" data-end=\"1414\">\n<li data-start=\"1281\" data-end=\"1334\">\n<p data-start=\"1283\" data-end=\"1334\">Wska\u017anik efektywno\u015bci energetycznej EEI: <strong data-start=\"1324\" data-end=\"1334\">\u2264 0,20<\/strong><\/p>\n<\/li>\n<li data-start=\"1335\" data-end=\"1370\">\n<p data-start=\"1337\" data-end=\"1370\">Emisja zak\u0142\u00f3ce\u0144: <strong data-start=\"1354\" data-end=\"1370\">EN 61000-6-3<\/strong><\/p>\n<\/li>\n<li data-start=\"1371\" data-end=\"1414\">\n<p data-start=\"1373\" data-end=\"1414\">Odporno\u015b\u0107 na zak\u0142\u00f3cenia: <strong data-start=\"1398\" data-end=\"1414\">EN 61000-6-2<\/strong><\/p>\n<\/li>\n<\/ul>\n","protected":false},"excerpt":{"rendered":"<p><strong>Pompa obiegowa WILO Yonos PICO 25\/40 (25\/1-4) to energooszcz\u0119dne urz\u0105dzenie do centralnego ogrzewania, z elektroniczn\u0105 regulacj\u0105 pracy i moc\u0105 wej\u015bciow\u0105 od 4 do 20\u00a0W. Zapewnia maksymaln\u0105 wysoko\u015b\u0107 podnoszenia do 4\u00a0m, ci\u015bnienie robocze do 6\u00a0bar oraz obs\u0142ug\u0119 temperatury do 95\u2013110\u00a0\u00b0C, a tak\u017ce automatyczne odpowietrzanie i ochron\u0119 silnika przy zablokowaniu<\/strong><\/p>\n","protected":false},"featured_media":6640,"template":"","meta":{"_kad_blocks_custom_css":"","_kad_blocks_head_custom_js":"","_kad_blocks_body_custom_js":"","_kad_blocks_footer_custom_js":"","_kad_post_transparent":"default","_kad_post_title":"","_kad_post_layout":"default","_kad_post_sidebar_id":"","_kad_post_content_style":"default","_kad_post_vertical_padding":"default","_kad_post_feature":"","_kad_post_feature_position":"","_kad_post_header":false,"_kad_post_footer":false,"_kad_post_classname":""},"product_brand":[424],"product_cat":[185],"product_tag":[],"class_list":{"0":"post-6629","1":"product","2":"type-product","3":"status-publish","4":"has-post-thumbnail","6":"product_brand-wilo","7":"product_cat-obiegowe","8":"product_shipping_class-drobnica","10":"first","11":"instock","12":"taxable","13":"shipping-taxable","14":"purchasable","15":"product-type-simple","16":"entry","17":"content-bg","18":"loop-entry"},"taxonomy_info":{"product_brand":[{"value":424,"label":"Wilo"}],"product_cat":[{"value":185,"label":"Pompy obiegowe"}]},"featured_image_src_large":["https:\/\/e-systemygrzewcze.eu\/sklep\/wp-content\/uploads\/2025\/09\/Nowy-projekt-2025-09-16T080811.416.jpg",510,578,false],"author_info":[],"comment_info":"","_links":{"self":[{"href":"https:\/\/e-systemygrzewcze.eu\/sklep\/wp-json\/wp\/v2\/product\/6629","targetHints":{"allow":["GET"]}}],"collection":[{"href":"https:\/\/e-systemygrzewcze.eu\/sklep\/wp-json\/wp\/v2\/product"}],"about":[{"href":"https:\/\/e-systemygrzewcze.eu\/sklep\/wp-json\/wp\/v2\/types\/product"}],"wp:featuredmedia":[{"embeddable":true,"href":"https:\/\/e-systemygrzewcze.eu\/sklep\/wp-json\/wp\/v2\/media\/6640"}],"wp:attachment":[{"href":"https:\/\/e-systemygrzewcze.eu\/sklep\/wp-json\/wp\/v2\/media?parent=6629"}],"wp:term":[{"taxonomy":"product_brand","embeddable":true,"href":"https:\/\/e-systemygrzewcze.eu\/sklep\/wp-json\/wp\/v2\/product_brand?post=6629"},{"taxonomy":"product_cat","embeddable":true,"href":"https:\/\/e-systemygrzewcze.eu\/sklep\/wp-json\/wp\/v2\/product_cat?post=6629"},{"taxonomy":"product_tag","embeddable":true,"href":"https:\/\/e-systemygrzewcze.eu\/sklep\/wp-json\/wp\/v2\/product_tag?post=6629"}],"curies":[{"name":"wp","href":"https:\/\/api.w.org\/{rel}","templated":true}]}}