{"id":6628,"date":"2025-09-16T05:59:23","date_gmt":"2025-09-16T05:59:23","guid":{"rendered":"https:\/\/e-systemygrzewcze.eu\/sklep\/produkt\/wita-pompa-cyrkulacyjna-go-future-z-15-15\/"},"modified":"2026-04-09T09:52:32","modified_gmt":"2026-04-09T09:52:32","slug":"wita-pompa-cyrkulacyjna-go-future-z-15-15","status":"publish","type":"product","link":"https:\/\/e-systemygrzewcze.eu\/sklep\/produkt\/wita-pompa-cyrkulacyjna-go-future-z-15-15\/","title":{"rendered":"WITA Pompa cyrkulacyjna go future Z+ 15-15"},"content":{"rendered":"<h2 data-start=\"84\" data-end=\"157\">\u2705 <strong data-start=\"89\" data-end=\"157\">WITA Pompa cyrkulacyjna go.future Z+ 15-15 \u2013 Najwa\u017cniejsze cechy<\/strong><\/h2>\n<ul data-start=\"159\" data-end=\"406\">\n<li data-start=\"159\" data-end=\"188\">\n<p data-start=\"161\" data-end=\"188\">Funkcja <strong data-start=\"169\" data-end=\"186\">antyblokuj\u0105ca<\/strong><\/p>\n<\/li>\n<li data-start=\"189\" data-end=\"239\">\n<p data-start=\"191\" data-end=\"239\">Wy\u015bwietlacz <strong data-start=\"203\" data-end=\"210\">LCD<\/strong> pokazuj\u0105cy zu\u017cycie energii<\/p>\n<\/li>\n<li data-start=\"240\" data-end=\"278\">\n<p data-start=\"242\" data-end=\"278\"><strong data-start=\"242\" data-end=\"276\">Czujnik temperatury w zestawie<\/strong><\/p>\n<\/li>\n<li data-start=\"279\" data-end=\"305\">\n<p data-start=\"281\" data-end=\"305\"><strong data-start=\"281\" data-end=\"303\">Program tygodniowy<\/strong><\/p>\n<\/li>\n<li data-start=\"306\" data-end=\"353\">\n<p data-start=\"308\" data-end=\"353\">Niewielkie zu\u017cycie energii: <strong data-start=\"336\" data-end=\"351\">2,5 \u2013 7,0 W<\/strong><\/p>\n<\/li>\n<li data-start=\"354\" data-end=\"379\">\n<p data-start=\"356\" data-end=\"379\"><strong data-start=\"356\" data-end=\"377\">Kompaktowa budowa<\/strong><\/p>\n<\/li>\n<li data-start=\"380\" data-end=\"406\">\n<p data-start=\"382\" data-end=\"406\"><strong data-start=\"382\" data-end=\"404\">\u0141o\u017cyska ceramiczne<\/strong><\/p>\n<\/li>\n<\/ul>\n<hr data-start=\"408\" data-end=\"411\" \/>\n<h2 data-start=\"413\" data-end=\"445\">\u2705 <strong data-start=\"418\" data-end=\"445\">3 Charakterystyki pracy<\/strong><\/h2>\n<ul data-start=\"447\" data-end=\"680\">\n<li data-start=\"447\" data-end=\"509\">\n<p data-start=\"449\" data-end=\"509\">Regulacja temperatury <strong data-start=\"471\" data-end=\"507\">bez funkcji sterowania czasowego<\/strong><\/p>\n<\/li>\n<li data-start=\"510\" data-end=\"587\">\n<p data-start=\"512\" data-end=\"587\"><strong data-start=\"512\" data-end=\"543\">Tryb programatora czasowego<\/strong> \u2013 regulacja temperatury z nastaw\u0105 czasow\u0105<\/p>\n<\/li>\n<li data-start=\"588\" data-end=\"680\">\n<p data-start=\"590\" data-end=\"680\"><strong data-start=\"590\" data-end=\"611\">Tryb inteligentny<\/strong> \u2013 regulacja temperatury w oparciu o predefiniowane warto\u015bci timera<\/p>\n<\/li>\n<\/ul>\n<hr data-start=\"682\" data-end=\"685\" \/>\n<h2 data-start=\"687\" data-end=\"711\">\u2705 <strong data-start=\"692\" data-end=\"711\">Dane techniczne<\/strong><\/h2>\n<ul data-start=\"713\" data-end=\"1346\">\n<li data-start=\"713\" data-end=\"759\">\n<p data-start=\"715\" data-end=\"759\">Maksymalna wysoko\u015b\u0107 podnoszenia: <strong data-start=\"748\" data-end=\"757\">1,4 m<\/strong><\/p>\n<\/li>\n<li data-start=\"760\" data-end=\"796\">\n<p data-start=\"762\" data-end=\"796\">Maksymalny przep\u0142yw: <strong data-start=\"783\" data-end=\"794\">650 l\/h<\/strong><\/p>\n<\/li>\n<li data-start=\"797\" data-end=\"828\">\n<p data-start=\"799\" data-end=\"828\">Pob\u00f3r mocy: <strong data-start=\"811\" data-end=\"826\">2,5 \u2013 7,0 W<\/strong><\/p>\n<\/li>\n<li data-start=\"829\" data-end=\"871\">\n<p data-start=\"831\" data-end=\"871\">Regulacja: <strong data-start=\"842\" data-end=\"869\">3 charakterystyki sta\u0142e<\/strong><\/p>\n<\/li>\n<li data-start=\"872\" data-end=\"920\">\n<p data-start=\"874\" data-end=\"920\">Dodatkowe funkcje: <strong data-start=\"893\" data-end=\"918\">funkcja antyblokuj\u0105ca<\/strong><\/p>\n<\/li>\n<li data-start=\"921\" data-end=\"965\">\n<p data-start=\"923\" data-end=\"965\">Napi\u0119cie zasilania: <strong data-start=\"943\" data-end=\"963\">1 x 230 V, 50 Hz<\/strong><\/p>\n<\/li>\n<li data-start=\"966\" data-end=\"996\">\n<p data-start=\"968\" data-end=\"996\">Ochrona silnika: <strong data-start=\"985\" data-end=\"994\">IP 44<\/strong><\/p>\n<\/li>\n<li data-start=\"997\" data-end=\"1027\">\n<p data-start=\"999\" data-end=\"1027\">Stopie\u0144 ochrony: <strong data-start=\"1016\" data-end=\"1025\">IP 42<\/strong><\/p>\n<\/li>\n<li data-start=\"1028\" data-end=\"1073\">\n<p data-start=\"1030\" data-end=\"1073\">Temperatura otoczenia: <strong data-start=\"1053\" data-end=\"1071\">0 \u00b0C do +40 \u00b0C<\/strong><\/p>\n<\/li>\n<li data-start=\"1074\" data-end=\"1116\">\n<p data-start=\"1076\" data-end=\"1116\">Temperatura medium: <strong data-start=\"1096\" data-end=\"1114\">+5 \u00b0C do 65 \u00b0C<\/strong><\/p>\n<\/li>\n<li data-start=\"1117\" data-end=\"1174\">\n<p data-start=\"1119\" data-end=\"1174\">Klasa cieplna: <strong data-start=\"1134\" data-end=\"1172\">TF 60 (zgodnie z norm\u0105 60335-2-51)<\/strong><\/p>\n<\/li>\n<li data-start=\"1175\" data-end=\"1219\">\n<p data-start=\"1177\" data-end=\"1219\">Maksymalne ci\u015bnienie robocze: <strong data-start=\"1207\" data-end=\"1217\">10 bar<\/strong><\/p>\n<\/li>\n<li data-start=\"1220\" data-end=\"1253\">\n<p data-start=\"1222\" data-end=\"1253\">\u015arednica przy\u0142\u0105cza: <strong data-start=\"1242\" data-end=\"1251\">DN 15<\/strong><\/p>\n<\/li>\n<li data-start=\"1254\" data-end=\"1293\">\n<p data-start=\"1256\" data-end=\"1293\">Materia\u0142 korpusu pompy: <strong data-start=\"1280\" data-end=\"1291\">mosi\u0105dz<\/strong><\/p>\n<\/li>\n<li data-start=\"1294\" data-end=\"1317\">\n<p data-start=\"1296\" data-end=\"1317\">Producent: <strong data-start=\"1307\" data-end=\"1315\">WITA<\/strong><\/p>\n<\/li>\n<\/ul>\n","protected":false},"excerpt":{"rendered":"<p><strong>Pompa cyrkulacyjna WITA go.future Z+ 15-15 to energooszcz\u0119dne urz\u0105dzenie do cyrkulacji ciep\u0142ej wody u\u017cytkowej, wyposa\u017cone w wy\u015bwietlacz LCD i funkcj\u0119 antyblokuj\u0105c\u0105. Zapewnia niski pob\u00f3r mocy oraz niezawodn\u0105 prac\u0119 w instalacjach CWU.<\/strong><\/p>\n","protected":false},"featured_media":6638,"template":"","meta":{"_kad_blocks_custom_css":"","_kad_blocks_head_custom_js":"","_kad_blocks_body_custom_js":"","_kad_blocks_footer_custom_js":"","_kad_post_transparent":"default","_kad_post_title":"","_kad_post_layout":"default","_kad_post_sidebar_id":"","_kad_post_content_style":"default","_kad_post_vertical_padding":"default","_kad_post_feature":"","_kad_post_feature_position":"","_kad_post_header":false,"_kad_post_footer":false,"_kad_post_classname":""},"product_brand":[120,26],"product_cat":[186],"product_tag":[],"class_list":{"0":"post-6628","1":"product","2":"type-product","3":"status-publish","4":"has-post-thumbnail","6":"product_brand-ibo","7":"product_brand-wita","8":"product_cat-cyrkulacyjna","9":"product_shipping_class-drobnica","11":"first","12":"instock","13":"taxable","14":"shipping-taxable","15":"purchasable","16":"product-type-simple","17":"entry","18":"content-bg","19":"loop-entry"},"taxonomy_info":{"product_brand":[{"value":120,"label":"Ibo"},{"value":26,"label":"WITA"}],"product_cat":[{"value":186,"label":"Pompy cyrkulacyjne"}]},"featured_image_src_large":["https:\/\/e-systemygrzewcze.eu\/sklep\/wp-content\/uploads\/2025\/09\/Nowy-projekt-2025-09-16T080153.953.jpg",510,578,false],"author_info":[],"comment_info":"","_links":{"self":[{"href":"https:\/\/e-systemygrzewcze.eu\/sklep\/wp-json\/wp\/v2\/product\/6628","targetHints":{"allow":["GET"]}}],"collection":[{"href":"https:\/\/e-systemygrzewcze.eu\/sklep\/wp-json\/wp\/v2\/product"}],"about":[{"href":"https:\/\/e-systemygrzewcze.eu\/sklep\/wp-json\/wp\/v2\/types\/product"}],"wp:featuredmedia":[{"embeddable":true,"href":"https:\/\/e-systemygrzewcze.eu\/sklep\/wp-json\/wp\/v2\/media\/6638"}],"wp:attachment":[{"href":"https:\/\/e-systemygrzewcze.eu\/sklep\/wp-json\/wp\/v2\/media?parent=6628"}],"wp:term":[{"taxonomy":"product_brand","embeddable":true,"href":"https:\/\/e-systemygrzewcze.eu\/sklep\/wp-json\/wp\/v2\/product_brand?post=6628"},{"taxonomy":"product_cat","embeddable":true,"href":"https:\/\/e-systemygrzewcze.eu\/sklep\/wp-json\/wp\/v2\/product_cat?post=6628"},{"taxonomy":"product_tag","embeddable":true,"href":"https:\/\/e-systemygrzewcze.eu\/sklep\/wp-json\/wp\/v2\/product_tag?post=6628"}],"curies":[{"name":"wp","href":"https:\/\/api.w.org\/{rel}","templated":true}]}}