{"id":6620,"date":"2025-09-16T05:44:54","date_gmt":"2025-09-16T05:44:54","guid":{"rendered":"https:\/\/e-systemygrzewcze.eu\/sklep\/produkt\/odpowietrznik-grzejnika-aluminiowego-15-na-pokretlo\/"},"modified":"2026-04-09T09:53:04","modified_gmt":"2026-04-09T09:53:04","slug":"odpowietrznik-grzejnika-aluminiowego-15-na-pokretlo","status":"publish","type":"product","link":"https:\/\/e-systemygrzewcze.eu\/sklep\/produkt\/odpowietrznik-grzejnika-aluminiowego-15-na-pokretlo\/","title":{"rendered":"Odpowietrznik grzejnika aluminiowego 1\/2&#8243; na pokr\u0119t\u0142o"},"content":{"rendered":"","protected":false},"excerpt":{"rendered":"<p><strong>Manualny odpowietrznik do grzejnika aluminiowego 15\u00a0mm z pokr\u0119t\u0142em to prosty, r\u0119czny zaw\u00f3r mosi\u0119\u017cny niklowany, wyposa\u017cony w tworzywowe pokr\u0119t\u0142o, s\u0142u\u017c\u0105cy do skutecznego odpowietrzania instalacji C.O. Przy\u0142\u0105cze 1\/2\u201d, ci\u015bnienie do 10\u00a0bar, temperatura do 120\u00a0\u00b0C<\/strong><\/p>\n","protected":false},"featured_media":6624,"template":"","meta":{"_kad_blocks_custom_css":"","_kad_blocks_head_custom_js":"","_kad_blocks_body_custom_js":"","_kad_blocks_footer_custom_js":"","_kad_post_transparent":"default","_kad_post_title":"","_kad_post_layout":"default","_kad_post_sidebar_id":"","_kad_post_content_style":"default","_kad_post_vertical_padding":"default","_kad_post_feature":"","_kad_post_feature_position":"","_kad_post_header":false,"_kad_post_footer":false,"_kad_post_classname":""},"product_brand":[],"product_cat":[395],"product_tag":[],"class_list":{"0":"post-6620","1":"product","2":"type-product","3":"status-publish","4":"has-post-thumbnail","6":"product_cat-akcesoria-grzejniki","7":"product_shipping_class-drobnica","9":"first","10":"instock","11":"taxable","12":"shipping-taxable","13":"purchasable","14":"product-type-simple","15":"entry","16":"content-bg","17":"loop-entry"},"taxonomy_info":{"product_cat":[{"value":395,"label":"Akcesoria"}]},"featured_image_src_large":["https:\/\/e-systemygrzewcze.eu\/sklep\/wp-content\/uploads\/2025\/09\/Nowy-projekt-2025-09-16T075422.013.jpg",510,578,false],"author_info":[],"comment_info":"","_links":{"self":[{"href":"https:\/\/e-systemygrzewcze.eu\/sklep\/wp-json\/wp\/v2\/product\/6620","targetHints":{"allow":["GET"]}}],"collection":[{"href":"https:\/\/e-systemygrzewcze.eu\/sklep\/wp-json\/wp\/v2\/product"}],"about":[{"href":"https:\/\/e-systemygrzewcze.eu\/sklep\/wp-json\/wp\/v2\/types\/product"}],"wp:featuredmedia":[{"embeddable":true,"href":"https:\/\/e-systemygrzewcze.eu\/sklep\/wp-json\/wp\/v2\/media\/6624"}],"wp:attachment":[{"href":"https:\/\/e-systemygrzewcze.eu\/sklep\/wp-json\/wp\/v2\/media?parent=6620"}],"wp:term":[{"taxonomy":"product_brand","embeddable":true,"href":"https:\/\/e-systemygrzewcze.eu\/sklep\/wp-json\/wp\/v2\/product_brand?post=6620"},{"taxonomy":"product_cat","embeddable":true,"href":"https:\/\/e-systemygrzewcze.eu\/sklep\/wp-json\/wp\/v2\/product_cat?post=6620"},{"taxonomy":"product_tag","embeddable":true,"href":"https:\/\/e-systemygrzewcze.eu\/sklep\/wp-json\/wp\/v2\/product_tag?post=6620"}],"curies":[{"name":"wp","href":"https:\/\/api.w.org\/{rel}","templated":true}]}}