{"id":6615,"date":"2025-09-16T05:40:03","date_gmt":"2025-09-16T05:40:03","guid":{"rendered":"https:\/\/e-systemygrzewcze.eu\/sklep\/produkt\/uchwyt-naczynie-zbiorczego-przeponowego-bialy\/"},"modified":"2026-04-09T09:53:13","modified_gmt":"2026-04-09T09:53:13","slug":"uchwyt-naczynie-zbiorczego-przeponowego-bialy","status":"publish","type":"product","link":"https:\/\/e-systemygrzewcze.eu\/sklep\/produkt\/uchwyt-naczynie-zbiorczego-przeponowego-bialy\/","title":{"rendered":"Uchwyt naczynia zbiorczo\/przeponowego bia\u0142y"},"content":{"rendered":"","protected":false},"excerpt":{"rendered":"<p><strong>Uchwyt do naczynia zbiorczo\/przeponowego bia\u0142y to praktyczny element monta\u017cowy, kt\u00f3ry stabilnie i estetycznie mocuje zbiornik do \u015bciany lub innej powierzchni. Wykonany z trwa\u0142ego materia\u0142u, zapewnia bezpieczne i trwa\u0142e zamocowanie.<\/strong><\/p>\n","protected":false},"featured_media":7891,"template":"","meta":{"_kad_blocks_custom_css":"","_kad_blocks_head_custom_js":"","_kad_blocks_body_custom_js":"","_kad_blocks_footer_custom_js":"","_kad_post_transparent":"default","_kad_post_title":"","_kad_post_layout":"default","_kad_post_sidebar_id":"","_kad_post_content_style":"default","_kad_post_vertical_padding":"default","_kad_post_feature":"","_kad_post_feature_position":"","_kad_post_header":false,"_kad_post_footer":false,"_kad_post_classname":""},"product_brand":[],"product_cat":[203],"product_tag":[],"class_list":{"0":"post-6615","1":"product","2":"type-product","3":"status-publish","4":"has-post-thumbnail","6":"product_cat-akcesoria-naczyn-przeponow-wyrownawcze","7":"product_shipping_class-drobnica","9":"first","10":"instock","11":"taxable","12":"shipping-taxable","13":"purchasable","14":"product-type-simple","15":"entry","16":"content-bg","17":"loop-entry"},"taxonomy_info":{"product_cat":[{"value":203,"label":"Akcesoria naczy\u0144 przeponow\/wyr\u00f3wnawcze"}]},"featured_image_src_large":["https:\/\/e-systemygrzewcze.eu\/sklep\/wp-content\/uploads\/2025\/09\/Nowy-projekt-2025-12-11T161945.265.jpg",510,587,false],"author_info":[],"comment_info":"","_links":{"self":[{"href":"https:\/\/e-systemygrzewcze.eu\/sklep\/wp-json\/wp\/v2\/product\/6615","targetHints":{"allow":["GET"]}}],"collection":[{"href":"https:\/\/e-systemygrzewcze.eu\/sklep\/wp-json\/wp\/v2\/product"}],"about":[{"href":"https:\/\/e-systemygrzewcze.eu\/sklep\/wp-json\/wp\/v2\/types\/product"}],"wp:featuredmedia":[{"embeddable":true,"href":"https:\/\/e-systemygrzewcze.eu\/sklep\/wp-json\/wp\/v2\/media\/7891"}],"wp:attachment":[{"href":"https:\/\/e-systemygrzewcze.eu\/sklep\/wp-json\/wp\/v2\/media?parent=6615"}],"wp:term":[{"taxonomy":"product_brand","embeddable":true,"href":"https:\/\/e-systemygrzewcze.eu\/sklep\/wp-json\/wp\/v2\/product_brand?post=6615"},{"taxonomy":"product_cat","embeddable":true,"href":"https:\/\/e-systemygrzewcze.eu\/sklep\/wp-json\/wp\/v2\/product_cat?post=6615"},{"taxonomy":"product_tag","embeddable":true,"href":"https:\/\/e-systemygrzewcze.eu\/sklep\/wp-json\/wp\/v2\/product_tag?post=6615"}],"curies":[{"name":"wp","href":"https:\/\/api.w.org\/{rel}","templated":true}]}}