{"id":6559,"date":"2025-09-15T13:42:21","date_gmt":"2025-09-15T13:42:21","guid":{"rendered":"https:\/\/e-systemygrzewcze.eu\/sklep\/produkt\/duct-szara-tasma-do-izolacji-48x25\/"},"modified":"2026-04-09T09:58:04","modified_gmt":"2026-04-09T09:58:04","slug":"duct-szara-tasma-do-izolacji-48x25","status":"publish","type":"product","link":"https:\/\/e-systemygrzewcze.eu\/sklep\/produkt\/duct-szara-tasma-do-izolacji-48x25\/","title":{"rendered":"DUCT Szara ta\u015bma do izolacji 48&#215;25"},"content":{"rendered":"","protected":false},"excerpt":{"rendered":"<p><strong>DUCT szara ta\u015bma do izolacji 48 mm x 25 m to trwa\u0142y materia\u0142 do uszczelniania i ochrony izolacji, zapewniaj\u0105cy dobr\u0105 przyczepno\u015b\u0107 i odporno\u015b\u0107 na wilgo\u0107. Idealna do napraw i zabezpiecze\u0144 w instalacjach.<\/strong><\/p>\n","protected":false},"featured_media":6561,"template":"","meta":{"_kad_blocks_custom_css":"","_kad_blocks_head_custom_js":"","_kad_blocks_body_custom_js":"","_kad_blocks_footer_custom_js":"","_kad_post_transparent":"default","_kad_post_title":"","_kad_post_layout":"default","_kad_post_sidebar_id":"","_kad_post_content_style":"default","_kad_post_vertical_padding":"default","_kad_post_feature":"","_kad_post_feature_position":"","_kad_post_header":false,"_kad_post_footer":false,"_kad_post_classname":""},"product_brand":[422],"product_cat":[350],"product_tag":[],"class_list":{"0":"post-6559","1":"product","2":"type-product","3":"status-publish","4":"has-post-thumbnail","6":"product_brand-duct","7":"product_cat-tasmy","8":"product_shipping_class-drobnica","10":"first","11":"instock","12":"taxable","13":"shipping-taxable","14":"purchasable","15":"product-type-simple","16":"entry","17":"content-bg","18":"loop-entry"},"taxonomy_info":{"product_brand":[{"value":422,"label":"Duct"}],"product_cat":[{"value":350,"label":"Ta\u015bmy"}]},"featured_image_src_large":["https:\/\/e-systemygrzewcze.eu\/sklep\/wp-content\/uploads\/2025\/09\/Nowy-projekt-2025-09-15T154343.892.jpg",510,578,false],"author_info":[],"comment_info":"","_links":{"self":[{"href":"https:\/\/e-systemygrzewcze.eu\/sklep\/wp-json\/wp\/v2\/product\/6559","targetHints":{"allow":["GET"]}}],"collection":[{"href":"https:\/\/e-systemygrzewcze.eu\/sklep\/wp-json\/wp\/v2\/product"}],"about":[{"href":"https:\/\/e-systemygrzewcze.eu\/sklep\/wp-json\/wp\/v2\/types\/product"}],"wp:featuredmedia":[{"embeddable":true,"href":"https:\/\/e-systemygrzewcze.eu\/sklep\/wp-json\/wp\/v2\/media\/6561"}],"wp:attachment":[{"href":"https:\/\/e-systemygrzewcze.eu\/sklep\/wp-json\/wp\/v2\/media?parent=6559"}],"wp:term":[{"taxonomy":"product_brand","embeddable":true,"href":"https:\/\/e-systemygrzewcze.eu\/sklep\/wp-json\/wp\/v2\/product_brand?post=6559"},{"taxonomy":"product_cat","embeddable":true,"href":"https:\/\/e-systemygrzewcze.eu\/sklep\/wp-json\/wp\/v2\/product_cat?post=6559"},{"taxonomy":"product_tag","embeddable":true,"href":"https:\/\/e-systemygrzewcze.eu\/sklep\/wp-json\/wp\/v2\/product_tag?post=6559"}],"curies":[{"name":"wp","href":"https:\/\/api.w.org\/{rel}","templated":true}]}}