{"id":6465,"date":"2025-09-13T05:39:47","date_gmt":"2025-09-13T05:39:47","guid":{"rendered":"https:\/\/e-systemygrzewcze.eu\/sklep\/produkt\/gaz-luk-zaciskowy-22-45-1k\/"},"modified":"2026-03-09T15:20:11","modified_gmt":"2026-03-09T15:20:11","slug":"gaz-luk-zaciskowy-22-45-1k","status":"publish","type":"product","link":"https:\/\/e-systemygrzewcze.eu\/sklep\/produkt\/gaz-luk-zaciskowy-22-45-1k\/","title":{"rendered":"Gaz \u0142uk zaciskowy 22\/45\u00b0 1K"},"content":{"rendered":"","protected":false},"excerpt":{"rendered":"<p><strong>\u201eGazowy \u0142uk zaciskowy 22\/45\u00b0 1K to solidna kszta\u0142tka do instalacji gazowych. Umo\u017cliwia trwa\u0142e i szczelne po\u0142\u0105czenie rur pod k\u0105tem 45\u00b0 poprzez zacisk kszta\u0142tki, zapewniaj\u0105c bezpiecze\u0144stwo oraz niezawodno\u015b\u0107 systemu.\u201d<\/strong><\/p>\n","protected":false},"featured_media":6475,"template":"","meta":{"_kad_blocks_custom_css":"","_kad_blocks_head_custom_js":"","_kad_blocks_body_custom_js":"","_kad_blocks_footer_custom_js":"","_kad_post_transparent":"default","_kad_post_title":"","_kad_post_layout":"default","_kad_post_sidebar_id":"","_kad_post_content_style":"default","_kad_post_vertical_padding":"default","_kad_post_feature":"","_kad_post_feature_position":"","_kad_post_header":false,"_kad_post_footer":false,"_kad_post_classname":""},"product_brand":[],"product_cat":[390],"product_tag":[],"class_list":{"0":"post-6465","1":"product","2":"type-product","3":"status-publish","4":"has-post-thumbnail","6":"product_cat-ksztaltki-gazowe-zaciskowe","7":"product_shipping_class-drobnica","9":"first","10":"instock","11":"taxable","12":"shipping-taxable","13":"purchasable","14":"product-type-simple","15":"entry","16":"content-bg","17":"loop-entry"},"taxonomy_info":{"product_cat":[{"value":390,"label":"Kszta\u0142tki gazowe (zaciskowe)"}]},"featured_image_src_large":["https:\/\/e-systemygrzewcze.eu\/sklep\/wp-content\/uploads\/2025\/09\/Nowy-projekt-2025-09-13T080417.737.jpg",510,587,false],"author_info":[],"comment_info":"","_links":{"self":[{"href":"https:\/\/e-systemygrzewcze.eu\/sklep\/wp-json\/wp\/v2\/product\/6465","targetHints":{"allow":["GET"]}}],"collection":[{"href":"https:\/\/e-systemygrzewcze.eu\/sklep\/wp-json\/wp\/v2\/product"}],"about":[{"href":"https:\/\/e-systemygrzewcze.eu\/sklep\/wp-json\/wp\/v2\/types\/product"}],"wp:featuredmedia":[{"embeddable":true,"href":"https:\/\/e-systemygrzewcze.eu\/sklep\/wp-json\/wp\/v2\/media\/6475"}],"wp:attachment":[{"href":"https:\/\/e-systemygrzewcze.eu\/sklep\/wp-json\/wp\/v2\/media?parent=6465"}],"wp:term":[{"taxonomy":"product_brand","embeddable":true,"href":"https:\/\/e-systemygrzewcze.eu\/sklep\/wp-json\/wp\/v2\/product_brand?post=6465"},{"taxonomy":"product_cat","embeddable":true,"href":"https:\/\/e-systemygrzewcze.eu\/sklep\/wp-json\/wp\/v2\/product_cat?post=6465"},{"taxonomy":"product_tag","embeddable":true,"href":"https:\/\/e-systemygrzewcze.eu\/sklep\/wp-json\/wp\/v2\/product_tag?post=6465"}],"curies":[{"name":"wp","href":"https:\/\/api.w.org\/{rel}","templated":true}]}}