{"id":6356,"date":"2025-09-10T10:19:16","date_gmt":"2025-09-10T10:19:16","guid":{"rendered":"https:\/\/e-systemygrzewcze.eu\/sklep\/produkt\/duct-biala-tasma-do-izolacji-48x50\/"},"modified":"2026-04-09T09:59:53","modified_gmt":"2026-04-09T09:59:53","slug":"duct-biala-tasma-do-izolacji-48x50","status":"publish","type":"product","link":"https:\/\/e-systemygrzewcze.eu\/sklep\/produkt\/duct-biala-tasma-do-izolacji-48x50\/","title":{"rendered":"DUCT Bia\u0142a ta\u015bma do izolacji 48&#215;50"},"content":{"rendered":"","protected":false},"excerpt":{"rendered":"<p><strong>DUCT bia\u0142a ta\u015bma do izolacji 48 mm x 50 m to wytrzyma\u0142y materia\u0142 do uszczelniania i zabezpieczania izolacji. Charakteryzuje si\u0119 dobr\u0105 przyczepno\u015bci\u0105 i odporno\u015bci\u0105 na wilgo\u0107.<\/strong><\/p>\n","protected":false},"featured_media":6368,"template":"","meta":{"_kad_blocks_custom_css":"","_kad_blocks_head_custom_js":"","_kad_blocks_body_custom_js":"","_kad_blocks_footer_custom_js":"","_kad_post_transparent":"default","_kad_post_title":"","_kad_post_layout":"default","_kad_post_sidebar_id":"","_kad_post_content_style":"default","_kad_post_vertical_padding":"default","_kad_post_feature":"","_kad_post_feature_position":"","_kad_post_header":false,"_kad_post_footer":false,"_kad_post_classname":""},"product_brand":[422],"product_cat":[350],"product_tag":[],"class_list":{"0":"post-6356","1":"product","2":"type-product","3":"status-publish","4":"has-post-thumbnail","6":"product_brand-duct","7":"product_cat-tasmy","8":"product_shipping_class-drobnica","10":"first","11":"instock","12":"taxable","13":"shipping-taxable","14":"purchasable","15":"product-type-simple","16":"entry","17":"content-bg","18":"loop-entry"},"taxonomy_info":{"product_brand":[{"value":422,"label":"Duct"}],"product_cat":[{"value":350,"label":"Ta\u015bmy"}]},"featured_image_src_large":["https:\/\/e-systemygrzewcze.eu\/sklep\/wp-content\/uploads\/2025\/09\/Nowy-projekt-2025-09-10T122905.255.jpg",510,578,false],"author_info":[],"comment_info":"","_links":{"self":[{"href":"https:\/\/e-systemygrzewcze.eu\/sklep\/wp-json\/wp\/v2\/product\/6356","targetHints":{"allow":["GET"]}}],"collection":[{"href":"https:\/\/e-systemygrzewcze.eu\/sklep\/wp-json\/wp\/v2\/product"}],"about":[{"href":"https:\/\/e-systemygrzewcze.eu\/sklep\/wp-json\/wp\/v2\/types\/product"}],"wp:featuredmedia":[{"embeddable":true,"href":"https:\/\/e-systemygrzewcze.eu\/sklep\/wp-json\/wp\/v2\/media\/6368"}],"wp:attachment":[{"href":"https:\/\/e-systemygrzewcze.eu\/sklep\/wp-json\/wp\/v2\/media?parent=6356"}],"wp:term":[{"taxonomy":"product_brand","embeddable":true,"href":"https:\/\/e-systemygrzewcze.eu\/sklep\/wp-json\/wp\/v2\/product_brand?post=6356"},{"taxonomy":"product_cat","embeddable":true,"href":"https:\/\/e-systemygrzewcze.eu\/sklep\/wp-json\/wp\/v2\/product_cat?post=6356"},{"taxonomy":"product_tag","embeddable":true,"href":"https:\/\/e-systemygrzewcze.eu\/sklep\/wp-json\/wp\/v2\/product_tag?post=6356"}],"curies":[{"name":"wp","href":"https:\/\/api.w.org\/{rel}","templated":true}]}}