{"id":6310,"date":"2025-09-10T06:39:20","date_gmt":"2025-09-10T06:39:20","guid":{"rendered":"https:\/\/e-systemygrzewcze.eu\/sklep\/produkt\/wklad-sznurkowy-do-filtra-wody-20-mik-10\/"},"modified":"2026-04-09T10:01:08","modified_gmt":"2026-04-09T10:01:08","slug":"wklad-sznurkowy-do-filtra-wody-20-mik-10","status":"publish","type":"product","link":"https:\/\/e-systemygrzewcze.eu\/sklep\/produkt\/wklad-sznurkowy-do-filtra-wody-20-mik-10\/","title":{"rendered":"Wk\u0142ad sznurkowy do filtra wody 20 mik. 10&#8243;"},"content":{"rendered":"","protected":false},"excerpt":{"rendered":"<p><strong>Wk\u0142ad sznurkowy do filtra wody 20 mik. 10&#8243; \u2013 mechaniczny wk\u0142ad filtracyjny z prz\u0119dzy polipropylenowej, o dok\u0142adno\u015bci filtracji 20 mikron\u00f3w. Usuwa z wody wi\u0119ksze zanieczyszczenia sta\u0142e, takie jak piasek, rdza i osady. Przeznaczony do standardowych obud\u00f3w 10 cali. Idealny do wst\u0119pnej ochrony instalacji wodnych w domach i obiektach u\u017cytkowych.<\/strong><\/p>\n","protected":false},"featured_media":6315,"template":"","meta":{"_kad_blocks_custom_css":"","_kad_blocks_head_custom_js":"","_kad_blocks_body_custom_js":"","_kad_blocks_footer_custom_js":"","_kad_post_transparent":"default","_kad_post_title":"","_kad_post_layout":"default","_kad_post_sidebar_id":"","_kad_post_content_style":"default","_kad_post_vertical_padding":"default","_kad_post_feature":"","_kad_post_feature_position":"","_kad_post_header":false,"_kad_post_footer":false,"_kad_post_classname":""},"product_brand":[],"product_cat":[358],"product_tag":[],"class_list":{"0":"post-6310","1":"product","2":"type-product","3":"status-publish","4":"has-post-thumbnail","6":"product_cat-filtry-do-wody","7":"product_shipping_class-drobnica","9":"first","10":"instock","11":"taxable","12":"shipping-taxable","13":"purchasable","14":"product-type-simple","15":"entry","16":"content-bg","17":"loop-entry"},"taxonomy_info":{"product_cat":[{"value":358,"label":"Filtry do wody"}]},"featured_image_src_large":["https:\/\/e-systemygrzewcze.eu\/sklep\/wp-content\/uploads\/2025\/09\/Nowy-projekt-2025-09-10T084716.316.jpg",510,578,false],"author_info":[],"comment_info":"","_links":{"self":[{"href":"https:\/\/e-systemygrzewcze.eu\/sklep\/wp-json\/wp\/v2\/product\/6310","targetHints":{"allow":["GET"]}}],"collection":[{"href":"https:\/\/e-systemygrzewcze.eu\/sklep\/wp-json\/wp\/v2\/product"}],"about":[{"href":"https:\/\/e-systemygrzewcze.eu\/sklep\/wp-json\/wp\/v2\/types\/product"}],"wp:featuredmedia":[{"embeddable":true,"href":"https:\/\/e-systemygrzewcze.eu\/sklep\/wp-json\/wp\/v2\/media\/6315"}],"wp:attachment":[{"href":"https:\/\/e-systemygrzewcze.eu\/sklep\/wp-json\/wp\/v2\/media?parent=6310"}],"wp:term":[{"taxonomy":"product_brand","embeddable":true,"href":"https:\/\/e-systemygrzewcze.eu\/sklep\/wp-json\/wp\/v2\/product_brand?post=6310"},{"taxonomy":"product_cat","embeddable":true,"href":"https:\/\/e-systemygrzewcze.eu\/sklep\/wp-json\/wp\/v2\/product_cat?post=6310"},{"taxonomy":"product_tag","embeddable":true,"href":"https:\/\/e-systemygrzewcze.eu\/sklep\/wp-json\/wp\/v2\/product_tag?post=6310"}],"curies":[{"name":"wp","href":"https:\/\/api.w.org\/{rel}","templated":true}]}}