{"id":6308,"date":"2025-09-10T06:39:12","date_gmt":"2025-09-10T06:39:12","guid":{"rendered":"https:\/\/e-systemygrzewcze.eu\/sklep\/produkt\/wklad-polipropylenowy-do-filtra-wody-20-mik-20\/"},"modified":"2026-04-09T10:01:20","modified_gmt":"2026-04-09T10:01:20","slug":"wklad-polipropylenowy-do-filtra-wody-20-mik-20","status":"publish","type":"product","link":"https:\/\/e-systemygrzewcze.eu\/sklep\/produkt\/wklad-polipropylenowy-do-filtra-wody-20-mik-20\/","title":{"rendered":"Wk\u0142ad polipropylenowy do filtra wody 20 mik. 20&#8243;"},"content":{"rendered":"","protected":false},"excerpt":{"rendered":"<p><strong>Wk\u0142ad polipropylenowy do filtra wody 20 mik. 20&#8243; \u2013 filtr mechaniczny wykonany z w\u0142\u00f3kniny polipropylenowej o dok\u0142adno\u015bci filtracji 20 mikron\u00f3w. Przeznaczony do usuwania z wody zanieczyszcze\u0144 sta\u0142ych, takich jak piasek, rdza i zawiesiny. Pasuje do standardowych obud\u00f3w 20 cali. Idealny jako pierwszy etap uzdatniania wody w instalacjach domowych i przemys\u0142owych.<\/strong><\/p>\n","protected":false},"featured_media":6317,"template":"","meta":{"_kad_blocks_custom_css":"","_kad_blocks_head_custom_js":"","_kad_blocks_body_custom_js":"","_kad_blocks_footer_custom_js":"","_kad_post_transparent":"default","_kad_post_title":"","_kad_post_layout":"default","_kad_post_sidebar_id":"","_kad_post_content_style":"default","_kad_post_vertical_padding":"default","_kad_post_feature":"","_kad_post_feature_position":"","_kad_post_header":false,"_kad_post_footer":false,"_kad_post_classname":""},"product_brand":[],"product_cat":[358],"product_tag":[],"class_list":{"0":"post-6308","1":"product","2":"type-product","3":"status-publish","4":"has-post-thumbnail","6":"product_cat-filtry-do-wody","7":"product_shipping_class-drobnica","9":"first","10":"instock","11":"taxable","12":"shipping-taxable","13":"purchasable","14":"product-type-simple","15":"entry","16":"content-bg","17":"loop-entry"},"taxonomy_info":{"product_cat":[{"value":358,"label":"Filtry do wody"}]},"featured_image_src_large":["https:\/\/e-systemygrzewcze.eu\/sklep\/wp-content\/uploads\/2025\/09\/Nowy-projekt-2025-09-10T085001.681.jpg",510,578,false],"author_info":[],"comment_info":"","_links":{"self":[{"href":"https:\/\/e-systemygrzewcze.eu\/sklep\/wp-json\/wp\/v2\/product\/6308","targetHints":{"allow":["GET"]}}],"collection":[{"href":"https:\/\/e-systemygrzewcze.eu\/sklep\/wp-json\/wp\/v2\/product"}],"about":[{"href":"https:\/\/e-systemygrzewcze.eu\/sklep\/wp-json\/wp\/v2\/types\/product"}],"wp:featuredmedia":[{"embeddable":true,"href":"https:\/\/e-systemygrzewcze.eu\/sklep\/wp-json\/wp\/v2\/media\/6317"}],"wp:attachment":[{"href":"https:\/\/e-systemygrzewcze.eu\/sklep\/wp-json\/wp\/v2\/media?parent=6308"}],"wp:term":[{"taxonomy":"product_brand","embeddable":true,"href":"https:\/\/e-systemygrzewcze.eu\/sklep\/wp-json\/wp\/v2\/product_brand?post=6308"},{"taxonomy":"product_cat","embeddable":true,"href":"https:\/\/e-systemygrzewcze.eu\/sklep\/wp-json\/wp\/v2\/product_cat?post=6308"},{"taxonomy":"product_tag","embeddable":true,"href":"https:\/\/e-systemygrzewcze.eu\/sklep\/wp-json\/wp\/v2\/product_tag?post=6308"}],"curies":[{"name":"wp","href":"https:\/\/api.w.org\/{rel}","templated":true}]}}