{"id":6307,"date":"2025-09-10T06:39:07","date_gmt":"2025-09-10T06:39:07","guid":{"rendered":"https:\/\/e-systemygrzewcze.eu\/sklep\/produkt\/wklad-piankowy-antybakteryjny-do-filtra-wody-5-mik-10\/"},"modified":"2026-04-09T10:01:30","modified_gmt":"2026-04-09T10:01:30","slug":"wklad-piankowy-antybakteryjny-do-filtra-wody-5-mik-10","status":"publish","type":"product","link":"https:\/\/e-systemygrzewcze.eu\/sklep\/produkt\/wklad-piankowy-antybakteryjny-do-filtra-wody-5-mik-10\/","title":{"rendered":"Wk\u0142ad piankowy antybakteryjny do filtra wody 5 mik. 10&#8243;"},"content":{"rendered":"","protected":false},"excerpt":{"rendered":"<p><strong>Wk\u0142ad piankowy antybakteryjny do filtra wody 5 mik. 10&#8243; \u2013 filtr z pianki polipropylenowej o dok\u0142adno\u015bci 5 mikron\u00f3w, wzbogacony o \u015brodek antybakteryjny. Skutecznie zatrzymuje zanieczyszczenia mechaniczne, takie jak piasek, rdza i mu\u0142, jednocze\u015bnie ograniczaj\u0105c rozw\u00f3j bakterii wewn\u0105trz wk\u0142adu. Przeznaczony do standardowych obud\u00f3w 10&#8243;, idealny do wst\u0119pnej filtracji wody pitnej i u\u017cytkowej.<\/strong><\/p>\n","protected":false},"featured_media":6318,"template":"","meta":{"_kad_blocks_custom_css":"","_kad_blocks_head_custom_js":"","_kad_blocks_body_custom_js":"","_kad_blocks_footer_custom_js":"","_kad_post_transparent":"default","_kad_post_title":"","_kad_post_layout":"default","_kad_post_sidebar_id":"","_kad_post_content_style":"default","_kad_post_vertical_padding":"default","_kad_post_feature":"","_kad_post_feature_position":"","_kad_post_header":false,"_kad_post_footer":false,"_kad_post_classname":""},"product_brand":[],"product_cat":[358],"product_tag":[],"class_list":{"0":"post-6307","1":"product","2":"type-product","3":"status-publish","4":"has-post-thumbnail","6":"product_cat-filtry-do-wody","7":"product_shipping_class-drobnica","9":"first","10":"instock","11":"taxable","12":"shipping-taxable","13":"purchasable","14":"product-type-simple","15":"entry","16":"content-bg","17":"loop-entry"},"taxonomy_info":{"product_cat":[{"value":358,"label":"Filtry do wody"}]},"featured_image_src_large":["https:\/\/e-systemygrzewcze.eu\/sklep\/wp-content\/uploads\/2025\/09\/Nowy-projekt-2025-09-10T085157.747.jpg",510,578,false],"author_info":[],"comment_info":"","_links":{"self":[{"href":"https:\/\/e-systemygrzewcze.eu\/sklep\/wp-json\/wp\/v2\/product\/6307","targetHints":{"allow":["GET"]}}],"collection":[{"href":"https:\/\/e-systemygrzewcze.eu\/sklep\/wp-json\/wp\/v2\/product"}],"about":[{"href":"https:\/\/e-systemygrzewcze.eu\/sklep\/wp-json\/wp\/v2\/types\/product"}],"wp:featuredmedia":[{"embeddable":true,"href":"https:\/\/e-systemygrzewcze.eu\/sklep\/wp-json\/wp\/v2\/media\/6318"}],"wp:attachment":[{"href":"https:\/\/e-systemygrzewcze.eu\/sklep\/wp-json\/wp\/v2\/media?parent=6307"}],"wp:term":[{"taxonomy":"product_brand","embeddable":true,"href":"https:\/\/e-systemygrzewcze.eu\/sklep\/wp-json\/wp\/v2\/product_brand?post=6307"},{"taxonomy":"product_cat","embeddable":true,"href":"https:\/\/e-systemygrzewcze.eu\/sklep\/wp-json\/wp\/v2\/product_cat?post=6307"},{"taxonomy":"product_tag","embeddable":true,"href":"https:\/\/e-systemygrzewcze.eu\/sklep\/wp-json\/wp\/v2\/product_tag?post=6307"}],"curies":[{"name":"wp","href":"https:\/\/api.w.org\/{rel}","templated":true}]}}