{"id":6304,"date":"2025-09-10T06:38:07","date_gmt":"2025-09-10T06:38:07","guid":{"rendered":"https:\/\/e-systemygrzewcze.eu\/sklep\/produkt\/obudowa-filtra-do-wody-potrojna-10-3-4-gw-komplet-plytka-klucz\/"},"modified":"2026-04-09T10:01:47","modified_gmt":"2026-04-09T10:01:47","slug":"obudowa-filtra-do-wody-potrojna-10-3-4-gw-komplet-plytka-klucz","status":"publish","type":"product","link":"https:\/\/e-systemygrzewcze.eu\/sklep\/produkt\/obudowa-filtra-do-wody-potrojna-10-3-4-gw-komplet-plytka-klucz\/","title":{"rendered":"Obudowa filtra do wody potr\u00f3jna 10&#8243; 3\/4 GW komplet p\u0142ytka + klucz"},"content":{"rendered":"","protected":false},"excerpt":{"rendered":"<p><strong>Obudowa filtra do wody potr\u00f3jna 10&#8243; 3\/4 GW komplet p\u0142ytka + klucz \u2013 wytrzyma\u0142a potr\u00f3jna obudowa na wk\u0142ady filtracyjne 10 cali, z gwintem 3\/4&#8243;. Umo\u017cliwia monta\u017c trzech wk\u0142ad\u00f3w, co pozwala na wieloetapow\u0105 filtracj\u0119 wody. Zestaw zawiera p\u0142ytk\u0119 monta\u017cow\u0105 i klucz serwisowy, u\u0142atwiaj\u0105cy instalacj\u0119 i wymian\u0119 wk\u0142ad\u00f3w. Doskona\u0142a do domowych system\u00f3w uzdatniania wody.<\/strong><\/p>\n","protected":false},"featured_media":7890,"template":"","meta":{"_kad_blocks_custom_css":"","_kad_blocks_head_custom_js":"","_kad_blocks_body_custom_js":"","_kad_blocks_footer_custom_js":"","_kad_post_transparent":"default","_kad_post_title":"","_kad_post_layout":"default","_kad_post_sidebar_id":"","_kad_post_content_style":"default","_kad_post_vertical_padding":"default","_kad_post_feature":"","_kad_post_feature_position":"","_kad_post_header":false,"_kad_post_footer":false,"_kad_post_classname":""},"product_brand":[24],"product_cat":[358],"product_tag":[],"class_list":{"0":"post-6304","1":"product","2":"type-product","3":"status-publish","4":"has-post-thumbnail","6":"product_brand-klarwod","7":"product_cat-filtry-do-wody","8":"product_shipping_class-drobnica","10":"first","11":"instock","12":"taxable","13":"shipping-taxable","14":"purchasable","15":"product-type-simple","16":"entry","17":"content-bg","18":"loop-entry"},"taxonomy_info":{"product_brand":[{"value":24,"label":"KLARWOD"}],"product_cat":[{"value":358,"label":"Filtry do wody"}]},"featured_image_src_large":["https:\/\/e-systemygrzewcze.eu\/sklep\/wp-content\/uploads\/2025\/09\/Nowy-projekt-2025-12-11T161208.235.jpg",510,587,false],"author_info":[],"comment_info":"","_links":{"self":[{"href":"https:\/\/e-systemygrzewcze.eu\/sklep\/wp-json\/wp\/v2\/product\/6304","targetHints":{"allow":["GET"]}}],"collection":[{"href":"https:\/\/e-systemygrzewcze.eu\/sklep\/wp-json\/wp\/v2\/product"}],"about":[{"href":"https:\/\/e-systemygrzewcze.eu\/sklep\/wp-json\/wp\/v2\/types\/product"}],"wp:featuredmedia":[{"embeddable":true,"href":"https:\/\/e-systemygrzewcze.eu\/sklep\/wp-json\/wp\/v2\/media\/7890"}],"wp:attachment":[{"href":"https:\/\/e-systemygrzewcze.eu\/sklep\/wp-json\/wp\/v2\/media?parent=6304"}],"wp:term":[{"taxonomy":"product_brand","embeddable":true,"href":"https:\/\/e-systemygrzewcze.eu\/sklep\/wp-json\/wp\/v2\/product_brand?post=6304"},{"taxonomy":"product_cat","embeddable":true,"href":"https:\/\/e-systemygrzewcze.eu\/sklep\/wp-json\/wp\/v2\/product_cat?post=6304"},{"taxonomy":"product_tag","embeddable":true,"href":"https:\/\/e-systemygrzewcze.eu\/sklep\/wp-json\/wp\/v2\/product_tag?post=6304"}],"curies":[{"name":"wp","href":"https:\/\/api.w.org\/{rel}","templated":true}]}}