{"id":6303,"date":"2025-09-10T06:38:04","date_gmt":"2025-09-10T06:38:04","guid":{"rendered":"https:\/\/e-systemygrzewcze.eu\/sklep\/produkt\/obudowa-do-filtra-na-wode-podowjna-10-3-4-gw-komplet-plytka-klucz\/"},"modified":"2026-04-09T10:01:55","modified_gmt":"2026-04-09T10:01:55","slug":"obudowa-do-filtra-na-wode-podowjna-10-3-4-gw-komplet-plytka-klucz","status":"publish","type":"product","link":"https:\/\/e-systemygrzewcze.eu\/sklep\/produkt\/obudowa-do-filtra-na-wode-podowjna-10-3-4-gw-komplet-plytka-klucz\/","title":{"rendered":"Obudowa do filtra na wode pod\u00f3wjna 10&#8243; 3\/4 GW komplet p\u0142ytka + klucz"},"content":{"rendered":"<h2 data-start=\"172\" data-end=\"260\">\ud83d\udca7 Obudowa do filtra wody podw\u00f3jna 10&#8243; 3\/4&#8243; GW \u2013 komplet z p\u0142ytk\u0105 monta\u017cow\u0105 i kluczem<\/h2>\n<p data-start=\"261\" data-end=\"560\">Solidny <strong data-start=\"269\" data-end=\"330\">2-stopniowy korpus filtracyjny do uzdatniania wody pitnej<\/strong>, przeznaczony do monta\u017cu bezpo\u015brednio na instalacji wodnej. Filtr umo\u017cliwia zastosowanie <strong data-start=\"420\" data-end=\"441\">dw\u00f3ch wk\u0142ad\u00f3w 10&#8243;<\/strong>, dzi\u0119ki czemu skutecznie usuwa <strong data-start=\"473\" data-end=\"559\">zanieczyszczenia mechaniczne, osady, piasek, rdz\u0119 oraz inne zanieczyszczenia sta\u0142e<\/strong>.<\/p>\n<p data-start=\"562\" data-end=\"704\">Produkt wykonany z <strong data-start=\"581\" data-end=\"625\">wysokiej jako\u015bci tworzywa wolnego od BPA<\/strong>, co gwarantuje bezpiecze\u0144stwo u\u017cytkowania oraz d\u0142ug\u0105 \u017cywotno\u015b\u0107 ca\u0142ego systemu.<\/p>\n<hr data-start=\"706\" data-end=\"709\" \/>\n<h2 data-start=\"711\" data-end=\"728\">\u2705 Zastosowanie<\/h2>\n<p data-start=\"729\" data-end=\"998\">\u2714\ufe0f uzdatnianie <strong data-start=\"744\" data-end=\"766\">wody pitnej w domu<\/strong><br data-start=\"766\" data-end=\"769\" \/>\u2714\ufe0f ochrona instalacji wodnej, armatury i urz\u0105dze\u0144 AGD<br data-start=\"822\" data-end=\"825\" \/>\u2714\ufe0f filtracja w <strong data-start=\"840\" data-end=\"889\">domach jednorodzinnych, mieszkaniach, firmach<\/strong><br data-start=\"889\" data-end=\"892\" \/>\u2714\ufe0f mo\u017cliwo\u015b\u0107 zastosowania wk\u0142ad\u00f3w: <strong data-start=\"927\" data-end=\"998\">piankowych, sznurkowych, w\u0119glowych, od\u017celaziaj\u0105cych, zmi\u0119kczaj\u0105cych<\/strong><\/p>\n<hr data-start=\"1000\" data-end=\"1003\" \/>\n<h2 data-start=\"1005\" data-end=\"1031\">\u2699\ufe0f Najwa\u017cniejsze zalety<\/h2>\n<p data-start=\"1032\" data-end=\"1399\">\u2714\ufe0f <strong data-start=\"1035\" data-end=\"1065\">2-stopniowa filtracja wody<\/strong><br data-start=\"1065\" data-end=\"1068\" \/>\u2714\ufe0f <strong data-start=\"1071\" data-end=\"1135\">kompatybilno\u015b\u0107 z wi\u0119kszo\u015bci\u0105 wk\u0142ad\u00f3w 10&#8243; dost\u0119pnych na rynku<\/strong><br data-start=\"1135\" data-end=\"1138\" \/>\u2714\ufe0f <strong data-start=\"1141\" data-end=\"1197\">d\u0142u\u017csza \u017cywotno\u015b\u0107 wk\u0142ad\u00f3w dzi\u0119ki podw\u00f3jnej filtracji<\/strong><br data-start=\"1197\" data-end=\"1200\" \/>\u2714\ufe0f <strong data-start=\"1203\" data-end=\"1230\">wysoka jako\u015b\u0107 wykonania<\/strong><br data-start=\"1230\" data-end=\"1233\" \/>\u2714\ufe0f materia\u0142 <strong data-start=\"1245\" data-end=\"1290\">wolny od BPA \u2013 bezpieczny dla wody pitnej<\/strong><br data-start=\"1290\" data-end=\"1293\" \/>\u2714\ufe0f <strong data-start=\"1296\" data-end=\"1326\">klucz serwisowy w zestawie<\/strong> \u2013 \u0142atwa wymiana wk\u0142ad\u00f3w<br data-start=\"1350\" data-end=\"1353\" \/>\u2714\ufe0f estetyczna <strong data-start=\"1367\" data-end=\"1399\">p\u0142ytka monta\u017cowa w komplecie<\/strong><\/p>\n<hr data-start=\"1401\" data-end=\"1404\" \/>\n<h2 data-start=\"1406\" data-end=\"1427\">\ud83d\udcd0 Dane techniczne<\/h2>\n<ul data-start=\"1428\" data-end=\"1748\">\n<li data-start=\"1428\" data-end=\"1475\">\n<p data-start=\"1430\" data-end=\"1475\">Typ: <strong data-start=\"1435\" data-end=\"1475\">korpus filtra podw\u00f3jny \u2013 2 stopniowy<\/strong><\/p>\n<\/li>\n<li data-start=\"1476\" data-end=\"1502\">\n<p data-start=\"1478\" data-end=\"1502\">Wysoko\u015b\u0107 wk\u0142adu: <strong data-start=\"1495\" data-end=\"1502\">10&#8243;<\/strong><\/p>\n<\/li>\n<li data-start=\"1503\" data-end=\"1546\">\n<p data-start=\"1505\" data-end=\"1546\">Przy\u0142\u0105cze: <strong data-start=\"1516\" data-end=\"1546\">3\/4&#8243; GW \u2013 gwint wewn\u0119trzny<\/strong><\/p>\n<\/li>\n<li data-start=\"1547\" data-end=\"1588\">\n<p data-start=\"1549\" data-end=\"1588\">Maksymalne ci\u015bnienie robocze: <strong data-start=\"1579\" data-end=\"1588\">8 bar<\/strong><\/p>\n<\/li>\n<li data-start=\"1589\" data-end=\"1629\">\n<p data-start=\"1591\" data-end=\"1629\">Zakres temperatury pracy: <strong data-start=\"1617\" data-end=\"1629\">2 \u2013 30\u00b0C<\/strong><\/p>\n<\/li>\n<li data-start=\"1630\" data-end=\"1661\">\n<p data-start=\"1632\" data-end=\"1661\">Przeznaczenie: <strong data-start=\"1647\" data-end=\"1661\">woda pitna<\/strong><\/p>\n<\/li>\n<li data-start=\"1662\" data-end=\"1696\">\n<p data-start=\"1664\" data-end=\"1696\">Monta\u017c: <strong data-start=\"1672\" data-end=\"1696\">bezpo\u015brednio na rur\u0119<\/strong><\/p>\n<\/li>\n<li data-start=\"1697\" data-end=\"1748\">\n<p data-start=\"1699\" data-end=\"1748\">Materia\u0142: <strong data-start=\"1709\" data-end=\"1748\">wysokiej jako\u015bci tworzywo (bez BPA)<\/strong><\/p>\n<\/li>\n<\/ul>\n<hr data-start=\"1750\" data-end=\"1753\" \/>\n<h2 data-start=\"1755\" data-end=\"1768\">\ud83d\udccf Wymiary<\/h2>\n<ul data-start=\"1769\" data-end=\"1842\">\n<li data-start=\"1769\" data-end=\"1792\">\n<p data-start=\"1771\" data-end=\"1792\">Wysoko\u015b\u0107: <strong data-start=\"1781\" data-end=\"1792\">~380 mm<\/strong><\/p>\n<\/li>\n<li data-start=\"1793\" data-end=\"1817\">\n<p data-start=\"1795\" data-end=\"1817\">Szeroko\u015b\u0107: <strong data-start=\"1806\" data-end=\"1817\">~250 mm<\/strong><\/p>\n<\/li>\n<li data-start=\"1818\" data-end=\"1842\">\n<p data-start=\"1820\" data-end=\"1842\">G\u0142\u0119boko\u015b\u0107: <strong data-start=\"1831\" data-end=\"1842\">~138 mm<\/strong><\/p>\n<\/li>\n<\/ul>\n<hr data-start=\"1844\" data-end=\"1847\" \/>\n<h2 data-start=\"1849\" data-end=\"1869\">\ud83d\udce6 Zestaw zawiera<\/h2>\n<p data-start=\"1870\" data-end=\"2002\">\u2714\ufe0f <strong data-start=\"1873\" data-end=\"1912\">Podw\u00f3jna obudowa filtra 10&#8243; 3\/4&#8243; GW<\/strong><br data-start=\"1912\" data-end=\"1915\" \/>\u2714\ufe0f <strong data-start=\"1918\" data-end=\"1938\">P\u0142ytka monta\u017cowa<\/strong><br data-start=\"1938\" data-end=\"1941\" \/>\u2714\ufe0f <strong data-start=\"1944\" data-end=\"1975\">Klucz do odkr\u0119cania korpusu<\/strong><br data-start=\"1975\" data-end=\"1978\" \/>\u2714\ufe0f Oryginalne opakowanie<\/p>\n<hr data-start=\"2004\" data-end=\"2007\" \/>\n<h2 data-start=\"2009\" data-end=\"2062\">\ud83c\udfe0 Filtr do wody na ca\u0142y dom \u2013 2 stopnie filtracji<\/h2>\n<p data-start=\"2063\" data-end=\"2308\">System pozwala zatrzyma\u0107 <strong data-start=\"2088\" data-end=\"2122\">znacznie wi\u0119cej zanieczyszcze\u0144<\/strong>, co przek\u0142ada si\u0119 na:<br \/>\n\u2705 wyra\u017anie <strong data-start=\"2156\" data-end=\"2173\">czystsz\u0105 wod\u0119<\/strong><br \/>\n\u2705 <strong data-start=\"2176\" data-end=\"2207\">wyd\u0142u\u017con\u0105 \u017cywotno\u015b\u0107 wk\u0142ad\u00f3w<\/strong><br \/>\n\u2705 lepsz\u0105 ochron\u0119 <strong data-start=\"2225\" data-end=\"2266\">kot\u0142a, podgrzewacza, pralek, zmywarek<\/strong><br \/>\n\u2705 ochron\u0119 <strong data-start=\"2277\" data-end=\"2308\">instalacji przed zamulaniem<\/strong><\/p>\n","protected":false},"excerpt":{"rendered":"<p><strong>Obudowa do filtra na wod\u0119 podw\u00f3jna 10&#8243; 3\/4 GW komplet p\u0142ytka + klucz \u2013 solidna, podw\u00f3jna obudowa do filtr\u00f3w o standardowej d\u0142ugo\u015bci 10 cali z gwintem 3\/4&#8243;. Umo\u017cliwia monta\u017c dw\u00f3ch wk\u0142ad\u00f3w filtracyjnych, co zwi\u0119ksza skuteczno\u015b\u0107 oczyszczania wody. W komplecie znajduje si\u0119 p\u0142ytka monta\u017cowa i klucz do wygodnego serwisowania. Idealna do zastosowa\u0144 domowych i instalacji wodnych wymagaj\u0105cych dok\u0142adnej filtracji.<\/strong><\/p>\n","protected":false},"featured_media":7889,"template":"","meta":{"_kad_blocks_custom_css":"","_kad_blocks_head_custom_js":"","_kad_blocks_body_custom_js":"","_kad_blocks_footer_custom_js":"","_kad_post_transparent":"default","_kad_post_title":"","_kad_post_layout":"default","_kad_post_sidebar_id":"","_kad_post_content_style":"default","_kad_post_vertical_padding":"default","_kad_post_feature":"","_kad_post_feature_position":"","_kad_post_header":false,"_kad_post_footer":false,"_kad_post_classname":""},"product_brand":[24],"product_cat":[358],"product_tag":[],"class_list":{"0":"post-6303","1":"product","2":"type-product","3":"status-publish","4":"has-post-thumbnail","6":"product_brand-klarwod","7":"product_cat-filtry-do-wody","8":"product_shipping_class-drobnica","10":"first","11":"instock","12":"taxable","13":"shipping-taxable","14":"purchasable","15":"product-type-simple","16":"entry","17":"content-bg","18":"loop-entry"},"taxonomy_info":{"product_brand":[{"value":24,"label":"KLARWOD"}],"product_cat":[{"value":358,"label":"Filtry do wody"}]},"featured_image_src_large":["https:\/\/e-systemygrzewcze.eu\/sklep\/wp-content\/uploads\/2025\/09\/Nowy-projekt-2025-12-11T160851.519.jpg",510,587,false],"author_info":[],"comment_info":"","_links":{"self":[{"href":"https:\/\/e-systemygrzewcze.eu\/sklep\/wp-json\/wp\/v2\/product\/6303","targetHints":{"allow":["GET"]}}],"collection":[{"href":"https:\/\/e-systemygrzewcze.eu\/sklep\/wp-json\/wp\/v2\/product"}],"about":[{"href":"https:\/\/e-systemygrzewcze.eu\/sklep\/wp-json\/wp\/v2\/types\/product"}],"wp:featuredmedia":[{"embeddable":true,"href":"https:\/\/e-systemygrzewcze.eu\/sklep\/wp-json\/wp\/v2\/media\/7889"}],"wp:attachment":[{"href":"https:\/\/e-systemygrzewcze.eu\/sklep\/wp-json\/wp\/v2\/media?parent=6303"}],"wp:term":[{"taxonomy":"product_brand","embeddable":true,"href":"https:\/\/e-systemygrzewcze.eu\/sklep\/wp-json\/wp\/v2\/product_brand?post=6303"},{"taxonomy":"product_cat","embeddable":true,"href":"https:\/\/e-systemygrzewcze.eu\/sklep\/wp-json\/wp\/v2\/product_cat?post=6303"},{"taxonomy":"product_tag","embeddable":true,"href":"https:\/\/e-systemygrzewcze.eu\/sklep\/wp-json\/wp\/v2\/product_tag?post=6303"}],"curies":[{"name":"wp","href":"https:\/\/api.w.org\/{rel}","templated":true}]}}