{"id":6302,"date":"2025-09-10T06:37:53","date_gmt":"2025-09-10T06:37:53","guid":{"rendered":"https:\/\/e-systemygrzewcze.eu\/sklep\/produkt\/obudowa-filtra-do-wody-10-gw-w-komplecie-plytka-klucz\/"},"modified":"2026-04-09T10:02:05","modified_gmt":"2026-04-09T10:02:05","slug":"obudowa-filtra-do-wody-10-gw-w-komplecie-plytka-klucz","status":"publish","type":"product","link":"https:\/\/e-systemygrzewcze.eu\/sklep\/produkt\/obudowa-filtra-do-wody-10-gw-w-komplecie-plytka-klucz\/","title":{"rendered":"Obudowa filtra do wody 10&#8243; GW w komplecie p\u0142ytka + klucz"},"content":{"rendered":"<h2 data-start=\"177\" data-end=\"252\">\ud83d\udca7 Obudowa filtra do wody 10\u2033 USTM EMI WFW1 \u2013 komplet z p\u0142ytk\u0105 i kluczem<\/h2>\n<p data-start=\"254\" data-end=\"573\">USTM to <strong data-start=\"262\" data-end=\"306\">wiod\u0105cy polski producent filtr\u00f3w do wody<\/strong>, system\u00f3w centralnego odkurzania oraz rozwi\u0105za\u0144 instalacyjnych. Seria <strong data-start=\"377\" data-end=\"389\">EMI WFW1<\/strong> to nowoczesne korpusy narurowe o <strong data-start=\"423\" data-end=\"465\">zwi\u0119kszonej wydajno\u015bci i wytrzyma\u0142o\u015bci<\/strong>, zaprojektowane z my\u015bl\u0105 o skutecznej filtracji zimnej wody w domowych i przemys\u0142owych instalacjach wodnych.<\/p>\n<p data-start=\"575\" data-end=\"705\">Prezentowana <strong data-start=\"588\" data-end=\"606\">obudowa 10&#8243; GW<\/strong> mo\u017ce by\u0107 montowana <strong data-start=\"626\" data-end=\"668\">pojedynczo lub w zestawach szeregowych<\/strong>, tworz\u0105c kompletny system filtracji.<\/p>\n<hr data-start=\"707\" data-end=\"710\" \/>\n<h2 data-start=\"712\" data-end=\"737\">\u2705 Najwa\u017cniejsze zalety<\/h2>\n<p data-start=\"738\" data-end=\"1182\">\u2714\ufe0f <strong data-start=\"741\" data-end=\"775\">wysoka wytrzyma\u0142o\u015b\u0107 \u2013 do 8 bar<\/strong><br data-start=\"775\" data-end=\"778\" \/>\u2714\ufe0f <strong data-start=\"781\" data-end=\"822\">nowoczesna g\u0142owica z odpowietrznikiem<\/strong><br data-start=\"822\" data-end=\"825\" \/>\u2714\ufe0f <strong data-start=\"828\" data-end=\"893\">mosi\u0119\u017cne wtopki \u2013 zabezpieczenie przed nadmiernym dokr\u0119ceniem<\/strong><br data-start=\"893\" data-end=\"896\" \/>\u2714\ufe0f <strong data-start=\"899\" data-end=\"935\">strza\u0142ka kierunku przep\u0142ywu wody<\/strong> \u2013 \u0142atwy i poprawny monta\u017c<br data-start=\"961\" data-end=\"964\" \/>\u2714\ufe0f <strong data-start=\"967\" data-end=\"1011\">podw\u00f3jny system uszczelnienia \u2013 2x oring<\/strong><br data-start=\"1011\" data-end=\"1014\" \/>\u2714\ufe0f <strong data-start=\"1017\" data-end=\"1042\">materia\u0142 wolny od BPA<\/strong> \u2013 w pe\u0142ni bezpieczny dla zdrowia<br data-start=\"1075\" data-end=\"1078\" \/>\u2714\ufe0f <strong data-start=\"1081\" data-end=\"1114\">kompatybilno\u015b\u0107 z wk\u0142adami 10&#8243;<\/strong> r\u00f3\u017cnych typ\u00f3w<br data-start=\"1128\" data-end=\"1131\" \/>\u2714\ufe0f <strong data-start=\"1134\" data-end=\"1182\">produkt obj\u0119ty 2-letni\u0105 gwarancj\u0105 producenta<\/strong><\/p>\n<hr data-start=\"1184\" data-end=\"1187\" \/>\n<h2 data-start=\"1189\" data-end=\"1232\">\ud83d\udce6 G\u0142\u00f3wne elementy zestawu USTM EMI WFW1<\/h2>\n<p data-start=\"1233\" data-end=\"1372\">\u2714\ufe0f Korpus narurowy <strong data-start=\"1252\" data-end=\"1259\">10&#8243;<\/strong><br data-start=\"1259\" data-end=\"1262\" \/>\u2714\ufe0f <strong data-start=\"1265\" data-end=\"1290\">P\u0142ytka monta\u017cowa BR1P<\/strong><br data-start=\"1290\" data-end=\"1293\" \/>\u2714\ufe0f <strong data-start=\"1296\" data-end=\"1316\">2 \u00d7 Oring 80 \u00d7 3<\/strong><br data-start=\"1316\" data-end=\"1319\" \/>\u2714\ufe0f <strong data-start=\"1322\" data-end=\"1346\">Klucz do korpusu WRT<\/strong><br data-start=\"1346\" data-end=\"1349\" \/>\u2714\ufe0f <strong data-start=\"1352\" data-end=\"1372\">Wkr\u0119ty monta\u017cowe<\/strong><\/p>\n<hr data-start=\"1374\" data-end=\"1377\" \/>\n<h2 data-start=\"1379\" data-end=\"1407\">\u2699\ufe0f W\u0142a\u015bciwo\u015bci techniczne<\/h2>\n<ul data-start=\"1408\" data-end=\"1706\">\n<li data-start=\"1408\" data-end=\"1434\">\n<p data-start=\"1410\" data-end=\"1434\">Wysoko\u015b\u0107 wk\u0142adu: <strong data-start=\"1427\" data-end=\"1434\">10&#8243;<\/strong><\/p>\n<\/li>\n<li data-start=\"1435\" data-end=\"1476\">\n<p data-start=\"1437\" data-end=\"1476\">Maksymalne ci\u015bnienie robocze: <strong data-start=\"1467\" data-end=\"1476\">8 bar<\/strong><\/p>\n<\/li>\n<li data-start=\"1477\" data-end=\"1520\">\n<p data-start=\"1479\" data-end=\"1520\">Nowoczesna g\u0142owica z <strong data-start=\"1500\" data-end=\"1520\">odpowietrznikiem<\/strong><\/p>\n<\/li>\n<li data-start=\"1521\" data-end=\"1552\">\n<p data-start=\"1523\" data-end=\"1552\"><strong data-start=\"1523\" data-end=\"1542\">Mosi\u0119\u017cne wtopki<\/strong> w g\u0142owicy<\/p>\n<\/li>\n<li data-start=\"1553\" data-end=\"1591\">\n<p data-start=\"1555\" data-end=\"1591\"><strong data-start=\"1555\" data-end=\"1591\">Strza\u0142ka kierunku przep\u0142ywu wody<\/strong><\/p>\n<\/li>\n<li data-start=\"1592\" data-end=\"1622\">\n<p data-start=\"1594\" data-end=\"1622\">Uszczelnienie: <strong data-start=\"1609\" data-end=\"1622\">2 \u00d7 oring<\/strong><\/p>\n<\/li>\n<li data-start=\"1623\" data-end=\"1674\">\n<p data-start=\"1625\" data-end=\"1674\">Materia\u0142: <strong data-start=\"1635\" data-end=\"1674\">tworzywo wysokiej jako\u015bci \u2013 bez BPA<\/strong><\/p>\n<\/li>\n<li data-start=\"1675\" data-end=\"1706\">\n<p data-start=\"1677\" data-end=\"1706\">Przeznaczenie: <strong data-start=\"1692\" data-end=\"1706\">zimna woda<\/strong><\/p>\n<\/li>\n<\/ul>\n<hr data-start=\"1708\" data-end=\"1711\" \/>\n<h2 data-start=\"1713\" data-end=\"1731\">\ud83c\udfe0 Zastosowanie<\/h2>\n<p data-start=\"1732\" data-end=\"1890\">\u2714\ufe0f filtracja i uzdatnianie <strong data-start=\"1759\" data-end=\"1784\">zimnej wody u\u017cytkowej<\/strong><br data-start=\"1784\" data-end=\"1787\" \/>\u2714\ufe0f ochrona <strong data-start=\"1798\" data-end=\"1855\">instalacji wodnej, kot\u0142\u00f3w, bojler\u00f3w, pralek, zmywarek<\/strong><br data-start=\"1855\" data-end=\"1858\" \/>\u2714\ufe0f mo\u017cliwo\u015b\u0107 stosowania wk\u0142ad\u00f3w:<\/p>\n<ul data-start=\"1891\" data-end=\"1974\">\n<li data-start=\"1891\" data-end=\"1925\">\n<p data-start=\"1893\" data-end=\"1925\">mechanicznych (pianka, sznurek),<\/p>\n<\/li>\n<li data-start=\"1926\" data-end=\"1938\">\n<p data-start=\"1928\" data-end=\"1938\">w\u0119glowych,<\/p>\n<\/li>\n<li data-start=\"1939\" data-end=\"1957\">\n<p data-start=\"1941\" data-end=\"1957\">od\u017celaziaj\u0105cych,<\/p>\n<\/li>\n<li data-start=\"1958\" data-end=\"1974\">\n<p data-start=\"1960\" data-end=\"1974\">zmi\u0119kczaj\u0105cych<\/p>\n<\/li>\n<\/ul>\n<hr data-start=\"1976\" data-end=\"1979\" \/>\n<h2 data-start=\"1981\" data-end=\"2014\">\ud83d\udee1\ufe0f Gwarancja i bezpiecze\u0144stwo<\/h2>\n<p data-start=\"2015\" data-end=\"2181\">\u2714\ufe0f <strong data-start=\"2018\" data-end=\"2054\">2 lata gwarancji producenta USTM<\/strong><br data-start=\"2054\" data-end=\"2057\" \/>\u2714\ufe0f produkt <strong data-start=\"2068\" data-end=\"2087\">nie zawiera BPA<\/strong> \u2013 w pe\u0142ni bezpieczny dla wody pitnej<br data-start=\"2124\" data-end=\"2127\" \/>\u2714\ufe0f karta katalogowa i instrukcja dost\u0119pne u producenta<\/p>\n","protected":false},"excerpt":{"rendered":"<p><strong>wytrzyma\u0142a obudowa filtra o standardowym rozmiarze 10 cali z gwintem zewn\u0119trznym (GW), przeznaczona do monta\u017cu wk\u0142ad\u00f3w filtracyjnych. W zestawie znajduje si\u0119 p\u0142ytka mocuj\u0105ca oraz specjalny klucz u\u0142atwiaj\u0105cy demonta\u017c i wymian\u0119 filtra. Idealna do system\u00f3w uzdatniania wody w domu lub biurze.<\/strong><\/p>\n","protected":false},"featured_media":7888,"template":"","meta":{"_kad_blocks_custom_css":"","_kad_blocks_head_custom_js":"","_kad_blocks_body_custom_js":"","_kad_blocks_footer_custom_js":"","_kad_post_transparent":"default","_kad_post_title":"","_kad_post_layout":"default","_kad_post_sidebar_id":"","_kad_post_content_style":"default","_kad_post_vertical_padding":"default","_kad_post_feature":"","_kad_post_feature_position":"","_kad_post_header":false,"_kad_post_footer":false,"_kad_post_classname":""},"product_brand":[24],"product_cat":[358],"product_tag":[],"class_list":{"0":"post-6302","1":"product","2":"type-product","3":"status-publish","4":"has-post-thumbnail","6":"product_brand-klarwod","7":"product_cat-filtry-do-wody","8":"product_shipping_class-drobnica","10":"first","11":"instock","12":"taxable","13":"shipping-taxable","14":"purchasable","15":"product-type-simple","16":"entry","17":"content-bg","18":"loop-entry"},"taxonomy_info":{"product_brand":[{"value":24,"label":"KLARWOD"}],"product_cat":[{"value":358,"label":"Filtry do wody"}]},"featured_image_src_large":["https:\/\/e-systemygrzewcze.eu\/sklep\/wp-content\/uploads\/2025\/09\/Nowy-projekt-2025-12-11T155833.359.jpg",510,587,false],"author_info":[],"comment_info":"","_links":{"self":[{"href":"https:\/\/e-systemygrzewcze.eu\/sklep\/wp-json\/wp\/v2\/product\/6302","targetHints":{"allow":["GET"]}}],"collection":[{"href":"https:\/\/e-systemygrzewcze.eu\/sklep\/wp-json\/wp\/v2\/product"}],"about":[{"href":"https:\/\/e-systemygrzewcze.eu\/sklep\/wp-json\/wp\/v2\/types\/product"}],"wp:featuredmedia":[{"embeddable":true,"href":"https:\/\/e-systemygrzewcze.eu\/sklep\/wp-json\/wp\/v2\/media\/7888"}],"wp:attachment":[{"href":"https:\/\/e-systemygrzewcze.eu\/sklep\/wp-json\/wp\/v2\/media?parent=6302"}],"wp:term":[{"taxonomy":"product_brand","embeddable":true,"href":"https:\/\/e-systemygrzewcze.eu\/sklep\/wp-json\/wp\/v2\/product_brand?post=6302"},{"taxonomy":"product_cat","embeddable":true,"href":"https:\/\/e-systemygrzewcze.eu\/sklep\/wp-json\/wp\/v2\/product_cat?post=6302"},{"taxonomy":"product_tag","embeddable":true,"href":"https:\/\/e-systemygrzewcze.eu\/sklep\/wp-json\/wp\/v2\/product_tag?post=6302"}],"curies":[{"name":"wp","href":"https:\/\/api.w.org\/{rel}","templated":true}]}}