{"id":6287,"date":"2025-09-10T06:20:17","date_gmt":"2025-09-10T06:20:17","guid":{"rendered":"https:\/\/e-systemygrzewcze.eu\/sklep\/produkt\/dream-heat-termostat-nj-003-wifi\/"},"modified":"2026-04-09T10:03:31","modified_gmt":"2026-04-09T10:03:31","slug":"dream-heat-termostat-nj-003-wifi","status":"publish","type":"product","link":"https:\/\/e-systemygrzewcze.eu\/sklep\/produkt\/dream-heat-termostat-nj-003-wifi\/","title":{"rendered":"DREAM HEAT Termostat NJ-003 WiFi"},"content":{"rendered":"<h2 data-start=\"96\" data-end=\"137\">\ud83c\udf21\ufe0f DREAM HEAT Termostat NJ-003 WiFi<\/h2>\n<p data-start=\"138\" data-end=\"207\"><strong data-start=\"138\" data-end=\"207\">Model: NJ-003 \u2013 sterownik do elektrycznego ogrzewania pod\u0142ogowego<\/strong><\/p>\n<p data-start=\"209\" data-end=\"564\">Nowoczesny termostat <strong data-start=\"230\" data-end=\"251\">DREAM HEAT NJ-003<\/strong> przeznaczony jest do sterowania <strong data-start=\"284\" data-end=\"323\">elektrycznym ogrzewaniem pod\u0142ogowym<\/strong>. Doskonale sprawdzi si\u0119 zar\u00f3wno w <strong data-start=\"358\" data-end=\"384\">domach jednorodzinnych<\/strong>, jak i w <strong data-start=\"394\" data-end=\"466\">budynkach przemys\u0142owych, galeriach handlowych i obiektach u\u017cytkowych<\/strong>. Dzi\u0119ki \u0142\u0105czno\u015bci <strong data-start=\"485\" data-end=\"493\">WiFi<\/strong> umo\u017cliwia wygodne sterowanie temperatur\u0105 z poziomu aplikacji mobilnej.<\/p>\n<hr data-start=\"566\" data-end=\"569\" \/>\n<h2 data-start=\"571\" data-end=\"595\">\ud83c\udfa8 Wygl\u0105d i wykonanie<\/h2>\n<ul data-start=\"596\" data-end=\"1005\">\n<li data-start=\"596\" data-end=\"640\">\n<p data-start=\"598\" data-end=\"640\">Stylowa <strong data-start=\"606\" data-end=\"640\">bia\u0142a obudowa ze srebrn\u0105 ramk\u0105<\/strong><\/p>\n<\/li>\n<li data-start=\"641\" data-end=\"704\">\n<p data-start=\"643\" data-end=\"704\"><strong data-start=\"643\" data-end=\"675\">Pod\u015bwietlany wy\u015bwietlacz LED<\/strong> \u2013 czytelny i energooszcz\u0119dny<\/p>\n<\/li>\n<li data-start=\"705\" data-end=\"761\">\n<p data-start=\"707\" data-end=\"761\">Do wyboru <strong data-start=\"717\" data-end=\"761\">szklana lub akrylowa powierzchnia ekranu<\/strong><\/p>\n<\/li>\n<li data-start=\"762\" data-end=\"806\">\n<p data-start=\"764\" data-end=\"806\"><strong data-start=\"764\" data-end=\"786\">Dotykowe przyciski<\/strong> u\u0142atwiaj\u0105ce obs\u0142ug\u0119<\/p>\n<\/li>\n<li data-start=\"807\" data-end=\"852\">\n<p data-start=\"809\" data-end=\"852\">Widoczna grubo\u015b\u0107 na \u015bcianie tylko <strong data-start=\"843\" data-end=\"852\">12 mm<\/strong><\/p>\n<\/li>\n<li data-start=\"853\" data-end=\"891\">\n<p data-start=\"855\" data-end=\"891\">Monta\u017c w puszce <strong data-start=\"871\" data-end=\"891\">86 mm oraz 60 mm<\/strong><\/p>\n<\/li>\n<li data-start=\"892\" data-end=\"940\">\n<p data-start=\"894\" data-end=\"940\">Obszar wy\u015bwietlania <strong data-start=\"914\" data-end=\"923\">50 mm<\/strong> \u2013 ochrona wzroku<\/p>\n<\/li>\n<li data-start=\"941\" data-end=\"1005\">\n<p data-start=\"943\" data-end=\"1005\"><strong data-start=\"943\" data-end=\"975\">Specjalny system pod\u0142\u0105czenia<\/strong> zapewniaj\u0105cy \u0142atw\u0105 instalacj\u0119<\/p>\n<\/li>\n<\/ul>\n<hr data-start=\"1007\" data-end=\"1010\" \/>\n<h2 data-start=\"1012\" data-end=\"1037\">\ud83d\udcf1 Funkcje i dzia\u0142anie<\/h2>\n<ul data-start=\"1038\" data-end=\"1627\">\n<li data-start=\"1038\" data-end=\"1074\">\n<p data-start=\"1040\" data-end=\"1074\"><strong data-start=\"1040\" data-end=\"1074\">Sterowanie przez WiFi \/ MODbus<\/strong><\/p>\n<\/li>\n<li data-start=\"1075\" data-end=\"1118\">\n<p data-start=\"1077\" data-end=\"1118\"><strong data-start=\"1077\" data-end=\"1118\">Precyzja regulacji temperatury: 0,5\u00b0C<\/strong><\/p>\n<\/li>\n<li data-start=\"1119\" data-end=\"1176\">\n<p data-start=\"1121\" data-end=\"1176\"><strong data-start=\"1121\" data-end=\"1176\">Blokada rodzicielska (zabezpieczenie przed dzie\u0107mi)<\/strong><\/p>\n<\/li>\n<li data-start=\"1177\" data-end=\"1222\">\n<p data-start=\"1179\" data-end=\"1222\"><strong data-start=\"1179\" data-end=\"1222\">Zachowanie ustawie\u0144 po zaniku zasilania<\/strong><\/p>\n<\/li>\n<li data-start=\"1223\" data-end=\"1292\">\n<p data-start=\"1225\" data-end=\"1292\">Programowanie w trybie <strong data-start=\"1248\" data-end=\"1257\">5+1+1<\/strong> (dni robocze + sobota + niedziela)<\/p>\n<\/li>\n<li data-start=\"1293\" data-end=\"1336\">\n<p data-start=\"1295\" data-end=\"1336\"><strong data-start=\"1295\" data-end=\"1336\">Mo\u017cliwo\u015b\u0107 tworzenia grup u\u017cytkownik\u00f3w<\/strong><\/p>\n<\/li>\n<li data-start=\"1337\" data-end=\"1412\">\n<p data-start=\"1339\" data-end=\"1352\">Integracja z:<\/p>\n<ul data-start=\"1355\" data-end=\"1412\">\n<li data-start=\"1355\" data-end=\"1372\">\n<p data-start=\"1357\" data-end=\"1372\"><strong data-start=\"1357\" data-end=\"1372\">Amazon Echo<\/strong><\/p>\n<\/li>\n<li data-start=\"1375\" data-end=\"1392\">\n<p data-start=\"1377\" data-end=\"1392\"><strong data-start=\"1377\" data-end=\"1392\">Google Home<\/strong><\/p>\n<\/li>\n<li data-start=\"1395\" data-end=\"1412\">\n<p data-start=\"1397\" data-end=\"1412\"><strong data-start=\"1397\" data-end=\"1412\">Tmall Genie<\/strong><\/p>\n<\/li>\n<\/ul>\n<\/li>\n<li data-start=\"1413\" data-end=\"1481\">\n<p data-start=\"1415\" data-end=\"1430\">Synchronizacja:<\/p>\n<ul data-start=\"1433\" data-end=\"1481\">\n<li data-start=\"1433\" data-end=\"1452\">\n<p data-start=\"1435\" data-end=\"1452\">strefy czasowej<\/p>\n<\/li>\n<li data-start=\"1455\" data-end=\"1470\">\n<p data-start=\"1457\" data-end=\"1470\">lokalizacji<\/p>\n<\/li>\n<li data-start=\"1473\" data-end=\"1481\">\n<p data-start=\"1475\" data-end=\"1481\">j\u0119zyka<\/p>\n<\/li>\n<\/ul>\n<\/li>\n<li data-start=\"1482\" data-end=\"1518\">\n<p data-start=\"1484\" data-end=\"1518\"><strong data-start=\"1484\" data-end=\"1518\">Brak limitu ilo\u015bci pomieszcze\u0144<\/strong><\/p>\n<\/li>\n<li data-start=\"1519\" data-end=\"1571\">\n<p data-start=\"1521\" data-end=\"1571\">Obs\u0142uga <strong data-start=\"1529\" data-end=\"1544\">SMART SCENE<\/strong> (inteligentne scenariusze)<\/p>\n<\/li>\n<li data-start=\"1572\" data-end=\"1627\">\n<p data-start=\"1574\" data-end=\"1627\"><strong data-start=\"1574\" data-end=\"1627\">\u0141atwe udost\u0119pnianie sterowania innym u\u017cytkownikom<\/strong><\/p>\n<\/li>\n<\/ul>\n<hr data-start=\"1629\" data-end=\"1632\" \/>\n<h2 data-start=\"1634\" data-end=\"1665\">\u2699\ufe0f Funkcjonalno\u015b\u0107 termostatu<\/h2>\n<ul data-start=\"1666\" data-end=\"1936\">\n<li data-start=\"1666\" data-end=\"1685\">\n<p data-start=\"1668\" data-end=\"1685\">\u0141\u0105czno\u015b\u0107 <strong data-start=\"1677\" data-end=\"1685\">WiFi<\/strong><\/p>\n<\/li>\n<li data-start=\"1686\" data-end=\"1719\">\n<p data-start=\"1688\" data-end=\"1719\">Dok\u0142adno\u015b\u0107 regulacji: <strong data-start=\"1710\" data-end=\"1719\">0,5\u00b0C<\/strong><\/p>\n<\/li>\n<li data-start=\"1720\" data-end=\"1760\">\n<p data-start=\"1722\" data-end=\"1760\"><strong data-start=\"1722\" data-end=\"1760\">Pami\u0119\u0107 danych przy braku zasilania<\/strong><\/p>\n<\/li>\n<li data-start=\"1761\" data-end=\"1805\">\n<p data-start=\"1763\" data-end=\"1805\">Programowanie <strong data-start=\"1777\" data-end=\"1805\">5+2 (6 okres\u00f3w dobowych)<\/strong><\/p>\n<\/li>\n<li data-start=\"1806\" data-end=\"1846\">\n<p data-start=\"1808\" data-end=\"1846\">Mo\u017cliwo\u015b\u0107 grupowania wielu termostat\u00f3w<\/p>\n<\/li>\n<li data-start=\"1847\" data-end=\"1886\">\n<p data-start=\"1849\" data-end=\"1886\">Integracja z systemami <strong data-start=\"1872\" data-end=\"1886\">Smart Home<\/strong><\/p>\n<\/li>\n<li data-start=\"1887\" data-end=\"1936\">\n<p data-start=\"1889\" data-end=\"1936\">Obs\u0142uga <strong data-start=\"1897\" data-end=\"1936\">automatycznych scen i harmonogram\u00f3w<\/strong><\/p>\n<\/li>\n<\/ul>\n","protected":false},"excerpt":{"rendered":"<p><strong>DREAM HEAT Termostat NJ-003 WiFi \u2013 inteligentny termostat do elektrycznego ogrzewania pod\u0142ogowego z funkcj\u0105 Wi-Fi i nowoczesnym interfejsem.<\/strong><\/p>\n","protected":false},"featured_media":6295,"template":"","meta":{"_kad_blocks_custom_css":"","_kad_blocks_head_custom_js":"","_kad_blocks_body_custom_js":"","_kad_blocks_footer_custom_js":"","_kad_post_transparent":"default","_kad_post_title":"","_kad_post_layout":"default","_kad_post_sidebar_id":"","_kad_post_content_style":"default","_kad_post_vertical_padding":"default","_kad_post_feature":"","_kad_post_feature_position":"","_kad_post_header":false,"_kad_post_footer":false,"_kad_post_classname":""},"product_brand":[419],"product_cat":[183],"product_tag":[],"class_list":{"0":"post-6287","1":"product","2":"type-product","3":"status-publish","4":"has-post-thumbnail","6":"product_brand-dream-heat","7":"product_cat-sterowniki","8":"product_shipping_class-drobnica","10":"first","11":"instock","12":"taxable","13":"shipping-taxable","14":"purchasable","15":"product-type-simple","16":"entry","17":"content-bg","18":"loop-entry"},"taxonomy_info":{"product_brand":[{"value":419,"label":"DREAM HEAT"}],"product_cat":[{"value":183,"label":"Sterowniki"}]},"featured_image_src_large":["https:\/\/e-systemygrzewcze.eu\/sklep\/wp-content\/uploads\/2025\/09\/Nowy-projekt-2025-09-10T082427.750.jpg",510,578,false],"author_info":[],"comment_info":"","_links":{"self":[{"href":"https:\/\/e-systemygrzewcze.eu\/sklep\/wp-json\/wp\/v2\/product\/6287","targetHints":{"allow":["GET"]}}],"collection":[{"href":"https:\/\/e-systemygrzewcze.eu\/sklep\/wp-json\/wp\/v2\/product"}],"about":[{"href":"https:\/\/e-systemygrzewcze.eu\/sklep\/wp-json\/wp\/v2\/types\/product"}],"wp:featuredmedia":[{"embeddable":true,"href":"https:\/\/e-systemygrzewcze.eu\/sklep\/wp-json\/wp\/v2\/media\/6295"}],"wp:attachment":[{"href":"https:\/\/e-systemygrzewcze.eu\/sklep\/wp-json\/wp\/v2\/media?parent=6287"}],"wp:term":[{"taxonomy":"product_brand","embeddable":true,"href":"https:\/\/e-systemygrzewcze.eu\/sklep\/wp-json\/wp\/v2\/product_brand?post=6287"},{"taxonomy":"product_cat","embeddable":true,"href":"https:\/\/e-systemygrzewcze.eu\/sklep\/wp-json\/wp\/v2\/product_cat?post=6287"},{"taxonomy":"product_tag","embeddable":true,"href":"https:\/\/e-systemygrzewcze.eu\/sklep\/wp-json\/wp\/v2\/product_tag?post=6287"}],"curies":[{"name":"wp","href":"https:\/\/api.w.org\/{rel}","templated":true}]}}