{"id":6277,"date":"2025-09-10T06:09:19","date_gmt":"2025-09-10T06:09:19","guid":{"rendered":"https:\/\/e-systemygrzewcze.eu\/sklep\/produkt\/dream-heat-zlaczka-zaciskowa-z1-aluminiowa\/"},"modified":"2026-04-09T10:03:37","modified_gmt":"2026-04-09T10:03:37","slug":"dream-heat-zlaczka-zaciskowa-z1-aluminiowa","status":"publish","type":"product","link":"https:\/\/e-systemygrzewcze.eu\/sklep\/produkt\/dream-heat-zlaczka-zaciskowa-z1-aluminiowa\/","title":{"rendered":"DREAM HEAT Z\u0142\u0105czka zaciskowa Z1 aluminiowa"},"content":{"rendered":"","protected":false},"excerpt":{"rendered":"<p><strong>Aluminiowa z\u0142\u0105czka zaciskowa przeznaczona do \u0142\u0105czenia przewod\u00f3w w systemach ogrzewania pod\u0142ogowego. Zapewnia trwa\u0142e i bezpieczne po\u0142\u0105czenie elektryczne, odporna na wysokie temperatury. Idealna do monta\u017cu mat i przewod\u00f3w grzewczych DREAM HEAT.<\/strong><\/p>\n","protected":false},"featured_media":6279,"template":"","meta":{"_kad_blocks_custom_css":"","_kad_blocks_head_custom_js":"","_kad_blocks_body_custom_js":"","_kad_blocks_footer_custom_js":"","_kad_post_transparent":"default","_kad_post_title":"","_kad_post_layout":"default","_kad_post_sidebar_id":"","_kad_post_content_style":"default","_kad_post_vertical_padding":"default","_kad_post_feature":"","_kad_post_feature_position":"","_kad_post_header":false,"_kad_post_footer":false,"_kad_post_classname":""},"product_brand":[419],"product_cat":[184],"product_tag":[],"class_list":{"0":"post-6277","1":"product","2":"type-product","3":"status-publish","4":"has-post-thumbnail","6":"product_brand-dream-heat","7":"product_cat-przewody-grzewcze","8":"product_shipping_class-drobnica","10":"first","11":"instock","12":"taxable","13":"shipping-taxable","14":"purchasable","15":"product-type-simple","16":"entry","17":"content-bg","18":"loop-entry"},"taxonomy_info":{"product_brand":[{"value":419,"label":"DREAM HEAT"}],"product_cat":[{"value":184,"label":"Przewody grzewcze"}]},"featured_image_src_large":["https:\/\/e-systemygrzewcze.eu\/sklep\/wp-content\/uploads\/2025\/09\/Nowy-projekt-2025-09-10T081050.454.jpg",510,578,false],"author_info":[],"comment_info":"","_links":{"self":[{"href":"https:\/\/e-systemygrzewcze.eu\/sklep\/wp-json\/wp\/v2\/product\/6277","targetHints":{"allow":["GET"]}}],"collection":[{"href":"https:\/\/e-systemygrzewcze.eu\/sklep\/wp-json\/wp\/v2\/product"}],"about":[{"href":"https:\/\/e-systemygrzewcze.eu\/sklep\/wp-json\/wp\/v2\/types\/product"}],"wp:featuredmedia":[{"embeddable":true,"href":"https:\/\/e-systemygrzewcze.eu\/sklep\/wp-json\/wp\/v2\/media\/6279"}],"wp:attachment":[{"href":"https:\/\/e-systemygrzewcze.eu\/sklep\/wp-json\/wp\/v2\/media?parent=6277"}],"wp:term":[{"taxonomy":"product_brand","embeddable":true,"href":"https:\/\/e-systemygrzewcze.eu\/sklep\/wp-json\/wp\/v2\/product_brand?post=6277"},{"taxonomy":"product_cat","embeddable":true,"href":"https:\/\/e-systemygrzewcze.eu\/sklep\/wp-json\/wp\/v2\/product_cat?post=6277"},{"taxonomy":"product_tag","embeddable":true,"href":"https:\/\/e-systemygrzewcze.eu\/sklep\/wp-json\/wp\/v2\/product_tag?post=6277"}],"curies":[{"name":"wp","href":"https:\/\/api.w.org\/{rel}","templated":true}]}}