{"id":6274,"date":"2025-09-10T06:09:02","date_gmt":"2025-09-10T06:09:02","guid":{"rendered":"https:\/\/e-systemygrzewcze.eu\/sklep\/produkt\/dream-heat-przewod-25x1-czerwony\/"},"modified":"2026-04-09T10:03:49","modified_gmt":"2026-04-09T10:03:49","slug":"dream-heat-przewod-25x1-czerwony","status":"publish","type":"product","link":"https:\/\/e-systemygrzewcze.eu\/sklep\/produkt\/dream-heat-przewod-25x1-czerwony\/","title":{"rendered":"DREAM HEAT Przew\u00f3d 2,5&#215;1 czerwony"},"content":{"rendered":"","protected":false},"excerpt":{"rendered":"<p><strong>Jedno\u017cy\u0142owy przew\u00f3d elektryczny o przekroju 2,5 mm2, przeznaczony do zastosowa\u0144 w systemach ogrzewania pod\u0142ogowego oraz instalacjach elektrycznych. Odporny na wysok\u0105 temperatur\u0119, elastyczny, z izolacj\u0105 w czerwonym kolorze dla \u0142atwej identyfikacji. Idealny do pod\u0142\u0105cze\u0144 mat i przewod\u00f3w grzewczych.<\/strong><\/p>\n","protected":false},"featured_media":6283,"template":"","meta":{"_kad_blocks_custom_css":"","_kad_blocks_head_custom_js":"","_kad_blocks_body_custom_js":"","_kad_blocks_footer_custom_js":"","_kad_post_transparent":"default","_kad_post_title":"","_kad_post_layout":"default","_kad_post_sidebar_id":"","_kad_post_content_style":"default","_kad_post_vertical_padding":"default","_kad_post_feature":"","_kad_post_feature_position":"","_kad_post_header":false,"_kad_post_footer":false,"_kad_post_classname":""},"product_brand":[419],"product_cat":[184],"product_tag":[],"class_list":{"0":"post-6274","1":"product","2":"type-product","3":"status-publish","4":"has-post-thumbnail","6":"product_brand-dream-heat","7":"product_cat-przewody-grzewcze","8":"product_shipping_class-drobnica","10":"first","11":"instock","12":"taxable","13":"shipping-taxable","14":"purchasable","15":"product-type-simple","16":"entry","17":"content-bg","18":"loop-entry"},"taxonomy_info":{"product_brand":[{"value":419,"label":"DREAM HEAT"}],"product_cat":[{"value":184,"label":"Przewody grzewcze"}]},"featured_image_src_large":["https:\/\/e-systemygrzewcze.eu\/sklep\/wp-content\/uploads\/2025\/09\/Nowy-projekt-2025-09-10T081650.249.jpg",510,578,false],"author_info":[],"comment_info":"","_links":{"self":[{"href":"https:\/\/e-systemygrzewcze.eu\/sklep\/wp-json\/wp\/v2\/product\/6274","targetHints":{"allow":["GET"]}}],"collection":[{"href":"https:\/\/e-systemygrzewcze.eu\/sklep\/wp-json\/wp\/v2\/product"}],"about":[{"href":"https:\/\/e-systemygrzewcze.eu\/sklep\/wp-json\/wp\/v2\/types\/product"}],"wp:featuredmedia":[{"embeddable":true,"href":"https:\/\/e-systemygrzewcze.eu\/sklep\/wp-json\/wp\/v2\/media\/6283"}],"wp:attachment":[{"href":"https:\/\/e-systemygrzewcze.eu\/sklep\/wp-json\/wp\/v2\/media?parent=6274"}],"wp:term":[{"taxonomy":"product_brand","embeddable":true,"href":"https:\/\/e-systemygrzewcze.eu\/sklep\/wp-json\/wp\/v2\/product_brand?post=6274"},{"taxonomy":"product_cat","embeddable":true,"href":"https:\/\/e-systemygrzewcze.eu\/sklep\/wp-json\/wp\/v2\/product_cat?post=6274"},{"taxonomy":"product_tag","embeddable":true,"href":"https:\/\/e-systemygrzewcze.eu\/sklep\/wp-json\/wp\/v2\/product_tag?post=6274"}],"curies":[{"name":"wp","href":"https:\/\/api.w.org\/{rel}","templated":true}]}}