{"id":6220,"date":"2025-09-09T11:43:00","date_gmt":"2025-09-09T11:43:00","guid":{"rendered":"https:\/\/e-systemygrzewcze.eu\/sklep\/produkt\/rbm-zawor-powrotny-prosty-15\/"},"modified":"2026-04-09T10:04:36","modified_gmt":"2026-04-09T10:04:36","slug":"rbm-zawor-powrotny-prosty-15","status":"publish","type":"product","link":"https:\/\/e-systemygrzewcze.eu\/sklep\/produkt\/rbm-zawor-powrotny-prosty-15\/","title":{"rendered":"RBM Zaw\u00f3r powrotny prosty 1\/2&#8243;"},"content":{"rendered":"","protected":false},"excerpt":{"rendered":"<p><strong>Prosty zaw\u00f3r powrotny RBM 15 mm zapewnia niezawodn\u0105 regulacj\u0119 przep\u0142ywu w instalacjach grzewczych. Trwa\u0142a konstrukcja gwarantuje szczelno\u015b\u0107 i d\u0142ugotrwa\u0142e u\u017cytkowanie.<\/strong><\/p>\n","protected":false},"featured_media":6222,"template":"","meta":{"_kad_blocks_custom_css":"","_kad_blocks_head_custom_js":"","_kad_blocks_body_custom_js":"","_kad_blocks_footer_custom_js":"","_kad_post_transparent":"default","_kad_post_title":"","_kad_post_layout":"default","_kad_post_sidebar_id":"","_kad_post_content_style":"default","_kad_post_vertical_padding":"default","_kad_post_feature":"","_kad_post_feature_position":"","_kad_post_header":false,"_kad_post_footer":false,"_kad_post_classname":""},"product_brand":[312],"product_cat":[349],"product_tag":[],"class_list":{"0":"post-6220","1":"product","2":"type-product","3":"status-publish","4":"has-post-thumbnail","6":"product_brand-rbm","7":"product_cat-zawory-termostatyczne-grzejniki","8":"product_shipping_class-drobnica","10":"first","11":"instock","12":"taxable","13":"shipping-taxable","14":"purchasable","15":"product-type-simple","16":"entry","17":"content-bg","18":"loop-entry"},"taxonomy_info":{"product_brand":[{"value":312,"label":"RBM"}],"product_cat":[{"value":349,"label":"Zawory termostatyczne"}]},"featured_image_src_large":["https:\/\/e-systemygrzewcze.eu\/sklep\/wp-content\/uploads\/2025\/09\/Nowy-projekt-2025-09-09T134512.716.jpg",510,578,false],"author_info":[],"comment_info":"","_links":{"self":[{"href":"https:\/\/e-systemygrzewcze.eu\/sklep\/wp-json\/wp\/v2\/product\/6220","targetHints":{"allow":["GET"]}}],"collection":[{"href":"https:\/\/e-systemygrzewcze.eu\/sklep\/wp-json\/wp\/v2\/product"}],"about":[{"href":"https:\/\/e-systemygrzewcze.eu\/sklep\/wp-json\/wp\/v2\/types\/product"}],"wp:featuredmedia":[{"embeddable":true,"href":"https:\/\/e-systemygrzewcze.eu\/sklep\/wp-json\/wp\/v2\/media\/6222"}],"wp:attachment":[{"href":"https:\/\/e-systemygrzewcze.eu\/sklep\/wp-json\/wp\/v2\/media?parent=6220"}],"wp:term":[{"taxonomy":"product_brand","embeddable":true,"href":"https:\/\/e-systemygrzewcze.eu\/sklep\/wp-json\/wp\/v2\/product_brand?post=6220"},{"taxonomy":"product_cat","embeddable":true,"href":"https:\/\/e-systemygrzewcze.eu\/sklep\/wp-json\/wp\/v2\/product_cat?post=6220"},{"taxonomy":"product_tag","embeddable":true,"href":"https:\/\/e-systemygrzewcze.eu\/sklep\/wp-json\/wp\/v2\/product_tag?post=6220"}],"curies":[{"name":"wp","href":"https:\/\/api.w.org\/{rel}","templated":true}]}}