{"id":6206,"date":"2025-09-09T10:47:33","date_gmt":"2025-09-09T10:47:33","guid":{"rendered":"https:\/\/e-systemygrzewcze.eu\/sklep\/produkt\/goshe-zawor-termostatyczny-katowy-15\/"},"modified":"2026-03-30T10:18:51","modified_gmt":"2026-03-30T10:18:51","slug":"goshe-zawor-termostatyczny-katowy-15","status":"publish","type":"product","link":"https:\/\/e-systemygrzewcze.eu\/sklep\/produkt\/goshe-zawor-termostatyczny-katowy-15\/","title":{"rendered":"GOSHE Zaw\u00f3r termostatyczny k\u0105towy 1\/2&#8243;"},"content":{"rendered":"<hr data-start=\"64\" data-end=\"67\" \/>\n<h2 data-start=\"69\" data-end=\"125\">\ud83c\udf21\ufe0f GOSHE Zaw\u00f3r termostatyczny k\u0105towy 1\/2&#8243; (0200.288)<\/h2>\n<p data-start=\"126\" data-end=\"357\">Zaw\u00f3r termostatyczny <strong data-start=\"147\" data-end=\"168\">GOSHE 1\/2&#8243; k\u0105towy<\/strong> przeznaczony jest do <strong data-start=\"190\" data-end=\"222\">grzejnik\u00f3w boczno-zasilanych<\/strong>. Umo\u017cliwia <strong data-start=\"234\" data-end=\"288\">automatyczn\u0105 regulacj\u0119 temperatury w pomieszczeniu<\/strong>, zwi\u0119kszaj\u0105c komfort oraz pozwalaj\u0105c na realne oszcz\u0119dno\u015bci energii.<\/p>\n<p data-start=\"359\" data-end=\"444\">Zaw\u00f3r wsp\u00f3\u0142pracuje z g\u0142owicami termostatycznymi o standardowym gwincie <strong data-start=\"430\" data-end=\"443\">M30 x 1,5<\/strong>.<\/p>\n<hr data-start=\"446\" data-end=\"449\" \/>\n<h2 data-start=\"451\" data-end=\"473\">\ud83d\udd04 Zasada dzia\u0142ania<\/h2>\n<ul data-start=\"474\" data-end=\"680\">\n<li data-start=\"474\" data-end=\"584\">\n<p data-start=\"476\" data-end=\"584\">Po osi\u0105gni\u0119ciu ustawionej temperatury \u2013 <strong data-start=\"516\" data-end=\"540\">g\u0142owica zamyka zaw\u00f3r<\/strong>, ograniczaj\u0105c dop\u0142yw czynnika grzewczego.<\/p>\n<\/li>\n<li data-start=\"585\" data-end=\"680\">\n<p data-start=\"587\" data-end=\"680\">Gdy temperatura w pomieszczeniu spada \u2013 <strong data-start=\"627\" data-end=\"652\">g\u0142owica otwiera zaw\u00f3r<\/strong>, przywracaj\u0105c ogrzewanie.<\/p>\n<\/li>\n<\/ul>\n<p data-start=\"682\" data-end=\"758\">System dzia\u0142a w pe\u0142ni <strong data-start=\"704\" data-end=\"721\">automatycznie<\/strong>, bez konieczno\u015bci r\u0119cznej regulacji.<\/p>\n<hr data-start=\"760\" data-end=\"763\" \/>\n<h2 data-start=\"765\" data-end=\"783\">\ud83c\udfe0 Zastosowanie<\/h2>\n<ul data-start=\"784\" data-end=\"944\">\n<li data-start=\"784\" data-end=\"846\">\n<p data-start=\"786\" data-end=\"846\">do <strong data-start=\"789\" data-end=\"843\">wszystkich typ\u00f3w instalacji centralnego ogrzewania<\/strong>,<\/p>\n<\/li>\n<li data-start=\"847\" data-end=\"892\">\n<p data-start=\"849\" data-end=\"892\">do grzejnik\u00f3w <strong data-start=\"863\" data-end=\"889\">boczno-zasilanych 1\/2&#8243;<\/strong>,<\/p>\n<\/li>\n<li data-start=\"893\" data-end=\"944\">\n<p data-start=\"895\" data-end=\"944\">do dom\u00f3w, mieszka\u0144, biur i obiekt\u00f3w u\u017cytkowych.<\/p>\n<\/li>\n<\/ul>\n<p data-start=\"946\" data-end=\"969\">Automatyczna regulacja:<\/p>\n<ul data-start=\"970\" data-end=\"1058\">\n<li data-start=\"970\" data-end=\"999\">\n<p data-start=\"972\" data-end=\"999\">poprawia komfort cieplny,<\/p>\n<\/li>\n<li data-start=\"1000\" data-end=\"1030\">\n<p data-start=\"1002\" data-end=\"1030\">ogranicza zu\u017cycie energii,<\/p>\n<\/li>\n<li data-start=\"1031\" data-end=\"1058\">\n<p data-start=\"1033\" data-end=\"1058\">obni\u017ca koszty ogrzewania.<\/p>\n<\/li>\n<\/ul>\n<hr data-start=\"1060\" data-end=\"1063\" \/>\n<h2 data-start=\"1065\" data-end=\"1084\">\ud83d\udce6 Sk\u0142ad zestawu<\/h2>\n<ul data-start=\"1085\" data-end=\"1118\">\n<li data-start=\"1085\" data-end=\"1118\">\n<p data-start=\"1087\" data-end=\"1118\">zaw\u00f3r termostatyczny <strong data-start=\"1108\" data-end=\"1118\">k\u0105towy<\/strong><\/p>\n<\/li>\n<\/ul>\n<hr data-start=\"1120\" data-end=\"1123\" \/>\n<h2 data-start=\"1125\" data-end=\"1151\">\ud83d\udcd0 Parametry techniczne<\/h2>\n<ul data-start=\"1152\" data-end=\"1404\">\n<li data-start=\"1152\" data-end=\"1192\">\n<p data-start=\"1154\" data-end=\"1192\">Gwint monta\u017cowy zaworu: <strong data-start=\"1178\" data-end=\"1190\">1\/2 cala<\/strong><\/p>\n<\/li>\n<li data-start=\"1193\" data-end=\"1236\">\n<p data-start=\"1195\" data-end=\"1236\">Maksymalna temperatura pracy: <strong data-start=\"1225\" data-end=\"1234\">120\u00b0C<\/strong><\/p>\n<\/li>\n<li data-start=\"1237\" data-end=\"1280\">\n<p data-start=\"1239\" data-end=\"1280\">Ci\u015bnienie nominalne: <strong data-start=\"1260\" data-end=\"1278\">1 MPa (10 bar)<\/strong><\/p>\n<\/li>\n<li data-start=\"1281\" data-end=\"1323\">\n<p data-start=\"1283\" data-end=\"1323\">Gwint pasuj\u0105cej g\u0142owicy: <strong data-start=\"1308\" data-end=\"1321\">M30 x 1,5<\/strong><\/p>\n<\/li>\n<li data-start=\"1324\" data-end=\"1353\">\n<p data-start=\"1326\" data-end=\"1353\">D\u0142ugo\u015b\u0107 zaworu: <strong data-start=\"1342\" data-end=\"1351\">70 mm<\/strong><\/p>\n<\/li>\n<li data-start=\"1354\" data-end=\"1404\">\n<p data-start=\"1356\" data-end=\"1404\">Wysoko\u015b\u0107 do ko\u0144ca bia\u0142ej nakr\u0119tki: <strong data-start=\"1391\" data-end=\"1404\">ok. 57 mm<\/strong><\/p>\n<\/li>\n<\/ul>\n<hr data-start=\"1406\" data-end=\"1409\" \/>\n<h2 data-start=\"1411\" data-end=\"1436\">\u2705 Najwa\u017cniejsze zalety<\/h2>\n<ul data-start=\"1437\" data-end=\"1636\">\n<li data-start=\"1437\" data-end=\"1475\">\n<p data-start=\"1439\" data-end=\"1475\">automatyczna regulacja temperatury<\/p>\n<\/li>\n<li data-start=\"1476\" data-end=\"1520\">\n<p data-start=\"1478\" data-end=\"1520\">oszcz\u0119dno\u015b\u0107 energii i koszt\u00f3w ogrzewania<\/p>\n<\/li>\n<li data-start=\"1521\" data-end=\"1550\">\n<p data-start=\"1523\" data-end=\"1550\">standardowy gwint M30x1,5<\/p>\n<\/li>\n<li data-start=\"1551\" data-end=\"1585\">\n<p data-start=\"1553\" data-end=\"1585\">idealny do grzejnik\u00f3w bocznych<\/p>\n<\/li>\n<li data-start=\"1586\" data-end=\"1609\">\n<p data-start=\"1588\" data-end=\"1609\">solidna konstrukcja<\/p>\n<\/li>\n<li data-start=\"1610\" data-end=\"1636\">\n<p data-start=\"1612\" data-end=\"1636\">szybki i prosty monta\u017c<\/p>\n<\/li>\n<\/ul>\n","protected":false},"excerpt":{"rendered":"<p><strong>Zaw\u00f3r termostatyczny k\u0105towy GOSHE DN15 (1\/2&#8243;) to element instalacji grzewczej umo\u017cliwiaj\u0105cy precyzyjn\u0105 regulacj\u0119 przep\u0142ywu wody do grzejnika.<\/strong><\/p>\n","protected":false},"featured_media":6215,"template":"","meta":{"_kad_blocks_custom_css":"","_kad_blocks_head_custom_js":"","_kad_blocks_body_custom_js":"","_kad_blocks_footer_custom_js":"","_kad_post_transparent":"default","_kad_post_title":"","_kad_post_layout":"default","_kad_post_sidebar_id":"","_kad_post_content_style":"default","_kad_post_vertical_padding":"default","_kad_post_feature":"","_kad_post_feature_position":"","_kad_post_header":false,"_kad_post_footer":false,"_kad_post_classname":""},"product_brand":[27],"product_cat":[349],"product_tag":[],"class_list":{"0":"post-6206","1":"product","2":"type-product","3":"status-publish","4":"has-post-thumbnail","6":"product_brand-goshe","7":"product_cat-zawory-termostatyczne-grzejniki","8":"product_shipping_class-drobnica","10":"first","11":"instock","12":"taxable","13":"shipping-taxable","14":"purchasable","15":"product-type-simple","16":"entry","17":"content-bg","18":"loop-entry"},"taxonomy_info":{"product_brand":[{"value":27,"label":"Goshe"}],"product_cat":[{"value":349,"label":"Zawory termostatyczne"}]},"featured_image_src_large":["https:\/\/e-systemygrzewcze.eu\/sklep\/wp-content\/uploads\/2025\/09\/Nowy-projekt-2025-09-09T132731.204.jpg",510,578,false],"author_info":[],"comment_info":"","_links":{"self":[{"href":"https:\/\/e-systemygrzewcze.eu\/sklep\/wp-json\/wp\/v2\/product\/6206","targetHints":{"allow":["GET"]}}],"collection":[{"href":"https:\/\/e-systemygrzewcze.eu\/sklep\/wp-json\/wp\/v2\/product"}],"about":[{"href":"https:\/\/e-systemygrzewcze.eu\/sklep\/wp-json\/wp\/v2\/types\/product"}],"wp:featuredmedia":[{"embeddable":true,"href":"https:\/\/e-systemygrzewcze.eu\/sklep\/wp-json\/wp\/v2\/media\/6215"}],"wp:attachment":[{"href":"https:\/\/e-systemygrzewcze.eu\/sklep\/wp-json\/wp\/v2\/media?parent=6206"}],"wp:term":[{"taxonomy":"product_brand","embeddable":true,"href":"https:\/\/e-systemygrzewcze.eu\/sklep\/wp-json\/wp\/v2\/product_brand?post=6206"},{"taxonomy":"product_cat","embeddable":true,"href":"https:\/\/e-systemygrzewcze.eu\/sklep\/wp-json\/wp\/v2\/product_cat?post=6206"},{"taxonomy":"product_tag","embeddable":true,"href":"https:\/\/e-systemygrzewcze.eu\/sklep\/wp-json\/wp\/v2\/product_tag?post=6206"}],"curies":[{"name":"wp","href":"https:\/\/api.w.org\/{rel}","templated":true}]}}