{"id":6205,"date":"2025-09-09T10:46:45","date_gmt":"2025-09-09T10:46:45","guid":{"rendered":"https:\/\/e-systemygrzewcze.eu\/sklep\/produkt\/giacomini-zawor-termostatyczny-reczny-katowy-1-2\/"},"modified":"2026-04-09T10:04:51","modified_gmt":"2026-04-09T10:04:51","slug":"giacomini-zawor-termostatyczny-reczny-katowy-1-2","status":"publish","type":"product","link":"https:\/\/e-systemygrzewcze.eu\/sklep\/produkt\/giacomini-zawor-termostatyczny-reczny-katowy-1-2\/","title":{"rendered":"GIACOMINI Zaw\u00f3r termostatyczny r\u0119czny k\u0105towy 1\/2&#8243;"},"content":{"rendered":"<h2 data-start=\"94\" data-end=\"172\">\ud83c\udf21\ufe0f GIACOMINI Zaw\u00f3r termostatyczny r\u0119czny k\u0105towy 1\/2&#8243; \u2013 chrom TG CLIP CLAP\u00ae<\/h2>\n<p data-start=\"173\" data-end=\"434\">Wysokiej jako\u015bci <strong data-start=\"190\" data-end=\"228\">k\u0105towy zaw\u00f3r grzejnikowy GIACOMINI<\/strong> z <strong data-start=\"231\" data-end=\"260\">pokr\u0119t\u0142em mikrometrycznym<\/strong> przeznaczony do precyzyjnej regulacji przep\u0142ywu czynnika grzewczego. Solidne <strong data-start=\"338\" data-end=\"364\">chromowane wyko\u0144czenie<\/strong> zapewnia nie tylko estetyk\u0119, ale tak\u017ce wysok\u0105 odporno\u015b\u0107 na korozj\u0119 \ud83d\udc8e<\/p>\n<p data-start=\"436\" data-end=\"579\">Zaw\u00f3r przystosowany jest do monta\u017cu <strong data-start=\"472\" data-end=\"526\">g\u0142owicy termostatycznej w systemie CLIP CLAP\u00ae (TG)<\/strong> \u2013 szybki i wygodny monta\u017c bez gwintowania g\u0142owicy \ud83d\udd27<\/p>\n<hr data-start=\"581\" data-end=\"584\" \/>\n<h2 data-start=\"586\" data-end=\"608\">\ud83d\udd04 Zasada dzia\u0142ania<\/h2>\n<ul data-start=\"609\" data-end=\"893\">\n<li data-start=\"609\" data-end=\"670\">\n<p data-start=\"611\" data-end=\"670\">Pokr\u0119t\u0142o umo\u017cliwia <strong data-start=\"630\" data-end=\"670\">dok\u0142adn\u0105, r\u0119czn\u0105 regulacj\u0119 przep\u0142ywu<\/strong><\/p>\n<\/li>\n<li data-start=\"671\" data-end=\"772\">\n<p data-start=\"673\" data-end=\"772\">Instalacja g\u0142owicy termostatycznej pozwala na <strong data-start=\"719\" data-end=\"772\">automatyczn\u0105 kontrol\u0119 temperatury w pomieszczeniu<\/strong><\/p>\n<\/li>\n<li data-start=\"773\" data-end=\"893\">\n<p data-start=\"775\" data-end=\"814\">Reakcja na zmiany temperatury zapewnia:<\/p>\n<ul data-start=\"817\" data-end=\"893\">\n<li data-start=\"817\" data-end=\"840\">\n<p data-start=\"819\" data-end=\"840\">komfort cieplny \ud83c\udf21\ufe0f<\/p>\n<\/li>\n<li data-start=\"843\" data-end=\"868\">\n<p data-start=\"845\" data-end=\"868\">oszcz\u0119dno\u015b\u0107 energii \u26a1<\/p>\n<\/li>\n<li data-start=\"871\" data-end=\"893\">\n<p data-start=\"873\" data-end=\"893\">ni\u017csze rachunki \ud83d\udcb0<\/p>\n<\/li>\n<\/ul>\n<\/li>\n<\/ul>\n<hr data-start=\"895\" data-end=\"898\" \/>\n<h2 data-start=\"900\" data-end=\"918\">\ud83c\udfe0 Zastosowanie<\/h2>\n<p data-start=\"919\" data-end=\"1112\">\u2705 grzejniki <strong data-start=\"931\" data-end=\"955\">boczno-zasilane 1\/2&#8243;<\/strong><br data-start=\"955\" data-end=\"958\" \/>\u2705 instalacje <strong data-start=\"971\" data-end=\"997\">centralnego ogrzewania<\/strong><br data-start=\"997\" data-end=\"1000\" \/>\u2705 domy, mieszkania, biura, obiekty u\u017cytkowe<br data-start=\"1043\" data-end=\"1046\" \/>\u2705 mo\u017cliwo\u015b\u0107 pracy jako zaw\u00f3r r\u0119czny lub z g\u0142owic\u0105 termostatyczn\u0105<\/p>\n<hr data-start=\"1114\" data-end=\"1117\" \/>\n<h2 data-start=\"1119\" data-end=\"1140\">\ud83d\udcd0 Dane techniczne<\/h2>\n<ul data-start=\"1141\" data-end=\"1506\">\n<li data-start=\"1141\" data-end=\"1170\">\n<p data-start=\"1143\" data-end=\"1170\">Typ \/ kszta\u0142t: <strong data-start=\"1158\" data-end=\"1168\">k\u0105towy<\/strong><\/p>\n<\/li>\n<li data-start=\"1171\" data-end=\"1213\">\n<p data-start=\"1173\" data-end=\"1213\">Przystosowany termostatycznie: <strong data-start=\"1204\" data-end=\"1211\">TAK<\/strong><\/p>\n<\/li>\n<li data-start=\"1214\" data-end=\"1260\">\n<p data-start=\"1216\" data-end=\"1260\">Rozmiar pod\u0142\u0105czenia do grzejnika: <strong data-start=\"1250\" data-end=\"1258\">1\/2&#8243;<\/strong><\/p>\n<\/li>\n<li data-start=\"1261\" data-end=\"1304\">\n<p data-start=\"1263\" data-end=\"1304\">Zakres temperatury pracy: <strong data-start=\"1289\" data-end=\"1302\">5 \u00f7 110\u00b0C<\/strong><\/p>\n<\/li>\n<li data-start=\"1305\" data-end=\"1413\">\n<p data-start=\"1307\" data-end=\"1338\">Maksymalne ci\u015bnienie robocze:<\/p>\n<\/li>\n<li data-start=\"1305\" data-end=\"1413\">\n<p data-start=\"1307\" data-end=\"1338\"><strong data-start=\"1343\" data-end=\"1353\">16 bar<\/strong> (bez g\u0142owicy)<\/p>\n<\/li>\n<li data-start=\"1305\" data-end=\"1413\">\n<p data-start=\"1307\" data-end=\"1338\"><strong data-start=\"1374\" data-end=\"1384\">10 bar<\/strong> (z g\u0142owic\u0105 termostatyczn\u0105)<\/p>\n<\/li>\n<li data-start=\"1414\" data-end=\"1456\">\n<p data-start=\"1416\" data-end=\"1456\">Przy\u0142\u0105cze g\u0142owicy: <strong data-start=\"1435\" data-end=\"1454\">CLIP CLAP\u00ae (TG)<\/strong><\/p>\n<\/li>\n<li data-start=\"1457\" data-end=\"1506\">\n<p data-start=\"1459\" data-end=\"1506\">Zabezpieczenie powierzchni: <strong data-start=\"1487\" data-end=\"1502\">chromowanie<\/strong> \u2728<\/p>\n<\/li>\n<\/ul>\n<hr data-start=\"1508\" data-end=\"1511\" \/>\n<h2 data-start=\"1513\" data-end=\"1538\">\u2705 Najwa\u017cniejsze zalety<\/h2>\n<p data-start=\"1539\" data-end=\"1772\">\u2714\ufe0f precyzyjna regulacja mikrometryczna<br data-start=\"1577\" data-end=\"1580\" \/>\u2714\ufe0f mo\u017cliwo\u015b\u0107 pracy z g\u0142owic\u0105 termostatyczn\u0105<br data-start=\"1623\" data-end=\"1626\" \/>\u2714\ufe0f szybki monta\u017c CLIP CLAP\u00ae<br data-start=\"1653\" data-end=\"1656\" \/>\u2714\ufe0f wysoka odporno\u015b\u0107 na temperatur\u0119 i ci\u015bnienie<br data-start=\"1702\" data-end=\"1705\" \/>\u2714\ufe0f elegancki wygl\u0105d \u2013 chrom<br data-start=\"1732\" data-end=\"1735\" \/>\u2714\ufe0f marka premium <strong data-start=\"1752\" data-end=\"1765\">GIACOMINI<\/strong> \ud83c\uddee\ud83c\uddf9<\/p>\n","protected":false},"excerpt":{"rendered":"<p><strong>Zaw\u00f3r termostatyczny r\u0119czny k\u0105towy GIACOMINI 1\/2&#8243; to trwa\u0142y mosi\u0119\u017cny zaw\u00f3r do regulacji temperatury w instalacjach grzewczych, zapewniaj\u0105cy \u0142atwy monta\u017c i szczelno\u015b\u0107. Idealny do precyzyjnego sterowania przep\u0142ywem ciep\u0142a w systemach grzewczych.<\/strong><\/p>\n","protected":false},"featured_media":6202,"template":"","meta":{"_kad_blocks_custom_css":"","_kad_blocks_head_custom_js":"","_kad_blocks_body_custom_js":"","_kad_blocks_footer_custom_js":"","_kad_post_transparent":"default","_kad_post_title":"","_kad_post_layout":"default","_kad_post_sidebar_id":"","_kad_post_content_style":"default","_kad_post_vertical_padding":"default","_kad_post_feature":"","_kad_post_feature_position":"","_kad_post_header":false,"_kad_post_footer":false,"_kad_post_classname":""},"product_brand":[412],"product_cat":[349],"product_tag":[],"class_list":{"0":"post-6205","1":"product","2":"type-product","3":"status-publish","4":"has-post-thumbnail","6":"product_brand-giacomini","7":"product_cat-zawory-termostatyczne-grzejniki","8":"product_shipping_class-drobnica","10":"first","11":"instock","12":"taxable","13":"shipping-taxable","14":"purchasable","15":"product-type-simple","16":"entry","17":"content-bg","18":"loop-entry"},"taxonomy_info":{"product_brand":[{"value":412,"label":"GIACOMINI"}],"product_cat":[{"value":349,"label":"Zawory termostatyczne"}]},"featured_image_src_large":["https:\/\/e-systemygrzewcze.eu\/sklep\/wp-content\/uploads\/2025\/09\/Nowy-projekt-2025-09-09T115345.481.jpg",510,578,false],"author_info":[],"comment_info":"","_links":{"self":[{"href":"https:\/\/e-systemygrzewcze.eu\/sklep\/wp-json\/wp\/v2\/product\/6205","targetHints":{"allow":["GET"]}}],"collection":[{"href":"https:\/\/e-systemygrzewcze.eu\/sklep\/wp-json\/wp\/v2\/product"}],"about":[{"href":"https:\/\/e-systemygrzewcze.eu\/sklep\/wp-json\/wp\/v2\/types\/product"}],"wp:featuredmedia":[{"embeddable":true,"href":"https:\/\/e-systemygrzewcze.eu\/sklep\/wp-json\/wp\/v2\/media\/6202"}],"wp:attachment":[{"href":"https:\/\/e-systemygrzewcze.eu\/sklep\/wp-json\/wp\/v2\/media?parent=6205"}],"wp:term":[{"taxonomy":"product_brand","embeddable":true,"href":"https:\/\/e-systemygrzewcze.eu\/sklep\/wp-json\/wp\/v2\/product_brand?post=6205"},{"taxonomy":"product_cat","embeddable":true,"href":"https:\/\/e-systemygrzewcze.eu\/sklep\/wp-json\/wp\/v2\/product_cat?post=6205"},{"taxonomy":"product_tag","embeddable":true,"href":"https:\/\/e-systemygrzewcze.eu\/sklep\/wp-json\/wp\/v2\/product_tag?post=6205"}],"curies":[{"name":"wp","href":"https:\/\/api.w.org\/{rel}","templated":true}]}}