{"id":6197,"date":"2025-09-09T09:13:55","date_gmt":"2025-09-09T09:13:55","guid":{"rendered":"https:\/\/e-systemygrzewcze.eu\/sklep\/produkt\/giacomini-zawor-termostatyczny-reczny-prosty-1-2\/"},"modified":"2026-04-09T10:05:00","modified_gmt":"2026-04-09T10:05:00","slug":"giacomini-zawor-termostatyczny-reczny-prosty-1-2","status":"publish","type":"product","link":"https:\/\/e-systemygrzewcze.eu\/sklep\/produkt\/giacomini-zawor-termostatyczny-reczny-prosty-1-2\/","title":{"rendered":"GIACOMINI Zaw\u00f3r termostatyczny r\u0119czny prosty 1\/2&#8243;"},"content":{"rendered":"<h2 data-start=\"89\" data-end=\"176\">\ud83c\udf21\ufe0f GIACOMINI Zaw\u00f3r termostatyczny r\u0119czny prosty 1\/2&#8243; R422X133 \u2013 chrom TG CLIP CLAP\u00ae<\/h2>\n<p data-start=\"177\" data-end=\"427\">Solidny <strong data-start=\"185\" data-end=\"223\">prosty zaw\u00f3r grzejnikowy GIACOMINI<\/strong> z <strong data-start=\"226\" data-end=\"255\">pokr\u0119t\u0142em mikrometrycznym<\/strong> umo\u017cliwia precyzyjn\u0105 regulacj\u0119 przep\u0142ywu czynnika grzewczego. Wysokiej klasy <strong data-start=\"333\" data-end=\"359\">chromowane wyko\u0144czenie<\/strong> gwarantuje trwa\u0142o\u015b\u0107, odporno\u015b\u0107 na korozj\u0119 oraz elegancki wygl\u0105d \u2728<\/p>\n<p data-start=\"429\" data-end=\"548\">Zaw\u00f3r przystosowany do monta\u017cu <strong data-start=\"460\" data-end=\"514\">g\u0142owicy termostatycznej w systemie CLIP CLAP\u00ae (TG)<\/strong> \u2013 szybki monta\u017c bez nakr\u0119cania \ud83d\udd27<\/p>\n<hr data-start=\"550\" data-end=\"553\" \/>\n<h2 data-start=\"555\" data-end=\"577\">\ud83d\udd04 Zasada dzia\u0142ania<\/h2>\n<ul data-start=\"578\" data-end=\"827\">\n<li data-start=\"578\" data-end=\"640\">\n<p data-start=\"580\" data-end=\"640\">R\u0119czne pokr\u0119t\u0142o pozwala na <strong data-start=\"607\" data-end=\"640\">dok\u0142adne ustawienie przep\u0142ywu<\/strong><\/p>\n<\/li>\n<li data-start=\"641\" data-end=\"827\">\n<p data-start=\"643\" data-end=\"667\">Po zamontowaniu g\u0142owicy:<\/p>\n<ul data-start=\"670\" data-end=\"827\">\n<li data-start=\"670\" data-end=\"720\">\n<p data-start=\"672\" data-end=\"720\">zaw\u00f3r <strong data-start=\"678\" data-end=\"716\">automatycznie reguluje temperatur\u0119<\/strong> \ud83c\udf21\ufe0f<\/p>\n<\/li>\n<li data-start=\"723\" data-end=\"749\">\n<p data-start=\"725\" data-end=\"749\">zwi\u0119ksza komfort cieplny<\/p>\n<\/li>\n<li data-start=\"752\" data-end=\"790\">\n<p data-start=\"754\" data-end=\"790\">pozwala ograniczy\u0107 zu\u017cycie energii \u26a1<\/p>\n<\/li>\n<li data-start=\"793\" data-end=\"827\">\n<p data-start=\"795\" data-end=\"827\">zmniejsza koszty ogrzewania \ud83d\udcb0<\/p>\n<\/li>\n<\/ul>\n<\/li>\n<\/ul>\n<hr data-start=\"829\" data-end=\"832\" \/>\n<h2 data-start=\"834\" data-end=\"852\">\ud83c\udfe0 Zastosowanie<\/h2>\n<p data-start=\"853\" data-end=\"1044\">\u2705 grzejniki z <strong data-start=\"867\" data-end=\"896\">pod\u0142\u0105czeniem prostym 1\/2&#8243;<\/strong><br data-start=\"896\" data-end=\"899\" \/>\u2705 instalacje <strong data-start=\"912\" data-end=\"938\">centralnego ogrzewania<\/strong><br data-start=\"938\" data-end=\"941\" \/>\u2705 domy, mieszkania, biura, obiekty u\u017cytkowe<br data-start=\"984\" data-end=\"987\" \/>\u2705 wsp\u00f3\u0142praca z wod\u0105 oraz <strong data-start=\"1012\" data-end=\"1042\">roztworem glikolu (do 30%)<\/strong><\/p>\n<hr data-start=\"1046\" data-end=\"1049\" \/>\n<h2 data-start=\"1051\" data-end=\"1072\">\ud83d\udcd0 Dane techniczne<\/h2>\n<ul data-start=\"1073\" data-end=\"1559\">\n<li data-start=\"1073\" data-end=\"1094\">\n<p data-start=\"1075\" data-end=\"1094\">Model: <strong data-start=\"1082\" data-end=\"1094\">R422X133<\/strong><\/p>\n<\/li>\n<li data-start=\"1095\" data-end=\"1112\">\n<p data-start=\"1097\" data-end=\"1112\">Typ: <strong data-start=\"1102\" data-end=\"1112\">prosty<\/strong><\/p>\n<\/li>\n<li data-start=\"1113\" data-end=\"1144\">\n<p data-start=\"1115\" data-end=\"1144\">Opcja termostatyczna: <strong data-start=\"1137\" data-end=\"1144\">TAK<\/strong><\/p>\n<\/li>\n<li data-start=\"1145\" data-end=\"1178\">\n<p data-start=\"1147\" data-end=\"1178\">Przy\u0142\u0105cze grzejnikowe: <strong data-start=\"1170\" data-end=\"1178\">1\/2&#8243;<\/strong><\/p>\n<\/li>\n<li data-start=\"1179\" data-end=\"1219\">\n<p data-start=\"1181\" data-end=\"1219\">Przy\u0142\u0105cze g\u0142owicy: <strong data-start=\"1200\" data-end=\"1219\">CLIP CLAP\u00ae (TG)<\/strong><\/p>\n<\/li>\n<li data-start=\"1220\" data-end=\"1271\">\n<p data-start=\"1222\" data-end=\"1271\">Stosowane media: <strong data-start=\"1239\" data-end=\"1271\">woda, roztw\u00f3r glikolu do 30%<\/strong><\/p>\n<\/li>\n<li data-start=\"1272\" data-end=\"1313\">\n<p data-start=\"1274\" data-end=\"1313\">Zakres temperatury pracy: <strong data-start=\"1300\" data-end=\"1313\">5 \u00f7 110\u00b0C<\/strong><\/p>\n<\/li>\n<li data-start=\"1314\" data-end=\"1428\">\n<p data-start=\"1316\" data-end=\"1345\">Maksymalne ci\u015bnienie robocze:<\/p>\n<ul data-start=\"1348\" data-end=\"1428\">\n<li data-start=\"1348\" data-end=\"1384\">\n<p data-start=\"1350\" data-end=\"1384\"><strong data-start=\"1350\" data-end=\"1360\">16 bar<\/strong> \u2013 z r\u0119cznym pokr\u0119t\u0142em<\/p>\n<\/li>\n<li data-start=\"1387\" data-end=\"1428\">\n<p data-start=\"1389\" data-end=\"1428\"><strong data-start=\"1389\" data-end=\"1399\">10 bar<\/strong> \u2013 z g\u0142owic\u0105 termostatyczn\u0105<\/p>\n<\/li>\n<\/ul>\n<\/li>\n<li data-start=\"1429\" data-end=\"1524\">\n<p data-start=\"1431\" data-end=\"1472\">Maksymalne ci\u015bnienie r\u00f3\u017cnicowe z g\u0142owic\u0105:<\/p>\n<ul data-start=\"1475\" data-end=\"1524\">\n<li data-start=\"1475\" data-end=\"1499\">\n<p data-start=\"1477\" data-end=\"1499\"><strong data-start=\"1477\" data-end=\"1499\">0,7 bar \u2013 dla 3\/4&#8243;<\/strong><\/p>\n<\/li>\n<li data-start=\"1502\" data-end=\"1524\">\n<p data-start=\"1504\" data-end=\"1524\"><strong data-start=\"1504\" data-end=\"1524\">0,4 bar \u2013 dla 1&#8243;<\/strong><\/p>\n<\/li>\n<\/ul>\n<\/li>\n<li data-start=\"1525\" data-end=\"1559\">\n<p data-start=\"1527\" data-end=\"1559\">Wyko\u0144czenie: <strong data-start=\"1540\" data-end=\"1554\">chromowane<\/strong> \ud83d\udc8e<\/p>\n<\/li>\n<\/ul>\n<hr data-start=\"1561\" data-end=\"1564\" \/>\n<h2 data-start=\"1566\" data-end=\"1591\">\u2705 Najwa\u017cniejsze zalety<\/h2>\n<p data-start=\"1592\" data-end=\"1857\">\u2714\ufe0f precyzyjna regulacja mikrometryczna<br data-start=\"1630\" data-end=\"1633\" \/>\u2714\ufe0f mo\u017cliwo\u015b\u0107 pracy jako zaw\u00f3r r\u0119czny lub termostatyczny<br data-start=\"1688\" data-end=\"1691\" \/>\u2714\ufe0f szybki monta\u017c g\u0142owicy CLIP CLAP\u00ae<br data-start=\"1726\" data-end=\"1729\" \/>\u2714\ufe0f odporno\u015b\u0107 na wysok\u0105 temperatur\u0119 i ci\u015bnienie<br data-start=\"1775\" data-end=\"1778\" \/>\u2714\ufe0f elegancka chromowana powierzchnia<br data-start=\"1814\" data-end=\"1817\" \/>\u2714\ufe0f renomowana marka <strong data-start=\"1837\" data-end=\"1850\">GIACOMINI<\/strong> \ud83c\uddee\ud83c\uddf9<\/p>\n","protected":false},"excerpt":{"rendered":"<p><strong>Zaw\u00f3r termostatyczny r\u0119czny GIACOMINI 1\/2&#8243; to mosi\u0119\u017cny zaw\u00f3r do precyzyjnej regulacji temperatury w instalacjach grzewczych<\/strong><\/p>\n","protected":false},"featured_media":6203,"template":"","meta":{"_kad_blocks_custom_css":"","_kad_blocks_head_custom_js":"","_kad_blocks_body_custom_js":"","_kad_blocks_footer_custom_js":"","_kad_post_transparent":"default","_kad_post_title":"","_kad_post_layout":"default","_kad_post_sidebar_id":"","_kad_post_content_style":"default","_kad_post_vertical_padding":"default","_kad_post_feature":"","_kad_post_feature_position":"","_kad_post_header":false,"_kad_post_footer":false,"_kad_post_classname":""},"product_brand":[412],"product_cat":[349],"product_tag":[],"class_list":{"0":"post-6197","1":"product","2":"type-product","3":"status-publish","4":"has-post-thumbnail","6":"product_brand-giacomini","7":"product_cat-zawory-termostatyczne-grzejniki","8":"product_shipping_class-drobnica","10":"first","11":"instock","12":"taxable","13":"shipping-taxable","14":"purchasable","15":"product-type-simple","16":"entry","17":"content-bg","18":"loop-entry"},"taxonomy_info":{"product_brand":[{"value":412,"label":"GIACOMINI"}],"product_cat":[{"value":349,"label":"Zawory termostatyczne"}]},"featured_image_src_large":["https:\/\/e-systemygrzewcze.eu\/sklep\/wp-content\/uploads\/2025\/09\/Nowy-projekt-2025-09-09T124414.404.jpg",510,578,false],"author_info":[],"comment_info":"","_links":{"self":[{"href":"https:\/\/e-systemygrzewcze.eu\/sklep\/wp-json\/wp\/v2\/product\/6197","targetHints":{"allow":["GET"]}}],"collection":[{"href":"https:\/\/e-systemygrzewcze.eu\/sklep\/wp-json\/wp\/v2\/product"}],"about":[{"href":"https:\/\/e-systemygrzewcze.eu\/sklep\/wp-json\/wp\/v2\/types\/product"}],"wp:featuredmedia":[{"embeddable":true,"href":"https:\/\/e-systemygrzewcze.eu\/sklep\/wp-json\/wp\/v2\/media\/6203"}],"wp:attachment":[{"href":"https:\/\/e-systemygrzewcze.eu\/sklep\/wp-json\/wp\/v2\/media?parent=6197"}],"wp:term":[{"taxonomy":"product_brand","embeddable":true,"href":"https:\/\/e-systemygrzewcze.eu\/sklep\/wp-json\/wp\/v2\/product_brand?post=6197"},{"taxonomy":"product_cat","embeddable":true,"href":"https:\/\/e-systemygrzewcze.eu\/sklep\/wp-json\/wp\/v2\/product_cat?post=6197"},{"taxonomy":"product_tag","embeddable":true,"href":"https:\/\/e-systemygrzewcze.eu\/sklep\/wp-json\/wp\/v2\/product_tag?post=6197"}],"curies":[{"name":"wp","href":"https:\/\/api.w.org\/{rel}","templated":true}]}}