{"id":6196,"date":"2025-09-09T09:13:43","date_gmt":"2025-09-09T09:13:43","guid":{"rendered":"https:\/\/e-systemygrzewcze.eu\/sklep\/produkt\/giacomini-zawor-termostatyczny-reczny-katowy-1-2x3-4\/"},"modified":"2026-04-09T10:05:14","modified_gmt":"2026-04-09T10:05:14","slug":"giacomini-zawor-termostatyczny-reczny-katowy-1-2x3-4","status":"publish","type":"product","link":"https:\/\/e-systemygrzewcze.eu\/sklep\/produkt\/giacomini-zawor-termostatyczny-reczny-katowy-1-2x3-4\/","title":{"rendered":"GIACOMINI Zaw\u00f3r termostatyczny r\u0119czny k\u0105towy 1\/2&#8243;x3\/4&#8243;"},"content":{"rendered":"<div class=\"product-description-text\">\n<h2 data-start=\"69\" data-end=\"154\">\ud83c\udf21\ufe0f GIACOMINI Zaw\u00f3r termostatyczny r\u0119czny k\u0105towy 1\/2\u2033 x 3\/4\u2033 \u2013 chrom TG CLIP CLAP\u00ae<\/h2>\n<p data-start=\"155\" data-end=\"400\">Profesjonalny <strong data-start=\"169\" data-end=\"207\">k\u0105towy zaw\u00f3r grzejnikowy GIACOMINI<\/strong> z <strong data-start=\"210\" data-end=\"239\">pokr\u0119t\u0142em mikrometrycznym<\/strong> zapewnia precyzyjn\u0105 regulacj\u0119 przep\u0142ywu czynnika grzewczego oraz mo\u017cliwo\u015b\u0107 p\u00f3\u017aniejszego zastosowania <strong data-start=\"341\" data-end=\"395\">g\u0142owicy termostatycznej w systemie CLIP CLAP\u00ae (TG)<\/strong> \ud83d\udd27<\/p>\n<p data-start=\"402\" data-end=\"507\">Chromowane wyko\u0144czenie gwarantuje <strong data-start=\"436\" data-end=\"503\">elegancki wygl\u0105d, odporno\u015b\u0107 na korozj\u0119 i bardzo d\u0142ug\u0105 \u017cywotno\u015b\u0107<\/strong> \u2728<\/p>\n<p data-start=\"509\" data-end=\"587\">Zaw\u00f3r przeznaczony do instalacji z u\u017cyciem <strong data-start=\"552\" data-end=\"586\">z\u0142\u0105czek zaciskowych skr\u0119canych<\/strong>.<\/p>\n<hr data-start=\"589\" data-end=\"592\" \/>\n<h2 data-start=\"594\" data-end=\"616\">\ud83d\udd04 Zasada dzia\u0142ania<\/h2>\n<ul data-start=\"617\" data-end=\"872\">\n<li data-start=\"617\" data-end=\"692\">\n<p data-start=\"619\" data-end=\"692\"><strong data-start=\"619\" data-end=\"653\">R\u0119czne pokr\u0119t\u0142o mikrometryczne<\/strong> umo\u017cliwia dok\u0142adn\u0105 regulacj\u0119 przep\u0142ywu<\/p>\n<\/li>\n<li data-start=\"693\" data-end=\"872\">\n<p data-start=\"695\" data-end=\"719\">Po zamontowaniu g\u0142owicy:<\/p>\n<ul data-start=\"722\" data-end=\"872\">\n<li data-start=\"722\" data-end=\"788\">\n<p data-start=\"724\" data-end=\"788\">zaw\u00f3r <strong data-start=\"730\" data-end=\"784\">automatycznie reguluje temperatur\u0119 w pomieszczeniu<\/strong> \ud83c\udf21\ufe0f<\/p>\n<\/li>\n<li data-start=\"791\" data-end=\"819\">\n<p data-start=\"793\" data-end=\"819\">zwi\u0119ksza komfort cieplny<\/p>\n<\/li>\n<li data-start=\"822\" data-end=\"872\">\n<p data-start=\"824\" data-end=\"872\">pozwala <strong data-start=\"832\" data-end=\"866\">oszcz\u0119dza\u0107 energi\u0119 i pieni\u0105dze<\/strong> \ud83d\udcb0\u26a1<\/p>\n<\/li>\n<\/ul>\n<\/li>\n<\/ul>\n<hr data-start=\"874\" data-end=\"877\" \/>\n<h2 data-start=\"879\" data-end=\"897\">\ud83c\udfe0 Zastosowanie<\/h2>\n<p data-start=\"898\" data-end=\"1105\">\u2705 grzejniki z <strong data-start=\"912\" data-end=\"948\">pod\u0142\u0105czeniem k\u0105towym 1\/2\u2033 x 3\/4\u2033<\/strong><br data-start=\"948\" data-end=\"951\" \/>\u2705 instalacje <strong data-start=\"964\" data-end=\"997\">centralnego ogrzewania (C.O.)<\/strong><br data-start=\"997\" data-end=\"1000\" \/>\u2705 domy, mieszkania, biura, lokale u\u017cytkowe<br data-start=\"1042\" data-end=\"1045\" \/>\u2705 systemy z mo\u017cliwo\u015bci\u0105 rozbudowy o g\u0142owic\u0119 termostatyczn\u0105<\/p>\n<hr data-start=\"1107\" data-end=\"1110\" \/>\n<h2 data-start=\"1112\" data-end=\"1133\">\ud83d\udcd0 Dane techniczne<\/h2>\n<ul data-start=\"1134\" data-end=\"1546\">\n<li data-start=\"1134\" data-end=\"1151\">\n<p data-start=\"1136\" data-end=\"1151\">Typ: <strong data-start=\"1141\" data-end=\"1151\">k\u0105towy<\/strong><\/p>\n<\/li>\n<li data-start=\"1152\" data-end=\"1180\">\n<p data-start=\"1154\" data-end=\"1180\">Przy\u0142\u0105cze: <strong data-start=\"1165\" data-end=\"1180\">1\/2\u2033 x 3\/4\u2033<\/strong><\/p>\n<\/li>\n<li data-start=\"1181\" data-end=\"1212\">\n<p data-start=\"1183\" data-end=\"1212\">Opcja termostatyczna: <strong data-start=\"1205\" data-end=\"1212\">TAK<\/strong><\/p>\n<\/li>\n<li data-start=\"1213\" data-end=\"1253\">\n<p data-start=\"1215\" data-end=\"1253\">Przy\u0142\u0105cze g\u0142owicy: <strong data-start=\"1234\" data-end=\"1253\">TG \u2013 CLIP CLAP\u00ae<\/strong><\/p>\n<\/li>\n<li data-start=\"1254\" data-end=\"1295\">\n<p data-start=\"1256\" data-end=\"1295\">Zakres temperatury pracy: <strong data-start=\"1282\" data-end=\"1295\">5 \u00f7 110\u00b0C<\/strong><\/p>\n<\/li>\n<li data-start=\"1296\" data-end=\"1410\">\n<p data-start=\"1298\" data-end=\"1327\">Maksymalne ci\u015bnienie robocze:<\/p>\n<ul data-start=\"1330\" data-end=\"1410\">\n<li data-start=\"1330\" data-end=\"1366\">\n<p data-start=\"1332\" data-end=\"1366\"><strong data-start=\"1332\" data-end=\"1342\">16 bar<\/strong> \u2013 z r\u0119cznym pokr\u0119t\u0142em<\/p>\n<\/li>\n<li data-start=\"1369\" data-end=\"1410\">\n<p data-start=\"1371\" data-end=\"1410\"><strong data-start=\"1371\" data-end=\"1381\">10 bar<\/strong> \u2013 z g\u0142owic\u0105 termostatyczn\u0105<\/p>\n<\/li>\n<\/ul>\n<\/li>\n<li data-start=\"1411\" data-end=\"1511\">\n<p data-start=\"1413\" data-end=\"1430\">Rodzaj przy\u0142\u0105cza:<\/p>\n<ul data-start=\"1433\" data-end=\"1511\">\n<li data-start=\"1433\" data-end=\"1468\">\n<p data-start=\"1435\" data-end=\"1468\"><strong data-start=\"1435\" data-end=\"1468\">na z\u0142\u0105czki zaciskowe skr\u0119cane<\/strong><\/p>\n<\/li>\n<li data-start=\"1471\" data-end=\"1511\">\n<p data-start=\"1473\" data-end=\"1511\">kompatybilne z: <strong data-start=\"1489\" data-end=\"1511\">R178, R179, R179AM<\/strong><\/p>\n<\/li>\n<\/ul>\n<\/li>\n<li data-start=\"1512\" data-end=\"1546\">\n<p data-start=\"1514\" data-end=\"1546\">Wyko\u0144czenie: <strong data-start=\"1527\" data-end=\"1541\">chromowane<\/strong> \ud83d\udc8e<\/p>\n<\/li>\n<\/ul>\n<hr data-start=\"1548\" data-end=\"1551\" \/>\n<h2 data-start=\"1553\" data-end=\"1578\">\u2705 Najwa\u017cniejsze zalety<\/h2>\n<p data-start=\"1579\" data-end=\"1844\">\u2714\ufe0f precyzyjne pokr\u0119t\u0142o mikrometryczne<br data-start=\"1616\" data-end=\"1619\" \/>\u2714\ufe0f mo\u017cliwo\u015b\u0107 p\u00f3\u017aniejszego monta\u017cu g\u0142owicy<br data-start=\"1660\" data-end=\"1663\" \/>\u2714\ufe0f szybki monta\u017c CLIP CLAP\u00ae bez dokr\u0119cania<br data-start=\"1705\" data-end=\"1708\" \/>\u2714\ufe0f wysoka odporno\u015b\u0107 na temperatur\u0119 i ci\u015bnienie<br data-start=\"1754\" data-end=\"1757\" \/>\u2714\ufe0f profesjonalne chromowane wyko\u0144czenie<br data-start=\"1796\" data-end=\"1799\" \/>\u2714\ufe0f jako\u015b\u0107 w\u0142oskiej marki <strong data-start=\"1824\" data-end=\"1837\">GIACOMINI<\/strong> \ud83c\uddee\ud83c\uddf9<\/p>\n<\/div>\n<div class=\"product-description-note\">\n<div class=\"title\"><\/div>\n<\/div>\n","protected":false},"excerpt":{"rendered":"<p><strong>Zaw\u00f3r grzejnikowy r\u0119czny k\u0105towy GIACOMINI 1\/2&#8243; x 3\/4&#8243; to mosi\u0119\u017cny zaw\u00f3r z d\u0142awic\u0105, przeznaczony do instalacji grzewczych. Umo\u017cliwia precyzyjne regulowanie przep\u0142ywu czynnika grzewczego w systemach grzewczych<\/strong><\/p>\n","protected":false},"featured_media":6202,"template":"","meta":{"_kad_blocks_custom_css":"","_kad_blocks_head_custom_js":"","_kad_blocks_body_custom_js":"","_kad_blocks_footer_custom_js":"","_kad_post_transparent":"default","_kad_post_title":"","_kad_post_layout":"default","_kad_post_sidebar_id":"","_kad_post_content_style":"default","_kad_post_vertical_padding":"default","_kad_post_feature":"","_kad_post_feature_position":"","_kad_post_header":false,"_kad_post_footer":false,"_kad_post_classname":""},"product_brand":[412],"product_cat":[349],"product_tag":[],"class_list":{"0":"post-6196","1":"product","2":"type-product","3":"status-publish","4":"has-post-thumbnail","6":"product_brand-giacomini","7":"product_cat-zawory-termostatyczne-grzejniki","8":"product_shipping_class-drobnica","10":"first","11":"instock","12":"taxable","13":"shipping-taxable","14":"purchasable","15":"product-type-simple","16":"entry","17":"content-bg","18":"loop-entry"},"taxonomy_info":{"product_brand":[{"value":412,"label":"GIACOMINI"}],"product_cat":[{"value":349,"label":"Zawory termostatyczne"}]},"featured_image_src_large":["https:\/\/e-systemygrzewcze.eu\/sklep\/wp-content\/uploads\/2025\/09\/Nowy-projekt-2025-09-09T115345.481.jpg",510,578,false],"author_info":[],"comment_info":"","_links":{"self":[{"href":"https:\/\/e-systemygrzewcze.eu\/sklep\/wp-json\/wp\/v2\/product\/6196","targetHints":{"allow":["GET"]}}],"collection":[{"href":"https:\/\/e-systemygrzewcze.eu\/sklep\/wp-json\/wp\/v2\/product"}],"about":[{"href":"https:\/\/e-systemygrzewcze.eu\/sklep\/wp-json\/wp\/v2\/types\/product"}],"wp:featuredmedia":[{"embeddable":true,"href":"https:\/\/e-systemygrzewcze.eu\/sklep\/wp-json\/wp\/v2\/media\/6202"}],"wp:attachment":[{"href":"https:\/\/e-systemygrzewcze.eu\/sklep\/wp-json\/wp\/v2\/media?parent=6196"}],"wp:term":[{"taxonomy":"product_brand","embeddable":true,"href":"https:\/\/e-systemygrzewcze.eu\/sklep\/wp-json\/wp\/v2\/product_brand?post=6196"},{"taxonomy":"product_cat","embeddable":true,"href":"https:\/\/e-systemygrzewcze.eu\/sklep\/wp-json\/wp\/v2\/product_cat?post=6196"},{"taxonomy":"product_tag","embeddable":true,"href":"https:\/\/e-systemygrzewcze.eu\/sklep\/wp-json\/wp\/v2\/product_tag?post=6196"}],"curies":[{"name":"wp","href":"https:\/\/api.w.org\/{rel}","templated":true}]}}