{"id":6195,"date":"2025-09-09T09:13:37","date_gmt":"2025-09-09T09:13:37","guid":{"rendered":"https:\/\/e-systemygrzewcze.eu\/sklep\/produkt\/giacomini-zawo-powrotny-prosty-20\/"},"modified":"2026-04-09T10:05:25","modified_gmt":"2026-04-09T10:05:25","slug":"giacomini-zawo-powrotny-prosty-20","status":"publish","type":"product","link":"https:\/\/e-systemygrzewcze.eu\/sklep\/produkt\/giacomini-zawo-powrotny-prosty-20\/","title":{"rendered":"GIACOMINI  Zaw\u00f3r powrotny prosty 3\/4&#8243;"},"content":{"rendered":"<h2 data-start=\"94\" data-end=\"154\">\ud83d\udd01 GIACOMINI Zaw\u00f3r powrotny prosty 20 \u2013 chrom TG R17EX037<\/h2>\n<p data-start=\"155\" data-end=\"413\">Profesjonalny <strong data-start=\"169\" data-end=\"204\">zaw\u00f3r powrotny prosty GIACOMINI<\/strong> przeznaczony do monta\u017cu na powrocie z grzejnika. Umo\u017cliwia <strong data-start=\"264\" data-end=\"301\">odcinanie grzejnika od instalacji<\/strong>, co znacznie u\u0142atwia serwis, odpowietrzanie oraz demonta\u017c bez konieczno\u015bci spuszczania wody z ca\u0142ej instalacji.<\/p>\n<p data-start=\"415\" data-end=\"572\">Zaw\u00f3r wykonany jest z wysokiej jako\u015bci materia\u0142\u00f3w i wyko\u0144czony <strong data-start=\"478\" data-end=\"510\">estetyczn\u0105 mosi\u0119\u017cn\u0105 za\u015blepk\u0105<\/strong> oraz trwa\u0142\u0105, <strong data-start=\"524\" data-end=\"551\">chromowan\u0105 powierzchni\u0105<\/strong>, odporn\u0105 na korozj\u0119.<\/p>\n<hr data-start=\"574\" data-end=\"577\" \/>\n<h2 data-start=\"579\" data-end=\"601\">\u2699\ufe0f Zasada dzia\u0142ania<\/h2>\n<p data-start=\"604\" data-end=\"650\">Zaw\u00f3r montowany jest na <strong data-start=\"628\" data-end=\"650\">powrocie grzejnika<\/strong><\/p>\n<p data-start=\"604\" data-end=\"650\">Umo\u017cliwia:<\/p>\n<ul data-start=\"602\" data-end=\"803\">\n<li data-start=\"651\" data-end=\"803\">\n<p data-start=\"653\" data-end=\"663\">odci\u0119cie grzejnika od instalacji<\/p>\n<\/li>\n<li data-start=\"651\" data-end=\"803\">\n<p data-start=\"653\" data-end=\"663\">regulacj\u0119 przep\u0142ywu czynnika<\/p>\n<\/li>\n<li data-start=\"651\" data-end=\"803\">\n<p data-start=\"653\" data-end=\"663\">wykonanie prac serwisowych bez opr\u00f3\u017cniania ca\u0142ej instalacji<\/p>\n<\/li>\n<\/ul>\n<hr data-start=\"805\" data-end=\"808\" \/>\n<h2 data-start=\"810\" data-end=\"828\">\ud83c\udfe0 Zastosowanie<\/h2>\n<p data-start=\"829\" data-end=\"1021\">\u2705 instalacje <strong data-start=\"842\" data-end=\"875\">centralnego ogrzewania (C.O.)<\/strong><br data-start=\"875\" data-end=\"878\" \/>\u2705 grzejniki z pod\u0142\u0105czeniem prostym<br data-start=\"912\" data-end=\"915\" \/>\u2705 domy, mieszkania, biura, obiekty u\u017cytkowe<br data-start=\"958\" data-end=\"961\" \/>\u2705 instalacje wymagaj\u0105ce estetycznego, trwa\u0142ego wyko\u0144czenia<\/p>\n<hr data-start=\"1023\" data-end=\"1026\" \/>\n<h2 data-start=\"1028\" data-end=\"1049\">\ud83d\udcd0 Dane techniczne<\/h2>\n<ul data-start=\"1050\" data-end=\"1432\">\n<li data-start=\"1050\" data-end=\"1093\">\n<p data-start=\"1052\" data-end=\"1093\">Typ: <strong data-start=\"1057\" data-end=\"1093\">zaw\u00f3r powrotny prosty odcinaj\u0105cy<\/strong><\/p>\n<\/li>\n<li data-start=\"1094\" data-end=\"1121\">\n<p data-start=\"1096\" data-end=\"1121\">Przy\u0142\u0105cza: <strong data-start=\"1107\" data-end=\"1121\">gwintowane<\/strong><\/p>\n<\/li>\n<li data-start=\"1122\" data-end=\"1187\">\n<p data-start=\"1124\" data-end=\"1166\">Przy\u0142\u0105cze na z\u0142\u0105czki zaciskowe skr\u0119cane:<\/p>\n<ul data-start=\"1169\" data-end=\"1187\">\n<li data-start=\"1169\" data-end=\"1187\">\n<p data-start=\"1171\" data-end=\"1187\"><strong data-start=\"1171\" data-end=\"1187\">R178E, R179E<\/strong><\/p>\n<\/li>\n<\/ul>\n<\/li>\n<li data-start=\"1188\" data-end=\"1229\">\n<p data-start=\"1190\" data-end=\"1229\">Zakres temperatury pracy: <strong data-start=\"1216\" data-end=\"1229\">5 \u00f7 110\u00b0C<\/strong><\/p>\n<\/li>\n<li data-start=\"1230\" data-end=\"1272\">\n<p data-start=\"1232\" data-end=\"1272\">Maksymalne ci\u015bnienie robocze: <strong data-start=\"1262\" data-end=\"1272\">16 bar<\/strong><\/p>\n<\/li>\n<li data-start=\"1273\" data-end=\"1297\">\n<p data-start=\"1275\" data-end=\"1297\">Wyko\u0144czenie: <strong data-start=\"1288\" data-end=\"1297\">chrom<\/strong><\/p>\n<\/li>\n<li data-start=\"1298\" data-end=\"1335\">\n<p data-start=\"1300\" data-end=\"1335\">Za\u015blepka: <strong data-start=\"1310\" data-end=\"1335\">mosi\u0119\u017cna \u2013 estetyczna<\/strong><\/p>\n<\/li>\n<li data-start=\"1336\" data-end=\"1399\">\n<p data-start=\"1338\" data-end=\"1399\">System uszczelnienia: <strong data-start=\"1360\" data-end=\"1399\">TG \u2013 samouszczelniaj\u0105ce zako\u0144czenie<\/strong><\/p>\n<\/li>\n<li data-start=\"1400\" data-end=\"1432\">\n<p data-start=\"1402\" data-end=\"1432\">Numer katalogowy: <strong data-start=\"1420\" data-end=\"1432\">R17EX037<\/strong><\/p>\n<\/li>\n<\/ul>\n<hr data-start=\"1434\" data-end=\"1437\" \/>\n<h2 data-start=\"1439\" data-end=\"1464\">\u2705 Najwa\u017cniejsze zalety<\/h2>\n<p data-start=\"1465\" data-end=\"1685\">\u2714\ufe0f trwa\u0142a konstrukcja GIACOMINI<br data-start=\"1496\" data-end=\"1499\" \/>\u2714\ufe0f estetyczne chromowane wyko\u0144czenie<br data-start=\"1535\" data-end=\"1538\" \/>\u2714\ufe0f mosi\u0119\u017cna za\u015blepka<br data-start=\"1558\" data-end=\"1561\" \/>\u2714\ufe0f mo\u017cliwo\u015b\u0107 odci\u0119cia pojedynczego grzejnika<br data-start=\"1605\" data-end=\"1608\" \/>\u2714\ufe0f wysoka odporno\u015b\u0107 na temperatur\u0119 i ci\u015bnienie<br data-start=\"1654\" data-end=\"1657\" \/>\u2714\ufe0f szybki i wygodny monta\u017c<\/p>\n","protected":false},"excerpt":{"rendered":"<p><strong>Prosty zaw\u00f3r powrotny GIACOMINI 20 mm umo\u017cliwia niezawodn\u0105 regulacj\u0119 przep\u0142ywu w instalacjach grzewczych. Wykonany z trwa\u0142ych materia\u0142\u00f3w, zapewnia szczelno\u015b\u0107 i d\u0142ug\u0105 \u017cywotno\u015b\u0107.<\/strong><\/p>\n","protected":false},"featured_media":6199,"template":"","meta":{"_kad_blocks_custom_css":"","_kad_blocks_head_custom_js":"","_kad_blocks_body_custom_js":"","_kad_blocks_footer_custom_js":"","_kad_post_transparent":"default","_kad_post_title":"","_kad_post_layout":"default","_kad_post_sidebar_id":"","_kad_post_content_style":"default","_kad_post_vertical_padding":"default","_kad_post_feature":"","_kad_post_feature_position":"","_kad_post_header":false,"_kad_post_footer":false,"_kad_post_classname":""},"product_brand":[412],"product_cat":[349],"product_tag":[],"class_list":{"0":"post-6195","1":"product","2":"type-product","3":"status-publish","4":"has-post-thumbnail","6":"product_brand-giacomini","7":"product_cat-zawory-termostatyczne-grzejniki","8":"product_shipping_class-drobnica","10":"first","11":"instock","12":"taxable","13":"shipping-taxable","14":"purchasable","15":"product-type-simple","16":"entry","17":"content-bg","18":"loop-entry"},"taxonomy_info":{"product_brand":[{"value":412,"label":"GIACOMINI"}],"product_cat":[{"value":349,"label":"Zawory termostatyczne"}]},"featured_image_src_large":["https:\/\/e-systemygrzewcze.eu\/sklep\/wp-content\/uploads\/2025\/09\/Nowy-projekt-2025-09-09T112134.867.jpg",510,578,false],"author_info":[],"comment_info":"","_links":{"self":[{"href":"https:\/\/e-systemygrzewcze.eu\/sklep\/wp-json\/wp\/v2\/product\/6195","targetHints":{"allow":["GET"]}}],"collection":[{"href":"https:\/\/e-systemygrzewcze.eu\/sklep\/wp-json\/wp\/v2\/product"}],"about":[{"href":"https:\/\/e-systemygrzewcze.eu\/sklep\/wp-json\/wp\/v2\/types\/product"}],"wp:featuredmedia":[{"embeddable":true,"href":"https:\/\/e-systemygrzewcze.eu\/sklep\/wp-json\/wp\/v2\/media\/6199"}],"wp:attachment":[{"href":"https:\/\/e-systemygrzewcze.eu\/sklep\/wp-json\/wp\/v2\/media?parent=6195"}],"wp:term":[{"taxonomy":"product_brand","embeddable":true,"href":"https:\/\/e-systemygrzewcze.eu\/sklep\/wp-json\/wp\/v2\/product_brand?post=6195"},{"taxonomy":"product_cat","embeddable":true,"href":"https:\/\/e-systemygrzewcze.eu\/sklep\/wp-json\/wp\/v2\/product_cat?post=6195"},{"taxonomy":"product_tag","embeddable":true,"href":"https:\/\/e-systemygrzewcze.eu\/sklep\/wp-json\/wp\/v2\/product_tag?post=6195"}],"curies":[{"name":"wp","href":"https:\/\/api.w.org\/{rel}","templated":true}]}}