{"id":6194,"date":"2025-09-09T09:13:31","date_gmt":"2025-09-09T09:13:31","guid":{"rendered":"https:\/\/e-systemygrzewcze.eu\/sklep\/produkt\/giacomini-zawor-powrotny-prosty-15\/"},"modified":"2026-04-09T10:05:33","modified_gmt":"2026-04-09T10:05:33","slug":"giacomini-zawor-powrotny-prosty-15","status":"publish","type":"product","link":"https:\/\/e-systemygrzewcze.eu\/sklep\/produkt\/giacomini-zawor-powrotny-prosty-15\/","title":{"rendered":"GIACOMINI Zaw\u00f3r powrotny prosty 1\/2&#8243;"},"content":{"rendered":"<h2 data-start=\"77\" data-end=\"128\">\ud83d\udd01 GIACOMINI Zaw\u00f3r powrotny prosty 15 \u2013 chrom TG<\/h2>\n<p data-start=\"129\" data-end=\"393\">Profesjonalny <strong data-start=\"143\" data-end=\"183\">zaw\u00f3r powrotny prosty GIACOMINI DN15<\/strong> przeznaczony do monta\u017cu na powrocie grzejnika. S\u0142u\u017cy do <strong data-start=\"240\" data-end=\"277\">odcinania grzejnika od instalacji<\/strong>, co umo\u017cliwia jego demonta\u017c lub serwis bez konieczno\u015bci spuszczania wody z ca\u0142ej instalacji centralnego ogrzewania.<\/p>\n<p data-start=\"395\" data-end=\"577\">Zaw\u00f3r wykonany jest z trwa\u0142ych materia\u0142\u00f3w, posiada <strong data-start=\"446\" data-end=\"478\">mosi\u0119\u017cn\u0105 estetyczn\u0105 za\u015blepk\u0119<\/strong> oraz <strong data-start=\"484\" data-end=\"510\">chromowane wyko\u0144czenie<\/strong>, kt\u00f3re zapewnia wysok\u0105 odporno\u015b\u0107 na korozj\u0119 oraz elegancki wygl\u0105d.<\/p>\n<hr data-start=\"579\" data-end=\"582\" \/>\n<h2 data-start=\"584\" data-end=\"606\">\u2699\ufe0f Zasada dzia\u0142ania<\/h2>\n<ul data-start=\"607\" data-end=\"781\">\n<li data-start=\"607\" data-end=\"644\">\n<p data-start=\"609\" data-end=\"644\">Montowany na <strong data-start=\"622\" data-end=\"644\">powrocie grzejnika<\/strong><\/p>\n<\/li>\n<li data-start=\"645\" data-end=\"781\">\n<p data-start=\"647\" data-end=\"657\">Umo\u017cliwia:<\/p>\n<ul data-start=\"660\" data-end=\"781\">\n<li data-start=\"660\" data-end=\"696\">\n<p data-start=\"662\" data-end=\"696\">odci\u0119cie grzejnika od instalacji<\/p>\n<\/li>\n<li data-start=\"699\" data-end=\"731\">\n<p data-start=\"701\" data-end=\"731\">regulacj\u0119 przep\u0142ywu czynnika<\/p>\n<\/li>\n<li data-start=\"734\" data-end=\"781\">\n<p data-start=\"736\" data-end=\"781\">bezpieczne przeprowadzenie prac serwisowych<\/p>\n<\/li>\n<\/ul>\n<\/li>\n<\/ul>\n<hr data-start=\"783\" data-end=\"786\" \/>\n<h2 data-start=\"788\" data-end=\"806\">\ud83c\udfe0 Zastosowanie<\/h2>\n<p data-start=\"807\" data-end=\"985\">\u2705 instalacje <strong data-start=\"820\" data-end=\"853\">centralnego ogrzewania (C.O.)<\/strong><br data-start=\"853\" data-end=\"856\" \/>\u2705 grzejniki z pod\u0142\u0105czeniem prostym<br data-start=\"890\" data-end=\"893\" \/>\u2705 budynki mieszkalne i u\u017cytkowe<br data-start=\"924\" data-end=\"927\" \/>\u2705 instalacje wymagaj\u0105ce trwa\u0142ego i estetycznego osprz\u0119tu<\/p>\n<hr data-start=\"987\" data-end=\"990\" \/>\n<h2 data-start=\"992\" data-end=\"1013\">\ud83d\udcd0 Dane techniczne<\/h2>\n<ul data-start=\"1014\" data-end=\"1408\">\n<li data-start=\"1014\" data-end=\"1057\">\n<p data-start=\"1016\" data-end=\"1057\">Typ: <strong data-start=\"1021\" data-end=\"1057\">zaw\u00f3r powrotny prosty odcinaj\u0105cy<\/strong><\/p>\n<\/li>\n<li data-start=\"1058\" data-end=\"1084\">\n<p data-start=\"1060\" data-end=\"1084\">Rozmiar: <strong data-start=\"1069\" data-end=\"1084\">DN15 (1\/2&#8243;)<\/strong><\/p>\n<\/li>\n<li data-start=\"1085\" data-end=\"1112\">\n<p data-start=\"1087\" data-end=\"1112\">Przy\u0142\u0105cza: <strong data-start=\"1098\" data-end=\"1112\">gwintowane<\/strong><\/p>\n<\/li>\n<li data-start=\"1113\" data-end=\"1176\">\n<p data-start=\"1115\" data-end=\"1155\">Przy\u0142\u0105cze na z\u0142\u0105czki zaciskowe skr\u0119cane:<\/p>\n<ul data-start=\"1158\" data-end=\"1176\">\n<li data-start=\"1158\" data-end=\"1176\">\n<p data-start=\"1160\" data-end=\"1176\"><strong data-start=\"1160\" data-end=\"1176\">R178E, R179E<\/strong><\/p>\n<\/li>\n<\/ul>\n<\/li>\n<li data-start=\"1177\" data-end=\"1218\">\n<p data-start=\"1179\" data-end=\"1218\">Zakres temperatury pracy: <strong data-start=\"1205\" data-end=\"1218\">5 \u00f7 110\u00b0C<\/strong><\/p>\n<\/li>\n<li data-start=\"1219\" data-end=\"1261\">\n<p data-start=\"1221\" data-end=\"1261\">Maksymalne ci\u015bnienie robocze: <strong data-start=\"1251\" data-end=\"1261\">16 bar<\/strong><\/p>\n<\/li>\n<li data-start=\"1262\" data-end=\"1286\">\n<p data-start=\"1264\" data-end=\"1286\">Wyko\u0144czenie: <strong data-start=\"1277\" data-end=\"1286\">chrom<\/strong><\/p>\n<\/li>\n<li data-start=\"1287\" data-end=\"1311\">\n<p data-start=\"1289\" data-end=\"1311\">Za\u015blepka: <strong data-start=\"1299\" data-end=\"1311\">mosi\u0119\u017cna<\/strong><\/p>\n<\/li>\n<li data-start=\"1312\" data-end=\"1375\">\n<p data-start=\"1314\" data-end=\"1375\">System uszczelnienia: <strong data-start=\"1336\" data-end=\"1375\">TG \u2013 samouszczelniaj\u0105ce zako\u0144czenie<\/strong><\/p>\n<\/li>\n<li data-start=\"1376\" data-end=\"1408\">\n<p data-start=\"1378\" data-end=\"1408\">Numer katalogowy: <strong data-start=\"1396\" data-end=\"1408\">R17EX037<\/strong><\/p>\n<\/li>\n<\/ul>\n<hr data-start=\"1410\" data-end=\"1413\" \/>\n<h2 data-start=\"1415\" data-end=\"1440\">\u2705 Najwa\u017cniejsze zalety<\/h2>\n<p data-start=\"1441\" data-end=\"1674\">\u2714\ufe0f wysoka jako\u015b\u0107 wykonania GIACOMINI<br data-start=\"1477\" data-end=\"1480\" \/>\u2714\ufe0f solidna chromowana powierzchnia<br data-start=\"1514\" data-end=\"1517\" \/>\u2714\ufe0f mosi\u0119\u017cna estetyczna za\u015blepka<br data-start=\"1548\" data-end=\"1551\" \/>\u2714\ufe0f mo\u017cliwo\u015b\u0107 odci\u0119cia pojedynczego grzejnika<br data-start=\"1595\" data-end=\"1598\" \/>\u2714\ufe0f odporno\u015b\u0107 na wysok\u0105 temperatur\u0119 i ci\u015bnienie<br data-start=\"1644\" data-end=\"1647\" \/>\u2714\ufe0f \u0142atwy monta\u017c i obs\u0142uga<\/p>\n","protected":false},"excerpt":{"rendered":"<p><strong>Prosty zaw\u00f3r powrotny GIACOMINI 15 mm umo\u017cliwia niezawodn\u0105 regulacj\u0119 przep\u0142ywu w instalacjach grzewczych. Trwa\u0142e wykonanie zapewnia szczelno\u015b\u0107 i d\u0142ugotrwa\u0142e u\u017cytkowanie.<\/strong><\/p>\n","protected":false},"featured_media":6193,"template":"","meta":{"_kad_blocks_custom_css":"","_kad_blocks_head_custom_js":"","_kad_blocks_body_custom_js":"","_kad_blocks_footer_custom_js":"","_kad_post_transparent":"default","_kad_post_title":"","_kad_post_layout":"default","_kad_post_sidebar_id":"","_kad_post_content_style":"default","_kad_post_vertical_padding":"default","_kad_post_feature":"","_kad_post_feature_position":"","_kad_post_header":false,"_kad_post_footer":false,"_kad_post_classname":""},"product_brand":[412],"product_cat":[349],"product_tag":[],"class_list":{"0":"post-6194","1":"product","2":"type-product","3":"status-publish","4":"has-post-thumbnail","6":"product_brand-giacomini","7":"product_cat-zawory-termostatyczne-grzejniki","8":"product_shipping_class-drobnica","10":"first","11":"instock","12":"taxable","13":"shipping-taxable","14":"purchasable","15":"product-type-simple","16":"entry","17":"content-bg","18":"loop-entry"},"taxonomy_info":{"product_brand":[{"value":412,"label":"GIACOMINI"}],"product_cat":[{"value":349,"label":"Zawory termostatyczne"}]},"featured_image_src_large":["https:\/\/e-systemygrzewcze.eu\/sklep\/wp-content\/uploads\/2025\/09\/Nowy-projekt-2025-09-09T110801.073.jpg",510,578,false],"author_info":[],"comment_info":"","_links":{"self":[{"href":"https:\/\/e-systemygrzewcze.eu\/sklep\/wp-json\/wp\/v2\/product\/6194","targetHints":{"allow":["GET"]}}],"collection":[{"href":"https:\/\/e-systemygrzewcze.eu\/sklep\/wp-json\/wp\/v2\/product"}],"about":[{"href":"https:\/\/e-systemygrzewcze.eu\/sklep\/wp-json\/wp\/v2\/types\/product"}],"wp:featuredmedia":[{"embeddable":true,"href":"https:\/\/e-systemygrzewcze.eu\/sklep\/wp-json\/wp\/v2\/media\/6193"}],"wp:attachment":[{"href":"https:\/\/e-systemygrzewcze.eu\/sklep\/wp-json\/wp\/v2\/media?parent=6194"}],"wp:term":[{"taxonomy":"product_brand","embeddable":true,"href":"https:\/\/e-systemygrzewcze.eu\/sklep\/wp-json\/wp\/v2\/product_brand?post=6194"},{"taxonomy":"product_cat","embeddable":true,"href":"https:\/\/e-systemygrzewcze.eu\/sklep\/wp-json\/wp\/v2\/product_cat?post=6194"},{"taxonomy":"product_tag","embeddable":true,"href":"https:\/\/e-systemygrzewcze.eu\/sklep\/wp-json\/wp\/v2\/product_tag?post=6194"}],"curies":[{"name":"wp","href":"https:\/\/api.w.org\/{rel}","templated":true}]}}