{"id":6184,"date":"2025-09-09T08:54:13","date_gmt":"2025-09-09T08:54:13","guid":{"rendered":"https:\/\/e-systemygrzewcze.eu\/sklep\/produkt\/giacomini-zawor-powrotny-katowy-20\/"},"modified":"2026-04-09T10:05:40","modified_gmt":"2026-04-09T10:05:40","slug":"giacomini-zawor-powrotny-katowy-20","status":"publish","type":"product","link":"https:\/\/e-systemygrzewcze.eu\/sklep\/produkt\/giacomini-zawor-powrotny-katowy-20\/","title":{"rendered":"GIACOMINI Zaw\u00f3r powrotny k\u0105towy 3\/4&#8243;"},"content":{"rendered":"<h2 data-start=\"77\" data-end=\"143\">\ud83d\udd04 GIACOMINI Zaw\u00f3r powrotny k\u0105towy 20 \u2013 chrom, do rury \u017celiwnej<\/h2>\n<p data-start=\"144\" data-end=\"403\">Profesjonalny <strong data-start=\"158\" data-end=\"193\">zaw\u00f3r powrotny k\u0105towy GIACOMINI<\/strong> przeznaczony do monta\u017cu na powrocie grzejnika w instalacjach centralnego ogrzewania. Model dedykowany do <strong data-start=\"299\" data-end=\"316\">rur \u017celiwnych<\/strong>, wykonany z wysokiej jako\u015bci materia\u0142\u00f3w i zabezpieczony trwa\u0142\u0105 <strong data-start=\"380\" data-end=\"402\">pow\u0142ok\u0105 chromowan\u0105<\/strong>.<\/p>\n<p data-start=\"405\" data-end=\"568\">Zaw\u00f3r wyposa\u017cony jest w <strong data-start=\"429\" data-end=\"450\">mosi\u0119\u017cn\u0105 nakr\u0119tk\u0119<\/strong>, co gwarantuje wysok\u0105 szczelno\u015b\u0107, odporno\u015b\u0107 na temperatur\u0119 oraz d\u0142ug\u0105 \u017cywotno\u015b\u0107 nawet w wymagaj\u0105cych warunkach pracy.<\/p>\n<hr data-start=\"570\" data-end=\"573\" \/>\n<h2 data-start=\"575\" data-end=\"597\">\u2699\ufe0f Zasada dzia\u0142ania<\/h2>\n<ul data-start=\"598\" data-end=\"818\">\n<li data-start=\"598\" data-end=\"632\">\n<p data-start=\"600\" data-end=\"632\">Monta\u017c na <strong data-start=\"610\" data-end=\"632\">powrocie grzejnika<\/strong><\/p>\n<\/li>\n<li data-start=\"633\" data-end=\"818\">\n<p data-start=\"635\" data-end=\"645\">Umo\u017cliwia:<\/p>\n<ul data-start=\"648\" data-end=\"818\">\n<li data-start=\"648\" data-end=\"686\">\n<p data-start=\"650\" data-end=\"686\"><strong data-start=\"650\" data-end=\"686\">odci\u0119cie grzejnika od instalacji<\/strong><\/p>\n<\/li>\n<li data-start=\"689\" data-end=\"738\">\n<p data-start=\"691\" data-end=\"738\">wykonanie prac serwisowych bez spuszczania wody<\/p>\n<\/li>\n<li data-start=\"741\" data-end=\"782\">\n<p data-start=\"743\" data-end=\"782\">regulacj\u0119 przep\u0142ywu czynnika grzewczego<\/p>\n<\/li>\n<li data-start=\"785\" data-end=\"818\">\n<p data-start=\"787\" data-end=\"818\">bezpieczny demonta\u017c grzejnika<\/p>\n<\/li>\n<\/ul>\n<\/li>\n<\/ul>\n<hr data-start=\"820\" data-end=\"823\" \/>\n<h2 data-start=\"825\" data-end=\"843\">\ud83c\udfe0 Zastosowanie<\/h2>\n<p data-start=\"844\" data-end=\"1015\">\u2705 instalacje <strong data-start=\"857\" data-end=\"883\">centralnego ogrzewania<\/strong><br data-start=\"883\" data-end=\"886\" \/>\u2705 <strong data-start=\"888\" data-end=\"904\">rury \u017celiwne<\/strong><br data-start=\"904\" data-end=\"907\" \/>\u2705 grzejniki w budynkach mieszkalnych i u\u017cytkowych<br data-start=\"956\" data-end=\"959\" \/>\u2705 instalacje wymagaj\u0105ce trwa\u0142ych i solidnych rozwi\u0105za\u0144<\/p>\n<hr data-start=\"1017\" data-end=\"1020\" \/>\n<h2 data-start=\"1022\" data-end=\"1043\">\ud83d\udcd0 Dane techniczne<\/h2>\n<ul data-start=\"1044\" data-end=\"1216\">\n<li data-start=\"1044\" data-end=\"1087\">\n<p data-start=\"1046\" data-end=\"1087\">Typ: <strong data-start=\"1051\" data-end=\"1087\">zaw\u00f3r powrotny odcinaj\u0105cy k\u0105towy<\/strong><\/p>\n<\/li>\n<li data-start=\"1088\" data-end=\"1105\">\n<p data-start=\"1090\" data-end=\"1105\">Rozmiar: <strong data-start=\"1099\" data-end=\"1105\">20<\/strong><\/p>\n<\/li>\n<li data-start=\"1106\" data-end=\"1139\">\n<p data-start=\"1108\" data-end=\"1139\">Przy\u0142\u0105cze: <strong data-start=\"1119\" data-end=\"1139\">do rury \u017celiwnej<\/strong><\/p>\n<\/li>\n<li data-start=\"1140\" data-end=\"1169\">\n<p data-start=\"1142\" data-end=\"1169\">Wyko\u0144czenie: <strong data-start=\"1155\" data-end=\"1169\">chromowane<\/strong><\/p>\n<\/li>\n<li data-start=\"1170\" data-end=\"1194\">\n<p data-start=\"1172\" data-end=\"1194\">Nakr\u0119tka: <strong data-start=\"1182\" data-end=\"1194\">mosi\u0119\u017cna<\/strong><\/p>\n<\/li>\n<li data-start=\"1195\" data-end=\"1216\">\n<p data-start=\"1197\" data-end=\"1216\">Norma: <strong data-start=\"1204\" data-end=\"1216\">DIN 3842<\/strong><\/p>\n<\/li>\n<\/ul>\n<hr data-start=\"1218\" data-end=\"1221\" \/>\n<h2 data-start=\"1223\" data-end=\"1248\">\u2705 Najwa\u017cniejsze zalety<\/h2>\n<p data-start=\"1249\" data-end=\"1464\">\u2714\ufe0f oryginalny produkt <strong data-start=\"1271\" data-end=\"1284\">GIACOMINI<\/strong><br data-start=\"1284\" data-end=\"1287\" \/>\u2714\ufe0f solidna mosi\u0119\u017cna konstrukcja<br data-start=\"1318\" data-end=\"1321\" \/>\u2714\ufe0f trwa\u0142a chromowana pow\u0142oka<br data-start=\"1349\" data-end=\"1352\" \/>\u2714\ufe0f przystosowany do <strong data-start=\"1372\" data-end=\"1389\">rur \u017celiwnych<\/strong><br data-start=\"1389\" data-end=\"1392\" \/>\u2714\ufe0f \u0142atwy monta\u017c i wysoka szczelno\u015b\u0107<br data-start=\"1427\" data-end=\"1430\" \/>\u2714\ufe0f zgodno\u015b\u0107 z norm\u0105 <strong data-start=\"1450\" data-end=\"1462\">DIN 3842<\/strong><\/p>\n","protected":false},"excerpt":{"rendered":"<p><strong>Wytrzyma\u0142y zaw\u00f3r powrotny k\u0105towy GIACOMINI 20 mm zapewnia pewn\u0105 regulacj\u0119 przep\u0142ywu w instalacjach grzewczych. Trwa\u0142a konstrukcja gwarantuje szczelno\u015b\u0107 i niezawodne dzia\u0142anie przez lata.<\/strong><\/p>\n","protected":false},"featured_media":6191,"template":"","meta":{"_kad_blocks_custom_css":"","_kad_blocks_head_custom_js":"","_kad_blocks_body_custom_js":"","_kad_blocks_footer_custom_js":"","_kad_post_transparent":"default","_kad_post_title":"","_kad_post_layout":"default","_kad_post_sidebar_id":"","_kad_post_content_style":"default","_kad_post_vertical_padding":"default","_kad_post_feature":"","_kad_post_feature_position":"","_kad_post_header":false,"_kad_post_footer":false,"_kad_post_classname":""},"product_brand":[412],"product_cat":[349],"product_tag":[],"class_list":{"0":"post-6184","1":"product","2":"type-product","3":"status-publish","4":"has-post-thumbnail","6":"product_brand-giacomini","7":"product_cat-zawory-termostatyczne-grzejniki","8":"product_shipping_class-drobnica","10":"first","11":"instock","12":"taxable","13":"shipping-taxable","14":"purchasable","15":"product-type-simple","16":"entry","17":"content-bg","18":"loop-entry"},"taxonomy_info":{"product_brand":[{"value":412,"label":"GIACOMINI"}],"product_cat":[{"value":349,"label":"Zawory termostatyczne"}]},"featured_image_src_large":["https:\/\/e-systemygrzewcze.eu\/sklep\/wp-content\/uploads\/2025\/09\/Nowy-projekt-2025-09-09T110447.502.jpg",510,578,false],"author_info":[],"comment_info":"","_links":{"self":[{"href":"https:\/\/e-systemygrzewcze.eu\/sklep\/wp-json\/wp\/v2\/product\/6184","targetHints":{"allow":["GET"]}}],"collection":[{"href":"https:\/\/e-systemygrzewcze.eu\/sklep\/wp-json\/wp\/v2\/product"}],"about":[{"href":"https:\/\/e-systemygrzewcze.eu\/sklep\/wp-json\/wp\/v2\/types\/product"}],"wp:featuredmedia":[{"embeddable":true,"href":"https:\/\/e-systemygrzewcze.eu\/sklep\/wp-json\/wp\/v2\/media\/6191"}],"wp:attachment":[{"href":"https:\/\/e-systemygrzewcze.eu\/sklep\/wp-json\/wp\/v2\/media?parent=6184"}],"wp:term":[{"taxonomy":"product_brand","embeddable":true,"href":"https:\/\/e-systemygrzewcze.eu\/sklep\/wp-json\/wp\/v2\/product_brand?post=6184"},{"taxonomy":"product_cat","embeddable":true,"href":"https:\/\/e-systemygrzewcze.eu\/sklep\/wp-json\/wp\/v2\/product_cat?post=6184"},{"taxonomy":"product_tag","embeddable":true,"href":"https:\/\/e-systemygrzewcze.eu\/sklep\/wp-json\/wp\/v2\/product_tag?post=6184"}],"curies":[{"name":"wp","href":"https:\/\/api.w.org\/{rel}","templated":true}]}}