{"id":6182,"date":"2025-09-09T08:51:56","date_gmt":"2025-09-09T08:51:56","guid":{"rendered":"https:\/\/e-systemygrzewcze.eu\/sklep\/produkt\/giacomini-zawor-grzejnikowy-reczny-katowy-chrom\/"},"modified":"2026-04-09T10:11:29","modified_gmt":"2026-04-09T10:11:29","slug":"giacomini-zawor-grzejnikowy-reczny-katowy-chrom","status":"publish","type":"product","link":"https:\/\/e-systemygrzewcze.eu\/sklep\/produkt\/giacomini-zawor-grzejnikowy-reczny-katowy-chrom\/","title":{"rendered":"GIACOMINI Zaw\u00f3r grzejnikowy r\u0119czny katowy chrom 1\/2&#8243;x16mm"},"content":{"rendered":"<h2 data-start=\"77\" data-end=\"143\">\ud83d\udd27 GIACOMINI Zaw\u00f3r grzejnikowy r\u0119czny k\u0105towy chrom 1\/2&#8243; x 16 mm<\/h2>\n<p data-start=\"144\" data-end=\"397\">Profesjonalny <strong data-start=\"158\" data-end=\"191\">r\u0119czny zaw\u00f3r k\u0105towy GIACOMINI<\/strong> przeznaczony do grzejnik\u00f3w \u0142azienkowych i dekoracyjnych. Wykonany z wysokiej jako\u015bci materia\u0142\u00f3w, z trwa\u0142ym <strong data-start=\"299\" data-end=\"341\">chromowanym i polerowanym wyko\u0144czeniem<\/strong>, zapewnia estetyk\u0119 oraz wieloletni\u0105, bezawaryjn\u0105 prac\u0119.<\/p>\n<p data-start=\"399\" data-end=\"564\">Zaw\u00f3r wyposa\u017cony jest w <strong data-start=\"423\" data-end=\"460\">samouszczelniaj\u0105ce zako\u0144czenie TG<\/strong> oraz <strong data-start=\"466\" data-end=\"523\">przy\u0142\u0105cze na z\u0142\u0105czki zaciskowe skr\u0119cane Giacomini M16<\/strong>, co gwarantuje szybki i szczelny monta\u017c.<\/p>\n<hr data-start=\"566\" data-end=\"569\" \/>\n<h2 data-start=\"571\" data-end=\"593\">\u2699\ufe0f Zasada dzia\u0142ania<\/h2>\n<ul data-start=\"594\" data-end=\"787\">\n<li data-start=\"594\" data-end=\"642\">\n<p data-start=\"596\" data-end=\"642\">R\u0119czna regulacja przep\u0142ywu czynnika grzewczego<\/p>\n<\/li>\n<li data-start=\"643\" data-end=\"787\">\n<p data-start=\"645\" data-end=\"655\">Mo\u017cliwo\u015b\u0107:<\/p>\n<ul data-start=\"658\" data-end=\"787\">\n<li data-start=\"658\" data-end=\"682\">\n<p data-start=\"660\" data-end=\"682\"><strong data-start=\"660\" data-end=\"682\">odci\u0119cia grzejnika<\/strong><\/p>\n<\/li>\n<li data-start=\"685\" data-end=\"723\">\n<p data-start=\"687\" data-end=\"723\">regulacji ilo\u015bci przep\u0142ywaj\u0105cej wody<\/p>\n<\/li>\n<li data-start=\"726\" data-end=\"787\">\n<p data-start=\"728\" data-end=\"787\">wykonania prac serwisowych bez opr\u00f3\u017cniania ca\u0142ej instalacji<\/p>\n<\/li>\n<\/ul>\n<\/li>\n<\/ul>\n<hr data-start=\"789\" data-end=\"792\" \/>\n<h2 data-start=\"794\" data-end=\"812\">\ud83c\udfe0 Zastosowanie<\/h2>\n<p data-start=\"813\" data-end=\"981\">\u2705 grzejniki <strong data-start=\"825\" data-end=\"853\">\u0142azienkowe i dekoracyjne<\/strong><br data-start=\"853\" data-end=\"856\" \/>\u2705 instalacje <strong data-start=\"869\" data-end=\"900\">centralnego ogrzewania (CO)<\/strong><br data-start=\"900\" data-end=\"903\" \/>\u2705 systemy z <strong data-start=\"915\" data-end=\"945\">pod\u0142\u0105czeniem na rur\u0119 16 mm<\/strong><br data-start=\"945\" data-end=\"948\" \/>\u2705 budynki mieszkalne i u\u017cytkowe<\/p>\n<hr data-start=\"983\" data-end=\"986\" \/>\n<h2 data-start=\"988\" data-end=\"1009\">\ud83d\udcd0 Dane techniczne<\/h2>\n<ul data-start=\"1010\" data-end=\"1312\">\n<li data-start=\"1010\" data-end=\"1052\">\n<p data-start=\"1012\" data-end=\"1052\">Typ: <strong data-start=\"1017\" data-end=\"1052\">zaw\u00f3r grzejnikowy r\u0119czny k\u0105towy<\/strong><\/p>\n<\/li>\n<li data-start=\"1053\" data-end=\"1085\">\n<p data-start=\"1055\" data-end=\"1085\">Przy\u0142\u0105cze gwintowane: <strong data-start=\"1077\" data-end=\"1085\">1\/2&#8243;<\/strong><\/p>\n<\/li>\n<li data-start=\"1086\" data-end=\"1116\">\n<p data-start=\"1088\" data-end=\"1116\">Przy\u0142\u0105cze na rur\u0119: <strong data-start=\"1107\" data-end=\"1116\">16 mm<\/strong><\/p>\n<\/li>\n<li data-start=\"1117\" data-end=\"1159\">\n<p data-start=\"1119\" data-end=\"1159\">Wyko\u0144czenie: <strong data-start=\"1132\" data-end=\"1159\">chromowane \u2013 polerowane<\/strong><\/p>\n<\/li>\n<li data-start=\"1160\" data-end=\"1200\">\n<p data-start=\"1162\" data-end=\"1200\">Zako\u0144czenie: <strong data-start=\"1175\" data-end=\"1200\">samouszczelniaj\u0105ce TG<\/strong><\/p>\n<\/li>\n<li data-start=\"1201\" data-end=\"1242\">\n<p data-start=\"1203\" data-end=\"1242\">Zakres temperatury pracy: <strong data-start=\"1229\" data-end=\"1242\">5 \u00f7 110\u00b0C<\/strong><\/p>\n<\/li>\n<li data-start=\"1243\" data-end=\"1285\">\n<p data-start=\"1245\" data-end=\"1285\">Maksymalne ci\u015bnienie robocze: <strong data-start=\"1275\" data-end=\"1285\">16 bar<\/strong><\/p>\n<\/li>\n<li data-start=\"1286\" data-end=\"1312\">\n<p data-start=\"1288\" data-end=\"1312\">Producent: <strong data-start=\"1299\" data-end=\"1312\">GIACOMINI<\/strong><\/p>\n<\/li>\n<\/ul>\n<hr data-start=\"1314\" data-end=\"1317\" \/>\n<h2 data-start=\"1319\" data-end=\"1345\">\ud83e\udde9 Informacje dodatkowe<\/h2>\n<ul data-start=\"1346\" data-end=\"1414\">\n<li data-start=\"1346\" data-end=\"1414\">\n<p data-start=\"1348\" data-end=\"1386\">Do kompletowania ze z\u0142\u0105czk\u0105 zaciskow\u0105:<\/p>\n<ul data-start=\"1389\" data-end=\"1414\">\n<li data-start=\"1389\" data-end=\"1400\">\n<p data-start=\"1391\" data-end=\"1400\"><strong data-start=\"1391\" data-end=\"1400\">T178C<\/strong><\/p>\n<\/li>\n<li data-start=\"1403\" data-end=\"1414\">\n<p data-start=\"1405\" data-end=\"1414\"><strong data-start=\"1405\" data-end=\"1414\">T179M<\/strong><\/p>\n<\/li>\n<\/ul>\n<\/li>\n<\/ul>\n<hr data-start=\"1416\" data-end=\"1419\" \/>\n<h2 data-start=\"1421\" data-end=\"1446\">\u2705 Najwa\u017cniejsze zalety<\/h2>\n<p data-start=\"1447\" data-end=\"1703\">\u2714\ufe0f oryginalny produkt <strong data-start=\"1469\" data-end=\"1482\">GIACOMINI<\/strong><br data-start=\"1482\" data-end=\"1485\" \/>\u2714\ufe0f estetyczne wykonanie \u2013 <strong data-start=\"1511\" data-end=\"1531\">chrom polerowany<\/strong><br data-start=\"1531\" data-end=\"1534\" \/>\u2714\ufe0f wysoka odporno\u015b\u0107 na temperatur\u0119 i ci\u015bnienie<br data-start=\"1580\" data-end=\"1583\" \/>\u2714\ufe0f szybki i szczelny monta\u017c dzi\u0119ki <strong data-start=\"1618\" data-end=\"1624\">TG<\/strong><br data-start=\"1624\" data-end=\"1627\" \/>\u2714\ufe0f idealny do grzejnik\u00f3w \u0142azienkowych<br data-start=\"1664\" data-end=\"1667\" \/>\u2714\ufe0f trwa\u0142a i niezawodna konstrukcja<\/p>\n","protected":false},"excerpt":{"rendered":"<p><strong>\u00a0Elegancki zaw\u00f3r grzejnikowy GIACOMINI wyko\u0144czony w chromie, oferuje precyzyjn\u0105 regulacj\u0119 przep\u0142ywu i doskona\u0142\u0105 szczelno\u015b\u0107 dzi\u0119ki solidnemu, k\u0105towemu po\u0142\u0105czeniu 1\/2&#8243; \u00d7 16 mm. Stylowy i trwa\u0142y \u2013 idealny do nowoczesnych instalacji grzewczych.<\/strong><\/p>\n","protected":false},"featured_media":6187,"template":"","meta":{"_kad_blocks_custom_css":"","_kad_blocks_head_custom_js":"","_kad_blocks_body_custom_js":"","_kad_blocks_footer_custom_js":"","_kad_post_transparent":"default","_kad_post_title":"","_kad_post_layout":"default","_kad_post_sidebar_id":"","_kad_post_content_style":"default","_kad_post_vertical_padding":"default","_kad_post_feature":"","_kad_post_feature_position":"","_kad_post_header":false,"_kad_post_footer":false,"_kad_post_classname":""},"product_brand":[412],"product_cat":[349],"product_tag":[],"class_list":{"0":"post-6182","1":"product","2":"type-product","3":"status-publish","4":"has-post-thumbnail","6":"product_brand-giacomini","7":"product_cat-zawory-termostatyczne-grzejniki","8":"product_shipping_class-drobnica","10":"first","11":"instock","12":"taxable","13":"shipping-taxable","14":"purchasable","15":"product-type-simple","16":"entry","17":"content-bg","18":"loop-entry"},"taxonomy_info":{"product_brand":[{"value":412,"label":"GIACOMINI"}],"product_cat":[{"value":349,"label":"Zawory termostatyczne"}]},"featured_image_src_large":["https:\/\/e-systemygrzewcze.eu\/sklep\/wp-content\/uploads\/2025\/09\/Nowy-projekt-2025-09-09T105842.849.jpg",510,578,false],"author_info":[],"comment_info":"","_links":{"self":[{"href":"https:\/\/e-systemygrzewcze.eu\/sklep\/wp-json\/wp\/v2\/product\/6182","targetHints":{"allow":["GET"]}}],"collection":[{"href":"https:\/\/e-systemygrzewcze.eu\/sklep\/wp-json\/wp\/v2\/product"}],"about":[{"href":"https:\/\/e-systemygrzewcze.eu\/sklep\/wp-json\/wp\/v2\/types\/product"}],"wp:featuredmedia":[{"embeddable":true,"href":"https:\/\/e-systemygrzewcze.eu\/sklep\/wp-json\/wp\/v2\/media\/6187"}],"wp:attachment":[{"href":"https:\/\/e-systemygrzewcze.eu\/sklep\/wp-json\/wp\/v2\/media?parent=6182"}],"wp:term":[{"taxonomy":"product_brand","embeddable":true,"href":"https:\/\/e-systemygrzewcze.eu\/sklep\/wp-json\/wp\/v2\/product_brand?post=6182"},{"taxonomy":"product_cat","embeddable":true,"href":"https:\/\/e-systemygrzewcze.eu\/sklep\/wp-json\/wp\/v2\/product_cat?post=6182"},{"taxonomy":"product_tag","embeddable":true,"href":"https:\/\/e-systemygrzewcze.eu\/sklep\/wp-json\/wp\/v2\/product_tag?post=6182"}],"curies":[{"name":"wp","href":"https:\/\/api.w.org\/{rel}","templated":true}]}}