{"id":6174,"date":"2025-09-09T08:10:45","date_gmt":"2025-09-09T08:10:45","guid":{"rendered":"https:\/\/e-systemygrzewcze.eu\/sklep\/produkt\/danfos-zawor-termostatyczny-prosty-20-click-013g0016\/"},"modified":"2026-04-09T10:11:39","modified_gmt":"2026-04-09T10:11:39","slug":"danfos-zawor-termostatyczny-prosty-20-click-013g0016","status":"publish","type":"product","link":"https:\/\/e-systemygrzewcze.eu\/sklep\/produkt\/danfos-zawor-termostatyczny-prosty-20-click-013g0016\/","title":{"rendered":"DANFOS Zaw\u00f3r termostatyczny prosty 3\/4&#8243; CLICK (013G0016)"},"content":{"rendered":"<h2 data-start=\"86\" data-end=\"155\">DANFOSS Zaw\u00f3r termostatyczny prosty RA-N 20 CLICK 3\/4&#8243; 013G0016<\/h2>\n<p data-start=\"156\" data-end=\"499\">Profesjonalny <strong data-start=\"170\" data-end=\"217\">zaw\u00f3r termostatyczny prosty DANFOSS RA-N 20<\/strong> z serii CLICK to wysokiej klasy element instalacji grzewczej, przeznaczony do <strong data-start=\"296\" data-end=\"347\">precyzyjnej regulacji temperatury w grzejnikach<\/strong>. Produkt wykonany z trwa\u0142ego <strong data-start=\"377\" data-end=\"414\">mosi\u0105dzu z niklowan\u0105 powierzchni\u0105<\/strong> zapewnia wieloletni\u0105 niezawodno\u015b\u0107 oraz odporno\u015b\u0107 na wysokie temperatury i ci\u015bnienie.<\/p>\n<p data-start=\"501\" data-end=\"622\">Zaw\u00f3r umo\u017cliwia <strong data-start=\"517\" data-end=\"559\">nastaw\u0119 wst\u0119pn\u0105 bez ograniczenia skoku<\/strong>, co pozwala na dok\u0142adne zr\u00f3wnowa\u017cenie hydrauliczne instalacji.<\/p>\n<hr data-start=\"624\" data-end=\"627\" \/>\n<h2 data-start=\"629\" data-end=\"651\">\u2699\ufe0f Zasada dzia\u0142ania<\/h2>\n<ul data-start=\"652\" data-end=\"932\">\n<li data-start=\"652\" data-end=\"820\">\n<p data-start=\"654\" data-end=\"694\">Po zamontowaniu g\u0142owicy termostatycznej:<\/p>\n<ul data-start=\"697\" data-end=\"820\">\n<li data-start=\"697\" data-end=\"754\">\n<p data-start=\"699\" data-end=\"754\">przy wzro\u015bcie temperatury \u2013 <strong data-start=\"727\" data-end=\"754\">zaw\u00f3r przymyka przep\u0142yw<\/strong><\/p>\n<\/li>\n<li data-start=\"757\" data-end=\"820\">\n<p data-start=\"759\" data-end=\"820\">przy spadku temperatury \u2013 <strong data-start=\"785\" data-end=\"820\">zaw\u00f3r automatycznie si\u0119 otwiera<\/strong><\/p>\n<\/li>\n<\/ul>\n<\/li>\n<li data-start=\"821\" data-end=\"889\">\n<p data-start=\"823\" data-end=\"889\">Umo\u017cliwia <strong data-start=\"833\" data-end=\"889\">sta\u0142e utrzymanie zadanej temperatury w pomieszczeniu<\/strong><\/p>\n<\/li>\n<li data-start=\"890\" data-end=\"932\">\n<p data-start=\"892\" data-end=\"932\">Przeznaczony do <strong data-start=\"908\" data-end=\"932\">system\u00f3w dwururowych<\/strong><\/p>\n<\/li>\n<\/ul>\n<hr data-start=\"934\" data-end=\"937\" \/>\n<h2 data-start=\"939\" data-end=\"957\">\ud83c\udfe0 Zastosowanie<\/h2>\n<p data-start=\"958\" data-end=\"1158\">\u2705 instalacje <strong data-start=\"971\" data-end=\"1002\">centralnego ogrzewania (CO)<\/strong><br data-start=\"1002\" data-end=\"1005\" \/>\u2705 <strong data-start=\"1007\" data-end=\"1028\">systemy dwururowe<\/strong><br data-start=\"1028\" data-end=\"1031\" \/>\u2705 grzejniki o przy\u0142\u0105czu <strong data-start=\"1055\" data-end=\"1068\">3\/4&#8243; (20)<\/strong><br data-start=\"1068\" data-end=\"1071\" \/>\u2705 budownictwo mieszkaniowe i obiekty u\u017cytkowe<br data-start=\"1116\" data-end=\"1119\" \/>\u2705 wsp\u00f3\u0142praca z g\u0142owicami <strong data-start=\"1144\" data-end=\"1158\">Danfoss RA<\/strong><\/p>\n<hr data-start=\"1160\" data-end=\"1163\" \/>\n<h2 data-start=\"1165\" data-end=\"1186\">\ud83d\udcd0 Dane techniczne<\/h2>\n<ul data-start=\"1187\" data-end=\"1953\">\n<li data-start=\"1187\" data-end=\"1225\">\n<p data-start=\"1189\" data-end=\"1225\">Typ: <strong data-start=\"1194\" data-end=\"1225\">zaw\u00f3r termostatyczny prosty<\/strong><\/p>\n<\/li>\n<li data-start=\"1226\" data-end=\"1252\">\n<p data-start=\"1228\" data-end=\"1252\">Model: <strong data-start=\"1235\" data-end=\"1252\">RA-N 20 CLICK<\/strong><\/p>\n<\/li>\n<li data-start=\"1253\" data-end=\"1285\">\n<p data-start=\"1255\" data-end=\"1285\">Numer katalogowy: <strong data-start=\"1273\" data-end=\"1285\">013G0016<\/strong><\/p>\n<\/li>\n<li data-start=\"1286\" data-end=\"1335\">\n<p data-start=\"1288\" data-end=\"1335\">Rozmiar po\u0142\u0105czenia grzejnikowego: <strong data-start=\"1322\" data-end=\"1335\">3\/4&#8243; (20)<\/strong><\/p>\n<\/li>\n<li data-start=\"1336\" data-end=\"1375\">\n<p data-start=\"1338\" data-end=\"1375\">Rozmiar po\u0142\u0105czenia rurowego: <strong data-start=\"1367\" data-end=\"1375\">3\/4&#8243;<\/strong><\/p>\n<\/li>\n<li data-start=\"1376\" data-end=\"1407\">\n<p data-start=\"1378\" data-end=\"1407\">Materia\u0142 korpusu: <strong data-start=\"1396\" data-end=\"1407\">mosi\u0105dz<\/strong><\/p>\n<\/li>\n<li data-start=\"1408\" data-end=\"1452\">\n<p data-start=\"1410\" data-end=\"1452\">Zabezpieczenie powierzchni: <strong data-start=\"1438\" data-end=\"1452\">niklowanie<\/strong><\/p>\n<\/li>\n<li data-start=\"1453\" data-end=\"1493\">\n<p data-start=\"1455\" data-end=\"1493\">Przystosowany termostatycznie: <strong data-start=\"1486\" data-end=\"1493\">tak<\/strong><\/p>\n<\/li>\n<li data-start=\"1494\" data-end=\"1527\">\n<p data-start=\"1496\" data-end=\"1527\">Do systemu dwururowego: <strong data-start=\"1520\" data-end=\"1527\">tak<\/strong><\/p>\n<\/li>\n<li data-start=\"1528\" data-end=\"1563\">\n<p data-start=\"1530\" data-end=\"1563\">Do systemu jednorurowego: <strong data-start=\"1556\" data-end=\"1563\">nie<\/strong><\/p>\n<\/li>\n<li data-start=\"1564\" data-end=\"1601\">\n<p data-start=\"1566\" data-end=\"1601\">Mo\u017cliwo\u015b\u0107 nastawy wst\u0119pnej: <strong data-start=\"1594\" data-end=\"1601\">tak<\/strong><\/p>\n<\/li>\n<li data-start=\"1602\" data-end=\"1647\">\n<p data-start=\"1604\" data-end=\"1647\">Nastawa wst\u0119pna: <strong data-start=\"1621\" data-end=\"1647\">bez ograniczenia skoku<\/strong><\/p>\n<\/li>\n<li data-start=\"1648\" data-end=\"1687\">\n<p data-start=\"1650\" data-end=\"1687\">Odwr\u00f3cony kierunek przep\u0142ywu: <strong data-start=\"1680\" data-end=\"1687\">nie<\/strong><\/p>\n<\/li>\n<li data-start=\"1688\" data-end=\"1721\">\n<p data-start=\"1690\" data-end=\"1721\">Z os\u0142on\u0105 przeciwpy\u0142ow\u0105: <strong data-start=\"1714\" data-end=\"1721\">tak<\/strong><\/p>\n<\/li>\n<li data-start=\"1722\" data-end=\"1754\">\n<p data-start=\"1724\" data-end=\"1754\">Z zestawem zaciskowym: <strong data-start=\"1747\" data-end=\"1754\">nie<\/strong><\/p>\n<\/li>\n<li data-start=\"1755\" data-end=\"1776\">\n<p data-start=\"1757\" data-end=\"1776\">Wysoko\u015b\u0107: <strong data-start=\"1767\" data-end=\"1776\">47 mm<\/strong><\/p>\n<\/li>\n<li data-start=\"1777\" data-end=\"1799\">\n<p data-start=\"1779\" data-end=\"1799\">Warto\u015b\u0107 Kvs: <strong data-start=\"1792\" data-end=\"1799\">1,4<\/strong><\/p>\n<\/li>\n<li data-start=\"1800\" data-end=\"1828\">\n<p data-start=\"1802\" data-end=\"1828\">Warto\u015b\u0107 Kv: <strong data-start=\"1814\" data-end=\"1828\">0,1 \u2013 0,73<\/strong><\/p>\n<\/li>\n<li data-start=\"1829\" data-end=\"1875\">\n<p data-start=\"1831\" data-end=\"1875\">Maks. przep\u0142yw przy 10 kPa: <strong data-start=\"1859\" data-end=\"1875\">32 \u2013 443 l\/h<\/strong><\/p>\n<\/li>\n<li data-start=\"1876\" data-end=\"1922\">\n<p data-start=\"1878\" data-end=\"1922\">Maks. przep\u0142yw przy 15 kPa: <strong data-start=\"1906\" data-end=\"1922\">39 \u2013 542 l\/h<\/strong><\/p>\n<\/li>\n<li data-start=\"1923\" data-end=\"1953\">\n<p data-start=\"1925\" data-end=\"1953\">Rozmiar zaworu: <strong data-start=\"1941\" data-end=\"1953\">CLICK 22<\/strong><\/p>\n<\/li>\n<\/ul>\n<hr data-start=\"1955\" data-end=\"1958\" \/>\n<h2 data-start=\"1960\" data-end=\"1980\">\ud83d\udce6 Wymiary i waga<\/h2>\n<ul data-start=\"1981\" data-end=\"2097\">\n<li data-start=\"1981\" data-end=\"2003\">\n<p data-start=\"1983\" data-end=\"2003\">D\u0142ugo\u015b\u0107: <strong data-start=\"1992\" data-end=\"2003\">0,133 m<\/strong><\/p>\n<\/li>\n<li data-start=\"2004\" data-end=\"2027\">\n<p data-start=\"2006\" data-end=\"2027\">Szeroko\u015b\u0107: <strong data-start=\"2017\" data-end=\"2027\">0,05 m<\/strong><\/p>\n<\/li>\n<li data-start=\"2028\" data-end=\"2051\">\n<p data-start=\"2030\" data-end=\"2051\">Wysoko\u015b\u0107: <strong data-start=\"2040\" data-end=\"2051\">0,093 m<\/strong><\/p>\n<\/li>\n<li data-start=\"2052\" data-end=\"2072\">\n<p data-start=\"2054\" data-end=\"2072\">Waga: <strong data-start=\"2060\" data-end=\"2072\">0,398 kg<\/strong><\/p>\n<\/li>\n<li data-start=\"2073\" data-end=\"2097\">\n<p data-start=\"2075\" data-end=\"2097\">Obj\u0119to\u015b\u0107: <strong data-start=\"2085\" data-end=\"2097\">0,001 m\u00b3<\/strong><\/p>\n<\/li>\n<\/ul>\n<hr data-start=\"2099\" data-end=\"2102\" \/>\n<h2 data-start=\"2104\" data-end=\"2129\">\u2705 Najwa\u017cniejsze zalety<\/h2>\n<p data-start=\"2130\" data-end=\"2406\">\u2714\ufe0f oryginalny produkt <strong data-start=\"2152\" data-end=\"2163\">DANFOSS<\/strong><br data-start=\"2163\" data-end=\"2166\" \/>\u2714\ufe0f <strong data-start=\"2169\" data-end=\"2205\">precyzyjna regulacja temperatury<\/strong><br data-start=\"2205\" data-end=\"2208\" \/>\u2714\ufe0f mo\u017cliwo\u015b\u0107 <strong data-start=\"2221\" data-end=\"2259\">hydraulicznej regulacji instalacji<\/strong><br data-start=\"2259\" data-end=\"2262\" \/>\u2714\ufe0f solidny <strong data-start=\"2273\" data-end=\"2292\">mosi\u0119\u017cny korpus<\/strong><br data-start=\"2292\" data-end=\"2295\" \/>\u2714\ufe0f trwa\u0142a <strong data-start=\"2305\" data-end=\"2326\">pow\u0142oka niklowana<\/strong><br data-start=\"2326\" data-end=\"2329\" \/>\u2714\ufe0f \u0142atwy monta\u017c i d\u0142uga \u017cywotno\u015b\u0107<br data-start=\"2362\" data-end=\"2365\" \/>\u2714\ufe0f dedykowany do <strong data-start=\"2382\" data-end=\"2406\">system\u00f3w dwururowych<\/strong><\/p>\n","protected":false},"excerpt":{"rendered":"<p><strong>Grzejnikowy zaw\u00f3r termostatyczny Danfoss RA-N 20 prosty 013G0016 to mosi\u0119\u017cny zaw\u00f3r z nastaw\u0105 wst\u0119pn\u0105, przeznaczony do instalacji dwururowych. Umo\u017cliwia precyzyjne ustawienie nominalnego przep\u0142ywu, co zapewnia optymalne zr\u00f3wnowa\u017cenie instalacji grzewczej<\/strong><\/p>\n","protected":false},"featured_media":6175,"template":"","meta":{"_kad_blocks_custom_css":"","_kad_blocks_head_custom_js":"","_kad_blocks_body_custom_js":"","_kad_blocks_footer_custom_js":"","_kad_post_transparent":"default","_kad_post_title":"","_kad_post_layout":"default","_kad_post_sidebar_id":"","_kad_post_content_style":"default","_kad_post_vertical_padding":"default","_kad_post_feature":"","_kad_post_feature_position":"","_kad_post_header":false,"_kad_post_footer":false,"_kad_post_classname":""},"product_brand":[413],"product_cat":[349],"product_tag":[],"class_list":{"0":"post-6174","1":"product","2":"type-product","3":"status-publish","4":"has-post-thumbnail","6":"product_brand-danfoss","7":"product_cat-zawory-termostatyczne-grzejniki","8":"product_shipping_class-drobnica","10":"first","11":"instock","12":"taxable","13":"shipping-taxable","14":"purchasable","15":"product-type-simple","16":"entry","17":"content-bg","18":"loop-entry"},"taxonomy_info":{"product_brand":[{"value":413,"label":"Danfoss"}],"product_cat":[{"value":349,"label":"Zawory termostatyczne"}]},"featured_image_src_large":["https:\/\/e-systemygrzewcze.eu\/sklep\/wp-content\/uploads\/2025\/09\/Nowy-projekt-2025-09-09T101312.030.jpg",510,578,false],"author_info":[],"comment_info":"","_links":{"self":[{"href":"https:\/\/e-systemygrzewcze.eu\/sklep\/wp-json\/wp\/v2\/product\/6174","targetHints":{"allow":["GET"]}}],"collection":[{"href":"https:\/\/e-systemygrzewcze.eu\/sklep\/wp-json\/wp\/v2\/product"}],"about":[{"href":"https:\/\/e-systemygrzewcze.eu\/sklep\/wp-json\/wp\/v2\/types\/product"}],"wp:featuredmedia":[{"embeddable":true,"href":"https:\/\/e-systemygrzewcze.eu\/sklep\/wp-json\/wp\/v2\/media\/6175"}],"wp:attachment":[{"href":"https:\/\/e-systemygrzewcze.eu\/sklep\/wp-json\/wp\/v2\/media?parent=6174"}],"wp:term":[{"taxonomy":"product_brand","embeddable":true,"href":"https:\/\/e-systemygrzewcze.eu\/sklep\/wp-json\/wp\/v2\/product_brand?post=6174"},{"taxonomy":"product_cat","embeddable":true,"href":"https:\/\/e-systemygrzewcze.eu\/sklep\/wp-json\/wp\/v2\/product_cat?post=6174"},{"taxonomy":"product_tag","embeddable":true,"href":"https:\/\/e-systemygrzewcze.eu\/sklep\/wp-json\/wp\/v2\/product_tag?post=6174"}],"curies":[{"name":"wp","href":"https:\/\/api.w.org\/{rel}","templated":true}]}}