{"id":6173,"date":"2025-09-09T08:10:39","date_gmt":"2025-09-09T08:10:39","guid":{"rendered":"https:\/\/e-systemygrzewcze.eu\/sklep\/produkt\/danfos-zawor-termostatyczny-prosty-10-click-013g3902\/"},"modified":"2026-04-09T10:11:48","modified_gmt":"2026-04-09T10:11:48","slug":"danfos-zawor-termostatyczny-prosty-10-click-013g3902","status":"publish","type":"product","link":"https:\/\/e-systemygrzewcze.eu\/sklep\/produkt\/danfos-zawor-termostatyczny-prosty-10-click-013g3902\/","title":{"rendered":"DANFOS Zaw\u00f3r termostatyczny prosty 3\/8&#8243; CLICK (013G3902)"},"content":{"rendered":"<h2 data-start=\"104\" data-end=\"173\">\ud83d\udd27 DANFOSS Zaw\u00f3r termostatyczny prosty RA-N 10 CLICK 3\/8&#8243; 013G3902<\/h2>\n<p data-start=\"174\" data-end=\"462\">Profesjonalny <strong data-start=\"188\" data-end=\"235\">zaw\u00f3r termostatyczny prosty DANFOSS RA-N 10<\/strong> z nastaw\u0105 wst\u0119pn\u0105 to precyzyjny element armatury przeznaczony do <strong data-start=\"301\" data-end=\"350\">dwururowych instalacji centralnego ogrzewania<\/strong>. Umo\u017cliwia <strong data-start=\"362\" data-end=\"412\">dok\u0142adne zr\u00f3wnowa\u017cenie hydrauliczne instalacji<\/strong>, zapewniaj\u0105c prawid\u0142owy rozdzia\u0142 wody w systemie.<\/p>\n<p data-start=\"464\" data-end=\"593\">Wykonany z <strong data-start=\"475\" data-end=\"507\">mosi\u0105dzu z niklowan\u0105 pow\u0142ok\u0105<\/strong>, charakteryzuje si\u0119 wysok\u0105 trwa\u0142o\u015bci\u0105, odporno\u015bci\u0105 na korozj\u0119 oraz d\u0142ug\u0105 \u017cywotno\u015bci\u0105.<\/p>\n<hr data-start=\"595\" data-end=\"598\" \/>\n<h2 data-start=\"600\" data-end=\"622\">\u2699\ufe0f Zasada dzia\u0142ania<\/h2>\n<ul data-start=\"623\" data-end=\"904\">\n<li data-start=\"623\" data-end=\"792\">\n<p data-start=\"625\" data-end=\"665\">Po zamontowaniu g\u0142owicy termostatycznej:<\/p>\n<ul data-start=\"668\" data-end=\"792\">\n<li data-start=\"668\" data-end=\"726\">\n<p data-start=\"670\" data-end=\"726\">przy wzro\u015bcie temperatury \u2013 <strong data-start=\"698\" data-end=\"726\">zaw\u00f3r ogranicza przep\u0142yw<\/strong><\/p>\n<\/li>\n<li data-start=\"729\" data-end=\"792\">\n<p data-start=\"731\" data-end=\"792\">przy spadku temperatury \u2013 <strong data-start=\"757\" data-end=\"792\">zaw\u00f3r otwiera si\u0119 automatycznie<\/strong><\/p>\n<\/li>\n<\/ul>\n<\/li>\n<li data-start=\"793\" data-end=\"854\">\n<p data-start=\"795\" data-end=\"854\"><strong data-start=\"795\" data-end=\"814\">Nastawa wst\u0119pna<\/strong> umo\u017cliwia dok\u0142adne ustawienie przep\u0142ywu<\/p>\n<\/li>\n<li data-start=\"855\" data-end=\"904\">\n<p data-start=\"857\" data-end=\"904\">Zapewnia <strong data-start=\"866\" data-end=\"904\">optymalne zr\u00f3wnowa\u017cenie instalacji<\/strong><\/p>\n<\/li>\n<\/ul>\n<hr data-start=\"906\" data-end=\"909\" \/>\n<h2 data-start=\"911\" data-end=\"929\">\ud83c\udfe0 Zastosowanie<\/h2>\n<p data-start=\"930\" data-end=\"1131\">\u2705 instalacje <strong data-start=\"943\" data-end=\"974\">centralnego ogrzewania (CO)<\/strong><br data-start=\"974\" data-end=\"977\" \/>\u2705 <strong data-start=\"979\" data-end=\"1000\">systemy dwururowe<\/strong><br data-start=\"1000\" data-end=\"1003\" \/>\u2705 grzejniki z przy\u0142\u0105czem <strong data-start=\"1028\" data-end=\"1041\">3\/8&#8243; (10)<\/strong><br data-start=\"1041\" data-end=\"1044\" \/>\u2705 budownictwo mieszkaniowe i obiekty u\u017cytkowe<br data-start=\"1089\" data-end=\"1092\" \/>\u2705 wsp\u00f3\u0142praca z g\u0142owicami <strong data-start=\"1117\" data-end=\"1131\">Danfoss RA<\/strong><\/p>\n<hr data-start=\"1133\" data-end=\"1136\" \/>\n<h2 data-start=\"1138\" data-end=\"1159\">\ud83d\udcd0 Dane techniczne<\/h2>\n<ul data-start=\"1160\" data-end=\"1881\">\n<li data-start=\"1160\" data-end=\"1198\">\n<p data-start=\"1162\" data-end=\"1198\">Typ: <strong data-start=\"1167\" data-end=\"1198\">zaw\u00f3r termostatyczny prosty<\/strong><\/p>\n<\/li>\n<li data-start=\"1199\" data-end=\"1225\">\n<p data-start=\"1201\" data-end=\"1225\">Model: <strong data-start=\"1208\" data-end=\"1225\">RA-N 10 CLICK<\/strong><\/p>\n<\/li>\n<li data-start=\"1226\" data-end=\"1258\">\n<p data-start=\"1228\" data-end=\"1258\">Numer katalogowy: <strong data-start=\"1246\" data-end=\"1258\">013G3902<\/strong><\/p>\n<\/li>\n<li data-start=\"1259\" data-end=\"1308\">\n<p data-start=\"1261\" data-end=\"1308\">Rozmiar po\u0142\u0105czenia grzejnikowego: <strong data-start=\"1295\" data-end=\"1308\">3\/8&#8243; (10)<\/strong><\/p>\n<\/li>\n<li data-start=\"1309\" data-end=\"1348\">\n<p data-start=\"1311\" data-end=\"1348\">Rozmiar po\u0142\u0105czenia rurowego: <strong data-start=\"1340\" data-end=\"1348\">3\/8&#8243;<\/strong><\/p>\n<\/li>\n<li data-start=\"1349\" data-end=\"1380\">\n<p data-start=\"1351\" data-end=\"1380\">Materia\u0142 korpusu: <strong data-start=\"1369\" data-end=\"1380\">mosi\u0105dz<\/strong><\/p>\n<\/li>\n<li data-start=\"1381\" data-end=\"1425\">\n<p data-start=\"1383\" data-end=\"1425\">Zabezpieczenie powierzchni: <strong data-start=\"1411\" data-end=\"1425\">niklowanie<\/strong><\/p>\n<\/li>\n<li data-start=\"1426\" data-end=\"1466\">\n<p data-start=\"1428\" data-end=\"1466\">Przystosowany termostatycznie: <strong data-start=\"1459\" data-end=\"1466\">tak<\/strong><\/p>\n<\/li>\n<li data-start=\"1467\" data-end=\"1500\">\n<p data-start=\"1469\" data-end=\"1500\">Do systemu dwururowego: <strong data-start=\"1493\" data-end=\"1500\">tak<\/strong><\/p>\n<\/li>\n<li data-start=\"1501\" data-end=\"1536\">\n<p data-start=\"1503\" data-end=\"1536\">Do systemu jednorurowego: <strong data-start=\"1529\" data-end=\"1536\">nie<\/strong><\/p>\n<\/li>\n<li data-start=\"1537\" data-end=\"1574\">\n<p data-start=\"1539\" data-end=\"1574\">Mo\u017cliwo\u015b\u0107 nastawy wst\u0119pnej: <strong data-start=\"1567\" data-end=\"1574\">tak<\/strong><\/p>\n<\/li>\n<li data-start=\"1575\" data-end=\"1614\">\n<p data-start=\"1577\" data-end=\"1614\">Odwr\u00f3cony kierunek przep\u0142ywu: <strong data-start=\"1607\" data-end=\"1614\">nie<\/strong><\/p>\n<\/li>\n<li data-start=\"1615\" data-end=\"1640\">\n<p data-start=\"1617\" data-end=\"1640\">Funkcja spustu: <strong data-start=\"1633\" data-end=\"1640\">nie<\/strong><\/p>\n<\/li>\n<li data-start=\"1641\" data-end=\"1665\">\n<p data-start=\"1643\" data-end=\"1665\">Rodzaj: <strong data-start=\"1651\" data-end=\"1665\">pojedynczy<\/strong><\/p>\n<\/li>\n<li data-start=\"1666\" data-end=\"1687\">\n<p data-start=\"1668\" data-end=\"1687\">Wysoko\u015b\u0107: <strong data-start=\"1678\" data-end=\"1687\">30 mm<\/strong><\/p>\n<\/li>\n<li data-start=\"1688\" data-end=\"1710\">\n<p data-start=\"1690\" data-end=\"1710\">Warto\u015b\u0107 Kv: <strong data-start=\"1702\" data-end=\"1710\">0,08<\/strong><\/p>\n<\/li>\n<li data-start=\"1711\" data-end=\"1734\">\n<p data-start=\"1713\" data-end=\"1734\">Warto\u015b\u0107 Kvs: <strong data-start=\"1726\" data-end=\"1734\">0,65<\/strong><\/p>\n<\/li>\n<li data-start=\"1735\" data-end=\"1774\">\n<p data-start=\"1737\" data-end=\"1774\">Maks. przep\u0142yw (10 kPa): <strong data-start=\"1762\" data-end=\"1774\">0,65 l\/h<\/strong><\/p>\n<\/li>\n<li data-start=\"1775\" data-end=\"1814\">\n<p data-start=\"1777\" data-end=\"1814\">Maks. przep\u0142yw (15 kPa): <strong data-start=\"1802\" data-end=\"1814\">0,65 l\/h<\/strong><\/p>\n<\/li>\n<li data-start=\"1815\" data-end=\"1848\">\n<p data-start=\"1817\" data-end=\"1848\">Z os\u0142on\u0105 przeciwpy\u0142ow\u0105: <strong data-start=\"1841\" data-end=\"1848\">tak<\/strong><\/p>\n<\/li>\n<li data-start=\"1849\" data-end=\"1881\">\n<p data-start=\"1851\" data-end=\"1881\">Z zestawem zaciskowym: <strong data-start=\"1874\" data-end=\"1881\">nie<\/strong><\/p>\n<\/li>\n<\/ul>\n<hr data-start=\"1883\" data-end=\"1886\" \/>\n<h2 data-start=\"1888\" data-end=\"1929\">\ud83e\udde0 Kompatybilne g\u0142owice termostatyczne<\/h2>\n<p data-start=\"1930\" data-end=\"1953\">Do zawor\u00f3w RA-N pasuj\u0105:<\/p>\n<ul data-start=\"1954\" data-end=\"2108\">\n<li data-start=\"1954\" data-end=\"1978\">\n<p data-start=\"1956\" data-end=\"1978\"><strong data-start=\"1956\" data-end=\"1967\">RA 2000<\/strong> \u2013 gazowe<\/p>\n<\/li>\n<li data-start=\"1979\" data-end=\"2001\">\n<p data-start=\"1981\" data-end=\"2001\"><strong data-start=\"1981\" data-end=\"1988\">RAW<\/strong> \u2013 cieczowe<\/p>\n<\/li>\n<li data-start=\"2002\" data-end=\"2027\">\n<p data-start=\"2004\" data-end=\"2027\"><strong data-start=\"2004\" data-end=\"2011\">RAX<\/strong> \u2013 dekoracyjne<\/p>\n<\/li>\n<li data-start=\"2028\" data-end=\"2062\">\n<p data-start=\"2030\" data-end=\"2062\"><strong data-start=\"2030\" data-end=\"2044\">living eco<\/strong> \u2013 elektroniczne<\/p>\n<\/li>\n<li data-start=\"2063\" data-end=\"2108\">\n<p data-start=\"2065\" data-end=\"2108\"><strong data-start=\"2065\" data-end=\"2083\">living connect<\/strong> \u2013 zdalnie programowane<\/p>\n<\/li>\n<\/ul>\n<hr data-start=\"2110\" data-end=\"2113\" \/>\n<h2 data-start=\"2115\" data-end=\"2135\">\ud83d\udce6 Wymiary i waga<\/h2>\n<ul data-start=\"2136\" data-end=\"2254\">\n<li data-start=\"2136\" data-end=\"2158\">\n<p data-start=\"2138\" data-end=\"2158\">D\u0142ugo\u015b\u0107: <strong data-start=\"2147\" data-end=\"2158\">0,093 m<\/strong><\/p>\n<\/li>\n<li data-start=\"2159\" data-end=\"2183\">\n<p data-start=\"2161\" data-end=\"2183\">Szeroko\u015b\u0107: <strong data-start=\"2172\" data-end=\"2183\">0,077 m<\/strong><\/p>\n<\/li>\n<li data-start=\"2184\" data-end=\"2207\">\n<p data-start=\"2186\" data-end=\"2207\">Wysoko\u015b\u0107: <strong data-start=\"2196\" data-end=\"2207\">0,034 m<\/strong><\/p>\n<\/li>\n<li data-start=\"2208\" data-end=\"2228\">\n<p data-start=\"2210\" data-end=\"2228\">Waga: <strong data-start=\"2216\" data-end=\"2228\">0,212 kg<\/strong><\/p>\n<\/li>\n<li data-start=\"2229\" data-end=\"2254\">\n<p data-start=\"2231\" data-end=\"2254\">Kod celny: <strong data-start=\"2242\" data-end=\"2254\">84818031<\/strong><\/p>\n<\/li>\n<\/ul>\n<hr data-start=\"2256\" data-end=\"2259\" \/>\n<h2 data-start=\"2261\" data-end=\"2286\">\u2705 Najwa\u017cniejsze zalety<\/h2>\n<p data-start=\"2287\" data-end=\"2539\">\u2714\ufe0f oryginalny produkt <strong data-start=\"2309\" data-end=\"2320\">DANFOSS<\/strong><br data-start=\"2320\" data-end=\"2323\" \/>\u2714\ufe0f <strong data-start=\"2326\" data-end=\"2368\">precyzyjna regulacja i nastawa wst\u0119pna<\/strong><br data-start=\"2368\" data-end=\"2371\" \/>\u2714\ufe0f idealny do <strong data-start=\"2385\" data-end=\"2409\">system\u00f3w dwururowych<\/strong><br data-start=\"2409\" data-end=\"2412\" \/>\u2714\ufe0f solidny <strong data-start=\"2423\" data-end=\"2442\">mosi\u0119\u017cny korpus<\/strong><br data-start=\"2442\" data-end=\"2445\" \/>\u2714\ufe0f trwa\u0142a <strong data-start=\"2455\" data-end=\"2476\">pow\u0142oka niklowana<\/strong><br data-start=\"2476\" data-end=\"2479\" \/>\u2714\ufe0f \u0142atwy monta\u017c<br data-start=\"2494\" data-end=\"2497\" \/>\u2714\ufe0f wysoka niezawodno\u015b\u0107 i d\u0142uga \u017cywotno\u015b\u0107<\/p>\n","protected":false},"excerpt":{"rendered":"<p><strong>Grzejnikowy zaw\u00f3r termostatyczny Danfoss RA-N 10 prosty CLICK (kod 013G3902) to mosi\u0119\u017cny zaw\u00f3r z nastaw\u0105 wst\u0119pn\u0105, przeznaczony do instalacji dwururowych. Umo\u017cliwia precyzyjne ustawienie nominalnego przep\u0142ywu, co zapewnia optymalne zr\u00f3wnowa\u017cenie instalacji grzewczej<\/strong><\/p>\n","protected":false},"featured_media":6177,"template":"","meta":{"_kad_blocks_custom_css":"","_kad_blocks_head_custom_js":"","_kad_blocks_body_custom_js":"","_kad_blocks_footer_custom_js":"","_kad_post_transparent":"default","_kad_post_title":"","_kad_post_layout":"default","_kad_post_sidebar_id":"","_kad_post_content_style":"default","_kad_post_vertical_padding":"default","_kad_post_feature":"","_kad_post_feature_position":"","_kad_post_header":false,"_kad_post_footer":false,"_kad_post_classname":""},"product_brand":[413],"product_cat":[349],"product_tag":[],"class_list":{"0":"post-6173","1":"product","2":"type-product","3":"status-publish","4":"has-post-thumbnail","6":"product_brand-danfoss","7":"product_cat-zawory-termostatyczne-grzejniki","8":"product_shipping_class-drobnica","10":"first","11":"instock","12":"taxable","13":"shipping-taxable","14":"purchasable","15":"product-type-simple","16":"entry","17":"content-bg","18":"loop-entry"},"taxonomy_info":{"product_brand":[{"value":413,"label":"Danfoss"}],"product_cat":[{"value":349,"label":"Zawory termostatyczne"}]},"featured_image_src_large":["https:\/\/e-systemygrzewcze.eu\/sklep\/wp-content\/uploads\/2025\/09\/Nowy-projekt-2025-09-09T101537.722.jpg",510,578,false],"author_info":[],"comment_info":"","_links":{"self":[{"href":"https:\/\/e-systemygrzewcze.eu\/sklep\/wp-json\/wp\/v2\/product\/6173","targetHints":{"allow":["GET"]}}],"collection":[{"href":"https:\/\/e-systemygrzewcze.eu\/sklep\/wp-json\/wp\/v2\/product"}],"about":[{"href":"https:\/\/e-systemygrzewcze.eu\/sklep\/wp-json\/wp\/v2\/types\/product"}],"wp:featuredmedia":[{"embeddable":true,"href":"https:\/\/e-systemygrzewcze.eu\/sklep\/wp-json\/wp\/v2\/media\/6177"}],"wp:attachment":[{"href":"https:\/\/e-systemygrzewcze.eu\/sklep\/wp-json\/wp\/v2\/media?parent=6173"}],"wp:term":[{"taxonomy":"product_brand","embeddable":true,"href":"https:\/\/e-systemygrzewcze.eu\/sklep\/wp-json\/wp\/v2\/product_brand?post=6173"},{"taxonomy":"product_cat","embeddable":true,"href":"https:\/\/e-systemygrzewcze.eu\/sklep\/wp-json\/wp\/v2\/product_cat?post=6173"},{"taxonomy":"product_tag","embeddable":true,"href":"https:\/\/e-systemygrzewcze.eu\/sklep\/wp-json\/wp\/v2\/product_tag?post=6173"}],"curies":[{"name":"wp","href":"https:\/\/api.w.org\/{rel}","templated":true}]}}