{"id":6172,"date":"2025-09-09T08:10:35","date_gmt":"2025-09-09T08:10:35","guid":{"rendered":"https:\/\/e-systemygrzewcze.eu\/sklep\/produkt\/danfos-zawor-termostatyczny-katowy-20-click-013g0015\/"},"modified":"2026-04-09T10:11:57","modified_gmt":"2026-04-09T10:11:57","slug":"danfos-zawor-termostatyczny-katowy-20-click-013g0015","status":"publish","type":"product","link":"https:\/\/e-systemygrzewcze.eu\/sklep\/produkt\/danfos-zawor-termostatyczny-katowy-20-click-013g0015\/","title":{"rendered":"DANFOS Zaw\u00f3r termostatyczny k\u0105towy 3\/4&#8243; CLICK (013G0015)"},"content":{"rendered":"<h2 data-start=\"117\" data-end=\"186\">\ud83d\udd27 DANFOSS Zaw\u00f3r termostatyczny k\u0105towy RA-N 20 CLICK 3\/4&#8243; 013G0015<\/h2>\n<p data-start=\"187\" data-end=\"464\">Oryginalny <strong data-start=\"198\" data-end=\"251\">zaw\u00f3r termostatyczny k\u0105towy DANFOSS RA-N 20 CLICK<\/strong> przeznaczony do <strong data-start=\"268\" data-end=\"317\">dwururowych instalacji centralnego ogrzewania<\/strong>. Wyposa\u017cony w <strong data-start=\"332\" data-end=\"351\">nastaw\u0119 wst\u0119pn\u0105<\/strong>, umo\u017cliwia precyzyjne zr\u00f3wnowa\u017cenie hydrauliczne instalacji oraz stabiln\u0105 regulacj\u0119 temperatury w pomieszczeniu.<\/p>\n<p data-start=\"466\" data-end=\"593\">Solidny <strong data-start=\"474\" data-end=\"495\">korpus z mosi\u0105dzu<\/strong> z trwa\u0142\u0105 <strong data-start=\"505\" data-end=\"526\">pow\u0142ok\u0105 niklowan\u0105<\/strong> gwarantuje wysok\u0105 odporno\u015b\u0107 na korozj\u0119 i wieloletni\u0105 niezawodno\u015b\u0107.<\/p>\n<hr data-start=\"595\" data-end=\"598\" \/>\n<h2 data-start=\"600\" data-end=\"622\">\u2699\ufe0f Zasada dzia\u0142ania<\/h2>\n<ul data-start=\"623\" data-end=\"893\">\n<li data-start=\"623\" data-end=\"712\">\n<p data-start=\"625\" data-end=\"712\">Po osi\u0105gni\u0119ciu zadanej temperatury przez g\u0142owic\u0119 \u2013 <strong data-start=\"676\" data-end=\"712\">zaw\u00f3r automatycznie si\u0119 przymyka<\/strong><\/p>\n<\/li>\n<li data-start=\"713\" data-end=\"769\">\n<p data-start=\"715\" data-end=\"769\">Gdy temperatura spada \u2013 <strong data-start=\"739\" data-end=\"769\">zaw\u00f3r ponownie si\u0119 otwiera<\/strong><\/p>\n<\/li>\n<li data-start=\"770\" data-end=\"831\">\n<p data-start=\"772\" data-end=\"831\"><strong data-start=\"772\" data-end=\"791\">Nastawa wst\u0119pna<\/strong> umo\u017cliwia dok\u0142adne ustawienie przep\u0142ywu<\/p>\n<\/li>\n<li data-start=\"832\" data-end=\"893\">\n<p data-start=\"834\" data-end=\"893\">Zapewnia <strong data-start=\"843\" data-end=\"893\">oszcz\u0119dno\u015b\u0107 energii i stabilny komfort cieplny<\/strong><\/p>\n<\/li>\n<\/ul>\n<hr data-start=\"895\" data-end=\"898\" \/>\n<h2 data-start=\"900\" data-end=\"918\">\ud83c\udfe0 Zastosowanie<\/h2>\n<p data-start=\"919\" data-end=\"1121\">\u2705 instalacje <strong data-start=\"932\" data-end=\"963\">centralnego ogrzewania (CO)<\/strong><br data-start=\"963\" data-end=\"966\" \/>\u2705 <strong data-start=\"968\" data-end=\"989\">systemy dwururowe<\/strong><br data-start=\"989\" data-end=\"992\" \/>\u2705 grzejniki z przy\u0142\u0105czem <strong data-start=\"1017\" data-end=\"1033\">3\/4&#8243; (DN 20)<\/strong><br data-start=\"1033\" data-end=\"1036\" \/>\u2705 domy, mieszkania, biura, obiekty u\u017cytkowe<br data-start=\"1079\" data-end=\"1082\" \/>\u2705 wsp\u00f3\u0142praca z g\u0142owicami <strong data-start=\"1107\" data-end=\"1121\">Danfoss RA<\/strong><\/p>\n<hr data-start=\"1123\" data-end=\"1126\" \/>\n<h2 data-start=\"1128\" data-end=\"1149\">\ud83d\udcd0 Dane techniczne<\/h2>\n<ul data-start=\"1150\" data-end=\"1810\">\n<li data-start=\"1150\" data-end=\"1170\">\n<p data-start=\"1152\" data-end=\"1170\">Marka: <strong data-start=\"1159\" data-end=\"1170\">Danfoss<\/strong><\/p>\n<\/li>\n<li data-start=\"1171\" data-end=\"1209\">\n<p data-start=\"1173\" data-end=\"1209\">Typ: <strong data-start=\"1178\" data-end=\"1209\">zaw\u00f3r termostatyczny k\u0105towy<\/strong><\/p>\n<\/li>\n<li data-start=\"1210\" data-end=\"1236\">\n<p data-start=\"1212\" data-end=\"1236\">Model: <strong data-start=\"1219\" data-end=\"1236\">RA-N 20 CLICK<\/strong><\/p>\n<\/li>\n<li data-start=\"1237\" data-end=\"1269\">\n<p data-start=\"1239\" data-end=\"1269\">Numer katalogowy: <strong data-start=\"1257\" data-end=\"1269\">013G0015<\/strong><\/p>\n<\/li>\n<li data-start=\"1270\" data-end=\"1290\">\n<p data-start=\"1272\" data-end=\"1290\">\u015arednica: <strong data-start=\"1282\" data-end=\"1290\">3\/4&#8243;<\/strong><\/p>\n<\/li>\n<li data-start=\"1291\" data-end=\"1318\">\n<p data-start=\"1293\" data-end=\"1318\">Rozmiar zaworu: <strong data-start=\"1309\" data-end=\"1318\">DN 20<\/strong><\/p>\n<\/li>\n<li data-start=\"1319\" data-end=\"1355\">\n<p data-start=\"1321\" data-end=\"1355\">Typ po\u0142\u0105cze\u0144: <strong data-start=\"1335\" data-end=\"1355\">gwint wewn\u0119trzny<\/strong><\/p>\n<\/li>\n<li data-start=\"1356\" data-end=\"1393\">\n<p data-start=\"1358\" data-end=\"1393\">Wymiar kr\u00f3\u0107ca wlotowego: <strong data-start=\"1383\" data-end=\"1393\">Rp 3\/4<\/strong><\/p>\n<\/li>\n<li data-start=\"1394\" data-end=\"1431\">\n<p data-start=\"1396\" data-end=\"1431\">Wymiar kr\u00f3\u0107ca wylotowego: <strong data-start=\"1422\" data-end=\"1431\">R 3\/4<\/strong><\/p>\n<\/li>\n<li data-start=\"1432\" data-end=\"1457\">\n<p data-start=\"1434\" data-end=\"1457\">Konstrukcja: <strong data-start=\"1447\" data-end=\"1457\">k\u0105towa<\/strong><\/p>\n<\/li>\n<li data-start=\"1458\" data-end=\"1493\">\n<p data-start=\"1460\" data-end=\"1493\">Typ zaworu: <strong data-start=\"1472\" data-end=\"1493\">przep\u0142yw normalny<\/strong><\/p>\n<\/li>\n<li data-start=\"1494\" data-end=\"1520\">\n<p data-start=\"1496\" data-end=\"1520\">Nastawa wst\u0119pna: <strong data-start=\"1513\" data-end=\"1520\">tak<\/strong><\/p>\n<\/li>\n<li data-start=\"1521\" data-end=\"1552\">\n<p data-start=\"1523\" data-end=\"1552\">Aplikacja: <strong data-start=\"1534\" data-end=\"1552\">uk\u0142ad 2-rurowy<\/strong><\/p>\n<\/li>\n<li data-start=\"1553\" data-end=\"1584\">\n<p data-start=\"1555\" data-end=\"1584\">Materia\u0142 korpusu: <strong data-start=\"1573\" data-end=\"1584\">mosi\u0105dz<\/strong><\/p>\n<\/li>\n<li data-start=\"1585\" data-end=\"1614\">\n<p data-start=\"1587\" data-end=\"1614\">Kolor \/ pow\u0142oka: <strong data-start=\"1604\" data-end=\"1614\">nikiel<\/strong><\/p>\n<\/li>\n<li data-start=\"1615\" data-end=\"1650\">\n<p data-start=\"1617\" data-end=\"1650\">Temperatura maksymalna: <strong data-start=\"1641\" data-end=\"1650\">120\u00b0C<\/strong><\/p>\n<\/li>\n<li data-start=\"1651\" data-end=\"1681\">\n<p data-start=\"1653\" data-end=\"1681\">Ci\u015bnienie pr\u00f3bne: <strong data-start=\"1671\" data-end=\"1681\">16 bar<\/strong><\/p>\n<\/li>\n<li data-start=\"1682\" data-end=\"1719\">\n<p data-start=\"1684\" data-end=\"1719\">Maks. ci\u015bnienie robocze: <strong data-start=\"1709\" data-end=\"1719\">10 bar<\/strong><\/p>\n<\/li>\n<li data-start=\"1720\" data-end=\"1756\">\n<p data-start=\"1722\" data-end=\"1756\">Maks. r\u00f3\u017cnica ci\u015bnie\u0144: <strong data-start=\"1745\" data-end=\"1756\">0,6 bar<\/strong><\/p>\n<\/li>\n<li data-start=\"1757\" data-end=\"1784\">\n<p data-start=\"1759\" data-end=\"1784\">Typ z\u0142\u0105czki: <strong data-start=\"1772\" data-end=\"1784\">standard<\/strong><\/p>\n<\/li>\n<li data-start=\"1785\" data-end=\"1810\">\n<p data-start=\"1787\" data-end=\"1810\">Standard wymiaru: <strong data-start=\"1805\" data-end=\"1810\">F<\/strong><\/p>\n<\/li>\n<\/ul>\n<hr data-start=\"1812\" data-end=\"1815\" \/>\n<h2 data-start=\"1817\" data-end=\"1844\">\ud83d\udcca Warto\u015bci przep\u0142ywu Kv<\/h2>\n<ul data-start=\"1845\" data-end=\"2054\">\n<li data-start=\"1845\" data-end=\"1867\">\n<p data-start=\"1847\" data-end=\"1867\">Kv 1 \u2192 <strong data-start=\"1854\" data-end=\"1867\">0,10 m\u00b3\/h<\/strong><\/p>\n<\/li>\n<li data-start=\"1868\" data-end=\"1890\">\n<p data-start=\"1870\" data-end=\"1890\">Kv 2 \u2192 <strong data-start=\"1877\" data-end=\"1890\">0,15 m\u00b3\/h<\/strong><\/p>\n<\/li>\n<li data-start=\"1891\" data-end=\"1913\">\n<p data-start=\"1893\" data-end=\"1913\">Kv 3 \u2192 <strong data-start=\"1900\" data-end=\"1913\">0,17 m\u00b3\/h<\/strong><\/p>\n<\/li>\n<li data-start=\"1914\" data-end=\"1936\">\n<p data-start=\"1916\" data-end=\"1936\">Kv 4 \u2192 <strong data-start=\"1923\" data-end=\"1936\">0,26 m\u00b3\/h<\/strong><\/p>\n<\/li>\n<li data-start=\"1937\" data-end=\"1959\">\n<p data-start=\"1939\" data-end=\"1959\">Kv 5 \u2192 <strong data-start=\"1946\" data-end=\"1959\">0,35 m\u00b3\/h<\/strong><\/p>\n<\/li>\n<li data-start=\"1960\" data-end=\"1982\">\n<p data-start=\"1962\" data-end=\"1982\">Kv 6 \u2192 <strong data-start=\"1969\" data-end=\"1982\">0,46 m\u00b3\/h<\/strong><\/p>\n<\/li>\n<li data-start=\"1983\" data-end=\"2005\">\n<p data-start=\"1985\" data-end=\"2005\">Kv 7 \u2192 <strong data-start=\"1992\" data-end=\"2005\">0,73 m\u00b3\/h<\/strong><\/p>\n<\/li>\n<li data-start=\"2006\" data-end=\"2028\">\n<p data-start=\"2008\" data-end=\"2028\">Kv N \u2192 <strong data-start=\"2015\" data-end=\"2028\">1,04 m\u00b3\/h<\/strong><\/p>\n<\/li>\n<li data-start=\"2029\" data-end=\"2054\">\n<p data-start=\"2031\" data-end=\"2054\"><strong data-start=\"2031\" data-end=\"2054\">Kvs maks.: 1,4 m\u00b3\/h<\/strong><\/p>\n<\/li>\n<\/ul>\n<hr data-start=\"2056\" data-end=\"2059\" \/>\n<h2 data-start=\"2061\" data-end=\"2102\">\ud83e\udde0 Kompatybilne g\u0142owice termostatyczne<\/h2>\n<p data-start=\"2103\" data-end=\"2120\">Pasuje do g\u0142owic:<\/p>\n<ul data-start=\"2121\" data-end=\"2272\">\n<li data-start=\"2121\" data-end=\"2145\">\n<p data-start=\"2123\" data-end=\"2145\"><strong data-start=\"2123\" data-end=\"2134\">RA 2000<\/strong> \u2013 gazowe<\/p>\n<\/li>\n<li data-start=\"2146\" data-end=\"2168\">\n<p data-start=\"2148\" data-end=\"2168\"><strong data-start=\"2148\" data-end=\"2155\">RAW<\/strong> \u2013 cieczowe<\/p>\n<\/li>\n<li data-start=\"2169\" data-end=\"2194\">\n<p data-start=\"2171\" data-end=\"2194\"><strong data-start=\"2171\" data-end=\"2178\">RAX<\/strong> \u2013 dekoracyjne<\/p>\n<\/li>\n<li data-start=\"2195\" data-end=\"2229\">\n<p data-start=\"2197\" data-end=\"2229\"><strong data-start=\"2197\" data-end=\"2211\">living eco<\/strong> \u2013 elektroniczne<\/p>\n<\/li>\n<li data-start=\"2230\" data-end=\"2272\">\n<p data-start=\"2232\" data-end=\"2272\"><strong data-start=\"2232\" data-end=\"2250\">living connect<\/strong> \u2013 zdalnie sterowane<\/p>\n<\/li>\n<\/ul>\n<hr data-start=\"2274\" data-end=\"2277\" \/>\n<h2 data-start=\"2279\" data-end=\"2304\">\u2705 Najwa\u017cniejsze zalety<\/h2>\n<p data-start=\"2305\" data-end=\"2574\">\u2714\ufe0f oryginalny produkt <strong data-start=\"2327\" data-end=\"2338\">DANFOSS<\/strong><br data-start=\"2338\" data-end=\"2341\" \/>\u2714\ufe0f <strong data-start=\"2344\" data-end=\"2398\">k\u0105towa konstrukcja \u2013 idealny do bocznych przy\u0142\u0105czy<\/strong><br data-start=\"2398\" data-end=\"2401\" \/>\u2714\ufe0f <strong data-start=\"2404\" data-end=\"2434\">precyzyjna nastawa wst\u0119pna<\/strong><br data-start=\"2434\" data-end=\"2437\" \/>\u2714\ufe0f stabilna regulacja temperatury<br data-start=\"2470\" data-end=\"2473\" \/>\u2714\ufe0f trwa\u0142a <strong data-start=\"2483\" data-end=\"2504\">pow\u0142oka niklowana<\/strong><br data-start=\"2504\" data-end=\"2507\" \/>\u2714\ufe0f wysoka odporno\u015b\u0107 na korozj\u0119<br data-start=\"2537\" data-end=\"2540\" \/>\u2714\ufe0f d\u0142ugowieczno\u015b\u0107 i niezawodno\u015b\u0107<\/p>\n","protected":false},"excerpt":{"rendered":"<p><strong>Grzejnikowy zaw\u00f3r termostatyczny Danfoss RA-N 20 Click 013G0015 to mosi\u0119\u017cny zaw\u00f3r k\u0105towy z nastaw\u0105 wst\u0119pn\u0105, przeznaczony do instalacji dwururowych. Umo\u017cliwia precyzyjne ustawienie nominalnego przep\u0142ywu, co zapewnia optymalne zr\u00f3wnowa\u017cenie instalacji<\/strong><\/p>\n","protected":false},"featured_media":6178,"template":"","meta":{"_kad_blocks_custom_css":"","_kad_blocks_head_custom_js":"","_kad_blocks_body_custom_js":"","_kad_blocks_footer_custom_js":"","_kad_post_transparent":"default","_kad_post_title":"","_kad_post_layout":"default","_kad_post_sidebar_id":"","_kad_post_content_style":"default","_kad_post_vertical_padding":"default","_kad_post_feature":"","_kad_post_feature_position":"","_kad_post_header":false,"_kad_post_footer":false,"_kad_post_classname":""},"product_brand":[413],"product_cat":[349],"product_tag":[],"class_list":{"0":"post-6172","1":"product","2":"type-product","3":"status-publish","4":"has-post-thumbnail","6":"product_brand-danfoss","7":"product_cat-zawory-termostatyczne-grzejniki","8":"product_shipping_class-drobnica","10":"first","11":"instock","12":"taxable","13":"shipping-taxable","14":"purchasable","15":"product-type-simple","16":"entry","17":"content-bg","18":"loop-entry"},"taxonomy_info":{"product_brand":[{"value":413,"label":"Danfoss"}],"product_cat":[{"value":349,"label":"Zawory termostatyczne"}]},"featured_image_src_large":["https:\/\/e-systemygrzewcze.eu\/sklep\/wp-content\/uploads\/2025\/09\/Nowy-projekt-2025-09-09T101708.553.jpg",510,578,false],"author_info":[],"comment_info":"","_links":{"self":[{"href":"https:\/\/e-systemygrzewcze.eu\/sklep\/wp-json\/wp\/v2\/product\/6172","targetHints":{"allow":["GET"]}}],"collection":[{"href":"https:\/\/e-systemygrzewcze.eu\/sklep\/wp-json\/wp\/v2\/product"}],"about":[{"href":"https:\/\/e-systemygrzewcze.eu\/sklep\/wp-json\/wp\/v2\/types\/product"}],"wp:featuredmedia":[{"embeddable":true,"href":"https:\/\/e-systemygrzewcze.eu\/sklep\/wp-json\/wp\/v2\/media\/6178"}],"wp:attachment":[{"href":"https:\/\/e-systemygrzewcze.eu\/sklep\/wp-json\/wp\/v2\/media?parent=6172"}],"wp:term":[{"taxonomy":"product_brand","embeddable":true,"href":"https:\/\/e-systemygrzewcze.eu\/sklep\/wp-json\/wp\/v2\/product_brand?post=6172"},{"taxonomy":"product_cat","embeddable":true,"href":"https:\/\/e-systemygrzewcze.eu\/sklep\/wp-json\/wp\/v2\/product_cat?post=6172"},{"taxonomy":"product_tag","embeddable":true,"href":"https:\/\/e-systemygrzewcze.eu\/sklep\/wp-json\/wp\/v2\/product_tag?post=6172"}],"curies":[{"name":"wp","href":"https:\/\/api.w.org\/{rel}","templated":true}]}}