{"id":6171,"date":"2025-09-09T08:10:26","date_gmt":"2025-09-09T08:10:26","guid":{"rendered":"https:\/\/e-systemygrzewcze.eu\/sklep\/produkt\/danfos-zawor-termostatyczny-katowy-10-click-013g0011\/"},"modified":"2026-03-19T15:19:34","modified_gmt":"2026-03-19T15:19:34","slug":"danfos-zawor-termostatyczny-katowy-10-click-013g0011","status":"publish","type":"product","link":"https:\/\/e-systemygrzewcze.eu\/sklep\/produkt\/danfos-zawor-termostatyczny-katowy-10-click-013g0011\/","title":{"rendered":"DANFOS Zaw\u00f3r termostatyczny k\u0105towy 3\/8&#8243; CLICK  (013G0011)"},"content":{"rendered":"<h2 data-start=\"128\" data-end=\"197\">\ud83d\udd27 DANFOSS Zaw\u00f3r termostatyczny k\u0105towy RA-N 10 CLICK 3\/8&#8243; 013G0011<\/h2>\n<p data-start=\"198\" data-end=\"475\">Oryginalny <strong data-start=\"209\" data-end=\"262\">zaw\u00f3r termostatyczny k\u0105towy DANFOSS RA-N 10 CLICK<\/strong> przeznaczony do <strong data-start=\"279\" data-end=\"328\">dwururowych instalacji centralnego ogrzewania<\/strong>. Wyposa\u017cony w <strong data-start=\"343\" data-end=\"362\">nastaw\u0119 wst\u0119pn\u0105<\/strong>, umo\u017cliwia precyzyjne zr\u00f3wnowa\u017cenie hydrauliczne instalacji oraz komfortow\u0105, automatyczn\u0105 regulacj\u0119 temperatury.<\/p>\n<p data-start=\"477\" data-end=\"668\">Dzi\u0119ki <strong data-start=\"484\" data-end=\"520\">k\u0105towej konstrukcji (k\u0105t prosty)<\/strong> idealnie sprawdza si\u0119 przy bocznych pod\u0142\u0105czeniach grzejnik\u00f3w, a <strong data-start=\"585\" data-end=\"624\">mosi\u0119\u017cny korpus z niklowan\u0105 pow\u0142ok\u0105<\/strong> gwarantuje trwa\u0142o\u015b\u0107 i odporno\u015b\u0107 na korozj\u0119.<\/p>\n<hr data-start=\"670\" data-end=\"673\" \/>\n<h2 data-start=\"675\" data-end=\"697\">\u2699\ufe0f Zasada dzia\u0142ania<\/h2>\n<ul data-start=\"698\" data-end=\"949\">\n<li data-start=\"698\" data-end=\"763\">\n<p data-start=\"700\" data-end=\"763\">Po osi\u0105gni\u0119ciu zadanej temperatury \u2013 <strong data-start=\"737\" data-end=\"763\">g\u0142owica przymyka zaw\u00f3r<\/strong><\/p>\n<\/li>\n<li data-start=\"764\" data-end=\"822\">\n<p data-start=\"766\" data-end=\"822\">Przy spadku temperatury \u2013 <strong data-start=\"792\" data-end=\"822\">zaw\u00f3r ponownie si\u0119 otwiera<\/strong><\/p>\n<\/li>\n<li data-start=\"823\" data-end=\"879\">\n<p data-start=\"825\" data-end=\"879\"><strong data-start=\"825\" data-end=\"844\">Nastawa wst\u0119pna<\/strong> pozwala dok\u0142adnie ustawi\u0107 przep\u0142yw<\/p>\n<\/li>\n<li data-start=\"880\" data-end=\"949\">\n<p data-start=\"882\" data-end=\"949\">Zapewnia <strong data-start=\"891\" data-end=\"949\">realne oszcz\u0119dno\u015bci energii i stabilny komfort cieplny<\/strong><\/p>\n<\/li>\n<\/ul>\n<hr data-start=\"951\" data-end=\"954\" \/>\n<h2 data-start=\"956\" data-end=\"974\">\ud83c\udfe0 Zastosowanie<\/h2>\n<p data-start=\"975\" data-end=\"1188\">\u2705 instalacje <strong data-start=\"988\" data-end=\"1019\">centralnego ogrzewania (CO)<\/strong><br data-start=\"1019\" data-end=\"1022\" \/>\u2705 <strong data-start=\"1024\" data-end=\"1045\">systemy dwururowe<\/strong><br data-start=\"1045\" data-end=\"1048\" \/>\u2705 grzejniki z przy\u0142\u0105czem <strong data-start=\"1073\" data-end=\"1089\">3\/8&#8243; (DN 10)<\/strong><br data-start=\"1089\" data-end=\"1092\" \/>\u2705 mieszkania, domy jednorodzinne, biura<br data-start=\"1131\" data-end=\"1134\" \/>\u2705 wsp\u00f3\u0142praca z g\u0142owicami <strong data-start=\"1159\" data-end=\"1188\">Danfoss RA \u2013 system CLICK<\/strong><\/p>\n<hr data-start=\"1190\" data-end=\"1193\" \/>\n<h2 data-start=\"1195\" data-end=\"1216\">\ud83d\udcd0 Dane techniczne<\/h2>\n<ul data-start=\"1217\" data-end=\"1896\">\n<li data-start=\"1217\" data-end=\"1237\">\n<p data-start=\"1219\" data-end=\"1237\">Marka: <strong data-start=\"1226\" data-end=\"1237\">Danfoss<\/strong><\/p>\n<\/li>\n<li data-start=\"1238\" data-end=\"1276\">\n<p data-start=\"1240\" data-end=\"1276\">Typ: <strong data-start=\"1245\" data-end=\"1276\">zaw\u00f3r termostatyczny k\u0105towy<\/strong><\/p>\n<\/li>\n<li data-start=\"1277\" data-end=\"1303\">\n<p data-start=\"1279\" data-end=\"1303\">Model: <strong data-start=\"1286\" data-end=\"1303\">RA-N 10 CLICK<\/strong><\/p>\n<\/li>\n<li data-start=\"1304\" data-end=\"1336\">\n<p data-start=\"1306\" data-end=\"1336\">Numer katalogowy: <strong data-start=\"1324\" data-end=\"1336\">013G0011<\/strong><\/p>\n<\/li>\n<li data-start=\"1337\" data-end=\"1372\">\n<p data-start=\"1339\" data-end=\"1372\">\u015arednica zaworu: <strong data-start=\"1356\" data-end=\"1372\">3\/8&#8243; (DN 10)<\/strong><\/p>\n<\/li>\n<li data-start=\"1373\" data-end=\"1417\">\n<p data-start=\"1375\" data-end=\"1417\">Rozmiar po\u0142\u0105czenia grzejnikowego: <strong data-start=\"1409\" data-end=\"1417\">3\/8&#8243;<\/strong><\/p>\n<\/li>\n<li data-start=\"1418\" data-end=\"1457\">\n<p data-start=\"1420\" data-end=\"1457\">Rozmiar po\u0142\u0105czenia rurowego: <strong data-start=\"1449\" data-end=\"1457\">3\/8&#8243;<\/strong><\/p>\n<\/li>\n<li data-start=\"1458\" data-end=\"1497\">\n<p data-start=\"1460\" data-end=\"1497\">Model przy\u0142\u0105cza: <strong data-start=\"1477\" data-end=\"1497\">gwint wewn\u0119trzny<\/strong><\/p>\n<\/li>\n<li data-start=\"1498\" data-end=\"1536\">\n<p data-start=\"1500\" data-end=\"1536\">Konstrukcja: <strong data-start=\"1513\" data-end=\"1536\">k\u0105towa (k\u0105t prosty)<\/strong><\/p>\n<\/li>\n<li data-start=\"1537\" data-end=\"1572\">\n<p data-start=\"1539\" data-end=\"1572\">Typ zaworu: <strong data-start=\"1551\" data-end=\"1572\">przep\u0142yw normalny<\/strong><\/p>\n<\/li>\n<li data-start=\"1573\" data-end=\"1599\">\n<p data-start=\"1575\" data-end=\"1599\">Nastawa wst\u0119pna: <strong data-start=\"1592\" data-end=\"1599\">tak<\/strong><\/p>\n<\/li>\n<li data-start=\"1600\" data-end=\"1631\">\n<p data-start=\"1602\" data-end=\"1631\">Aplikacja: <strong data-start=\"1613\" data-end=\"1631\">uk\u0142ad 2-rurowy<\/strong><\/p>\n<\/li>\n<li data-start=\"1632\" data-end=\"1663\">\n<p data-start=\"1634\" data-end=\"1663\">Materia\u0142 korpusu: <strong data-start=\"1652\" data-end=\"1663\">mosi\u0105dz<\/strong><\/p>\n<\/li>\n<li data-start=\"1664\" data-end=\"1708\">\n<p data-start=\"1666\" data-end=\"1708\">Zabezpieczenie powierzchni: <strong data-start=\"1694\" data-end=\"1708\">niklowanie<\/strong><\/p>\n<\/li>\n<li data-start=\"1709\" data-end=\"1749\">\n<p data-start=\"1711\" data-end=\"1749\">Przystosowany termostatycznie: <strong data-start=\"1742\" data-end=\"1749\">tak<\/strong><\/p>\n<\/li>\n<li data-start=\"1750\" data-end=\"1778\">\n<p data-start=\"1752\" data-end=\"1778\">Kolor przycisku: <strong data-start=\"1769\" data-end=\"1778\">bia\u0142y<\/strong><\/p>\n<\/li>\n<li data-start=\"1779\" data-end=\"1800\">\n<p data-start=\"1781\" data-end=\"1800\">Wysoko\u015b\u0107: <strong data-start=\"1791\" data-end=\"1800\">92 mm<\/strong><\/p>\n<\/li>\n<li data-start=\"1801\" data-end=\"1836\">\n<p data-start=\"1803\" data-end=\"1836\">Temperatura maksymalna: <strong data-start=\"1827\" data-end=\"1836\">120\u00b0C<\/strong><\/p>\n<\/li>\n<li data-start=\"1837\" data-end=\"1868\">\n<p data-start=\"1839\" data-end=\"1868\">Os\u0142ona przeciwpy\u0142owa: <strong data-start=\"1861\" data-end=\"1868\">tak<\/strong><\/p>\n<\/li>\n<li data-start=\"1869\" data-end=\"1896\">\n<p data-start=\"1871\" data-end=\"1896\">Zestaw zaciskowy: <strong data-start=\"1889\" data-end=\"1896\">nie<\/strong><\/p>\n<\/li>\n<\/ul>\n<hr data-start=\"1898\" data-end=\"1901\" \/>\n<h2 data-start=\"1903\" data-end=\"1928\">\ud83d\udcca Parametry przep\u0142ywu<\/h2>\n<ul data-start=\"1929\" data-end=\"2097\">\n<li data-start=\"1929\" data-end=\"1974\">\n<p data-start=\"1931\" data-end=\"1974\">Maks. przep\u0142yw \u043f\u0440\u0438 10 kPa: <strong data-start=\"1958\" data-end=\"1974\">13 \u2013 206 l\/h<\/strong><\/p>\n<\/li>\n<li data-start=\"1975\" data-end=\"2020\">\n<p data-start=\"1977\" data-end=\"2020\">Maks. przep\u0142yw \u043f\u0440\u0438 15 kPa: <strong data-start=\"2004\" data-end=\"2020\">15 \u2013 252 l\/h<\/strong><\/p>\n<\/li>\n<li data-start=\"2021\" data-end=\"2049\">\n<p data-start=\"2023\" data-end=\"2049\">Zakres Kv: <strong data-start=\"2034\" data-end=\"2049\">0,04 \u2013 0,38<\/strong><\/p>\n<\/li>\n<li data-start=\"2050\" data-end=\"2073\">\n<p data-start=\"2052\" data-end=\"2073\">Warto\u015b\u0107 Kv2: <strong data-start=\"2065\" data-end=\"2073\">0,56<\/strong><\/p>\n<\/li>\n<li data-start=\"2074\" data-end=\"2097\">\n<p data-start=\"2076\" data-end=\"2097\">Warto\u015b\u0107 Kvs: <strong data-start=\"2089\" data-end=\"2097\">0,65<\/strong><\/p>\n<\/li>\n<\/ul>\n<hr data-start=\"2099\" data-end=\"2102\" \/>\n<h2 data-start=\"2104\" data-end=\"2124\">\ud83d\udce6 Wymiary i waga<\/h2>\n<ul data-start=\"2125\" data-end=\"2243\">\n<li data-start=\"2125\" data-end=\"2147\">\n<p data-start=\"2127\" data-end=\"2147\">D\u0142ugo\u015b\u0107: <strong data-start=\"2136\" data-end=\"2147\">0,095 m<\/strong><\/p>\n<\/li>\n<li data-start=\"2148\" data-end=\"2172\">\n<p data-start=\"2150\" data-end=\"2172\">Szeroko\u015b\u0107: <strong data-start=\"2161\" data-end=\"2172\">0,078 m<\/strong><\/p>\n<\/li>\n<li data-start=\"2173\" data-end=\"2196\">\n<p data-start=\"2175\" data-end=\"2196\">Wysoko\u015b\u0107: <strong data-start=\"2185\" data-end=\"2196\">0,034 m<\/strong><\/p>\n<\/li>\n<li data-start=\"2197\" data-end=\"2217\">\n<p data-start=\"2199\" data-end=\"2217\">Waga: <strong data-start=\"2205\" data-end=\"2217\">0,206 kg<\/strong><\/p>\n<\/li>\n<li data-start=\"2218\" data-end=\"2243\">\n<p data-start=\"2220\" data-end=\"2243\">Kod celny: <strong data-start=\"2231\" data-end=\"2243\">84818039<\/strong><\/p>\n<\/li>\n<\/ul>\n<hr data-start=\"2245\" data-end=\"2248\" \/>\n<h2 data-start=\"2250\" data-end=\"2275\">\u2705 Najwa\u017cniejsze zalety<\/h2>\n<p data-start=\"2276\" data-end=\"2586\">\u2714\ufe0f oryginalny produkt <strong data-start=\"2298\" data-end=\"2309\">DANFOSS<\/strong><br data-start=\"2309\" data-end=\"2312\" \/>\u2714\ufe0f <strong data-start=\"2315\" data-end=\"2369\">k\u0105towa konstrukcja \u2013 idealna do bocznych przy\u0142\u0105czy<\/strong><br data-start=\"2369\" data-end=\"2372\" \/>\u2714\ufe0f <strong data-start=\"2375\" data-end=\"2405\">precyzyjna nastawa wst\u0119pna<\/strong><br data-start=\"2405\" data-end=\"2408\" \/>\u2714\ufe0f stabilna, automatyczna regulacja temperatury<br data-start=\"2455\" data-end=\"2458\" \/>\u2714\ufe0f <strong data-start=\"2461\" data-end=\"2505\">niklowana pow\u0142oka \u2013 odporno\u015b\u0107 na korozj\u0119<\/strong><br data-start=\"2505\" data-end=\"2508\" \/>\u2714\ufe0f wysoka trwa\u0142o\u015b\u0107 i niezawodno\u015b\u0107<br data-start=\"2541\" data-end=\"2544\" \/>\u2714\ufe0f kompatybilno\u015b\u0107 z g\u0142owicami <strong data-start=\"2574\" data-end=\"2586\">RA CLICK<\/strong><\/p>\n","protected":false},"excerpt":{"rendered":"<p><strong>Grzejnikowy zaw\u00f3r termostatyczny Danfoss RA-N 10 k\u0105towy 013G0011 to mosi\u0119\u017cny, niklowany zaw\u00f3r z nastaw\u0105 wst\u0119pn\u0105, przeznaczony do instalacji dwururowych. Umo\u017cliwia precyzyjne ustawienie nominalnego przep\u0142ywu, co zapewnia optymalne zr\u00f3wnowa\u017cenie instalacji grzewczej.<\/strong><\/p>\n","protected":false},"featured_media":6180,"template":"","meta":{"_kad_blocks_custom_css":"","_kad_blocks_head_custom_js":"","_kad_blocks_body_custom_js":"","_kad_blocks_footer_custom_js":"","_kad_post_transparent":"default","_kad_post_title":"","_kad_post_layout":"default","_kad_post_sidebar_id":"","_kad_post_content_style":"default","_kad_post_vertical_padding":"default","_kad_post_feature":"","_kad_post_feature_position":"","_kad_post_header":false,"_kad_post_footer":false,"_kad_post_classname":""},"product_brand":[413],"product_cat":[349],"product_tag":[],"class_list":{"0":"post-6171","1":"product","2":"type-product","3":"status-publish","4":"has-post-thumbnail","6":"product_brand-danfoss","7":"product_cat-zawory-termostatyczne-grzejniki","8":"product_shipping_class-drobnica","10":"first","11":"instock","12":"taxable","13":"shipping-taxable","14":"purchasable","15":"product-type-simple","16":"entry","17":"content-bg","18":"loop-entry"},"taxonomy_info":{"product_brand":[{"value":413,"label":"Danfoss"}],"product_cat":[{"value":349,"label":"Zawory termostatyczne"}]},"featured_image_src_large":["https:\/\/e-systemygrzewcze.eu\/sklep\/wp-content\/uploads\/2025\/09\/Nowy-projekt-2025-09-09T103524.005.jpg",510,578,false],"author_info":[],"comment_info":"","_links":{"self":[{"href":"https:\/\/e-systemygrzewcze.eu\/sklep\/wp-json\/wp\/v2\/product\/6171","targetHints":{"allow":["GET"]}}],"collection":[{"href":"https:\/\/e-systemygrzewcze.eu\/sklep\/wp-json\/wp\/v2\/product"}],"about":[{"href":"https:\/\/e-systemygrzewcze.eu\/sklep\/wp-json\/wp\/v2\/types\/product"}],"wp:featuredmedia":[{"embeddable":true,"href":"https:\/\/e-systemygrzewcze.eu\/sklep\/wp-json\/wp\/v2\/media\/6180"}],"wp:attachment":[{"href":"https:\/\/e-systemygrzewcze.eu\/sklep\/wp-json\/wp\/v2\/media?parent=6171"}],"wp:term":[{"taxonomy":"product_brand","embeddable":true,"href":"https:\/\/e-systemygrzewcze.eu\/sklep\/wp-json\/wp\/v2\/product_brand?post=6171"},{"taxonomy":"product_cat","embeddable":true,"href":"https:\/\/e-systemygrzewcze.eu\/sklep\/wp-json\/wp\/v2\/product_cat?post=6171"},{"taxonomy":"product_tag","embeddable":true,"href":"https:\/\/e-systemygrzewcze.eu\/sklep\/wp-json\/wp\/v2\/product_tag?post=6171"}],"curies":[{"name":"wp","href":"https:\/\/api.w.org\/{rel}","templated":true}]}}